{"id":30111,"date":"2026-02-09T11:50:22","date_gmt":"2026-03-25T11:41:27","guid":{"rendered":"https:\/\/aniakuczynska.com\/?post_type=product&#038;p=30111"},"modified":"2026-03-26T14:25:46","modified_gmt":"2026-03-26T14:25:46","slug":"petite-baguette-cotton-bag-with-a-hand-stamped-logo","status":"publish","type":"product","link":"https:\/\/aniakuczynska.com\/en\/product\/petite-baguette-cotton-bag-with-a-hand-stamped-logo\/","title":{"rendered":"Petite Baguette cotton bag with a hand-stamped logo"},"content":{"rendered":"<p class=\"p1\">Nowa It Bag Ani Kuczy\u0144skiej<\/p>\n<p class=\"p1\">Miejska, uniwersalna i ready-to- go torba jest uszyta z wysokogatunkowego, bawe\u0142nianego p\u0142\u00f3tna. Zamykana na suwak, ozdobiona charakterystyczn\u0105 dla marki sk\u00f3rzan\u0105 metk\u0105 i srebrnymi Logo.<\/p>\n<p class=\"p1\">Nazwa Baguette nawi\u0105zuje do kszta\u0142tu francuskiego pieczywa i charakterystycznego, nonszalanckiego sposobu jego noszenia &#8211; pod pach\u0105, dok\u0142adnie tak jak pozwala na to wysoko\u015b\u0107 paska torebki.<\/p>\n<p class=\"p1\">\u201cIt is not a bag, it is a baguette!\u201d<span class=\"Apple-converted-space\">\u00a0 \u00a0<\/span><\/p>\n<p>Sk\u0142ad: 100% bawe\u0142na<\/p>\n<p>Kupuj \u015bwiadomie i KOCHAJ nasz\u0105 Planet\u0119.<\/p>\n","protected":false},"excerpt":{"rendered":"<p>Nowa It Bag Ani Kuczy\u0144skiej Miejska, uniwersalna i ready-to- go torba jest uszyta z wysokogatunkowego, bawe\u0142nianego p\u0142\u00f3tna. Zamykana na suwak, ozdobiona charakterystyczn\u0105 dla marki sk\u00f3rzan\u0105 metk\u0105 i srebrnymi Logo. Nazwa Baguette nawi\u0105zuje do kszta\u0142tu francuskiego pieczywa i charakterystycznego, nonszalanckiego sposobu jego noszenia &#8211; pod pach\u0105, dok\u0142adnie tak jak pozwala na to wysoko\u015b\u0107 paska torebki. \u201cIt [&hellip;]<\/p>\n","protected":false},"featured_media":29835,"comment_status":"open","ping_status":"closed","template":"","meta":{"_acf_changed":false},"product_brand":[],"product_cat":[273,278,256,255,276,254],"product_tag":[],"class_list":{"0":"post-30111","1":"product","2":"type-product","3":"status-publish","4":"has-post-thumbnail","6":"product_cat-accessories","7":"product_cat-bags","8":"product_cat-clothes","9":"product_cat-new-arrivals","10":"product_cat-new-arrivals-accessories","11":"product_cat-woman","12":"pa_rozmiar-onesize-en","14":"first","15":"instock","16":"shipping-taxable","17":"purchasable","18":"product-type-variable","19":"has-default-attributes"},"acf":[],"yoast_head":"<!-- This site is optimized with the Yoast SEO plugin v24.5 - https:\/\/yoast.com\/wordpress\/plugins\/seo\/ -->\n<title>Petite Baguette cotton bag with a hand-stamped logo - Ania Kuczy\u0144ska<\/title>\n<meta name=\"robots\" content=\"index, follow, max-snippet:-1, max-image-preview:large, max-video-preview:-1\" \/>\n<link rel=\"canonical\" href=\"https:\/\/aniakuczynska.com\/en\/product\/petite-baguette-cotton-bag-with-a-hand-stamped-logo\/\" \/>\n<meta property=\"og:locale\" content=\"en_US\" \/>\n<meta property=\"og:type\" content=\"article\" \/>\n<meta property=\"og:title\" content=\"Petite Baguette cotton bag with a hand-stamped logo - Ania Kuczy\u0144ska\" \/>\n<meta property=\"og:description\" content=\"Nowa It Bag Ani Kuczy\u0144skiej Miejska, uniwersalna i ready-to- go torba jest uszyta z wysokogatunkowego, bawe\u0142nianego p\u0142\u00f3tna. Zamykana na suwak, ozdobiona charakterystyczn\u0105 dla marki sk\u00f3rzan\u0105 metk\u0105 i srebrnymi Logo. Nazwa Baguette nawi\u0105zuje do kszta\u0142tu francuskiego pieczywa i charakterystycznego, nonszalanckiego sposobu jego noszenia &#8211; pod pach\u0105, dok\u0142adnie tak jak pozwala na to wysoko\u015b\u0107 paska torebki. \u201cIt [&hellip;]\" \/>\n<meta property=\"og:url\" content=\"https:\/\/aniakuczynska.com\/en\/product\/petite-baguette-cotton-bag-with-a-hand-stamped-logo\/\" \/>\n<meta property=\"og:site_name\" content=\"Ania Kuczy\u0144ska\" \/>\n<meta property=\"article:publisher\" content=\"https:\/\/www.facebook.com\/aniakuczynskaclothingbrand\/\" \/>\n<meta property=\"article:modified_time\" content=\"2026-03-26T14:25:46+00:00\" \/>\n<meta property=\"og:image\" content=\"https:\/\/aniakuczynska.com\/wp-content\/uploads\/2026\/02\/petite_baguette.jpg\" \/>\n\t<meta property=\"og:image:width\" content=\"1125\" \/>\n\t<meta property=\"og:image:height\" content=\"1500\" \/>\n\t<meta property=\"og:image:type\" content=\"image\/jpeg\" \/>\n<meta name=\"twitter:card\" content=\"summary_large_image\" \/>\n<meta name=\"twitter:label1\" content=\"Est. reading time\" \/>\n\t<meta name=\"twitter:data1\" content=\"1 minute\" \/>\n<script type=\"application\/ld+json\" class=\"yoast-schema-graph\">{\"@context\":\"https:\/\/schema.org\",\"@graph\":[{\"@type\":\"WebPage\",\"@id\":\"https:\/\/aniakuczynska.com\/en\/product\/petite-baguette-cotton-bag-with-a-hand-stamped-logo\/\",\"url\":\"https:\/\/aniakuczynska.com\/en\/product\/petite-baguette-cotton-bag-with-a-hand-stamped-logo\/\",\"name\":\"Petite Baguette cotton bag with a hand-stamped logo - Ania Kuczy\u0144ska\",\"isPartOf\":{\"@id\":\"https:\/\/aniakuczynska.com\/#website\"},\"primaryImageOfPage\":{\"@id\":\"https:\/\/aniakuczynska.com\/en\/product\/petite-baguette-cotton-bag-with-a-hand-stamped-logo\/#primaryimage\"},\"image\":{\"@id\":\"https:\/\/aniakuczynska.com\/en\/product\/petite-baguette-cotton-bag-with-a-hand-stamped-logo\/#primaryimage\"},\"thumbnailUrl\":\"https:\/\/aniakuczynska.com\/wp-content\/uploads\/2026\/02\/petite_baguette.jpg\",\"datePublished\":\"2026-03-25T11:41:27+00:00\",\"dateModified\":\"2026-03-26T14:25:46+00:00\",\"breadcrumb\":{\"@id\":\"https:\/\/aniakuczynska.com\/en\/product\/petite-baguette-cotton-bag-with-a-hand-stamped-logo\/#breadcrumb\"},\"inLanguage\":\"en-US\",\"potentialAction\":[{\"@type\":\"ReadAction\",\"target\":[\"https:\/\/aniakuczynska.com\/en\/product\/petite-baguette-cotton-bag-with-a-hand-stamped-logo\/\"]}]},{\"@type\":\"ImageObject\",\"inLanguage\":\"en-US\",\"@id\":\"https:\/\/aniakuczynska.com\/en\/product\/petite-baguette-cotton-bag-with-a-hand-stamped-logo\/#primaryimage\",\"url\":\"https:\/\/aniakuczynska.com\/wp-content\/uploads\/2026\/02\/petite_baguette.jpg\",\"contentUrl\":\"https:\/\/aniakuczynska.com\/wp-content\/uploads\/2026\/02\/petite_baguette.jpg\",\"width\":1125,\"height\":1500},{\"@type\":\"BreadcrumbList\",\"@id\":\"https:\/\/aniakuczynska.com\/en\/product\/petite-baguette-cotton-bag-with-a-hand-stamped-logo\/#breadcrumb\",\"itemListElement\":[{\"@type\":\"ListItem\",\"position\":1,\"name\":\"Strona g\u0142\u00f3wna\",\"item\":\"https:\/\/aniakuczynska.com\/en\/\"},{\"@type\":\"ListItem\",\"position\":2,\"name\":\"Shop\",\"item\":\"https:\/\/aniakuczynska.com\/en\/shop\/\"},{\"@type\":\"ListItem\",\"position\":3,\"name\":\"Petite Baguette cotton bag with a hand-stamped logo\"}]},{\"@type\":\"WebSite\",\"@id\":\"https:\/\/aniakuczynska.com\/#website\",\"url\":\"https:\/\/aniakuczynska.com\/\",\"name\":\"Ania Kuczy\u0144ska\",\"description\":\"Ania Kuczy\u0144ska to jedna z najbardziej cenionych i rozpoznawalnych polskich projektantek mody. Tworzy mocn\u0105 i charakterystyczn\u0105 mark\u0119 \u2013 jej styl okre\u015blany jako ozdobny minimalizm jest ho\u0142dem dla szykownej i eleganckiej nonszalancji, charyzmatycznej kobieco\u015bci.\",\"potentialAction\":[{\"@type\":\"SearchAction\",\"target\":{\"@type\":\"EntryPoint\",\"urlTemplate\":\"https:\/\/aniakuczynska.com\/?s={search_term_string}\"},\"query-input\":{\"@type\":\"PropertyValueSpecification\",\"valueRequired\":true,\"valueName\":\"search_term_string\"}}],\"inLanguage\":\"en-US\"}]}<\/script>\n<!-- \/ Yoast SEO plugin. -->","yoast_head_json":{"title":"Petite Baguette cotton bag with a hand-stamped logo - Ania Kuczy\u0144ska","robots":{"index":"index","follow":"follow","max-snippet":"max-snippet:-1","max-image-preview":"max-image-preview:large","max-video-preview":"max-video-preview:-1"},"canonical":"https:\/\/aniakuczynska.com\/en\/product\/petite-baguette-cotton-bag-with-a-hand-stamped-logo\/","og_locale":"en_US","og_type":"article","og_title":"Petite Baguette cotton bag with a hand-stamped logo - Ania Kuczy\u0144ska","og_description":"Nowa It Bag Ani Kuczy\u0144skiej Miejska, uniwersalna i ready-to- go torba jest uszyta z wysokogatunkowego, bawe\u0142nianego p\u0142\u00f3tna. Zamykana na suwak, ozdobiona charakterystyczn\u0105 dla marki sk\u00f3rzan\u0105 metk\u0105 i srebrnymi Logo. Nazwa Baguette nawi\u0105zuje do kszta\u0142tu francuskiego pieczywa i charakterystycznego, nonszalanckiego sposobu jego noszenia &#8211; pod pach\u0105, dok\u0142adnie tak jak pozwala na to wysoko\u015b\u0107 paska torebki. \u201cIt [&hellip;]","og_url":"https:\/\/aniakuczynska.com\/en\/product\/petite-baguette-cotton-bag-with-a-hand-stamped-logo\/","og_site_name":"Ania Kuczy\u0144ska","article_publisher":"https:\/\/www.facebook.com\/aniakuczynskaclothingbrand\/","article_modified_time":"2026-03-26T14:25:46+00:00","og_image":[{"width":1125,"height":1500,"url":"https:\/\/aniakuczynska.com\/wp-content\/uploads\/2026\/02\/petite_baguette.jpg","type":"image\/jpeg"}],"twitter_card":"summary_large_image","twitter_misc":{"Est. reading time":"1 minute"},"schema":{"@context":"https:\/\/schema.org","@graph":[{"@type":"WebPage","@id":"https:\/\/aniakuczynska.com\/en\/product\/petite-baguette-cotton-bag-with-a-hand-stamped-logo\/","url":"https:\/\/aniakuczynska.com\/en\/product\/petite-baguette-cotton-bag-with-a-hand-stamped-logo\/","name":"Petite Baguette cotton bag with a hand-stamped logo - Ania Kuczy\u0144ska","isPartOf":{"@id":"https:\/\/aniakuczynska.com\/#website"},"primaryImageOfPage":{"@id":"https:\/\/aniakuczynska.com\/en\/product\/petite-baguette-cotton-bag-with-a-hand-stamped-logo\/#primaryimage"},"image":{"@id":"https:\/\/aniakuczynska.com\/en\/product\/petite-baguette-cotton-bag-with-a-hand-stamped-logo\/#primaryimage"},"thumbnailUrl":"https:\/\/aniakuczynska.com\/wp-content\/uploads\/2026\/02\/petite_baguette.jpg","datePublished":"2026-03-25T11:41:27+00:00","dateModified":"2026-03-26T14:25:46+00:00","breadcrumb":{"@id":"https:\/\/aniakuczynska.com\/en\/product\/petite-baguette-cotton-bag-with-a-hand-stamped-logo\/#breadcrumb"},"inLanguage":"en-US","potentialAction":[{"@type":"ReadAction","target":["https:\/\/aniakuczynska.com\/en\/product\/petite-baguette-cotton-bag-with-a-hand-stamped-logo\/"]}]},{"@type":"ImageObject","inLanguage":"en-US","@id":"https:\/\/aniakuczynska.com\/en\/product\/petite-baguette-cotton-bag-with-a-hand-stamped-logo\/#primaryimage","url":"https:\/\/aniakuczynska.com\/wp-content\/uploads\/2026\/02\/petite_baguette.jpg","contentUrl":"https:\/\/aniakuczynska.com\/wp-content\/uploads\/2026\/02\/petite_baguette.jpg","width":1125,"height":1500},{"@type":"BreadcrumbList","@id":"https:\/\/aniakuczynska.com\/en\/product\/petite-baguette-cotton-bag-with-a-hand-stamped-logo\/#breadcrumb","itemListElement":[{"@type":"ListItem","position":1,"name":"Strona g\u0142\u00f3wna","item":"https:\/\/aniakuczynska.com\/en\/"},{"@type":"ListItem","position":2,"name":"Shop","item":"https:\/\/aniakuczynska.com\/en\/shop\/"},{"@type":"ListItem","position":3,"name":"Petite Baguette cotton bag with a hand-stamped logo"}]},{"@type":"WebSite","@id":"https:\/\/aniakuczynska.com\/#website","url":"https:\/\/aniakuczynska.com\/","name":"Ania Kuczy\u0144ska","description":"Ania Kuczy\u0144ska to jedna z najbardziej cenionych i rozpoznawalnych polskich projektantek mody. Tworzy mocn\u0105 i charakterystyczn\u0105 mark\u0119 \u2013 jej styl okre\u015blany jako ozdobny minimalizm jest ho\u0142dem dla szykownej i eleganckiej nonszalancji, charyzmatycznej kobieco\u015bci.","potentialAction":[{"@type":"SearchAction","target":{"@type":"EntryPoint","urlTemplate":"https:\/\/aniakuczynska.com\/?s={search_term_string}"},"query-input":{"@type":"PropertyValueSpecification","valueRequired":true,"valueName":"search_term_string"}}],"inLanguage":"en-US"}]}},"_links":{"self":[{"href":"https:\/\/aniakuczynska.com\/en\/wp-json\/wp\/v2\/product\/30111","targetHints":{"allow":["GET"]}}],"collection":[{"href":"https:\/\/aniakuczynska.com\/en\/wp-json\/wp\/v2\/product"}],"about":[{"href":"https:\/\/aniakuczynska.com\/en\/wp-json\/wp\/v2\/types\/product"}],"replies":[{"embeddable":true,"href":"https:\/\/aniakuczynska.com\/en\/wp-json\/wp\/v2\/comments?post=30111"}],"wp:featuredmedia":[{"embeddable":true,"href":"https:\/\/aniakuczynska.com\/en\/wp-json\/wp\/v2\/media\/29835"}],"wp:attachment":[{"href":"https:\/\/aniakuczynska.com\/en\/wp-json\/wp\/v2\/media?parent=30111"}],"wp:term":[{"taxonomy":"product_brand","embeddable":true,"href":"https:\/\/aniakuczynska.com\/en\/wp-json\/wp\/v2\/product_brand?post=30111"},{"taxonomy":"product_cat","embeddable":true,"href":"https:\/\/aniakuczynska.com\/en\/wp-json\/wp\/v2\/product_cat?post=30111"},{"taxonomy":"product_tag","embeddable":true,"href":"https:\/\/aniakuczynska.com\/en\/wp-json\/wp\/v2\/product_tag?post=30111"}],"curies":[{"name":"wp","href":"https:\/\/api.w.org\/{rel}","templated":true}]}}