{"id":30110,"date":"2026-02-06T13:50:56","date_gmt":"2026-03-26T14:26:50","guid":{"rendered":"https:\/\/aniakuczynska.com\/?post_type=product&#038;p=30110"},"modified":"2026-03-30T10:50:51","modified_gmt":"2026-03-30T10:50:51","slug":"paris-black-czarna-torba-z-recznie-tloczonym-logo","status":"publish","type":"product","link":"https:\/\/aniakuczynska.com\/en\/product\/paris-black-czarna-torba-z-recznie-tloczonym-logo\/","title":{"rendered":"Paris Black black bag with hand-stamped logo"},"content":{"rendered":"<p>Radykalnie czarna, torba nawi\u0105zuje do DNA marki, jest mniejsz\u0105 wersj\u0105 kultowej torby Shanghai &#8211; okre\u015blonej jako \u201cnajbardziej rozpoznawalne, markowe akcesorium w historii wsp\u00f3\u0142czesnej polskiej mody po 89 roku\u201d.<\/p>\n<p>Jest lekka,\u00a0mi\u0119kka i wygodna. Idealna w codziennym u\u017cyciu, pasuje do stroj\u00f3w dziennych i prze\u0142amuje te bardziej wieczorowe.<\/p>\n<p>Kupuj \u015bwiadomie i KOCHAJ nasz\u0105 Planet\u0119.<\/p>\n","protected":false},"excerpt":{"rendered":"<p>Radykalnie czarna, torba nawi\u0105zuje do DNA marki, jest mniejsz\u0105 wersj\u0105 kultowej torby Shanghai &#8211; okre\u015blonej jako \u201cnajbardziej rozpoznawalne, markowe akcesorium w historii wsp\u00f3\u0142czesnej polskiej mody po 89 roku\u201d. Jest lekka,\u00a0mi\u0119kka i wygodna. Idealna w codziennym u\u017cyciu, pasuje do stroj\u00f3w dziennych i prze\u0142amuje te bardziej wieczorowe. Kupuj \u015bwiadomie i KOCHAJ nasz\u0105 Planet\u0119.<\/p>\n","protected":false},"featured_media":29845,"comment_status":"open","ping_status":"closed","template":"","meta":{"_acf_changed":false},"product_brand":[],"product_cat":[273,278,256,276,255,254],"product_tag":[],"class_list":{"0":"post-30110","1":"product","2":"type-product","3":"status-publish","4":"has-post-thumbnail","6":"product_cat-accessories","7":"product_cat-bags","8":"product_cat-clothes","9":"product_cat-new-arrivals-accessories","10":"product_cat-new-arrivals","11":"product_cat-woman","12":"pa_rozmiar-onesize-en","14":"first","15":"instock","16":"shipping-taxable","17":"purchasable","18":"product-type-variable"},"acf":[],"yoast_head":"<!-- This site is optimized with the Yoast SEO plugin v24.5 - https:\/\/yoast.com\/wordpress\/plugins\/seo\/ -->\n<title>Paris Black black bag with hand-stamped logo - Ania Kuczy\u0144ska<\/title>\n<meta name=\"robots\" content=\"index, follow, max-snippet:-1, max-image-preview:large, max-video-preview:-1\" \/>\n<link rel=\"canonical\" href=\"https:\/\/aniakuczynska.com\/en\/product\/paris-black-czarna-torba-z-recznie-tloczonym-logo\/\" \/>\n<meta property=\"og:locale\" content=\"en_US\" \/>\n<meta property=\"og:type\" content=\"article\" \/>\n<meta property=\"og:title\" content=\"Paris Black black bag with hand-stamped logo - Ania Kuczy\u0144ska\" \/>\n<meta property=\"og:description\" content=\"Radykalnie czarna, torba nawi\u0105zuje do DNA marki, jest mniejsz\u0105 wersj\u0105 kultowej torby Shanghai &#8211; okre\u015blonej jako \u201cnajbardziej rozpoznawalne, markowe akcesorium w historii wsp\u00f3\u0142czesnej polskiej mody po 89 roku\u201d. Jest lekka,\u00a0mi\u0119kka i wygodna. Idealna w codziennym u\u017cyciu, pasuje do stroj\u00f3w dziennych i prze\u0142amuje te bardziej wieczorowe. Kupuj \u015bwiadomie i KOCHAJ nasz\u0105 Planet\u0119.\" \/>\n<meta property=\"og:url\" content=\"https:\/\/aniakuczynska.com\/en\/product\/paris-black-czarna-torba-z-recznie-tloczonym-logo\/\" \/>\n<meta property=\"og:site_name\" content=\"Ania Kuczy\u0144ska\" \/>\n<meta property=\"article:publisher\" content=\"https:\/\/www.facebook.com\/aniakuczynskaclothingbrand\/\" \/>\n<meta property=\"article:modified_time\" content=\"2026-03-30T10:50:51+00:00\" \/>\n<meta property=\"og:image\" content=\"https:\/\/aniakuczynska.com\/wp-content\/uploads\/2026\/02\/IMG_3380s.jpg\" \/>\n\t<meta property=\"og:image:width\" content=\"1125\" \/>\n\t<meta property=\"og:image:height\" content=\"1500\" \/>\n\t<meta property=\"og:image:type\" content=\"image\/jpeg\" \/>\n<meta name=\"twitter:card\" content=\"summary_large_image\" \/>\n<meta name=\"twitter:label1\" content=\"Est. reading time\" \/>\n\t<meta name=\"twitter:data1\" content=\"1 minute\" \/>\n<script type=\"application\/ld+json\" class=\"yoast-schema-graph\">{\"@context\":\"https:\/\/schema.org\",\"@graph\":[{\"@type\":\"WebPage\",\"@id\":\"https:\/\/aniakuczynska.com\/en\/product\/paris-black-czarna-torba-z-recznie-tloczonym-logo\/\",\"url\":\"https:\/\/aniakuczynska.com\/en\/product\/paris-black-czarna-torba-z-recznie-tloczonym-logo\/\",\"name\":\"Paris Black black bag with hand-stamped logo - Ania Kuczy\u0144ska\",\"isPartOf\":{\"@id\":\"https:\/\/aniakuczynska.com\/#website\"},\"primaryImageOfPage\":{\"@id\":\"https:\/\/aniakuczynska.com\/en\/product\/paris-black-czarna-torba-z-recznie-tloczonym-logo\/#primaryimage\"},\"image\":{\"@id\":\"https:\/\/aniakuczynska.com\/en\/product\/paris-black-czarna-torba-z-recznie-tloczonym-logo\/#primaryimage\"},\"thumbnailUrl\":\"https:\/\/aniakuczynska.com\/wp-content\/uploads\/2026\/02\/IMG_3380s.jpg\",\"datePublished\":\"2026-03-26T14:26:50+00:00\",\"dateModified\":\"2026-03-30T10:50:51+00:00\",\"breadcrumb\":{\"@id\":\"https:\/\/aniakuczynska.com\/en\/product\/paris-black-czarna-torba-z-recznie-tloczonym-logo\/#breadcrumb\"},\"inLanguage\":\"en-US\",\"potentialAction\":[{\"@type\":\"ReadAction\",\"target\":[\"https:\/\/aniakuczynska.com\/en\/product\/paris-black-czarna-torba-z-recznie-tloczonym-logo\/\"]}]},{\"@type\":\"ImageObject\",\"inLanguage\":\"en-US\",\"@id\":\"https:\/\/aniakuczynska.com\/en\/product\/paris-black-czarna-torba-z-recznie-tloczonym-logo\/#primaryimage\",\"url\":\"https:\/\/aniakuczynska.com\/wp-content\/uploads\/2026\/02\/IMG_3380s.jpg\",\"contentUrl\":\"https:\/\/aniakuczynska.com\/wp-content\/uploads\/2026\/02\/IMG_3380s.jpg\",\"width\":1125,\"height\":1500},{\"@type\":\"BreadcrumbList\",\"@id\":\"https:\/\/aniakuczynska.com\/en\/product\/paris-black-czarna-torba-z-recznie-tloczonym-logo\/#breadcrumb\",\"itemListElement\":[{\"@type\":\"ListItem\",\"position\":1,\"name\":\"Strona g\u0142\u00f3wna\",\"item\":\"https:\/\/aniakuczynska.com\/en\/\"},{\"@type\":\"ListItem\",\"position\":2,\"name\":\"Shop\",\"item\":\"https:\/\/aniakuczynska.com\/en\/shop\/\"},{\"@type\":\"ListItem\",\"position\":3,\"name\":\"Paris Black black bag with hand-stamped logo\"}]},{\"@type\":\"WebSite\",\"@id\":\"https:\/\/aniakuczynska.com\/#website\",\"url\":\"https:\/\/aniakuczynska.com\/\",\"name\":\"Ania Kuczy\u0144ska\",\"description\":\"Ania Kuczy\u0144ska to jedna z najbardziej cenionych i rozpoznawalnych polskich projektantek mody. Tworzy mocn\u0105 i charakterystyczn\u0105 mark\u0119 \u2013 jej styl okre\u015blany jako ozdobny minimalizm jest ho\u0142dem dla szykownej i eleganckiej nonszalancji, charyzmatycznej kobieco\u015bci.\",\"potentialAction\":[{\"@type\":\"SearchAction\",\"target\":{\"@type\":\"EntryPoint\",\"urlTemplate\":\"https:\/\/aniakuczynska.com\/?s={search_term_string}\"},\"query-input\":{\"@type\":\"PropertyValueSpecification\",\"valueRequired\":true,\"valueName\":\"search_term_string\"}}],\"inLanguage\":\"en-US\"}]}<\/script>\n<!-- \/ Yoast SEO plugin. -->","yoast_head_json":{"title":"Paris Black black bag with hand-stamped logo - Ania Kuczy\u0144ska","robots":{"index":"index","follow":"follow","max-snippet":"max-snippet:-1","max-image-preview":"max-image-preview:large","max-video-preview":"max-video-preview:-1"},"canonical":"https:\/\/aniakuczynska.com\/en\/product\/paris-black-czarna-torba-z-recznie-tloczonym-logo\/","og_locale":"en_US","og_type":"article","og_title":"Paris Black black bag with hand-stamped logo - Ania Kuczy\u0144ska","og_description":"Radykalnie czarna, torba nawi\u0105zuje do DNA marki, jest mniejsz\u0105 wersj\u0105 kultowej torby Shanghai &#8211; okre\u015blonej jako \u201cnajbardziej rozpoznawalne, markowe akcesorium w historii wsp\u00f3\u0142czesnej polskiej mody po 89 roku\u201d. Jest lekka,\u00a0mi\u0119kka i wygodna. Idealna w codziennym u\u017cyciu, pasuje do stroj\u00f3w dziennych i prze\u0142amuje te bardziej wieczorowe. Kupuj \u015bwiadomie i KOCHAJ nasz\u0105 Planet\u0119.","og_url":"https:\/\/aniakuczynska.com\/en\/product\/paris-black-czarna-torba-z-recznie-tloczonym-logo\/","og_site_name":"Ania Kuczy\u0144ska","article_publisher":"https:\/\/www.facebook.com\/aniakuczynskaclothingbrand\/","article_modified_time":"2026-03-30T10:50:51+00:00","og_image":[{"width":1125,"height":1500,"url":"https:\/\/aniakuczynska.com\/wp-content\/uploads\/2026\/02\/IMG_3380s.jpg","type":"image\/jpeg"}],"twitter_card":"summary_large_image","twitter_misc":{"Est. reading time":"1 minute"},"schema":{"@context":"https:\/\/schema.org","@graph":[{"@type":"WebPage","@id":"https:\/\/aniakuczynska.com\/en\/product\/paris-black-czarna-torba-z-recznie-tloczonym-logo\/","url":"https:\/\/aniakuczynska.com\/en\/product\/paris-black-czarna-torba-z-recznie-tloczonym-logo\/","name":"Paris Black black bag with hand-stamped logo - Ania Kuczy\u0144ska","isPartOf":{"@id":"https:\/\/aniakuczynska.com\/#website"},"primaryImageOfPage":{"@id":"https:\/\/aniakuczynska.com\/en\/product\/paris-black-czarna-torba-z-recznie-tloczonym-logo\/#primaryimage"},"image":{"@id":"https:\/\/aniakuczynska.com\/en\/product\/paris-black-czarna-torba-z-recznie-tloczonym-logo\/#primaryimage"},"thumbnailUrl":"https:\/\/aniakuczynska.com\/wp-content\/uploads\/2026\/02\/IMG_3380s.jpg","datePublished":"2026-03-26T14:26:50+00:00","dateModified":"2026-03-30T10:50:51+00:00","breadcrumb":{"@id":"https:\/\/aniakuczynska.com\/en\/product\/paris-black-czarna-torba-z-recznie-tloczonym-logo\/#breadcrumb"},"inLanguage":"en-US","potentialAction":[{"@type":"ReadAction","target":["https:\/\/aniakuczynska.com\/en\/product\/paris-black-czarna-torba-z-recznie-tloczonym-logo\/"]}]},{"@type":"ImageObject","inLanguage":"en-US","@id":"https:\/\/aniakuczynska.com\/en\/product\/paris-black-czarna-torba-z-recznie-tloczonym-logo\/#primaryimage","url":"https:\/\/aniakuczynska.com\/wp-content\/uploads\/2026\/02\/IMG_3380s.jpg","contentUrl":"https:\/\/aniakuczynska.com\/wp-content\/uploads\/2026\/02\/IMG_3380s.jpg","width":1125,"height":1500},{"@type":"BreadcrumbList","@id":"https:\/\/aniakuczynska.com\/en\/product\/paris-black-czarna-torba-z-recznie-tloczonym-logo\/#breadcrumb","itemListElement":[{"@type":"ListItem","position":1,"name":"Strona g\u0142\u00f3wna","item":"https:\/\/aniakuczynska.com\/en\/"},{"@type":"ListItem","position":2,"name":"Shop","item":"https:\/\/aniakuczynska.com\/en\/shop\/"},{"@type":"ListItem","position":3,"name":"Paris Black black bag with hand-stamped logo"}]},{"@type":"WebSite","@id":"https:\/\/aniakuczynska.com\/#website","url":"https:\/\/aniakuczynska.com\/","name":"Ania Kuczy\u0144ska","description":"Ania Kuczy\u0144ska to jedna z najbardziej cenionych i rozpoznawalnych polskich projektantek mody. Tworzy mocn\u0105 i charakterystyczn\u0105 mark\u0119 \u2013 jej styl okre\u015blany jako ozdobny minimalizm jest ho\u0142dem dla szykownej i eleganckiej nonszalancji, charyzmatycznej kobieco\u015bci.","potentialAction":[{"@type":"SearchAction","target":{"@type":"EntryPoint","urlTemplate":"https:\/\/aniakuczynska.com\/?s={search_term_string}"},"query-input":{"@type":"PropertyValueSpecification","valueRequired":true,"valueName":"search_term_string"}}],"inLanguage":"en-US"}]}},"_links":{"self":[{"href":"https:\/\/aniakuczynska.com\/en\/wp-json\/wp\/v2\/product\/30110","targetHints":{"allow":["GET"]}}],"collection":[{"href":"https:\/\/aniakuczynska.com\/en\/wp-json\/wp\/v2\/product"}],"about":[{"href":"https:\/\/aniakuczynska.com\/en\/wp-json\/wp\/v2\/types\/product"}],"replies":[{"embeddable":true,"href":"https:\/\/aniakuczynska.com\/en\/wp-json\/wp\/v2\/comments?post=30110"}],"wp:featuredmedia":[{"embeddable":true,"href":"https:\/\/aniakuczynska.com\/en\/wp-json\/wp\/v2\/media\/29845"}],"wp:attachment":[{"href":"https:\/\/aniakuczynska.com\/en\/wp-json\/wp\/v2\/media?parent=30110"}],"wp:term":[{"taxonomy":"product_brand","embeddable":true,"href":"https:\/\/aniakuczynska.com\/en\/wp-json\/wp\/v2\/product_brand?post=30110"},{"taxonomy":"product_cat","embeddable":true,"href":"https:\/\/aniakuczynska.com\/en\/wp-json\/wp\/v2\/product_cat?post=30110"},{"taxonomy":"product_tag","embeddable":true,"href":"https:\/\/aniakuczynska.com\/en\/wp-json\/wp\/v2\/product_tag?post=30110"}],"curies":[{"name":"wp","href":"https:\/\/api.w.org\/{rel}","templated":true}]}}