{"id":30104,"date":"2026-02-03T13:51:57","date_gmt":"2026-03-25T11:37:10","guid":{"rendered":"https:\/\/aniakuczynska.com\/?post_type=product&#038;p=30104"},"modified":"2026-03-26T14:26:38","modified_gmt":"2026-03-26T14:26:38","slug":"inverno-gris-natural-sheep-wool-handmade-sweater","status":"publish","type":"product","link":"https:\/\/aniakuczynska.com\/en\/product\/inverno-gris-natural-sheep-wool-handmade-sweater\/","title":{"rendered":"Inverno Gris natural sheep wool handmade sweater"},"content":{"rendered":"<p class=\"p2\">Naturalna we\u0142na owcza u\u017cyta do produkcji swetra Inverno Gris zosta\u0142a wyprodukowana w lokalnym gospodarstwie, w polskich Tatrach. Proces jej powstawania obejmuje strzy\u017cenie owiec, suszenie runa na s\u0142o\u0144cu, czesanie oraz r\u0119czne prz\u0119dzenie. Jest surowcem w pe\u0142ni naturalnym i odnawialnym, biodegradowalnym i ekologicznym.<\/p>\n<p class=\"p2\">Sweter reguluje temperatur\u0119 cia\u0142a, oddycha, wykazuje w\u0142a\u015bciwo\u015bci antybakteryjne i antyalergiczne. Jej naturalna struktura delikatnie masuje cia\u0142o i pobudza kr\u0105\u017cenie.<\/p>\n<p class=\"p2\">Naturalna we\u0142na powinna by\u0107 wietrzona na \u015bwie\u017cym powietrzu i rzadko prana.<\/p>\n<p>Sk\u0142ad: 100% owcza we\u0142na<\/p>\n<p>Kupuj \u015bwiadomie i KOCHAJ nasz\u0105 Planet\u0119.<\/p>\n","protected":false},"excerpt":{"rendered":"<p>Naturalna we\u0142na owcza u\u017cyta do produkcji swetra Inverno Gris zosta\u0142a wyprodukowana w lokalnym gospodarstwie, w polskich Tatrach. Proces jej powstawania obejmuje strzy\u017cenie owiec, suszenie runa na s\u0142o\u0144cu, czesanie oraz r\u0119czne prz\u0119dzenie. Jest surowcem w pe\u0142ni naturalnym i odnawialnym, biodegradowalnym i ekologicznym. Sweter reguluje temperatur\u0119 cia\u0142a, oddycha, wykazuje w\u0142a\u015bciwo\u015bci antybakteryjne i antyalergiczne. Jej naturalna struktura delikatnie [&hellip;]<\/p>\n","protected":false},"featured_media":29829,"comment_status":"open","ping_status":"closed","template":"","meta":{"_acf_changed":false},"product_brand":[],"product_cat":[256,255,287,254],"product_tag":[],"class_list":{"0":"post-30104","1":"product","2":"type-product","3":"status-publish","4":"has-post-thumbnail","6":"product_cat-clothes","7":"product_cat-new-arrivals","8":"product_cat-tops","9":"product_cat-woman","10":"pa_rozmiar-onesize-en","12":"first","13":"instock","14":"shipping-taxable","15":"purchasable","16":"product-type-variable","17":"has-default-attributes"},"acf":[],"yoast_head":"<!-- This site is optimized with the Yoast SEO plugin v24.5 - https:\/\/yoast.com\/wordpress\/plugins\/seo\/ -->\n<title>Inverno Gris natural sheep wool handmade sweater - Ania Kuczy\u0144ska<\/title>\n<meta name=\"robots\" content=\"index, follow, max-snippet:-1, max-image-preview:large, max-video-preview:-1\" \/>\n<link rel=\"canonical\" href=\"https:\/\/aniakuczynska.com\/en\/product\/inverno-gris-natural-sheep-wool-handmade-sweater\/\" \/>\n<meta property=\"og:locale\" content=\"en_US\" \/>\n<meta property=\"og:type\" content=\"article\" \/>\n<meta property=\"og:title\" content=\"Inverno Gris natural sheep wool handmade sweater - Ania Kuczy\u0144ska\" \/>\n<meta property=\"og:description\" content=\"Naturalna we\u0142na owcza u\u017cyta do produkcji swetra Inverno Gris zosta\u0142a wyprodukowana w lokalnym gospodarstwie, w polskich Tatrach. Proces jej powstawania obejmuje strzy\u017cenie owiec, suszenie runa na s\u0142o\u0144cu, czesanie oraz r\u0119czne prz\u0119dzenie. Jest surowcem w pe\u0142ni naturalnym i odnawialnym, biodegradowalnym i ekologicznym. Sweter reguluje temperatur\u0119 cia\u0142a, oddycha, wykazuje w\u0142a\u015bciwo\u015bci antybakteryjne i antyalergiczne. Jej naturalna struktura delikatnie [&hellip;]\" \/>\n<meta property=\"og:url\" content=\"https:\/\/aniakuczynska.com\/en\/product\/inverno-gris-natural-sheep-wool-handmade-sweater\/\" \/>\n<meta property=\"og:site_name\" content=\"Ania Kuczy\u0144ska\" \/>\n<meta property=\"article:publisher\" content=\"https:\/\/www.facebook.com\/aniakuczynskaclothingbrand\/\" \/>\n<meta property=\"article:modified_time\" content=\"2026-03-26T14:26:38+00:00\" \/>\n<meta property=\"og:image\" content=\"https:\/\/aniakuczynska.com\/wp-content\/uploads\/2026\/02\/inverno_1a.jpg\" \/>\n\t<meta property=\"og:image:width\" content=\"1125\" \/>\n\t<meta property=\"og:image:height\" content=\"1500\" \/>\n\t<meta property=\"og:image:type\" content=\"image\/jpeg\" \/>\n<meta name=\"twitter:card\" content=\"summary_large_image\" \/>\n<meta name=\"twitter:label1\" content=\"Est. reading time\" \/>\n\t<meta name=\"twitter:data1\" content=\"1 minute\" \/>\n<script type=\"application\/ld+json\" class=\"yoast-schema-graph\">{\"@context\":\"https:\/\/schema.org\",\"@graph\":[{\"@type\":\"WebPage\",\"@id\":\"https:\/\/aniakuczynska.com\/en\/product\/inverno-gris-natural-sheep-wool-handmade-sweater\/\",\"url\":\"https:\/\/aniakuczynska.com\/en\/product\/inverno-gris-natural-sheep-wool-handmade-sweater\/\",\"name\":\"Inverno Gris natural sheep wool handmade sweater - Ania Kuczy\u0144ska\",\"isPartOf\":{\"@id\":\"https:\/\/aniakuczynska.com\/#website\"},\"primaryImageOfPage\":{\"@id\":\"https:\/\/aniakuczynska.com\/en\/product\/inverno-gris-natural-sheep-wool-handmade-sweater\/#primaryimage\"},\"image\":{\"@id\":\"https:\/\/aniakuczynska.com\/en\/product\/inverno-gris-natural-sheep-wool-handmade-sweater\/#primaryimage\"},\"thumbnailUrl\":\"https:\/\/aniakuczynska.com\/wp-content\/uploads\/2026\/02\/inverno_1a.jpg\",\"datePublished\":\"2026-03-25T11:37:10+00:00\",\"dateModified\":\"2026-03-26T14:26:38+00:00\",\"breadcrumb\":{\"@id\":\"https:\/\/aniakuczynska.com\/en\/product\/inverno-gris-natural-sheep-wool-handmade-sweater\/#breadcrumb\"},\"inLanguage\":\"en-US\",\"potentialAction\":[{\"@type\":\"ReadAction\",\"target\":[\"https:\/\/aniakuczynska.com\/en\/product\/inverno-gris-natural-sheep-wool-handmade-sweater\/\"]}]},{\"@type\":\"ImageObject\",\"inLanguage\":\"en-US\",\"@id\":\"https:\/\/aniakuczynska.com\/en\/product\/inverno-gris-natural-sheep-wool-handmade-sweater\/#primaryimage\",\"url\":\"https:\/\/aniakuczynska.com\/wp-content\/uploads\/2026\/02\/inverno_1a.jpg\",\"contentUrl\":\"https:\/\/aniakuczynska.com\/wp-content\/uploads\/2026\/02\/inverno_1a.jpg\",\"width\":1125,\"height\":1500},{\"@type\":\"BreadcrumbList\",\"@id\":\"https:\/\/aniakuczynska.com\/en\/product\/inverno-gris-natural-sheep-wool-handmade-sweater\/#breadcrumb\",\"itemListElement\":[{\"@type\":\"ListItem\",\"position\":1,\"name\":\"Strona g\u0142\u00f3wna\",\"item\":\"https:\/\/aniakuczynska.com\/en\/\"},{\"@type\":\"ListItem\",\"position\":2,\"name\":\"Shop\",\"item\":\"https:\/\/aniakuczynska.com\/en\/shop\/\"},{\"@type\":\"ListItem\",\"position\":3,\"name\":\"Inverno Gris natural sheep wool handmade sweater\"}]},{\"@type\":\"WebSite\",\"@id\":\"https:\/\/aniakuczynska.com\/#website\",\"url\":\"https:\/\/aniakuczynska.com\/\",\"name\":\"Ania Kuczy\u0144ska\",\"description\":\"Ania Kuczy\u0144ska to jedna z najbardziej cenionych i rozpoznawalnych polskich projektantek mody. Tworzy mocn\u0105 i charakterystyczn\u0105 mark\u0119 \u2013 jej styl okre\u015blany jako ozdobny minimalizm jest ho\u0142dem dla szykownej i eleganckiej nonszalancji, charyzmatycznej kobieco\u015bci.\",\"potentialAction\":[{\"@type\":\"SearchAction\",\"target\":{\"@type\":\"EntryPoint\",\"urlTemplate\":\"https:\/\/aniakuczynska.com\/?s={search_term_string}\"},\"query-input\":{\"@type\":\"PropertyValueSpecification\",\"valueRequired\":true,\"valueName\":\"search_term_string\"}}],\"inLanguage\":\"en-US\"}]}<\/script>\n<!-- \/ Yoast SEO plugin. -->","yoast_head_json":{"title":"Inverno Gris natural sheep wool handmade sweater - Ania Kuczy\u0144ska","robots":{"index":"index","follow":"follow","max-snippet":"max-snippet:-1","max-image-preview":"max-image-preview:large","max-video-preview":"max-video-preview:-1"},"canonical":"https:\/\/aniakuczynska.com\/en\/product\/inverno-gris-natural-sheep-wool-handmade-sweater\/","og_locale":"en_US","og_type":"article","og_title":"Inverno Gris natural sheep wool handmade sweater - Ania Kuczy\u0144ska","og_description":"Naturalna we\u0142na owcza u\u017cyta do produkcji swetra Inverno Gris zosta\u0142a wyprodukowana w lokalnym gospodarstwie, w polskich Tatrach. Proces jej powstawania obejmuje strzy\u017cenie owiec, suszenie runa na s\u0142o\u0144cu, czesanie oraz r\u0119czne prz\u0119dzenie. Jest surowcem w pe\u0142ni naturalnym i odnawialnym, biodegradowalnym i ekologicznym. Sweter reguluje temperatur\u0119 cia\u0142a, oddycha, wykazuje w\u0142a\u015bciwo\u015bci antybakteryjne i antyalergiczne. Jej naturalna struktura delikatnie [&hellip;]","og_url":"https:\/\/aniakuczynska.com\/en\/product\/inverno-gris-natural-sheep-wool-handmade-sweater\/","og_site_name":"Ania Kuczy\u0144ska","article_publisher":"https:\/\/www.facebook.com\/aniakuczynskaclothingbrand\/","article_modified_time":"2026-03-26T14:26:38+00:00","og_image":[{"width":1125,"height":1500,"url":"https:\/\/aniakuczynska.com\/wp-content\/uploads\/2026\/02\/inverno_1a.jpg","type":"image\/jpeg"}],"twitter_card":"summary_large_image","twitter_misc":{"Est. reading time":"1 minute"},"schema":{"@context":"https:\/\/schema.org","@graph":[{"@type":"WebPage","@id":"https:\/\/aniakuczynska.com\/en\/product\/inverno-gris-natural-sheep-wool-handmade-sweater\/","url":"https:\/\/aniakuczynska.com\/en\/product\/inverno-gris-natural-sheep-wool-handmade-sweater\/","name":"Inverno Gris natural sheep wool handmade sweater - Ania Kuczy\u0144ska","isPartOf":{"@id":"https:\/\/aniakuczynska.com\/#website"},"primaryImageOfPage":{"@id":"https:\/\/aniakuczynska.com\/en\/product\/inverno-gris-natural-sheep-wool-handmade-sweater\/#primaryimage"},"image":{"@id":"https:\/\/aniakuczynska.com\/en\/product\/inverno-gris-natural-sheep-wool-handmade-sweater\/#primaryimage"},"thumbnailUrl":"https:\/\/aniakuczynska.com\/wp-content\/uploads\/2026\/02\/inverno_1a.jpg","datePublished":"2026-03-25T11:37:10+00:00","dateModified":"2026-03-26T14:26:38+00:00","breadcrumb":{"@id":"https:\/\/aniakuczynska.com\/en\/product\/inverno-gris-natural-sheep-wool-handmade-sweater\/#breadcrumb"},"inLanguage":"en-US","potentialAction":[{"@type":"ReadAction","target":["https:\/\/aniakuczynska.com\/en\/product\/inverno-gris-natural-sheep-wool-handmade-sweater\/"]}]},{"@type":"ImageObject","inLanguage":"en-US","@id":"https:\/\/aniakuczynska.com\/en\/product\/inverno-gris-natural-sheep-wool-handmade-sweater\/#primaryimage","url":"https:\/\/aniakuczynska.com\/wp-content\/uploads\/2026\/02\/inverno_1a.jpg","contentUrl":"https:\/\/aniakuczynska.com\/wp-content\/uploads\/2026\/02\/inverno_1a.jpg","width":1125,"height":1500},{"@type":"BreadcrumbList","@id":"https:\/\/aniakuczynska.com\/en\/product\/inverno-gris-natural-sheep-wool-handmade-sweater\/#breadcrumb","itemListElement":[{"@type":"ListItem","position":1,"name":"Strona g\u0142\u00f3wna","item":"https:\/\/aniakuczynska.com\/en\/"},{"@type":"ListItem","position":2,"name":"Shop","item":"https:\/\/aniakuczynska.com\/en\/shop\/"},{"@type":"ListItem","position":3,"name":"Inverno Gris natural sheep wool handmade sweater"}]},{"@type":"WebSite","@id":"https:\/\/aniakuczynska.com\/#website","url":"https:\/\/aniakuczynska.com\/","name":"Ania Kuczy\u0144ska","description":"Ania Kuczy\u0144ska to jedna z najbardziej cenionych i rozpoznawalnych polskich projektantek mody. Tworzy mocn\u0105 i charakterystyczn\u0105 mark\u0119 \u2013 jej styl okre\u015blany jako ozdobny minimalizm jest ho\u0142dem dla szykownej i eleganckiej nonszalancji, charyzmatycznej kobieco\u015bci.","potentialAction":[{"@type":"SearchAction","target":{"@type":"EntryPoint","urlTemplate":"https:\/\/aniakuczynska.com\/?s={search_term_string}"},"query-input":{"@type":"PropertyValueSpecification","valueRequired":true,"valueName":"search_term_string"}}],"inLanguage":"en-US"}]}},"_links":{"self":[{"href":"https:\/\/aniakuczynska.com\/en\/wp-json\/wp\/v2\/product\/30104","targetHints":{"allow":["GET"]}}],"collection":[{"href":"https:\/\/aniakuczynska.com\/en\/wp-json\/wp\/v2\/product"}],"about":[{"href":"https:\/\/aniakuczynska.com\/en\/wp-json\/wp\/v2\/types\/product"}],"replies":[{"embeddable":true,"href":"https:\/\/aniakuczynska.com\/en\/wp-json\/wp\/v2\/comments?post=30104"}],"wp:featuredmedia":[{"embeddable":true,"href":"https:\/\/aniakuczynska.com\/en\/wp-json\/wp\/v2\/media\/29829"}],"wp:attachment":[{"href":"https:\/\/aniakuczynska.com\/en\/wp-json\/wp\/v2\/media?parent=30104"}],"wp:term":[{"taxonomy":"product_brand","embeddable":true,"href":"https:\/\/aniakuczynska.com\/en\/wp-json\/wp\/v2\/product_brand?post=30104"},{"taxonomy":"product_cat","embeddable":true,"href":"https:\/\/aniakuczynska.com\/en\/wp-json\/wp\/v2\/product_cat?post=30104"},{"taxonomy":"product_tag","embeddable":true,"href":"https:\/\/aniakuczynska.com\/en\/wp-json\/wp\/v2\/product_tag?post=30104"}],"curies":[{"name":"wp","href":"https:\/\/api.w.org\/{rel}","templated":true}]}}