{"id":29637,"date":"2025-11-14T07:38:52","date_gmt":"2025-12-09T08:39:30","guid":{"rendered":"https:\/\/aniakuczynska.com\/?post_type=product&#038;p=29637"},"modified":"2025-12-09T08:39:59","modified_gmt":"2025-12-09T08:39:59","slug":"sintonia-nude-elastic-lycra-bodysuit","status":"publish","type":"product","link":"https:\/\/aniakuczynska.com\/en\/product\/sintonia-nude-elastic-lycra-bodysuit\/","title":{"rendered":"Sintonia Nude elastic lycra bodysuit"},"content":{"rendered":"<p data-start=\"34\" data-end=\"102\">A form-fitting bodysuit with tight sleeves, fastened with hooks.<\/p>\n<p data-start=\"104\" data-end=\"268\">Products from the Untitled collection do not include sizing details. Made from elastic fabrics, they adapt to the body\u2019s individual shape. Available sizes: S, M, L.<\/p>\n<p data-start=\"270\" data-end=\"405\">The brand consciously moves away from seasonality and mass production, focusing instead on timeless designs and high-quality materials.<\/p>\n<p data-start=\"407\" data-end=\"442\" data-is-last-node=\"\" data-is-only-node=\"\">Shop mindfully and LOVE our Planet.<\/p>\n","protected":false},"excerpt":{"rendered":"<p>A form-fitting bodysuit with tight sleeves, fastened with hooks. Products from the Untitled collection do not include sizing details. Made from elastic fabrics, they adapt to the body\u2019s individual shape. Available sizes: S, M, L. The brand consciously moves away from seasonality and mass production, focusing instead on timeless designs and high-quality materials. Shop mindfully [&hellip;]<\/p>\n","protected":false},"featured_media":29367,"comment_status":"open","ping_status":"closed","template":"","meta":{"_acf_changed":false},"product_brand":[],"product_cat":[256,255,287,254],"product_tag":[],"class_list":{"0":"post-29637","1":"product","2":"type-product","3":"status-publish","4":"has-post-thumbnail","6":"product_cat-clothes","7":"product_cat-new-arrivals","8":"product_cat-tops","9":"product_cat-woman","10":"pa_rozmiar-s-en","11":"pa_rozmiar-m-en","12":"pa_rozmiar-l-en","14":"first","15":"instock","16":"shipping-taxable","17":"purchasable","18":"product-type-variable"},"acf":[],"yoast_head":"<!-- This site is optimized with the Yoast SEO plugin v24.5 - https:\/\/yoast.com\/wordpress\/plugins\/seo\/ -->\n<title>Sintonia Nude elastic lycra bodysuit - Ania Kuczy\u0144ska<\/title>\n<meta name=\"robots\" content=\"index, follow, max-snippet:-1, max-image-preview:large, max-video-preview:-1\" \/>\n<link rel=\"canonical\" href=\"https:\/\/aniakuczynska.com\/en\/product\/sintonia-nude-elastic-lycra-bodysuit\/\" \/>\n<meta property=\"og:locale\" content=\"en_US\" \/>\n<meta property=\"og:type\" content=\"article\" \/>\n<meta property=\"og:title\" content=\"Sintonia Nude elastic lycra bodysuit - Ania Kuczy\u0144ska\" \/>\n<meta property=\"og:description\" content=\"A form-fitting bodysuit with tight sleeves, fastened with hooks. Products from the Untitled collection do not include sizing details. Made from elastic fabrics, they adapt to the body\u2019s individual shape. Available sizes: S, M, L. The brand consciously moves away from seasonality and mass production, focusing instead on timeless designs and high-quality materials. Shop mindfully [&hellip;]\" \/>\n<meta property=\"og:url\" content=\"https:\/\/aniakuczynska.com\/en\/product\/sintonia-nude-elastic-lycra-bodysuit\/\" \/>\n<meta property=\"og:site_name\" content=\"Ania Kuczy\u0144ska\" \/>\n<meta property=\"article:publisher\" content=\"https:\/\/www.facebook.com\/aniakuczynskaclothingbrand\/\" \/>\n<meta property=\"article:modified_time\" content=\"2025-12-09T08:39:59+00:00\" \/>\n<meta property=\"og:image\" content=\"https:\/\/aniakuczynska.com\/wp-content\/uploads\/2025\/11\/IMG_9748s.jpg\" \/>\n\t<meta property=\"og:image:width\" content=\"1125\" \/>\n\t<meta property=\"og:image:height\" content=\"1500\" \/>\n\t<meta property=\"og:image:type\" content=\"image\/jpeg\" \/>\n<meta name=\"twitter:card\" content=\"summary_large_image\" \/>\n<meta name=\"twitter:label1\" content=\"Est. reading time\" \/>\n\t<meta name=\"twitter:data1\" content=\"2 minutes\" \/>\n<script type=\"application\/ld+json\" class=\"yoast-schema-graph\">{\"@context\":\"https:\/\/schema.org\",\"@graph\":[{\"@type\":\"WebPage\",\"@id\":\"https:\/\/aniakuczynska.com\/en\/product\/sintonia-nude-elastic-lycra-bodysuit\/\",\"url\":\"https:\/\/aniakuczynska.com\/en\/product\/sintonia-nude-elastic-lycra-bodysuit\/\",\"name\":\"Sintonia Nude elastic lycra bodysuit - Ania Kuczy\u0144ska\",\"isPartOf\":{\"@id\":\"https:\/\/aniakuczynska.com\/#website\"},\"primaryImageOfPage\":{\"@id\":\"https:\/\/aniakuczynska.com\/en\/product\/sintonia-nude-elastic-lycra-bodysuit\/#primaryimage\"},\"image\":{\"@id\":\"https:\/\/aniakuczynska.com\/en\/product\/sintonia-nude-elastic-lycra-bodysuit\/#primaryimage\"},\"thumbnailUrl\":\"https:\/\/aniakuczynska.com\/wp-content\/uploads\/2025\/11\/IMG_9748s.jpg\",\"datePublished\":\"2025-12-09T08:39:30+00:00\",\"dateModified\":\"2025-12-09T08:39:59+00:00\",\"breadcrumb\":{\"@id\":\"https:\/\/aniakuczynska.com\/en\/product\/sintonia-nude-elastic-lycra-bodysuit\/#breadcrumb\"},\"inLanguage\":\"en-US\",\"potentialAction\":[{\"@type\":\"ReadAction\",\"target\":[\"https:\/\/aniakuczynska.com\/en\/product\/sintonia-nude-elastic-lycra-bodysuit\/\"]}]},{\"@type\":\"ImageObject\",\"inLanguage\":\"en-US\",\"@id\":\"https:\/\/aniakuczynska.com\/en\/product\/sintonia-nude-elastic-lycra-bodysuit\/#primaryimage\",\"url\":\"https:\/\/aniakuczynska.com\/wp-content\/uploads\/2025\/11\/IMG_9748s.jpg\",\"contentUrl\":\"https:\/\/aniakuczynska.com\/wp-content\/uploads\/2025\/11\/IMG_9748s.jpg\",\"width\":1125,\"height\":1500},{\"@type\":\"BreadcrumbList\",\"@id\":\"https:\/\/aniakuczynska.com\/en\/product\/sintonia-nude-elastic-lycra-bodysuit\/#breadcrumb\",\"itemListElement\":[{\"@type\":\"ListItem\",\"position\":1,\"name\":\"Strona g\u0142\u00f3wna\",\"item\":\"https:\/\/aniakuczynska.com\/en\/\"},{\"@type\":\"ListItem\",\"position\":2,\"name\":\"Shop\",\"item\":\"https:\/\/aniakuczynska.com\/en\/shop\/\"},{\"@type\":\"ListItem\",\"position\":3,\"name\":\"Sintonia Nude elastic lycra bodysuit\"}]},{\"@type\":\"WebSite\",\"@id\":\"https:\/\/aniakuczynska.com\/#website\",\"url\":\"https:\/\/aniakuczynska.com\/\",\"name\":\"Ania Kuczy\u0144ska\",\"description\":\"Ania Kuczy\u0144ska to jedna z najbardziej cenionych i rozpoznawalnych polskich projektantek mody. Tworzy mocn\u0105 i charakterystyczn\u0105 mark\u0119 \u2013 jej styl okre\u015blany jako ozdobny minimalizm jest ho\u0142dem dla szykownej i eleganckiej nonszalancji, charyzmatycznej kobieco\u015bci.\",\"potentialAction\":[{\"@type\":\"SearchAction\",\"target\":{\"@type\":\"EntryPoint\",\"urlTemplate\":\"https:\/\/aniakuczynska.com\/?s={search_term_string}\"},\"query-input\":{\"@type\":\"PropertyValueSpecification\",\"valueRequired\":true,\"valueName\":\"search_term_string\"}}],\"inLanguage\":\"en-US\"}]}<\/script>\n<!-- \/ Yoast SEO plugin. -->","yoast_head_json":{"title":"Sintonia Nude elastic lycra bodysuit - Ania Kuczy\u0144ska","robots":{"index":"index","follow":"follow","max-snippet":"max-snippet:-1","max-image-preview":"max-image-preview:large","max-video-preview":"max-video-preview:-1"},"canonical":"https:\/\/aniakuczynska.com\/en\/product\/sintonia-nude-elastic-lycra-bodysuit\/","og_locale":"en_US","og_type":"article","og_title":"Sintonia Nude elastic lycra bodysuit - Ania Kuczy\u0144ska","og_description":"A form-fitting bodysuit with tight sleeves, fastened with hooks. Products from the Untitled collection do not include sizing details. Made from elastic fabrics, they adapt to the body\u2019s individual shape. Available sizes: S, M, L. The brand consciously moves away from seasonality and mass production, focusing instead on timeless designs and high-quality materials. Shop mindfully [&hellip;]","og_url":"https:\/\/aniakuczynska.com\/en\/product\/sintonia-nude-elastic-lycra-bodysuit\/","og_site_name":"Ania Kuczy\u0144ska","article_publisher":"https:\/\/www.facebook.com\/aniakuczynskaclothingbrand\/","article_modified_time":"2025-12-09T08:39:59+00:00","og_image":[{"width":1125,"height":1500,"url":"https:\/\/aniakuczynska.com\/wp-content\/uploads\/2025\/11\/IMG_9748s.jpg","type":"image\/jpeg"}],"twitter_card":"summary_large_image","twitter_misc":{"Est. reading time":"2 minutes"},"schema":{"@context":"https:\/\/schema.org","@graph":[{"@type":"WebPage","@id":"https:\/\/aniakuczynska.com\/en\/product\/sintonia-nude-elastic-lycra-bodysuit\/","url":"https:\/\/aniakuczynska.com\/en\/product\/sintonia-nude-elastic-lycra-bodysuit\/","name":"Sintonia Nude elastic lycra bodysuit - Ania Kuczy\u0144ska","isPartOf":{"@id":"https:\/\/aniakuczynska.com\/#website"},"primaryImageOfPage":{"@id":"https:\/\/aniakuczynska.com\/en\/product\/sintonia-nude-elastic-lycra-bodysuit\/#primaryimage"},"image":{"@id":"https:\/\/aniakuczynska.com\/en\/product\/sintonia-nude-elastic-lycra-bodysuit\/#primaryimage"},"thumbnailUrl":"https:\/\/aniakuczynska.com\/wp-content\/uploads\/2025\/11\/IMG_9748s.jpg","datePublished":"2025-12-09T08:39:30+00:00","dateModified":"2025-12-09T08:39:59+00:00","breadcrumb":{"@id":"https:\/\/aniakuczynska.com\/en\/product\/sintonia-nude-elastic-lycra-bodysuit\/#breadcrumb"},"inLanguage":"en-US","potentialAction":[{"@type":"ReadAction","target":["https:\/\/aniakuczynska.com\/en\/product\/sintonia-nude-elastic-lycra-bodysuit\/"]}]},{"@type":"ImageObject","inLanguage":"en-US","@id":"https:\/\/aniakuczynska.com\/en\/product\/sintonia-nude-elastic-lycra-bodysuit\/#primaryimage","url":"https:\/\/aniakuczynska.com\/wp-content\/uploads\/2025\/11\/IMG_9748s.jpg","contentUrl":"https:\/\/aniakuczynska.com\/wp-content\/uploads\/2025\/11\/IMG_9748s.jpg","width":1125,"height":1500},{"@type":"BreadcrumbList","@id":"https:\/\/aniakuczynska.com\/en\/product\/sintonia-nude-elastic-lycra-bodysuit\/#breadcrumb","itemListElement":[{"@type":"ListItem","position":1,"name":"Strona g\u0142\u00f3wna","item":"https:\/\/aniakuczynska.com\/en\/"},{"@type":"ListItem","position":2,"name":"Shop","item":"https:\/\/aniakuczynska.com\/en\/shop\/"},{"@type":"ListItem","position":3,"name":"Sintonia Nude elastic lycra bodysuit"}]},{"@type":"WebSite","@id":"https:\/\/aniakuczynska.com\/#website","url":"https:\/\/aniakuczynska.com\/","name":"Ania Kuczy\u0144ska","description":"Ania Kuczy\u0144ska to jedna z najbardziej cenionych i rozpoznawalnych polskich projektantek mody. Tworzy mocn\u0105 i charakterystyczn\u0105 mark\u0119 \u2013 jej styl okre\u015blany jako ozdobny minimalizm jest ho\u0142dem dla szykownej i eleganckiej nonszalancji, charyzmatycznej kobieco\u015bci.","potentialAction":[{"@type":"SearchAction","target":{"@type":"EntryPoint","urlTemplate":"https:\/\/aniakuczynska.com\/?s={search_term_string}"},"query-input":{"@type":"PropertyValueSpecification","valueRequired":true,"valueName":"search_term_string"}}],"inLanguage":"en-US"}]}},"_links":{"self":[{"href":"https:\/\/aniakuczynska.com\/en\/wp-json\/wp\/v2\/product\/29637","targetHints":{"allow":["GET"]}}],"collection":[{"href":"https:\/\/aniakuczynska.com\/en\/wp-json\/wp\/v2\/product"}],"about":[{"href":"https:\/\/aniakuczynska.com\/en\/wp-json\/wp\/v2\/types\/product"}],"replies":[{"embeddable":true,"href":"https:\/\/aniakuczynska.com\/en\/wp-json\/wp\/v2\/comments?post=29637"}],"wp:featuredmedia":[{"embeddable":true,"href":"https:\/\/aniakuczynska.com\/en\/wp-json\/wp\/v2\/media\/29367"}],"wp:attachment":[{"href":"https:\/\/aniakuczynska.com\/en\/wp-json\/wp\/v2\/media?parent=29637"}],"wp:term":[{"taxonomy":"product_brand","embeddable":true,"href":"https:\/\/aniakuczynska.com\/en\/wp-json\/wp\/v2\/product_brand?post=29637"},{"taxonomy":"product_cat","embeddable":true,"href":"https:\/\/aniakuczynska.com\/en\/wp-json\/wp\/v2\/product_cat?post=29637"},{"taxonomy":"product_tag","embeddable":true,"href":"https:\/\/aniakuczynska.com\/en\/wp-json\/wp\/v2\/product_tag?post=29637"}],"curies":[{"name":"wp","href":"https:\/\/api.w.org\/{rel}","templated":true}]}}