{"id":29635,"date":"2025-11-15T11:34:00","date_gmt":"2025-12-09T08:37:52","guid":{"rendered":"https:\/\/aniakuczynska.com\/?post_type=product&#038;p=29635"},"modified":"2026-03-26T14:27:19","modified_gmt":"2026-03-26T14:27:19","slug":"ak-gua-sha-stone","status":"publish","type":"product","link":"https:\/\/aniakuczynska.com\/en\/product\/ak-gua-sha-stone\/","title":{"rendered":"AK Gua Sha stone"},"content":{"rendered":"<p style=\"text-align: justify;\">Take your facial massage to a whole new level with the SCULPTING GUA SHA STONES. Use a jade Gua Sha tool to achieve a lifting effect, improve your facial contour, gently firm the skin, and reduce puffiness as well as smooth out fine and deeper wrinkles. The sculpting stones are made of white jade, which has healing properties and helps remove toxins from the skin and body. According to traditional beliefs, it also purifies the mind and, in turn, the complexion.<\/p>\n","protected":false},"excerpt":{"rendered":"<p>Take your facial massage to a whole new level with the SCULPTING GUA SHA STONES. Use a jade Gua Sha tool to achieve a lifting effect, improve your facial contour, gently firm the skin, and reduce puffiness as well as smooth out fine and deeper wrinkles. The sculpting stones are made of white jade, which [&hellip;]<\/p>\n","protected":false},"featured_media":29452,"comment_status":"open","ping_status":"closed","template":"","meta":{"_acf_changed":false},"product_brand":[],"product_cat":[273,350,256,276,255,275,254],"product_tag":[],"class_list":{"0":"post-29635","1":"product","2":"type-product","3":"status-publish","4":"has-post-thumbnail","6":"product_cat-accessories","7":"product_cat-beauty","8":"product_cat-clothes","9":"product_cat-new-arrivals-accessories","10":"product_cat-new-arrivals","11":"product_cat-small-accessories","12":"product_cat-woman","13":"pa_rozmiar-onesize-en","15":"first","16":"instock","17":"shipping-taxable","18":"purchasable","19":"product-type-variable","20":"has-default-attributes"},"acf":[],"yoast_head":"<!-- This site is optimized with the Yoast SEO plugin v24.5 - https:\/\/yoast.com\/wordpress\/plugins\/seo\/ -->\n<title>AK Gua Sha stone - Ania Kuczy\u0144ska<\/title>\n<meta name=\"robots\" content=\"index, follow, max-snippet:-1, max-image-preview:large, max-video-preview:-1\" \/>\n<link rel=\"canonical\" href=\"https:\/\/aniakuczynska.com\/en\/product\/ak-gua-sha-stone\/\" \/>\n<meta property=\"og:locale\" content=\"en_US\" \/>\n<meta property=\"og:type\" content=\"article\" \/>\n<meta property=\"og:title\" content=\"AK Gua Sha stone - Ania Kuczy\u0144ska\" \/>\n<meta property=\"og:description\" content=\"Take your facial massage to a whole new level with the SCULPTING GUA SHA STONES. Use a jade Gua Sha tool to achieve a lifting effect, improve your facial contour, gently firm the skin, and reduce puffiness as well as smooth out fine and deeper wrinkles. The sculpting stones are made of white jade, which [&hellip;]\" \/>\n<meta property=\"og:url\" content=\"https:\/\/aniakuczynska.com\/en\/product\/ak-gua-sha-stone\/\" \/>\n<meta property=\"og:site_name\" content=\"Ania Kuczy\u0144ska\" \/>\n<meta property=\"article:publisher\" content=\"https:\/\/www.facebook.com\/aniakuczynskaclothingbrand\/\" \/>\n<meta property=\"article:modified_time\" content=\"2026-03-26T14:27:19+00:00\" \/>\n<meta property=\"og:image\" content=\"https:\/\/aniakuczynska.com\/wp-content\/uploads\/2025\/11\/gua_sha.jpg\" \/>\n\t<meta property=\"og:image:width\" content=\"1125\" \/>\n\t<meta property=\"og:image:height\" content=\"1500\" \/>\n\t<meta property=\"og:image:type\" content=\"image\/jpeg\" \/>\n<meta name=\"twitter:card\" content=\"summary_large_image\" \/>\n<meta name=\"twitter:label1\" content=\"Est. reading time\" \/>\n\t<meta name=\"twitter:data1\" content=\"1 minute\" \/>\n<script type=\"application\/ld+json\" class=\"yoast-schema-graph\">{\"@context\":\"https:\/\/schema.org\",\"@graph\":[{\"@type\":\"WebPage\",\"@id\":\"https:\/\/aniakuczynska.com\/en\/product\/ak-gua-sha-stone\/\",\"url\":\"https:\/\/aniakuczynska.com\/en\/product\/ak-gua-sha-stone\/\",\"name\":\"AK Gua Sha stone - Ania Kuczy\u0144ska\",\"isPartOf\":{\"@id\":\"https:\/\/aniakuczynska.com\/#website\"},\"primaryImageOfPage\":{\"@id\":\"https:\/\/aniakuczynska.com\/en\/product\/ak-gua-sha-stone\/#primaryimage\"},\"image\":{\"@id\":\"https:\/\/aniakuczynska.com\/en\/product\/ak-gua-sha-stone\/#primaryimage\"},\"thumbnailUrl\":\"https:\/\/aniakuczynska.com\/wp-content\/uploads\/2025\/11\/gua_sha.jpg\",\"datePublished\":\"2025-12-09T08:37:52+00:00\",\"dateModified\":\"2026-03-26T14:27:19+00:00\",\"breadcrumb\":{\"@id\":\"https:\/\/aniakuczynska.com\/en\/product\/ak-gua-sha-stone\/#breadcrumb\"},\"inLanguage\":\"en-US\",\"potentialAction\":[{\"@type\":\"ReadAction\",\"target\":[\"https:\/\/aniakuczynska.com\/en\/product\/ak-gua-sha-stone\/\"]}]},{\"@type\":\"ImageObject\",\"inLanguage\":\"en-US\",\"@id\":\"https:\/\/aniakuczynska.com\/en\/product\/ak-gua-sha-stone\/#primaryimage\",\"url\":\"https:\/\/aniakuczynska.com\/wp-content\/uploads\/2025\/11\/gua_sha.jpg\",\"contentUrl\":\"https:\/\/aniakuczynska.com\/wp-content\/uploads\/2025\/11\/gua_sha.jpg\",\"width\":1125,\"height\":1500},{\"@type\":\"BreadcrumbList\",\"@id\":\"https:\/\/aniakuczynska.com\/en\/product\/ak-gua-sha-stone\/#breadcrumb\",\"itemListElement\":[{\"@type\":\"ListItem\",\"position\":1,\"name\":\"Strona g\u0142\u00f3wna\",\"item\":\"https:\/\/aniakuczynska.com\/en\/\"},{\"@type\":\"ListItem\",\"position\":2,\"name\":\"Shop\",\"item\":\"https:\/\/aniakuczynska.com\/en\/shop\/\"},{\"@type\":\"ListItem\",\"position\":3,\"name\":\"AK Gua Sha stone\"}]},{\"@type\":\"WebSite\",\"@id\":\"https:\/\/aniakuczynska.com\/#website\",\"url\":\"https:\/\/aniakuczynska.com\/\",\"name\":\"Ania Kuczy\u0144ska\",\"description\":\"Ania Kuczy\u0144ska to jedna z najbardziej cenionych i rozpoznawalnych polskich projektantek mody. Tworzy mocn\u0105 i charakterystyczn\u0105 mark\u0119 \u2013 jej styl okre\u015blany jako ozdobny minimalizm jest ho\u0142dem dla szykownej i eleganckiej nonszalancji, charyzmatycznej kobieco\u015bci.\",\"potentialAction\":[{\"@type\":\"SearchAction\",\"target\":{\"@type\":\"EntryPoint\",\"urlTemplate\":\"https:\/\/aniakuczynska.com\/?s={search_term_string}\"},\"query-input\":{\"@type\":\"PropertyValueSpecification\",\"valueRequired\":true,\"valueName\":\"search_term_string\"}}],\"inLanguage\":\"en-US\"}]}<\/script>\n<!-- \/ Yoast SEO plugin. -->","yoast_head_json":{"title":"AK Gua Sha stone - Ania Kuczy\u0144ska","robots":{"index":"index","follow":"follow","max-snippet":"max-snippet:-1","max-image-preview":"max-image-preview:large","max-video-preview":"max-video-preview:-1"},"canonical":"https:\/\/aniakuczynska.com\/en\/product\/ak-gua-sha-stone\/","og_locale":"en_US","og_type":"article","og_title":"AK Gua Sha stone - Ania Kuczy\u0144ska","og_description":"Take your facial massage to a whole new level with the SCULPTING GUA SHA STONES. Use a jade Gua Sha tool to achieve a lifting effect, improve your facial contour, gently firm the skin, and reduce puffiness as well as smooth out fine and deeper wrinkles. The sculpting stones are made of white jade, which [&hellip;]","og_url":"https:\/\/aniakuczynska.com\/en\/product\/ak-gua-sha-stone\/","og_site_name":"Ania Kuczy\u0144ska","article_publisher":"https:\/\/www.facebook.com\/aniakuczynskaclothingbrand\/","article_modified_time":"2026-03-26T14:27:19+00:00","og_image":[{"width":1125,"height":1500,"url":"https:\/\/aniakuczynska.com\/wp-content\/uploads\/2025\/11\/gua_sha.jpg","type":"image\/jpeg"}],"twitter_card":"summary_large_image","twitter_misc":{"Est. reading time":"1 minute"},"schema":{"@context":"https:\/\/schema.org","@graph":[{"@type":"WebPage","@id":"https:\/\/aniakuczynska.com\/en\/product\/ak-gua-sha-stone\/","url":"https:\/\/aniakuczynska.com\/en\/product\/ak-gua-sha-stone\/","name":"AK Gua Sha stone - Ania Kuczy\u0144ska","isPartOf":{"@id":"https:\/\/aniakuczynska.com\/#website"},"primaryImageOfPage":{"@id":"https:\/\/aniakuczynska.com\/en\/product\/ak-gua-sha-stone\/#primaryimage"},"image":{"@id":"https:\/\/aniakuczynska.com\/en\/product\/ak-gua-sha-stone\/#primaryimage"},"thumbnailUrl":"https:\/\/aniakuczynska.com\/wp-content\/uploads\/2025\/11\/gua_sha.jpg","datePublished":"2025-12-09T08:37:52+00:00","dateModified":"2026-03-26T14:27:19+00:00","breadcrumb":{"@id":"https:\/\/aniakuczynska.com\/en\/product\/ak-gua-sha-stone\/#breadcrumb"},"inLanguage":"en-US","potentialAction":[{"@type":"ReadAction","target":["https:\/\/aniakuczynska.com\/en\/product\/ak-gua-sha-stone\/"]}]},{"@type":"ImageObject","inLanguage":"en-US","@id":"https:\/\/aniakuczynska.com\/en\/product\/ak-gua-sha-stone\/#primaryimage","url":"https:\/\/aniakuczynska.com\/wp-content\/uploads\/2025\/11\/gua_sha.jpg","contentUrl":"https:\/\/aniakuczynska.com\/wp-content\/uploads\/2025\/11\/gua_sha.jpg","width":1125,"height":1500},{"@type":"BreadcrumbList","@id":"https:\/\/aniakuczynska.com\/en\/product\/ak-gua-sha-stone\/#breadcrumb","itemListElement":[{"@type":"ListItem","position":1,"name":"Strona g\u0142\u00f3wna","item":"https:\/\/aniakuczynska.com\/en\/"},{"@type":"ListItem","position":2,"name":"Shop","item":"https:\/\/aniakuczynska.com\/en\/shop\/"},{"@type":"ListItem","position":3,"name":"AK Gua Sha stone"}]},{"@type":"WebSite","@id":"https:\/\/aniakuczynska.com\/#website","url":"https:\/\/aniakuczynska.com\/","name":"Ania Kuczy\u0144ska","description":"Ania Kuczy\u0144ska to jedna z najbardziej cenionych i rozpoznawalnych polskich projektantek mody. Tworzy mocn\u0105 i charakterystyczn\u0105 mark\u0119 \u2013 jej styl okre\u015blany jako ozdobny minimalizm jest ho\u0142dem dla szykownej i eleganckiej nonszalancji, charyzmatycznej kobieco\u015bci.","potentialAction":[{"@type":"SearchAction","target":{"@type":"EntryPoint","urlTemplate":"https:\/\/aniakuczynska.com\/?s={search_term_string}"},"query-input":{"@type":"PropertyValueSpecification","valueRequired":true,"valueName":"search_term_string"}}],"inLanguage":"en-US"}]}},"_links":{"self":[{"href":"https:\/\/aniakuczynska.com\/en\/wp-json\/wp\/v2\/product\/29635","targetHints":{"allow":["GET"]}}],"collection":[{"href":"https:\/\/aniakuczynska.com\/en\/wp-json\/wp\/v2\/product"}],"about":[{"href":"https:\/\/aniakuczynska.com\/en\/wp-json\/wp\/v2\/types\/product"}],"replies":[{"embeddable":true,"href":"https:\/\/aniakuczynska.com\/en\/wp-json\/wp\/v2\/comments?post=29635"}],"wp:featuredmedia":[{"embeddable":true,"href":"https:\/\/aniakuczynska.com\/en\/wp-json\/wp\/v2\/media\/29452"}],"wp:attachment":[{"href":"https:\/\/aniakuczynska.com\/en\/wp-json\/wp\/v2\/media?parent=29635"}],"wp:term":[{"taxonomy":"product_brand","embeddable":true,"href":"https:\/\/aniakuczynska.com\/en\/wp-json\/wp\/v2\/product_brand?post=29635"},{"taxonomy":"product_cat","embeddable":true,"href":"https:\/\/aniakuczynska.com\/en\/wp-json\/wp\/v2\/product_cat?post=29635"},{"taxonomy":"product_tag","embeddable":true,"href":"https:\/\/aniakuczynska.com\/en\/wp-json\/wp\/v2\/product_tag?post=29635"}],"curies":[{"name":"wp","href":"https:\/\/api.w.org\/{rel}","templated":true}]}}