{"id":29633,"date":"2025-11-25T10:11:34","date_gmt":"2025-12-09T08:36:26","guid":{"rendered":"https:\/\/aniakuczynska.com\/?post_type=product&#038;p=29633"},"modified":"2026-03-26T14:27:16","modified_gmt":"2026-03-26T14:27:16","slug":"spiew-syreny-charmian-clift","status":"publish","type":"product","link":"https:\/\/aniakuczynska.com\/en\/product\/spiew-syreny-charmian-clift\/","title":{"rendered":"\u015apiew Syreny \/\/ Charmian Clift"},"content":{"rendered":"<p style=\"text-align: justify;\" data-start=\"33\" data-end=\"475\">In 1954, Charmian Clift set off with her family for the remote Greek island of Kalymnos, where she and her husband were to work on a book about the local sponge divers. She could not have foreseen that the charm of this place would change them forever. They stayed much longer than they had planned, and the rhythm of life on Kalymnos and the rituals of the island\u2019s inhabitants captivated her so deeply that she decided to describe them.<\/p>\n<p style=\"text-align: justify;\" data-start=\"477\" data-end=\"504\" data-is-last-node=\"\" data-is-only-node=\"\"><em data-start=\"477\" data-end=\"504\" data-is-last-node=\"\">Translated by Anna Gralak<\/em><\/p>\n","protected":false},"excerpt":{"rendered":"<p>In 1954, Charmian Clift set off with her family for the remote Greek island of Kalymnos, where she and her husband were to work on a book about the local sponge divers. She could not have foreseen that the charm of this place would change them forever. They stayed much longer than they had planned, [&hellip;]<\/p>\n","protected":false},"featured_media":29466,"comment_status":"open","ping_status":"closed","template":"","meta":{"_acf_changed":false},"product_brand":[],"product_cat":[273,256,276,255,275,254],"product_tag":[],"class_list":{"0":"post-29633","1":"product","2":"type-product","3":"status-publish","4":"has-post-thumbnail","6":"product_cat-accessories","7":"product_cat-clothes","8":"product_cat-new-arrivals-accessories","9":"product_cat-new-arrivals","10":"product_cat-small-accessories","11":"product_cat-woman","12":"pa_rozmiar-onesize-en","14":"first","15":"instock","16":"shipping-taxable","17":"purchasable","18":"product-type-variable"},"acf":[],"yoast_head":"<!-- This site is optimized with the Yoast SEO plugin v24.5 - https:\/\/yoast.com\/wordpress\/plugins\/seo\/ -->\n<title>\u015apiew Syreny \/\/ Charmian Clift - Ania Kuczy\u0144ska<\/title>\n<meta name=\"robots\" content=\"index, follow, max-snippet:-1, max-image-preview:large, max-video-preview:-1\" \/>\n<link rel=\"canonical\" href=\"https:\/\/aniakuczynska.com\/en\/product\/spiew-syreny-charmian-clift\/\" \/>\n<meta property=\"og:locale\" content=\"en_US\" \/>\n<meta property=\"og:type\" content=\"article\" \/>\n<meta property=\"og:title\" content=\"\u015apiew Syreny \/\/ Charmian Clift - Ania Kuczy\u0144ska\" \/>\n<meta property=\"og:description\" content=\"In 1954, Charmian Clift set off with her family for the remote Greek island of Kalymnos, where she and her husband were to work on a book about the local sponge divers. She could not have foreseen that the charm of this place would change them forever. They stayed much longer than they had planned, [&hellip;]\" \/>\n<meta property=\"og:url\" content=\"https:\/\/aniakuczynska.com\/en\/product\/spiew-syreny-charmian-clift\/\" \/>\n<meta property=\"og:site_name\" content=\"Ania Kuczy\u0144ska\" \/>\n<meta property=\"article:publisher\" content=\"https:\/\/www.facebook.com\/aniakuczynskaclothingbrand\/\" \/>\n<meta property=\"article:modified_time\" content=\"2026-03-26T14:27:16+00:00\" \/>\n<meta property=\"og:image\" content=\"https:\/\/aniakuczynska.com\/wp-content\/uploads\/2025\/11\/IMG_1089s.jpg\" \/>\n\t<meta property=\"og:image:width\" content=\"1125\" \/>\n\t<meta property=\"og:image:height\" content=\"1500\" \/>\n\t<meta property=\"og:image:type\" content=\"image\/jpeg\" \/>\n<meta name=\"twitter:card\" content=\"summary_large_image\" \/>\n<meta name=\"twitter:label1\" content=\"Est. reading time\" \/>\n\t<meta name=\"twitter:data1\" content=\"1 minute\" \/>\n<script type=\"application\/ld+json\" class=\"yoast-schema-graph\">{\"@context\":\"https:\/\/schema.org\",\"@graph\":[{\"@type\":\"WebPage\",\"@id\":\"https:\/\/aniakuczynska.com\/en\/product\/spiew-syreny-charmian-clift\/\",\"url\":\"https:\/\/aniakuczynska.com\/en\/product\/spiew-syreny-charmian-clift\/\",\"name\":\"\u015apiew Syreny \/\/ Charmian Clift - Ania Kuczy\u0144ska\",\"isPartOf\":{\"@id\":\"https:\/\/aniakuczynska.com\/#website\"},\"primaryImageOfPage\":{\"@id\":\"https:\/\/aniakuczynska.com\/en\/product\/spiew-syreny-charmian-clift\/#primaryimage\"},\"image\":{\"@id\":\"https:\/\/aniakuczynska.com\/en\/product\/spiew-syreny-charmian-clift\/#primaryimage\"},\"thumbnailUrl\":\"https:\/\/aniakuczynska.com\/wp-content\/uploads\/2025\/11\/IMG_1089s.jpg\",\"datePublished\":\"2025-12-09T08:36:26+00:00\",\"dateModified\":\"2026-03-26T14:27:16+00:00\",\"breadcrumb\":{\"@id\":\"https:\/\/aniakuczynska.com\/en\/product\/spiew-syreny-charmian-clift\/#breadcrumb\"},\"inLanguage\":\"en-US\",\"potentialAction\":[{\"@type\":\"ReadAction\",\"target\":[\"https:\/\/aniakuczynska.com\/en\/product\/spiew-syreny-charmian-clift\/\"]}]},{\"@type\":\"ImageObject\",\"inLanguage\":\"en-US\",\"@id\":\"https:\/\/aniakuczynska.com\/en\/product\/spiew-syreny-charmian-clift\/#primaryimage\",\"url\":\"https:\/\/aniakuczynska.com\/wp-content\/uploads\/2025\/11\/IMG_1089s.jpg\",\"contentUrl\":\"https:\/\/aniakuczynska.com\/wp-content\/uploads\/2025\/11\/IMG_1089s.jpg\",\"width\":1125,\"height\":1500},{\"@type\":\"BreadcrumbList\",\"@id\":\"https:\/\/aniakuczynska.com\/en\/product\/spiew-syreny-charmian-clift\/#breadcrumb\",\"itemListElement\":[{\"@type\":\"ListItem\",\"position\":1,\"name\":\"Strona g\u0142\u00f3wna\",\"item\":\"https:\/\/aniakuczynska.com\/en\/\"},{\"@type\":\"ListItem\",\"position\":2,\"name\":\"Shop\",\"item\":\"https:\/\/aniakuczynska.com\/en\/shop\/\"},{\"@type\":\"ListItem\",\"position\":3,\"name\":\"\u015apiew Syreny \/\/ Charmian Clift\"}]},{\"@type\":\"WebSite\",\"@id\":\"https:\/\/aniakuczynska.com\/#website\",\"url\":\"https:\/\/aniakuczynska.com\/\",\"name\":\"Ania Kuczy\u0144ska\",\"description\":\"Ania Kuczy\u0144ska to jedna z najbardziej cenionych i rozpoznawalnych polskich projektantek mody. Tworzy mocn\u0105 i charakterystyczn\u0105 mark\u0119 \u2013 jej styl okre\u015blany jako ozdobny minimalizm jest ho\u0142dem dla szykownej i eleganckiej nonszalancji, charyzmatycznej kobieco\u015bci.\",\"potentialAction\":[{\"@type\":\"SearchAction\",\"target\":{\"@type\":\"EntryPoint\",\"urlTemplate\":\"https:\/\/aniakuczynska.com\/?s={search_term_string}\"},\"query-input\":{\"@type\":\"PropertyValueSpecification\",\"valueRequired\":true,\"valueName\":\"search_term_string\"}}],\"inLanguage\":\"en-US\"}]}<\/script>\n<!-- \/ Yoast SEO plugin. -->","yoast_head_json":{"title":"\u015apiew Syreny \/\/ Charmian Clift - Ania Kuczy\u0144ska","robots":{"index":"index","follow":"follow","max-snippet":"max-snippet:-1","max-image-preview":"max-image-preview:large","max-video-preview":"max-video-preview:-1"},"canonical":"https:\/\/aniakuczynska.com\/en\/product\/spiew-syreny-charmian-clift\/","og_locale":"en_US","og_type":"article","og_title":"\u015apiew Syreny \/\/ Charmian Clift - Ania Kuczy\u0144ska","og_description":"In 1954, Charmian Clift set off with her family for the remote Greek island of Kalymnos, where she and her husband were to work on a book about the local sponge divers. She could not have foreseen that the charm of this place would change them forever. They stayed much longer than they had planned, [&hellip;]","og_url":"https:\/\/aniakuczynska.com\/en\/product\/spiew-syreny-charmian-clift\/","og_site_name":"Ania Kuczy\u0144ska","article_publisher":"https:\/\/www.facebook.com\/aniakuczynskaclothingbrand\/","article_modified_time":"2026-03-26T14:27:16+00:00","og_image":[{"width":1125,"height":1500,"url":"https:\/\/aniakuczynska.com\/wp-content\/uploads\/2025\/11\/IMG_1089s.jpg","type":"image\/jpeg"}],"twitter_card":"summary_large_image","twitter_misc":{"Est. reading time":"1 minute"},"schema":{"@context":"https:\/\/schema.org","@graph":[{"@type":"WebPage","@id":"https:\/\/aniakuczynska.com\/en\/product\/spiew-syreny-charmian-clift\/","url":"https:\/\/aniakuczynska.com\/en\/product\/spiew-syreny-charmian-clift\/","name":"\u015apiew Syreny \/\/ Charmian Clift - Ania Kuczy\u0144ska","isPartOf":{"@id":"https:\/\/aniakuczynska.com\/#website"},"primaryImageOfPage":{"@id":"https:\/\/aniakuczynska.com\/en\/product\/spiew-syreny-charmian-clift\/#primaryimage"},"image":{"@id":"https:\/\/aniakuczynska.com\/en\/product\/spiew-syreny-charmian-clift\/#primaryimage"},"thumbnailUrl":"https:\/\/aniakuczynska.com\/wp-content\/uploads\/2025\/11\/IMG_1089s.jpg","datePublished":"2025-12-09T08:36:26+00:00","dateModified":"2026-03-26T14:27:16+00:00","breadcrumb":{"@id":"https:\/\/aniakuczynska.com\/en\/product\/spiew-syreny-charmian-clift\/#breadcrumb"},"inLanguage":"en-US","potentialAction":[{"@type":"ReadAction","target":["https:\/\/aniakuczynska.com\/en\/product\/spiew-syreny-charmian-clift\/"]}]},{"@type":"ImageObject","inLanguage":"en-US","@id":"https:\/\/aniakuczynska.com\/en\/product\/spiew-syreny-charmian-clift\/#primaryimage","url":"https:\/\/aniakuczynska.com\/wp-content\/uploads\/2025\/11\/IMG_1089s.jpg","contentUrl":"https:\/\/aniakuczynska.com\/wp-content\/uploads\/2025\/11\/IMG_1089s.jpg","width":1125,"height":1500},{"@type":"BreadcrumbList","@id":"https:\/\/aniakuczynska.com\/en\/product\/spiew-syreny-charmian-clift\/#breadcrumb","itemListElement":[{"@type":"ListItem","position":1,"name":"Strona g\u0142\u00f3wna","item":"https:\/\/aniakuczynska.com\/en\/"},{"@type":"ListItem","position":2,"name":"Shop","item":"https:\/\/aniakuczynska.com\/en\/shop\/"},{"@type":"ListItem","position":3,"name":"\u015apiew Syreny \/\/ Charmian Clift"}]},{"@type":"WebSite","@id":"https:\/\/aniakuczynska.com\/#website","url":"https:\/\/aniakuczynska.com\/","name":"Ania Kuczy\u0144ska","description":"Ania Kuczy\u0144ska to jedna z najbardziej cenionych i rozpoznawalnych polskich projektantek mody. Tworzy mocn\u0105 i charakterystyczn\u0105 mark\u0119 \u2013 jej styl okre\u015blany jako ozdobny minimalizm jest ho\u0142dem dla szykownej i eleganckiej nonszalancji, charyzmatycznej kobieco\u015bci.","potentialAction":[{"@type":"SearchAction","target":{"@type":"EntryPoint","urlTemplate":"https:\/\/aniakuczynska.com\/?s={search_term_string}"},"query-input":{"@type":"PropertyValueSpecification","valueRequired":true,"valueName":"search_term_string"}}],"inLanguage":"en-US"}]}},"_links":{"self":[{"href":"https:\/\/aniakuczynska.com\/en\/wp-json\/wp\/v2\/product\/29633","targetHints":{"allow":["GET"]}}],"collection":[{"href":"https:\/\/aniakuczynska.com\/en\/wp-json\/wp\/v2\/product"}],"about":[{"href":"https:\/\/aniakuczynska.com\/en\/wp-json\/wp\/v2\/types\/product"}],"replies":[{"embeddable":true,"href":"https:\/\/aniakuczynska.com\/en\/wp-json\/wp\/v2\/comments?post=29633"}],"wp:featuredmedia":[{"embeddable":true,"href":"https:\/\/aniakuczynska.com\/en\/wp-json\/wp\/v2\/media\/29466"}],"wp:attachment":[{"href":"https:\/\/aniakuczynska.com\/en\/wp-json\/wp\/v2\/media?parent=29633"}],"wp:term":[{"taxonomy":"product_brand","embeddable":true,"href":"https:\/\/aniakuczynska.com\/en\/wp-json\/wp\/v2\/product_brand?post=29633"},{"taxonomy":"product_cat","embeddable":true,"href":"https:\/\/aniakuczynska.com\/en\/wp-json\/wp\/v2\/product_cat?post=29633"},{"taxonomy":"product_tag","embeddable":true,"href":"https:\/\/aniakuczynska.com\/en\/wp-json\/wp\/v2\/product_tag?post=29633"}],"curies":[{"name":"wp","href":"https:\/\/api.w.org\/{rel}","templated":true}]}}