{"id":29412,"date":"2025-11-15T10:45:41","date_gmt":"2025-11-19T14:28:35","guid":{"rendered":"https:\/\/aniakuczynska.com\/?post_type=product&#038;p=29412"},"modified":"2026-03-30T10:35:56","modified_gmt":"2026-03-30T10:35:56","slug":"ania-kuczynska-warszawskie-sklepy-cynamonowe-aromatherapeutic-oil","status":"publish","type":"product","link":"https:\/\/aniakuczynska.com\/en\/product\/ania-kuczynska-warszawskie-sklepy-cynamonowe-aromatherapeutic-oil\/","title":{"rendered":"Aromatherapy nr. 1 botanical oil"},"content":{"rendered":"<p data-start=\"39\" data-end=\"94\">Ania Kuczy\u0144ska<br data-start=\"55\" data-end=\"58\" \/>Warszawskie Sklepy Cynamonowe 2025<\/p>\n<p data-start=\"96\" data-end=\"215\"><em data-start=\"96\" data-end=\"196\">\u201cThese truly noble shops, open late into the night, were always the subject of my fervent dreams\u2026\u201d<\/em> \u2014 Bruno Schulz<\/p>\n<p data-start=\"217\" data-end=\"555\">Under the banner of the Warsaw Cinnamon Shops, we \u2014 the poets of the capital\u2019s trade \u2014 unite for forty days and nights in the name of good taste and delight. Our goal is bliss. Our means to that goal \u2014 beauty. Each of us will prepare for you a sensual object of desire, available in our shops from 15 November to 24 December 2025.<\/p>\n<p data-start=\"557\" data-end=\"633\">Ania Kuczy\u0144ska \/ Happa to mame \/ Jagg Jewels \/ Lukullus \/ Mood Scent Bar<\/p>\n<p data-start=\"635\" data-end=\"958\">Inspired by the fascinating, dreamlike world of Bruno Schulz, the aromatherapeutic oil smells like a magical journey to a distant land. Its fragrance pyramid features spicy, aphrodisiac heart notes, intense exotic base notes, and energizing, juicy floral\u2013tea opening notes. The oil uplifts the mood, grounds, and warms.<\/p>\n<p data-start=\"960\" data-end=\"1037\" data-is-last-node=\"\" data-is-only-node=\"\">Give it a moment to let its beneficial effect and multi-layered scent unfold.<\/p>\n","protected":false},"excerpt":{"rendered":"<p>Ania Kuczy\u0144skaWarszawskie Sklepy Cynamonowe 2025 \u201cThese truly noble shops, open late into the night, were always the subject of my fervent dreams\u2026\u201d \u2014 Bruno Schulz Under the banner of the Warsaw Cinnamon Shops, we \u2014 the poets of the capital\u2019s trade \u2014 unite for forty days and nights in the name of good taste and [&hellip;]<\/p>\n","protected":false},"featured_media":30039,"comment_status":"open","ping_status":"closed","template":"","meta":{"_acf_changed":false},"product_brand":[],"product_cat":[273,350,256,255,276,364,275,254],"product_tag":[],"class_list":{"0":"post-29412","1":"product","2":"type-product","3":"status-publish","4":"has-post-thumbnail","6":"product_cat-accessories","7":"product_cat-beauty","8":"product_cat-clothes","9":"product_cat-new-arrivals","10":"product_cat-new-arrivals-accessories","11":"product_cat-perfumes-candles","12":"product_cat-small-accessories","13":"product_cat-woman","14":"pa_rozmiar-10-ml-en","16":"first","17":"instock","18":"shipping-taxable","19":"purchasable","20":"product-type-variable","21":"has-default-attributes"},"acf":[],"yoast_head":"<!-- This site is optimized with the Yoast SEO plugin v24.5 - https:\/\/yoast.com\/wordpress\/plugins\/seo\/ -->\n<title>Aromatherapy nr. 1 botanical oil - Ania Kuczy\u0144ska<\/title>\n<meta name=\"robots\" content=\"index, follow, max-snippet:-1, max-image-preview:large, max-video-preview:-1\" \/>\n<link rel=\"canonical\" href=\"https:\/\/aniakuczynska.com\/en\/product\/ania-kuczynska-warszawskie-sklepy-cynamonowe-aromatherapeutic-oil\/\" \/>\n<meta property=\"og:locale\" content=\"en_US\" \/>\n<meta property=\"og:type\" content=\"article\" \/>\n<meta property=\"og:title\" content=\"Aromatherapy nr. 1 botanical oil - Ania Kuczy\u0144ska\" \/>\n<meta property=\"og:description\" content=\"Ania Kuczy\u0144skaWarszawskie Sklepy Cynamonowe 2025 \u201cThese truly noble shops, open late into the night, were always the subject of my fervent dreams\u2026\u201d \u2014 Bruno Schulz Under the banner of the Warsaw Cinnamon Shops, we \u2014 the poets of the capital\u2019s trade \u2014 unite for forty days and nights in the name of good taste and [&hellip;]\" \/>\n<meta property=\"og:url\" content=\"https:\/\/aniakuczynska.com\/en\/product\/ania-kuczynska-warszawskie-sklepy-cynamonowe-aromatherapeutic-oil\/\" \/>\n<meta property=\"og:site_name\" content=\"Ania Kuczy\u0144ska\" \/>\n<meta property=\"article:publisher\" content=\"https:\/\/www.facebook.com\/aniakuczynskaclothingbrand\/\" \/>\n<meta property=\"article:modified_time\" content=\"2026-03-30T10:35:56+00:00\" \/>\n<meta property=\"og:image\" content=\"https:\/\/aniakuczynska.com\/wp-content\/uploads\/2025\/11\/aromaterapia_1.jpg\" \/>\n\t<meta property=\"og:image:width\" content=\"1125\" \/>\n\t<meta property=\"og:image:height\" content=\"1500\" \/>\n\t<meta property=\"og:image:type\" content=\"image\/jpeg\" \/>\n<meta name=\"twitter:card\" content=\"summary_large_image\" \/>\n<meta name=\"twitter:label1\" content=\"Est. reading time\" \/>\n\t<meta name=\"twitter:data1\" content=\"2 minutes\" \/>\n<script type=\"application\/ld+json\" class=\"yoast-schema-graph\">{\"@context\":\"https:\/\/schema.org\",\"@graph\":[{\"@type\":\"WebPage\",\"@id\":\"https:\/\/aniakuczynska.com\/en\/product\/ania-kuczynska-warszawskie-sklepy-cynamonowe-aromatherapeutic-oil\/\",\"url\":\"https:\/\/aniakuczynska.com\/en\/product\/ania-kuczynska-warszawskie-sklepy-cynamonowe-aromatherapeutic-oil\/\",\"name\":\"Aromatherapy nr. 1 botanical oil - Ania Kuczy\u0144ska\",\"isPartOf\":{\"@id\":\"https:\/\/aniakuczynska.com\/#website\"},\"primaryImageOfPage\":{\"@id\":\"https:\/\/aniakuczynska.com\/en\/product\/ania-kuczynska-warszawskie-sklepy-cynamonowe-aromatherapeutic-oil\/#primaryimage\"},\"image\":{\"@id\":\"https:\/\/aniakuczynska.com\/en\/product\/ania-kuczynska-warszawskie-sklepy-cynamonowe-aromatherapeutic-oil\/#primaryimage\"},\"thumbnailUrl\":\"https:\/\/aniakuczynska.com\/wp-content\/uploads\/2025\/11\/aromaterapia_1.jpg\",\"datePublished\":\"2025-11-19T14:28:35+00:00\",\"dateModified\":\"2026-03-30T10:35:56+00:00\",\"breadcrumb\":{\"@id\":\"https:\/\/aniakuczynska.com\/en\/product\/ania-kuczynska-warszawskie-sklepy-cynamonowe-aromatherapeutic-oil\/#breadcrumb\"},\"inLanguage\":\"en-US\",\"potentialAction\":[{\"@type\":\"ReadAction\",\"target\":[\"https:\/\/aniakuczynska.com\/en\/product\/ania-kuczynska-warszawskie-sklepy-cynamonowe-aromatherapeutic-oil\/\"]}]},{\"@type\":\"ImageObject\",\"inLanguage\":\"en-US\",\"@id\":\"https:\/\/aniakuczynska.com\/en\/product\/ania-kuczynska-warszawskie-sklepy-cynamonowe-aromatherapeutic-oil\/#primaryimage\",\"url\":\"https:\/\/aniakuczynska.com\/wp-content\/uploads\/2025\/11\/aromaterapia_1.jpg\",\"contentUrl\":\"https:\/\/aniakuczynska.com\/wp-content\/uploads\/2025\/11\/aromaterapia_1.jpg\",\"width\":1125,\"height\":1500},{\"@type\":\"BreadcrumbList\",\"@id\":\"https:\/\/aniakuczynska.com\/en\/product\/ania-kuczynska-warszawskie-sklepy-cynamonowe-aromatherapeutic-oil\/#breadcrumb\",\"itemListElement\":[{\"@type\":\"ListItem\",\"position\":1,\"name\":\"Strona g\u0142\u00f3wna\",\"item\":\"https:\/\/aniakuczynska.com\/en\/\"},{\"@type\":\"ListItem\",\"position\":2,\"name\":\"Shop\",\"item\":\"https:\/\/aniakuczynska.com\/en\/shop\/\"},{\"@type\":\"ListItem\",\"position\":3,\"name\":\"Aromatherapy nr. 1 botanical oil\"}]},{\"@type\":\"WebSite\",\"@id\":\"https:\/\/aniakuczynska.com\/#website\",\"url\":\"https:\/\/aniakuczynska.com\/\",\"name\":\"Ania Kuczy\u0144ska\",\"description\":\"Ania Kuczy\u0144ska to jedna z najbardziej cenionych i rozpoznawalnych polskich projektantek mody. Tworzy mocn\u0105 i charakterystyczn\u0105 mark\u0119 \u2013 jej styl okre\u015blany jako ozdobny minimalizm jest ho\u0142dem dla szykownej i eleganckiej nonszalancji, charyzmatycznej kobieco\u015bci.\",\"potentialAction\":[{\"@type\":\"SearchAction\",\"target\":{\"@type\":\"EntryPoint\",\"urlTemplate\":\"https:\/\/aniakuczynska.com\/?s={search_term_string}\"},\"query-input\":{\"@type\":\"PropertyValueSpecification\",\"valueRequired\":true,\"valueName\":\"search_term_string\"}}],\"inLanguage\":\"en-US\"}]}<\/script>\n<!-- \/ Yoast SEO plugin. -->","yoast_head_json":{"title":"Aromatherapy nr. 1 botanical oil - Ania Kuczy\u0144ska","robots":{"index":"index","follow":"follow","max-snippet":"max-snippet:-1","max-image-preview":"max-image-preview:large","max-video-preview":"max-video-preview:-1"},"canonical":"https:\/\/aniakuczynska.com\/en\/product\/ania-kuczynska-warszawskie-sklepy-cynamonowe-aromatherapeutic-oil\/","og_locale":"en_US","og_type":"article","og_title":"Aromatherapy nr. 1 botanical oil - Ania Kuczy\u0144ska","og_description":"Ania Kuczy\u0144skaWarszawskie Sklepy Cynamonowe 2025 \u201cThese truly noble shops, open late into the night, were always the subject of my fervent dreams\u2026\u201d \u2014 Bruno Schulz Under the banner of the Warsaw Cinnamon Shops, we \u2014 the poets of the capital\u2019s trade \u2014 unite for forty days and nights in the name of good taste and [&hellip;]","og_url":"https:\/\/aniakuczynska.com\/en\/product\/ania-kuczynska-warszawskie-sklepy-cynamonowe-aromatherapeutic-oil\/","og_site_name":"Ania Kuczy\u0144ska","article_publisher":"https:\/\/www.facebook.com\/aniakuczynskaclothingbrand\/","article_modified_time":"2026-03-30T10:35:56+00:00","og_image":[{"width":1125,"height":1500,"url":"https:\/\/aniakuczynska.com\/wp-content\/uploads\/2025\/11\/aromaterapia_1.jpg","type":"image\/jpeg"}],"twitter_card":"summary_large_image","twitter_misc":{"Est. reading time":"2 minutes"},"schema":{"@context":"https:\/\/schema.org","@graph":[{"@type":"WebPage","@id":"https:\/\/aniakuczynska.com\/en\/product\/ania-kuczynska-warszawskie-sklepy-cynamonowe-aromatherapeutic-oil\/","url":"https:\/\/aniakuczynska.com\/en\/product\/ania-kuczynska-warszawskie-sklepy-cynamonowe-aromatherapeutic-oil\/","name":"Aromatherapy nr. 1 botanical oil - Ania Kuczy\u0144ska","isPartOf":{"@id":"https:\/\/aniakuczynska.com\/#website"},"primaryImageOfPage":{"@id":"https:\/\/aniakuczynska.com\/en\/product\/ania-kuczynska-warszawskie-sklepy-cynamonowe-aromatherapeutic-oil\/#primaryimage"},"image":{"@id":"https:\/\/aniakuczynska.com\/en\/product\/ania-kuczynska-warszawskie-sklepy-cynamonowe-aromatherapeutic-oil\/#primaryimage"},"thumbnailUrl":"https:\/\/aniakuczynska.com\/wp-content\/uploads\/2025\/11\/aromaterapia_1.jpg","datePublished":"2025-11-19T14:28:35+00:00","dateModified":"2026-03-30T10:35:56+00:00","breadcrumb":{"@id":"https:\/\/aniakuczynska.com\/en\/product\/ania-kuczynska-warszawskie-sklepy-cynamonowe-aromatherapeutic-oil\/#breadcrumb"},"inLanguage":"en-US","potentialAction":[{"@type":"ReadAction","target":["https:\/\/aniakuczynska.com\/en\/product\/ania-kuczynska-warszawskie-sklepy-cynamonowe-aromatherapeutic-oil\/"]}]},{"@type":"ImageObject","inLanguage":"en-US","@id":"https:\/\/aniakuczynska.com\/en\/product\/ania-kuczynska-warszawskie-sklepy-cynamonowe-aromatherapeutic-oil\/#primaryimage","url":"https:\/\/aniakuczynska.com\/wp-content\/uploads\/2025\/11\/aromaterapia_1.jpg","contentUrl":"https:\/\/aniakuczynska.com\/wp-content\/uploads\/2025\/11\/aromaterapia_1.jpg","width":1125,"height":1500},{"@type":"BreadcrumbList","@id":"https:\/\/aniakuczynska.com\/en\/product\/ania-kuczynska-warszawskie-sklepy-cynamonowe-aromatherapeutic-oil\/#breadcrumb","itemListElement":[{"@type":"ListItem","position":1,"name":"Strona g\u0142\u00f3wna","item":"https:\/\/aniakuczynska.com\/en\/"},{"@type":"ListItem","position":2,"name":"Shop","item":"https:\/\/aniakuczynska.com\/en\/shop\/"},{"@type":"ListItem","position":3,"name":"Aromatherapy nr. 1 botanical oil"}]},{"@type":"WebSite","@id":"https:\/\/aniakuczynska.com\/#website","url":"https:\/\/aniakuczynska.com\/","name":"Ania Kuczy\u0144ska","description":"Ania Kuczy\u0144ska to jedna z najbardziej cenionych i rozpoznawalnych polskich projektantek mody. Tworzy mocn\u0105 i charakterystyczn\u0105 mark\u0119 \u2013 jej styl okre\u015blany jako ozdobny minimalizm jest ho\u0142dem dla szykownej i eleganckiej nonszalancji, charyzmatycznej kobieco\u015bci.","potentialAction":[{"@type":"SearchAction","target":{"@type":"EntryPoint","urlTemplate":"https:\/\/aniakuczynska.com\/?s={search_term_string}"},"query-input":{"@type":"PropertyValueSpecification","valueRequired":true,"valueName":"search_term_string"}}],"inLanguage":"en-US"}]}},"_links":{"self":[{"href":"https:\/\/aniakuczynska.com\/en\/wp-json\/wp\/v2\/product\/29412","targetHints":{"allow":["GET"]}}],"collection":[{"href":"https:\/\/aniakuczynska.com\/en\/wp-json\/wp\/v2\/product"}],"about":[{"href":"https:\/\/aniakuczynska.com\/en\/wp-json\/wp\/v2\/types\/product"}],"replies":[{"embeddable":true,"href":"https:\/\/aniakuczynska.com\/en\/wp-json\/wp\/v2\/comments?post=29412"}],"wp:featuredmedia":[{"embeddable":true,"href":"https:\/\/aniakuczynska.com\/en\/wp-json\/wp\/v2\/media\/30039"}],"wp:attachment":[{"href":"https:\/\/aniakuczynska.com\/en\/wp-json\/wp\/v2\/media?parent=29412"}],"wp:term":[{"taxonomy":"product_brand","embeddable":true,"href":"https:\/\/aniakuczynska.com\/en\/wp-json\/wp\/v2\/product_brand?post=29412"},{"taxonomy":"product_cat","embeddable":true,"href":"https:\/\/aniakuczynska.com\/en\/wp-json\/wp\/v2\/product_cat?post=29412"},{"taxonomy":"product_tag","embeddable":true,"href":"https:\/\/aniakuczynska.com\/en\/wp-json\/wp\/v2\/product_tag?post=29412"}],"curies":[{"name":"wp","href":"https:\/\/api.w.org\/{rel}","templated":true}]}}