{"id":29244,"date":"2025-10-01T09:41:42","date_gmt":"2025-10-07T12:26:11","guid":{"rendered":"https:\/\/aniakuczynska.com\/?post_type=product&#038;p=29244"},"modified":"2026-03-26T14:32:47","modified_gmt":"2026-03-26T14:32:47","slug":"warszawa-gris-plaszcz-z-cieplego-przeciwdeszczowego-softshellu","status":"publish","type":"product","link":"https:\/\/aniakuczynska.com\/en\/product\/warszawa-gris-plaszcz-z-cieplego-przeciwdeszczowego-softshellu\/","title":{"rendered":"Warszawa Gris warm, waterproof softshell coat"},"content":{"rendered":"<p>Warszawa Gris is a coat made of high-quality softshell and shiny satin lining. The model is decorated with a multifunctional collar inspired by the cut of a double-breasted jacket. Chic sleeves with subtle pleats emphasise the beauty of the silhouette and give the coat an elegant, decorative character. Perfect for both evening high heels and everyday flat shoes.<\/p>\n<p>The brand consciously moves away from seasonality and mass production, focusing on timeless styles and high-quality materials.<\/p>\n<p>Shop consciously and LOVE our planet.<\/p>\n","protected":false},"excerpt":{"rendered":"<p>Warszawa Gris is a coat made of high-quality softshell and shiny satin lining. The model is decorated with a multifunctional collar inspired by the cut of a double-breasted jacket. Chic sleeves with subtle pleats emphasise the beauty of the silhouette and give the coat an elegant, decorative character. Perfect for both evening high heels and [&hellip;]<\/p>\n","protected":false},"featured_media":29047,"comment_status":"open","ping_status":"closed","template":"","meta":{"_acf_changed":false},"product_brand":[],"product_cat":[256,257,254],"product_tag":[],"class_list":{"0":"post-29244","1":"product","2":"type-product","3":"status-publish","4":"has-post-thumbnail","6":"product_cat-clothes","7":"product_cat-coats-and-jackets","8":"product_cat-woman","9":"pa_rozmiar-36-en","10":"pa_rozmiar-38-en","12":"first","13":"instock","14":"shipping-taxable","15":"purchasable","16":"product-type-variable"},"acf":[],"yoast_head":"<!-- This site is optimized with the Yoast SEO plugin v24.5 - https:\/\/yoast.com\/wordpress\/plugins\/seo\/ -->\n<title>Warszawa Gris warm, waterproof softshell coat - Ania Kuczy\u0144ska<\/title>\n<meta name=\"robots\" content=\"index, follow, max-snippet:-1, max-image-preview:large, max-video-preview:-1\" \/>\n<link rel=\"canonical\" href=\"https:\/\/aniakuczynska.com\/en\/product\/warszawa-gris-plaszcz-z-cieplego-przeciwdeszczowego-softshellu\/\" \/>\n<meta property=\"og:locale\" content=\"en_US\" \/>\n<meta property=\"og:type\" content=\"article\" \/>\n<meta property=\"og:title\" content=\"Warszawa Gris warm, waterproof softshell coat - Ania Kuczy\u0144ska\" \/>\n<meta property=\"og:description\" content=\"Warszawa Gris is a coat made of high-quality softshell and shiny satin lining. The model is decorated with a multifunctional collar inspired by the cut of a double-breasted jacket. Chic sleeves with subtle pleats emphasise the beauty of the silhouette and give the coat an elegant, decorative character. Perfect for both evening high heels and [&hellip;]\" \/>\n<meta property=\"og:url\" content=\"https:\/\/aniakuczynska.com\/en\/product\/warszawa-gris-plaszcz-z-cieplego-przeciwdeszczowego-softshellu\/\" \/>\n<meta property=\"og:site_name\" content=\"Ania Kuczy\u0144ska\" \/>\n<meta property=\"article:publisher\" content=\"https:\/\/www.facebook.com\/aniakuczynskaclothingbrand\/\" \/>\n<meta property=\"article:modified_time\" content=\"2026-03-26T14:32:47+00:00\" \/>\n<meta property=\"og:image\" content=\"https:\/\/aniakuczynska.com\/wp-content\/uploads\/2025\/10\/plaszcz2.jpg\" \/>\n\t<meta property=\"og:image:width\" content=\"1125\" \/>\n\t<meta property=\"og:image:height\" content=\"1500\" \/>\n\t<meta property=\"og:image:type\" content=\"image\/jpeg\" \/>\n<meta name=\"twitter:card\" content=\"summary_large_image\" \/>\n<meta name=\"twitter:label1\" content=\"Est. reading time\" \/>\n\t<meta name=\"twitter:data1\" content=\"1 minute\" \/>\n<script type=\"application\/ld+json\" class=\"yoast-schema-graph\">{\"@context\":\"https:\/\/schema.org\",\"@graph\":[{\"@type\":\"WebPage\",\"@id\":\"https:\/\/aniakuczynska.com\/en\/product\/warszawa-gris-plaszcz-z-cieplego-przeciwdeszczowego-softshellu\/\",\"url\":\"https:\/\/aniakuczynska.com\/en\/product\/warszawa-gris-plaszcz-z-cieplego-przeciwdeszczowego-softshellu\/\",\"name\":\"Warszawa Gris warm, waterproof softshell coat - Ania Kuczy\u0144ska\",\"isPartOf\":{\"@id\":\"https:\/\/aniakuczynska.com\/#website\"},\"primaryImageOfPage\":{\"@id\":\"https:\/\/aniakuczynska.com\/en\/product\/warszawa-gris-plaszcz-z-cieplego-przeciwdeszczowego-softshellu\/#primaryimage\"},\"image\":{\"@id\":\"https:\/\/aniakuczynska.com\/en\/product\/warszawa-gris-plaszcz-z-cieplego-przeciwdeszczowego-softshellu\/#primaryimage\"},\"thumbnailUrl\":\"https:\/\/aniakuczynska.com\/wp-content\/uploads\/2025\/10\/plaszcz2.jpg\",\"datePublished\":\"2025-10-07T12:26:11+00:00\",\"dateModified\":\"2026-03-26T14:32:47+00:00\",\"breadcrumb\":{\"@id\":\"https:\/\/aniakuczynska.com\/en\/product\/warszawa-gris-plaszcz-z-cieplego-przeciwdeszczowego-softshellu\/#breadcrumb\"},\"inLanguage\":\"en-US\",\"potentialAction\":[{\"@type\":\"ReadAction\",\"target\":[\"https:\/\/aniakuczynska.com\/en\/product\/warszawa-gris-plaszcz-z-cieplego-przeciwdeszczowego-softshellu\/\"]}]},{\"@type\":\"ImageObject\",\"inLanguage\":\"en-US\",\"@id\":\"https:\/\/aniakuczynska.com\/en\/product\/warszawa-gris-plaszcz-z-cieplego-przeciwdeszczowego-softshellu\/#primaryimage\",\"url\":\"https:\/\/aniakuczynska.com\/wp-content\/uploads\/2025\/10\/plaszcz2.jpg\",\"contentUrl\":\"https:\/\/aniakuczynska.com\/wp-content\/uploads\/2025\/10\/plaszcz2.jpg\",\"width\":1125,\"height\":1500},{\"@type\":\"BreadcrumbList\",\"@id\":\"https:\/\/aniakuczynska.com\/en\/product\/warszawa-gris-plaszcz-z-cieplego-przeciwdeszczowego-softshellu\/#breadcrumb\",\"itemListElement\":[{\"@type\":\"ListItem\",\"position\":1,\"name\":\"Strona g\u0142\u00f3wna\",\"item\":\"https:\/\/aniakuczynska.com\/en\/\"},{\"@type\":\"ListItem\",\"position\":2,\"name\":\"Shop\",\"item\":\"https:\/\/aniakuczynska.com\/en\/shop\/\"},{\"@type\":\"ListItem\",\"position\":3,\"name\":\"Warszawa Gris warm, waterproof softshell coat\"}]},{\"@type\":\"WebSite\",\"@id\":\"https:\/\/aniakuczynska.com\/#website\",\"url\":\"https:\/\/aniakuczynska.com\/\",\"name\":\"Ania Kuczy\u0144ska\",\"description\":\"Ania Kuczy\u0144ska to jedna z najbardziej cenionych i rozpoznawalnych polskich projektantek mody. Tworzy mocn\u0105 i charakterystyczn\u0105 mark\u0119 \u2013 jej styl okre\u015blany jako ozdobny minimalizm jest ho\u0142dem dla szykownej i eleganckiej nonszalancji, charyzmatycznej kobieco\u015bci.\",\"potentialAction\":[{\"@type\":\"SearchAction\",\"target\":{\"@type\":\"EntryPoint\",\"urlTemplate\":\"https:\/\/aniakuczynska.com\/?s={search_term_string}\"},\"query-input\":{\"@type\":\"PropertyValueSpecification\",\"valueRequired\":true,\"valueName\":\"search_term_string\"}}],\"inLanguage\":\"en-US\"}]}<\/script>\n<!-- \/ Yoast SEO plugin. -->","yoast_head_json":{"title":"Warszawa Gris warm, waterproof softshell coat - Ania Kuczy\u0144ska","robots":{"index":"index","follow":"follow","max-snippet":"max-snippet:-1","max-image-preview":"max-image-preview:large","max-video-preview":"max-video-preview:-1"},"canonical":"https:\/\/aniakuczynska.com\/en\/product\/warszawa-gris-plaszcz-z-cieplego-przeciwdeszczowego-softshellu\/","og_locale":"en_US","og_type":"article","og_title":"Warszawa Gris warm, waterproof softshell coat - Ania Kuczy\u0144ska","og_description":"Warszawa Gris is a coat made of high-quality softshell and shiny satin lining. The model is decorated with a multifunctional collar inspired by the cut of a double-breasted jacket. Chic sleeves with subtle pleats emphasise the beauty of the silhouette and give the coat an elegant, decorative character. Perfect for both evening high heels and [&hellip;]","og_url":"https:\/\/aniakuczynska.com\/en\/product\/warszawa-gris-plaszcz-z-cieplego-przeciwdeszczowego-softshellu\/","og_site_name":"Ania Kuczy\u0144ska","article_publisher":"https:\/\/www.facebook.com\/aniakuczynskaclothingbrand\/","article_modified_time":"2026-03-26T14:32:47+00:00","og_image":[{"width":1125,"height":1500,"url":"https:\/\/aniakuczynska.com\/wp-content\/uploads\/2025\/10\/plaszcz2.jpg","type":"image\/jpeg"}],"twitter_card":"summary_large_image","twitter_misc":{"Est. reading time":"1 minute"},"schema":{"@context":"https:\/\/schema.org","@graph":[{"@type":"WebPage","@id":"https:\/\/aniakuczynska.com\/en\/product\/warszawa-gris-plaszcz-z-cieplego-przeciwdeszczowego-softshellu\/","url":"https:\/\/aniakuczynska.com\/en\/product\/warszawa-gris-plaszcz-z-cieplego-przeciwdeszczowego-softshellu\/","name":"Warszawa Gris warm, waterproof softshell coat - Ania Kuczy\u0144ska","isPartOf":{"@id":"https:\/\/aniakuczynska.com\/#website"},"primaryImageOfPage":{"@id":"https:\/\/aniakuczynska.com\/en\/product\/warszawa-gris-plaszcz-z-cieplego-przeciwdeszczowego-softshellu\/#primaryimage"},"image":{"@id":"https:\/\/aniakuczynska.com\/en\/product\/warszawa-gris-plaszcz-z-cieplego-przeciwdeszczowego-softshellu\/#primaryimage"},"thumbnailUrl":"https:\/\/aniakuczynska.com\/wp-content\/uploads\/2025\/10\/plaszcz2.jpg","datePublished":"2025-10-07T12:26:11+00:00","dateModified":"2026-03-26T14:32:47+00:00","breadcrumb":{"@id":"https:\/\/aniakuczynska.com\/en\/product\/warszawa-gris-plaszcz-z-cieplego-przeciwdeszczowego-softshellu\/#breadcrumb"},"inLanguage":"en-US","potentialAction":[{"@type":"ReadAction","target":["https:\/\/aniakuczynska.com\/en\/product\/warszawa-gris-plaszcz-z-cieplego-przeciwdeszczowego-softshellu\/"]}]},{"@type":"ImageObject","inLanguage":"en-US","@id":"https:\/\/aniakuczynska.com\/en\/product\/warszawa-gris-plaszcz-z-cieplego-przeciwdeszczowego-softshellu\/#primaryimage","url":"https:\/\/aniakuczynska.com\/wp-content\/uploads\/2025\/10\/plaszcz2.jpg","contentUrl":"https:\/\/aniakuczynska.com\/wp-content\/uploads\/2025\/10\/plaszcz2.jpg","width":1125,"height":1500},{"@type":"BreadcrumbList","@id":"https:\/\/aniakuczynska.com\/en\/product\/warszawa-gris-plaszcz-z-cieplego-przeciwdeszczowego-softshellu\/#breadcrumb","itemListElement":[{"@type":"ListItem","position":1,"name":"Strona g\u0142\u00f3wna","item":"https:\/\/aniakuczynska.com\/en\/"},{"@type":"ListItem","position":2,"name":"Shop","item":"https:\/\/aniakuczynska.com\/en\/shop\/"},{"@type":"ListItem","position":3,"name":"Warszawa Gris warm, waterproof softshell coat"}]},{"@type":"WebSite","@id":"https:\/\/aniakuczynska.com\/#website","url":"https:\/\/aniakuczynska.com\/","name":"Ania Kuczy\u0144ska","description":"Ania Kuczy\u0144ska to jedna z najbardziej cenionych i rozpoznawalnych polskich projektantek mody. Tworzy mocn\u0105 i charakterystyczn\u0105 mark\u0119 \u2013 jej styl okre\u015blany jako ozdobny minimalizm jest ho\u0142dem dla szykownej i eleganckiej nonszalancji, charyzmatycznej kobieco\u015bci.","potentialAction":[{"@type":"SearchAction","target":{"@type":"EntryPoint","urlTemplate":"https:\/\/aniakuczynska.com\/?s={search_term_string}"},"query-input":{"@type":"PropertyValueSpecification","valueRequired":true,"valueName":"search_term_string"}}],"inLanguage":"en-US"}]}},"_links":{"self":[{"href":"https:\/\/aniakuczynska.com\/en\/wp-json\/wp\/v2\/product\/29244","targetHints":{"allow":["GET"]}}],"collection":[{"href":"https:\/\/aniakuczynska.com\/en\/wp-json\/wp\/v2\/product"}],"about":[{"href":"https:\/\/aniakuczynska.com\/en\/wp-json\/wp\/v2\/types\/product"}],"replies":[{"embeddable":true,"href":"https:\/\/aniakuczynska.com\/en\/wp-json\/wp\/v2\/comments?post=29244"}],"wp:featuredmedia":[{"embeddable":true,"href":"https:\/\/aniakuczynska.com\/en\/wp-json\/wp\/v2\/media\/29047"}],"wp:attachment":[{"href":"https:\/\/aniakuczynska.com\/en\/wp-json\/wp\/v2\/media?parent=29244"}],"wp:term":[{"taxonomy":"product_brand","embeddable":true,"href":"https:\/\/aniakuczynska.com\/en\/wp-json\/wp\/v2\/product_brand?post=29244"},{"taxonomy":"product_cat","embeddable":true,"href":"https:\/\/aniakuczynska.com\/en\/wp-json\/wp\/v2\/product_cat?post=29244"},{"taxonomy":"product_tag","embeddable":true,"href":"https:\/\/aniakuczynska.com\/en\/wp-json\/wp\/v2\/product_tag?post=29244"}],"curies":[{"name":"wp","href":"https:\/\/api.w.org\/{rel}","templated":true}]}}