{"id":29236,"date":"2025-10-01T09:58:53","date_gmt":"2025-10-07T12:20:30","guid":{"rendered":"https:\/\/aniakuczynska.com\/?post_type=product&#038;p=29236"},"modified":"2025-10-18T09:32:27","modified_gmt":"2025-10-18T09:32:27","slug":"pekin-gris-torba-z-recznie-przyszytym-logo","status":"publish","type":"product","link":"https:\/\/aniakuczynska.com\/en\/product\/pekin-gris-torba-z-recznie-przyszytym-logo\/","title":{"rendered":"Pekin Gris bag with hand-sewn logo"},"content":{"rendered":"<p>The Pekin Gris bag is spacious, lightweight, soft and very comfortable to use thanks to its practical internal pockets.<\/p>\n<p>The brand consciously moves away from seasonality and mass production, focusing on timeless designs and high-quality materials.<\/p>\n<p>Shop consciously and LOVE our planet.<\/p>\n","protected":false},"excerpt":{"rendered":"<p>The Pekin Gris bag is spacious, lightweight, soft and very comfortable to use thanks to its practical internal pockets. The brand consciously moves away from seasonality and mass production, focusing on timeless designs and high-quality materials. Shop consciously and LOVE our planet.<\/p>\n","protected":false},"featured_media":29084,"comment_status":"open","ping_status":"closed","template":"","meta":{"_acf_changed":false},"product_brand":[],"product_cat":[273,278,256,355,255,276,254],"product_tag":[],"class_list":{"0":"post-29236","1":"product","2":"type-product","3":"status-publish","4":"has-post-thumbnail","6":"product_cat-accessories","7":"product_cat-bags","8":"product_cat-clothes","9":"product_cat-man","10":"product_cat-new-arrivals","11":"product_cat-new-arrivals-accessories","12":"product_cat-woman","13":"pa_rozmiar-onesize-en","15":"first","16":"instock","17":"shipping-taxable","18":"purchasable","19":"product-type-variable","20":"has-default-attributes"},"acf":[],"yoast_head":"<!-- This site is optimized with the Yoast SEO plugin v24.5 - https:\/\/yoast.com\/wordpress\/plugins\/seo\/ -->\n<title>Pekin Gris bag with hand-sewn logo - Ania Kuczy\u0144ska<\/title>\n<meta name=\"robots\" content=\"index, follow, max-snippet:-1, max-image-preview:large, max-video-preview:-1\" \/>\n<link rel=\"canonical\" href=\"https:\/\/aniakuczynska.com\/en\/product\/pekin-gris-torba-z-recznie-przyszytym-logo\/\" \/>\n<meta property=\"og:locale\" content=\"en_US\" \/>\n<meta property=\"og:type\" content=\"article\" \/>\n<meta property=\"og:title\" content=\"Pekin Gris bag with hand-sewn logo - Ania Kuczy\u0144ska\" \/>\n<meta property=\"og:description\" content=\"The Pekin Gris bag is spacious, lightweight, soft and very comfortable to use thanks to its practical internal pockets. The brand consciously moves away from seasonality and mass production, focusing on timeless designs and high-quality materials. Shop consciously and LOVE our planet.\" \/>\n<meta property=\"og:url\" content=\"https:\/\/aniakuczynska.com\/en\/product\/pekin-gris-torba-z-recznie-przyszytym-logo\/\" \/>\n<meta property=\"og:site_name\" content=\"Ania Kuczy\u0144ska\" \/>\n<meta property=\"article:publisher\" content=\"https:\/\/www.facebook.com\/aniakuczynskaclothingbrand\/\" \/>\n<meta property=\"article:modified_time\" content=\"2025-10-18T09:32:27+00:00\" \/>\n<meta property=\"og:image\" content=\"https:\/\/aniakuczynska.com\/wp-content\/uploads\/2025\/10\/pekin_gray.jpg\" \/>\n\t<meta property=\"og:image:width\" content=\"1125\" \/>\n\t<meta property=\"og:image:height\" content=\"1500\" \/>\n\t<meta property=\"og:image:type\" content=\"image\/jpeg\" \/>\n<meta name=\"twitter:card\" content=\"summary_large_image\" \/>\n<meta name=\"twitter:label1\" content=\"Est. reading time\" \/>\n\t<meta name=\"twitter:data1\" content=\"1 minute\" \/>\n<script type=\"application\/ld+json\" class=\"yoast-schema-graph\">{\"@context\":\"https:\/\/schema.org\",\"@graph\":[{\"@type\":\"WebPage\",\"@id\":\"https:\/\/aniakuczynska.com\/en\/product\/pekin-gris-torba-z-recznie-przyszytym-logo\/\",\"url\":\"https:\/\/aniakuczynska.com\/en\/product\/pekin-gris-torba-z-recznie-przyszytym-logo\/\",\"name\":\"Pekin Gris bag with hand-sewn logo - Ania Kuczy\u0144ska\",\"isPartOf\":{\"@id\":\"https:\/\/aniakuczynska.com\/#website\"},\"primaryImageOfPage\":{\"@id\":\"https:\/\/aniakuczynska.com\/en\/product\/pekin-gris-torba-z-recznie-przyszytym-logo\/#primaryimage\"},\"image\":{\"@id\":\"https:\/\/aniakuczynska.com\/en\/product\/pekin-gris-torba-z-recznie-przyszytym-logo\/#primaryimage\"},\"thumbnailUrl\":\"https:\/\/aniakuczynska.com\/wp-content\/uploads\/2025\/10\/pekin_gray.jpg\",\"datePublished\":\"2025-10-07T12:20:30+00:00\",\"dateModified\":\"2025-10-18T09:32:27+00:00\",\"breadcrumb\":{\"@id\":\"https:\/\/aniakuczynska.com\/en\/product\/pekin-gris-torba-z-recznie-przyszytym-logo\/#breadcrumb\"},\"inLanguage\":\"en-US\",\"potentialAction\":[{\"@type\":\"ReadAction\",\"target\":[\"https:\/\/aniakuczynska.com\/en\/product\/pekin-gris-torba-z-recznie-przyszytym-logo\/\"]}]},{\"@type\":\"ImageObject\",\"inLanguage\":\"en-US\",\"@id\":\"https:\/\/aniakuczynska.com\/en\/product\/pekin-gris-torba-z-recznie-przyszytym-logo\/#primaryimage\",\"url\":\"https:\/\/aniakuczynska.com\/wp-content\/uploads\/2025\/10\/pekin_gray.jpg\",\"contentUrl\":\"https:\/\/aniakuczynska.com\/wp-content\/uploads\/2025\/10\/pekin_gray.jpg\",\"width\":1125,\"height\":1500},{\"@type\":\"BreadcrumbList\",\"@id\":\"https:\/\/aniakuczynska.com\/en\/product\/pekin-gris-torba-z-recznie-przyszytym-logo\/#breadcrumb\",\"itemListElement\":[{\"@type\":\"ListItem\",\"position\":1,\"name\":\"Strona g\u0142\u00f3wna\",\"item\":\"https:\/\/aniakuczynska.com\/en\/\"},{\"@type\":\"ListItem\",\"position\":2,\"name\":\"Shop\",\"item\":\"https:\/\/aniakuczynska.com\/en\/shop\/\"},{\"@type\":\"ListItem\",\"position\":3,\"name\":\"Pekin Gris bag with hand-sewn logo\"}]},{\"@type\":\"WebSite\",\"@id\":\"https:\/\/aniakuczynska.com\/#website\",\"url\":\"https:\/\/aniakuczynska.com\/\",\"name\":\"Ania Kuczy\u0144ska\",\"description\":\"Ania Kuczy\u0144ska to jedna z najbardziej cenionych i rozpoznawalnych polskich projektantek mody. Tworzy mocn\u0105 i charakterystyczn\u0105 mark\u0119 \u2013 jej styl okre\u015blany jako ozdobny minimalizm jest ho\u0142dem dla szykownej i eleganckiej nonszalancji, charyzmatycznej kobieco\u015bci.\",\"potentialAction\":[{\"@type\":\"SearchAction\",\"target\":{\"@type\":\"EntryPoint\",\"urlTemplate\":\"https:\/\/aniakuczynska.com\/?s={search_term_string}\"},\"query-input\":{\"@type\":\"PropertyValueSpecification\",\"valueRequired\":true,\"valueName\":\"search_term_string\"}}],\"inLanguage\":\"en-US\"}]}<\/script>\n<!-- \/ Yoast SEO plugin. -->","yoast_head_json":{"title":"Pekin Gris bag with hand-sewn logo - Ania Kuczy\u0144ska","robots":{"index":"index","follow":"follow","max-snippet":"max-snippet:-1","max-image-preview":"max-image-preview:large","max-video-preview":"max-video-preview:-1"},"canonical":"https:\/\/aniakuczynska.com\/en\/product\/pekin-gris-torba-z-recznie-przyszytym-logo\/","og_locale":"en_US","og_type":"article","og_title":"Pekin Gris bag with hand-sewn logo - Ania Kuczy\u0144ska","og_description":"The Pekin Gris bag is spacious, lightweight, soft and very comfortable to use thanks to its practical internal pockets. The brand consciously moves away from seasonality and mass production, focusing on timeless designs and high-quality materials. Shop consciously and LOVE our planet.","og_url":"https:\/\/aniakuczynska.com\/en\/product\/pekin-gris-torba-z-recznie-przyszytym-logo\/","og_site_name":"Ania Kuczy\u0144ska","article_publisher":"https:\/\/www.facebook.com\/aniakuczynskaclothingbrand\/","article_modified_time":"2025-10-18T09:32:27+00:00","og_image":[{"width":1125,"height":1500,"url":"https:\/\/aniakuczynska.com\/wp-content\/uploads\/2025\/10\/pekin_gray.jpg","type":"image\/jpeg"}],"twitter_card":"summary_large_image","twitter_misc":{"Est. reading time":"1 minute"},"schema":{"@context":"https:\/\/schema.org","@graph":[{"@type":"WebPage","@id":"https:\/\/aniakuczynska.com\/en\/product\/pekin-gris-torba-z-recznie-przyszytym-logo\/","url":"https:\/\/aniakuczynska.com\/en\/product\/pekin-gris-torba-z-recznie-przyszytym-logo\/","name":"Pekin Gris bag with hand-sewn logo - Ania Kuczy\u0144ska","isPartOf":{"@id":"https:\/\/aniakuczynska.com\/#website"},"primaryImageOfPage":{"@id":"https:\/\/aniakuczynska.com\/en\/product\/pekin-gris-torba-z-recznie-przyszytym-logo\/#primaryimage"},"image":{"@id":"https:\/\/aniakuczynska.com\/en\/product\/pekin-gris-torba-z-recznie-przyszytym-logo\/#primaryimage"},"thumbnailUrl":"https:\/\/aniakuczynska.com\/wp-content\/uploads\/2025\/10\/pekin_gray.jpg","datePublished":"2025-10-07T12:20:30+00:00","dateModified":"2025-10-18T09:32:27+00:00","breadcrumb":{"@id":"https:\/\/aniakuczynska.com\/en\/product\/pekin-gris-torba-z-recznie-przyszytym-logo\/#breadcrumb"},"inLanguage":"en-US","potentialAction":[{"@type":"ReadAction","target":["https:\/\/aniakuczynska.com\/en\/product\/pekin-gris-torba-z-recznie-przyszytym-logo\/"]}]},{"@type":"ImageObject","inLanguage":"en-US","@id":"https:\/\/aniakuczynska.com\/en\/product\/pekin-gris-torba-z-recznie-przyszytym-logo\/#primaryimage","url":"https:\/\/aniakuczynska.com\/wp-content\/uploads\/2025\/10\/pekin_gray.jpg","contentUrl":"https:\/\/aniakuczynska.com\/wp-content\/uploads\/2025\/10\/pekin_gray.jpg","width":1125,"height":1500},{"@type":"BreadcrumbList","@id":"https:\/\/aniakuczynska.com\/en\/product\/pekin-gris-torba-z-recznie-przyszytym-logo\/#breadcrumb","itemListElement":[{"@type":"ListItem","position":1,"name":"Strona g\u0142\u00f3wna","item":"https:\/\/aniakuczynska.com\/en\/"},{"@type":"ListItem","position":2,"name":"Shop","item":"https:\/\/aniakuczynska.com\/en\/shop\/"},{"@type":"ListItem","position":3,"name":"Pekin Gris bag with hand-sewn logo"}]},{"@type":"WebSite","@id":"https:\/\/aniakuczynska.com\/#website","url":"https:\/\/aniakuczynska.com\/","name":"Ania Kuczy\u0144ska","description":"Ania Kuczy\u0144ska to jedna z najbardziej cenionych i rozpoznawalnych polskich projektantek mody. Tworzy mocn\u0105 i charakterystyczn\u0105 mark\u0119 \u2013 jej styl okre\u015blany jako ozdobny minimalizm jest ho\u0142dem dla szykownej i eleganckiej nonszalancji, charyzmatycznej kobieco\u015bci.","potentialAction":[{"@type":"SearchAction","target":{"@type":"EntryPoint","urlTemplate":"https:\/\/aniakuczynska.com\/?s={search_term_string}"},"query-input":{"@type":"PropertyValueSpecification","valueRequired":true,"valueName":"search_term_string"}}],"inLanguage":"en-US"}]}},"_links":{"self":[{"href":"https:\/\/aniakuczynska.com\/en\/wp-json\/wp\/v2\/product\/29236","targetHints":{"allow":["GET"]}}],"collection":[{"href":"https:\/\/aniakuczynska.com\/en\/wp-json\/wp\/v2\/product"}],"about":[{"href":"https:\/\/aniakuczynska.com\/en\/wp-json\/wp\/v2\/types\/product"}],"replies":[{"embeddable":true,"href":"https:\/\/aniakuczynska.com\/en\/wp-json\/wp\/v2\/comments?post=29236"}],"wp:featuredmedia":[{"embeddable":true,"href":"https:\/\/aniakuczynska.com\/en\/wp-json\/wp\/v2\/media\/29084"}],"wp:attachment":[{"href":"https:\/\/aniakuczynska.com\/en\/wp-json\/wp\/v2\/media?parent=29236"}],"wp:term":[{"taxonomy":"product_brand","embeddable":true,"href":"https:\/\/aniakuczynska.com\/en\/wp-json\/wp\/v2\/product_brand?post=29236"},{"taxonomy":"product_cat","embeddable":true,"href":"https:\/\/aniakuczynska.com\/en\/wp-json\/wp\/v2\/product_cat?post=29236"},{"taxonomy":"product_tag","embeddable":true,"href":"https:\/\/aniakuczynska.com\/en\/wp-json\/wp\/v2\/product_tag?post=29236"}],"curies":[{"name":"wp","href":"https:\/\/api.w.org\/{rel}","templated":true}]}}