{"id":28812,"date":"2025-08-27T13:01:59","date_gmt":"2025-09-02T09:05:04","guid":{"rendered":"https:\/\/aniakuczynska.com\/?post_type=product&#038;p=28812"},"modified":"2025-10-18T09:21:34","modified_gmt":"2025-10-18T09:21:34","slug":"when-personal-becomes-functional-tribute-to-kazimierz-malewicz-handmade-silk-scarf","status":"publish","type":"product","link":"https:\/\/aniakuczynska.com\/en\/product\/when-personal-becomes-functional-tribute-to-kazimierz-malewicz-handmade-silk-scarf\/","title":{"rendered":"When personal becomes functional [Tribute to Kazimierz Malewicz] handmade silk scarf"},"content":{"rendered":"<p>Tribute to Kazimierz Malewicz<\/p>\n<p>When personal becomes functional<\/p>\n<p>The first black square on a white background was painted by Kazimir Malevich in 1915, giving rise to Suprematism. The Black Square is a symbol of 20th-century avant-garde art.<\/p>\n<p>The movement advocated maximum simplification of forms and the supremacy of basic shapes and colours. It broke with all figurativeness in art and proclaimed the end of narrative, freed art from the obligation to tell stories about the world and people, and rejected art that served religion, the state or society in favour of art that was supposed to awaken in people a world of spiritual experiences rather than rational interpretations.<\/p>\n<p>Malevich said that Black Square is a naked icon, devoid of frames and context, affecting the viewer through emotional rather than aesthetic impressions. Its power lies in the silence it exudes.<\/p>\n<p>\u2018The Black Square is one of my most personal and powerful confrontations with contemporary art. The scarf design is a tribute to the artist and my interpretation of this work.\u2019<\/p>\n<p>100% silk<\/p>\n<p>Handmade<\/p>\n<p>Manufactured in Como, Italy.<\/p>\n<p>&nbsp;<\/p>\n","protected":false},"excerpt":{"rendered":"<p>Tribute to Kazimierz Malewicz When personal becomes functional The first black square on a white background was painted by Kazimir Malevich in 1915, giving rise to Suprematism. The Black Square is a symbol of 20th-century avant-garde art. The movement advocated maximum simplification of forms and the supremacy of basic shapes and colours. It broke with [&hellip;]<\/p>\n","protected":false},"featured_media":28597,"comment_status":"open","ping_status":"closed","template":"","meta":{"_acf_changed":false},"product_brand":[],"product_cat":[355],"product_tag":[],"class_list":{"0":"post-28812","1":"product","2":"type-product","3":"status-publish","4":"has-post-thumbnail","6":"product_cat-man","7":"pa_rozmiar-onesize-en","9":"first","10":"instock","11":"shipping-taxable","12":"purchasable","13":"product-type-variable","14":"has-default-attributes"},"acf":[],"yoast_head":"<!-- This site is optimized with the Yoast SEO plugin v24.5 - https:\/\/yoast.com\/wordpress\/plugins\/seo\/ -->\n<title>When personal becomes functional [Tribute to Kazimierz Malewicz] handmade silk scarf - Ania Kuczy\u0144ska<\/title>\n<meta name=\"robots\" content=\"index, follow, max-snippet:-1, max-image-preview:large, max-video-preview:-1\" \/>\n<link rel=\"canonical\" href=\"https:\/\/aniakuczynska.com\/en\/product\/when-personal-becomes-functional-tribute-to-kazimierz-malewicz-handmade-silk-scarf\/\" \/>\n<meta property=\"og:locale\" content=\"en_US\" \/>\n<meta property=\"og:type\" content=\"article\" \/>\n<meta property=\"og:title\" content=\"When personal becomes functional [Tribute to Kazimierz Malewicz] handmade silk scarf - Ania Kuczy\u0144ska\" \/>\n<meta property=\"og:description\" content=\"Tribute to Kazimierz Malewicz When personal becomes functional The first black square on a white background was painted by Kazimir Malevich in 1915, giving rise to Suprematism. The Black Square is a symbol of 20th-century avant-garde art. The movement advocated maximum simplification of forms and the supremacy of basic shapes and colours. It broke with [&hellip;]\" \/>\n<meta property=\"og:url\" content=\"https:\/\/aniakuczynska.com\/en\/product\/when-personal-becomes-functional-tribute-to-kazimierz-malewicz-handmade-silk-scarf\/\" \/>\n<meta property=\"og:site_name\" content=\"Ania Kuczy\u0144ska\" \/>\n<meta property=\"article:publisher\" content=\"https:\/\/www.facebook.com\/aniakuczynskaclothingbrand\/\" \/>\n<meta property=\"article:modified_time\" content=\"2025-10-18T09:21:34+00:00\" \/>\n<meta property=\"og:image\" content=\"https:\/\/aniakuczynska.com\/wp-content\/uploads\/2025\/08\/malewicz1.jpg\" \/>\n\t<meta property=\"og:image:width\" content=\"1125\" \/>\n\t<meta property=\"og:image:height\" content=\"1500\" \/>\n\t<meta property=\"og:image:type\" content=\"image\/jpeg\" \/>\n<meta name=\"twitter:card\" content=\"summary_large_image\" \/>\n<meta name=\"twitter:label1\" content=\"Est. reading time\" \/>\n\t<meta name=\"twitter:data1\" content=\"3 minutes\" \/>\n<script type=\"application\/ld+json\" class=\"yoast-schema-graph\">{\"@context\":\"https:\/\/schema.org\",\"@graph\":[{\"@type\":\"WebPage\",\"@id\":\"https:\/\/aniakuczynska.com\/en\/product\/when-personal-becomes-functional-tribute-to-kazimierz-malewicz-handmade-silk-scarf\/\",\"url\":\"https:\/\/aniakuczynska.com\/en\/product\/when-personal-becomes-functional-tribute-to-kazimierz-malewicz-handmade-silk-scarf\/\",\"name\":\"When personal becomes functional [Tribute to Kazimierz Malewicz] handmade silk scarf - Ania Kuczy\u0144ska\",\"isPartOf\":{\"@id\":\"https:\/\/aniakuczynska.com\/#website\"},\"primaryImageOfPage\":{\"@id\":\"https:\/\/aniakuczynska.com\/en\/product\/when-personal-becomes-functional-tribute-to-kazimierz-malewicz-handmade-silk-scarf\/#primaryimage\"},\"image\":{\"@id\":\"https:\/\/aniakuczynska.com\/en\/product\/when-personal-becomes-functional-tribute-to-kazimierz-malewicz-handmade-silk-scarf\/#primaryimage\"},\"thumbnailUrl\":\"https:\/\/aniakuczynska.com\/wp-content\/uploads\/2025\/08\/malewicz1.jpg\",\"datePublished\":\"2025-09-02T09:05:04+00:00\",\"dateModified\":\"2025-10-18T09:21:34+00:00\",\"breadcrumb\":{\"@id\":\"https:\/\/aniakuczynska.com\/en\/product\/when-personal-becomes-functional-tribute-to-kazimierz-malewicz-handmade-silk-scarf\/#breadcrumb\"},\"inLanguage\":\"en-US\",\"potentialAction\":[{\"@type\":\"ReadAction\",\"target\":[\"https:\/\/aniakuczynska.com\/en\/product\/when-personal-becomes-functional-tribute-to-kazimierz-malewicz-handmade-silk-scarf\/\"]}]},{\"@type\":\"ImageObject\",\"inLanguage\":\"en-US\",\"@id\":\"https:\/\/aniakuczynska.com\/en\/product\/when-personal-becomes-functional-tribute-to-kazimierz-malewicz-handmade-silk-scarf\/#primaryimage\",\"url\":\"https:\/\/aniakuczynska.com\/wp-content\/uploads\/2025\/08\/malewicz1.jpg\",\"contentUrl\":\"https:\/\/aniakuczynska.com\/wp-content\/uploads\/2025\/08\/malewicz1.jpg\",\"width\":1125,\"height\":1500},{\"@type\":\"BreadcrumbList\",\"@id\":\"https:\/\/aniakuczynska.com\/en\/product\/when-personal-becomes-functional-tribute-to-kazimierz-malewicz-handmade-silk-scarf\/#breadcrumb\",\"itemListElement\":[{\"@type\":\"ListItem\",\"position\":1,\"name\":\"Strona g\u0142\u00f3wna\",\"item\":\"https:\/\/aniakuczynska.com\/en\/\"},{\"@type\":\"ListItem\",\"position\":2,\"name\":\"Shop\",\"item\":\"https:\/\/aniakuczynska.com\/en\/shop\/\"},{\"@type\":\"ListItem\",\"position\":3,\"name\":\"When personal becomes functional [Tribute to Kazimierz Malewicz] handmade silk scarf\"}]},{\"@type\":\"WebSite\",\"@id\":\"https:\/\/aniakuczynska.com\/#website\",\"url\":\"https:\/\/aniakuczynska.com\/\",\"name\":\"Ania Kuczy\u0144ska\",\"description\":\"Ania Kuczy\u0144ska to jedna z najbardziej cenionych i rozpoznawalnych polskich projektantek mody. Tworzy mocn\u0105 i charakterystyczn\u0105 mark\u0119 \u2013 jej styl okre\u015blany jako ozdobny minimalizm jest ho\u0142dem dla szykownej i eleganckiej nonszalancji, charyzmatycznej kobieco\u015bci.\",\"potentialAction\":[{\"@type\":\"SearchAction\",\"target\":{\"@type\":\"EntryPoint\",\"urlTemplate\":\"https:\/\/aniakuczynska.com\/?s={search_term_string}\"},\"query-input\":{\"@type\":\"PropertyValueSpecification\",\"valueRequired\":true,\"valueName\":\"search_term_string\"}}],\"inLanguage\":\"en-US\"}]}<\/script>\n<!-- \/ Yoast SEO plugin. -->","yoast_head_json":{"title":"When personal becomes functional [Tribute to Kazimierz Malewicz] handmade silk scarf - Ania Kuczy\u0144ska","robots":{"index":"index","follow":"follow","max-snippet":"max-snippet:-1","max-image-preview":"max-image-preview:large","max-video-preview":"max-video-preview:-1"},"canonical":"https:\/\/aniakuczynska.com\/en\/product\/when-personal-becomes-functional-tribute-to-kazimierz-malewicz-handmade-silk-scarf\/","og_locale":"en_US","og_type":"article","og_title":"When personal becomes functional [Tribute to Kazimierz Malewicz] handmade silk scarf - Ania Kuczy\u0144ska","og_description":"Tribute to Kazimierz Malewicz When personal becomes functional The first black square on a white background was painted by Kazimir Malevich in 1915, giving rise to Suprematism. The Black Square is a symbol of 20th-century avant-garde art. The movement advocated maximum simplification of forms and the supremacy of basic shapes and colours. It broke with [&hellip;]","og_url":"https:\/\/aniakuczynska.com\/en\/product\/when-personal-becomes-functional-tribute-to-kazimierz-malewicz-handmade-silk-scarf\/","og_site_name":"Ania Kuczy\u0144ska","article_publisher":"https:\/\/www.facebook.com\/aniakuczynskaclothingbrand\/","article_modified_time":"2025-10-18T09:21:34+00:00","og_image":[{"width":1125,"height":1500,"url":"https:\/\/aniakuczynska.com\/wp-content\/uploads\/2025\/08\/malewicz1.jpg","type":"image\/jpeg"}],"twitter_card":"summary_large_image","twitter_misc":{"Est. reading time":"3 minutes"},"schema":{"@context":"https:\/\/schema.org","@graph":[{"@type":"WebPage","@id":"https:\/\/aniakuczynska.com\/en\/product\/when-personal-becomes-functional-tribute-to-kazimierz-malewicz-handmade-silk-scarf\/","url":"https:\/\/aniakuczynska.com\/en\/product\/when-personal-becomes-functional-tribute-to-kazimierz-malewicz-handmade-silk-scarf\/","name":"When personal becomes functional [Tribute to Kazimierz Malewicz] handmade silk scarf - Ania Kuczy\u0144ska","isPartOf":{"@id":"https:\/\/aniakuczynska.com\/#website"},"primaryImageOfPage":{"@id":"https:\/\/aniakuczynska.com\/en\/product\/when-personal-becomes-functional-tribute-to-kazimierz-malewicz-handmade-silk-scarf\/#primaryimage"},"image":{"@id":"https:\/\/aniakuczynska.com\/en\/product\/when-personal-becomes-functional-tribute-to-kazimierz-malewicz-handmade-silk-scarf\/#primaryimage"},"thumbnailUrl":"https:\/\/aniakuczynska.com\/wp-content\/uploads\/2025\/08\/malewicz1.jpg","datePublished":"2025-09-02T09:05:04+00:00","dateModified":"2025-10-18T09:21:34+00:00","breadcrumb":{"@id":"https:\/\/aniakuczynska.com\/en\/product\/when-personal-becomes-functional-tribute-to-kazimierz-malewicz-handmade-silk-scarf\/#breadcrumb"},"inLanguage":"en-US","potentialAction":[{"@type":"ReadAction","target":["https:\/\/aniakuczynska.com\/en\/product\/when-personal-becomes-functional-tribute-to-kazimierz-malewicz-handmade-silk-scarf\/"]}]},{"@type":"ImageObject","inLanguage":"en-US","@id":"https:\/\/aniakuczynska.com\/en\/product\/when-personal-becomes-functional-tribute-to-kazimierz-malewicz-handmade-silk-scarf\/#primaryimage","url":"https:\/\/aniakuczynska.com\/wp-content\/uploads\/2025\/08\/malewicz1.jpg","contentUrl":"https:\/\/aniakuczynska.com\/wp-content\/uploads\/2025\/08\/malewicz1.jpg","width":1125,"height":1500},{"@type":"BreadcrumbList","@id":"https:\/\/aniakuczynska.com\/en\/product\/when-personal-becomes-functional-tribute-to-kazimierz-malewicz-handmade-silk-scarf\/#breadcrumb","itemListElement":[{"@type":"ListItem","position":1,"name":"Strona g\u0142\u00f3wna","item":"https:\/\/aniakuczynska.com\/en\/"},{"@type":"ListItem","position":2,"name":"Shop","item":"https:\/\/aniakuczynska.com\/en\/shop\/"},{"@type":"ListItem","position":3,"name":"When personal becomes functional [Tribute to Kazimierz Malewicz] handmade silk scarf"}]},{"@type":"WebSite","@id":"https:\/\/aniakuczynska.com\/#website","url":"https:\/\/aniakuczynska.com\/","name":"Ania Kuczy\u0144ska","description":"Ania Kuczy\u0144ska to jedna z najbardziej cenionych i rozpoznawalnych polskich projektantek mody. Tworzy mocn\u0105 i charakterystyczn\u0105 mark\u0119 \u2013 jej styl okre\u015blany jako ozdobny minimalizm jest ho\u0142dem dla szykownej i eleganckiej nonszalancji, charyzmatycznej kobieco\u015bci.","potentialAction":[{"@type":"SearchAction","target":{"@type":"EntryPoint","urlTemplate":"https:\/\/aniakuczynska.com\/?s={search_term_string}"},"query-input":{"@type":"PropertyValueSpecification","valueRequired":true,"valueName":"search_term_string"}}],"inLanguage":"en-US"}]}},"_links":{"self":[{"href":"https:\/\/aniakuczynska.com\/en\/wp-json\/wp\/v2\/product\/28812","targetHints":{"allow":["GET"]}}],"collection":[{"href":"https:\/\/aniakuczynska.com\/en\/wp-json\/wp\/v2\/product"}],"about":[{"href":"https:\/\/aniakuczynska.com\/en\/wp-json\/wp\/v2\/types\/product"}],"replies":[{"embeddable":true,"href":"https:\/\/aniakuczynska.com\/en\/wp-json\/wp\/v2\/comments?post=28812"}],"wp:featuredmedia":[{"embeddable":true,"href":"https:\/\/aniakuczynska.com\/en\/wp-json\/wp\/v2\/media\/28597"}],"wp:attachment":[{"href":"https:\/\/aniakuczynska.com\/en\/wp-json\/wp\/v2\/media?parent=28812"}],"wp:term":[{"taxonomy":"product_brand","embeddable":true,"href":"https:\/\/aniakuczynska.com\/en\/wp-json\/wp\/v2\/product_brand?post=28812"},{"taxonomy":"product_cat","embeddable":true,"href":"https:\/\/aniakuczynska.com\/en\/wp-json\/wp\/v2\/product_cat?post=28812"},{"taxonomy":"product_tag","embeddable":true,"href":"https:\/\/aniakuczynska.com\/en\/wp-json\/wp\/v2\/product_tag?post=28812"}],"curies":[{"name":"wp","href":"https:\/\/api.w.org\/{rel}","templated":true}]}}