{"id":28808,"date":"2025-08-27T13:13:11","date_gmt":"2025-09-02T09:01:49","guid":{"rendered":"https:\/\/aniakuczynska.com\/?post_type=product&#038;p=28808"},"modified":"2025-09-04T08:52:04","modified_gmt":"2025-09-04T08:52:04","slug":"alessio-notte-multifunctional-scarf-made-of-a-cashmere-wool-blend","status":"publish","type":"product","link":"https:\/\/aniakuczynska.com\/en\/product\/alessio-notte-multifunctional-scarf-made-of-a-cashmere-wool-blend\/","title":{"rendered":"Alessio Notte multifunctional scarf made of a cashmere-wool blend"},"content":{"rendered":"<p class=\"p1\" style=\"text-align: justify;\">Komin Alessio wykonany z we\u0142ny i kaszmiru to doskona\u0142e po\u0142\u0105czenie ciep\u0142a i luksusu. Mi\u0119kka i przyjemna w dotyku tkanina zapewnia wyj\u0105tkowy komfort oraz skuteczn\u0105 ochron\u0119 przed zimnem. Elegancka struktura komina sprawia, \u017ce jest on nie tylko praktyczny, ale r\u00f3wnie\u017c stylowy, stanowi\u0105c idealne dope\u0142nienie ka\u017cdej jesiennej garderoby.<\/p>\n<p style=\"text-align: justify;\">Kupuj \u015bwiadomie i KOCHAJ nasz\u0105 Planet\u0119.<\/p>\n","protected":false},"excerpt":{"rendered":"<p>Komin Alessio wykonany z we\u0142ny i kaszmiru to doskona\u0142e po\u0142\u0105czenie ciep\u0142a i luksusu. Mi\u0119kka i przyjemna w dotyku tkanina zapewnia wyj\u0105tkowy komfort oraz skuteczn\u0105 ochron\u0119 przed zimnem. Elegancka struktura komina sprawia, \u017ce jest on nie tylko praktyczny, ale r\u00f3wnie\u017c stylowy, stanowi\u0105c idealne dope\u0142nienie ka\u017cdej jesiennej garderoby. Kupuj \u015bwiadomie i KOCHAJ nasz\u0105 Planet\u0119.<\/p>\n","protected":false},"featured_media":28539,"comment_status":"open","ping_status":"closed","template":"","meta":{"_acf_changed":false},"product_brand":[],"product_cat":[355,291],"product_tag":[],"class_list":{"0":"post-28808","1":"product","2":"type-product","3":"status-publish","4":"has-post-thumbnail","6":"product_cat-man","7":"product_cat-uncategorized-en","8":"pa_rozmiar-onesize-en","10":"first","11":"instock","12":"shipping-taxable","13":"purchasable","14":"product-type-variable","15":"has-default-attributes"},"acf":[],"yoast_head":"<!-- This site is optimized with the Yoast SEO plugin v24.5 - https:\/\/yoast.com\/wordpress\/plugins\/seo\/ -->\n<title>Alessio Notte multifunctional scarf made of a cashmere-wool blend - Ania Kuczy\u0144ska<\/title>\n<meta name=\"robots\" content=\"index, follow, max-snippet:-1, max-image-preview:large, max-video-preview:-1\" \/>\n<link rel=\"canonical\" href=\"https:\/\/aniakuczynska.com\/en\/product\/alessio-notte-multifunctional-scarf-made-of-a-cashmere-wool-blend\/\" \/>\n<meta property=\"og:locale\" content=\"en_US\" \/>\n<meta property=\"og:type\" content=\"article\" \/>\n<meta property=\"og:title\" content=\"Alessio Notte multifunctional scarf made of a cashmere-wool blend - Ania Kuczy\u0144ska\" \/>\n<meta property=\"og:description\" content=\"Komin Alessio wykonany z we\u0142ny i kaszmiru to doskona\u0142e po\u0142\u0105czenie ciep\u0142a i luksusu. Mi\u0119kka i przyjemna w dotyku tkanina zapewnia wyj\u0105tkowy komfort oraz skuteczn\u0105 ochron\u0119 przed zimnem. Elegancka struktura komina sprawia, \u017ce jest on nie tylko praktyczny, ale r\u00f3wnie\u017c stylowy, stanowi\u0105c idealne dope\u0142nienie ka\u017cdej jesiennej garderoby. Kupuj \u015bwiadomie i KOCHAJ nasz\u0105 Planet\u0119.\" \/>\n<meta property=\"og:url\" content=\"https:\/\/aniakuczynska.com\/en\/product\/alessio-notte-multifunctional-scarf-made-of-a-cashmere-wool-blend\/\" \/>\n<meta property=\"og:site_name\" content=\"Ania Kuczy\u0144ska\" \/>\n<meta property=\"article:publisher\" content=\"https:\/\/www.facebook.com\/aniakuczynskaclothingbrand\/\" \/>\n<meta property=\"article:modified_time\" content=\"2025-09-04T08:52:04+00:00\" \/>\n<meta property=\"og:image\" content=\"https:\/\/aniakuczynska.com\/wp-content\/uploads\/2025\/08\/libra_1.jpg\" \/>\n\t<meta property=\"og:image:width\" content=\"1125\" \/>\n\t<meta property=\"og:image:height\" content=\"1500\" \/>\n\t<meta property=\"og:image:type\" content=\"image\/jpeg\" \/>\n<meta name=\"twitter:card\" content=\"summary_large_image\" \/>\n<meta name=\"twitter:label1\" content=\"Est. reading time\" \/>\n\t<meta name=\"twitter:data1\" content=\"2 minutes\" \/>\n<script type=\"application\/ld+json\" class=\"yoast-schema-graph\">{\"@context\":\"https:\/\/schema.org\",\"@graph\":[{\"@type\":\"WebPage\",\"@id\":\"https:\/\/aniakuczynska.com\/en\/product\/alessio-notte-multifunctional-scarf-made-of-a-cashmere-wool-blend\/\",\"url\":\"https:\/\/aniakuczynska.com\/en\/product\/alessio-notte-multifunctional-scarf-made-of-a-cashmere-wool-blend\/\",\"name\":\"Alessio Notte multifunctional scarf made of a cashmere-wool blend - Ania Kuczy\u0144ska\",\"isPartOf\":{\"@id\":\"https:\/\/aniakuczynska.com\/#website\"},\"primaryImageOfPage\":{\"@id\":\"https:\/\/aniakuczynska.com\/en\/product\/alessio-notte-multifunctional-scarf-made-of-a-cashmere-wool-blend\/#primaryimage\"},\"image\":{\"@id\":\"https:\/\/aniakuczynska.com\/en\/product\/alessio-notte-multifunctional-scarf-made-of-a-cashmere-wool-blend\/#primaryimage\"},\"thumbnailUrl\":\"https:\/\/aniakuczynska.com\/wp-content\/uploads\/2025\/08\/libra_1.jpg\",\"datePublished\":\"2025-09-02T09:01:49+00:00\",\"dateModified\":\"2025-09-04T08:52:04+00:00\",\"breadcrumb\":{\"@id\":\"https:\/\/aniakuczynska.com\/en\/product\/alessio-notte-multifunctional-scarf-made-of-a-cashmere-wool-blend\/#breadcrumb\"},\"inLanguage\":\"en-US\",\"potentialAction\":[{\"@type\":\"ReadAction\",\"target\":[\"https:\/\/aniakuczynska.com\/en\/product\/alessio-notte-multifunctional-scarf-made-of-a-cashmere-wool-blend\/\"]}]},{\"@type\":\"ImageObject\",\"inLanguage\":\"en-US\",\"@id\":\"https:\/\/aniakuczynska.com\/en\/product\/alessio-notte-multifunctional-scarf-made-of-a-cashmere-wool-blend\/#primaryimage\",\"url\":\"https:\/\/aniakuczynska.com\/wp-content\/uploads\/2025\/08\/libra_1.jpg\",\"contentUrl\":\"https:\/\/aniakuczynska.com\/wp-content\/uploads\/2025\/08\/libra_1.jpg\",\"width\":1125,\"height\":1500},{\"@type\":\"BreadcrumbList\",\"@id\":\"https:\/\/aniakuczynska.com\/en\/product\/alessio-notte-multifunctional-scarf-made-of-a-cashmere-wool-blend\/#breadcrumb\",\"itemListElement\":[{\"@type\":\"ListItem\",\"position\":1,\"name\":\"Strona g\u0142\u00f3wna\",\"item\":\"https:\/\/aniakuczynska.com\/en\/\"},{\"@type\":\"ListItem\",\"position\":2,\"name\":\"Shop\",\"item\":\"https:\/\/aniakuczynska.com\/en\/shop\/\"},{\"@type\":\"ListItem\",\"position\":3,\"name\":\"Alessio Notte multifunctional scarf made of a cashmere-wool blend\"}]},{\"@type\":\"WebSite\",\"@id\":\"https:\/\/aniakuczynska.com\/#website\",\"url\":\"https:\/\/aniakuczynska.com\/\",\"name\":\"Ania Kuczy\u0144ska\",\"description\":\"Ania Kuczy\u0144ska to jedna z najbardziej cenionych i rozpoznawalnych polskich projektantek mody. Tworzy mocn\u0105 i charakterystyczn\u0105 mark\u0119 \u2013 jej styl okre\u015blany jako ozdobny minimalizm jest ho\u0142dem dla szykownej i eleganckiej nonszalancji, charyzmatycznej kobieco\u015bci.\",\"potentialAction\":[{\"@type\":\"SearchAction\",\"target\":{\"@type\":\"EntryPoint\",\"urlTemplate\":\"https:\/\/aniakuczynska.com\/?s={search_term_string}\"},\"query-input\":{\"@type\":\"PropertyValueSpecification\",\"valueRequired\":true,\"valueName\":\"search_term_string\"}}],\"inLanguage\":\"en-US\"}]}<\/script>\n<!-- \/ Yoast SEO plugin. -->","yoast_head_json":{"title":"Alessio Notte multifunctional scarf made of a cashmere-wool blend - Ania Kuczy\u0144ska","robots":{"index":"index","follow":"follow","max-snippet":"max-snippet:-1","max-image-preview":"max-image-preview:large","max-video-preview":"max-video-preview:-1"},"canonical":"https:\/\/aniakuczynska.com\/en\/product\/alessio-notte-multifunctional-scarf-made-of-a-cashmere-wool-blend\/","og_locale":"en_US","og_type":"article","og_title":"Alessio Notte multifunctional scarf made of a cashmere-wool blend - Ania Kuczy\u0144ska","og_description":"Komin Alessio wykonany z we\u0142ny i kaszmiru to doskona\u0142e po\u0142\u0105czenie ciep\u0142a i luksusu. Mi\u0119kka i przyjemna w dotyku tkanina zapewnia wyj\u0105tkowy komfort oraz skuteczn\u0105 ochron\u0119 przed zimnem. Elegancka struktura komina sprawia, \u017ce jest on nie tylko praktyczny, ale r\u00f3wnie\u017c stylowy, stanowi\u0105c idealne dope\u0142nienie ka\u017cdej jesiennej garderoby. Kupuj \u015bwiadomie i KOCHAJ nasz\u0105 Planet\u0119.","og_url":"https:\/\/aniakuczynska.com\/en\/product\/alessio-notte-multifunctional-scarf-made-of-a-cashmere-wool-blend\/","og_site_name":"Ania Kuczy\u0144ska","article_publisher":"https:\/\/www.facebook.com\/aniakuczynskaclothingbrand\/","article_modified_time":"2025-09-04T08:52:04+00:00","og_image":[{"width":1125,"height":1500,"url":"https:\/\/aniakuczynska.com\/wp-content\/uploads\/2025\/08\/libra_1.jpg","type":"image\/jpeg"}],"twitter_card":"summary_large_image","twitter_misc":{"Est. reading time":"2 minutes"},"schema":{"@context":"https:\/\/schema.org","@graph":[{"@type":"WebPage","@id":"https:\/\/aniakuczynska.com\/en\/product\/alessio-notte-multifunctional-scarf-made-of-a-cashmere-wool-blend\/","url":"https:\/\/aniakuczynska.com\/en\/product\/alessio-notte-multifunctional-scarf-made-of-a-cashmere-wool-blend\/","name":"Alessio Notte multifunctional scarf made of a cashmere-wool blend - Ania Kuczy\u0144ska","isPartOf":{"@id":"https:\/\/aniakuczynska.com\/#website"},"primaryImageOfPage":{"@id":"https:\/\/aniakuczynska.com\/en\/product\/alessio-notte-multifunctional-scarf-made-of-a-cashmere-wool-blend\/#primaryimage"},"image":{"@id":"https:\/\/aniakuczynska.com\/en\/product\/alessio-notte-multifunctional-scarf-made-of-a-cashmere-wool-blend\/#primaryimage"},"thumbnailUrl":"https:\/\/aniakuczynska.com\/wp-content\/uploads\/2025\/08\/libra_1.jpg","datePublished":"2025-09-02T09:01:49+00:00","dateModified":"2025-09-04T08:52:04+00:00","breadcrumb":{"@id":"https:\/\/aniakuczynska.com\/en\/product\/alessio-notte-multifunctional-scarf-made-of-a-cashmere-wool-blend\/#breadcrumb"},"inLanguage":"en-US","potentialAction":[{"@type":"ReadAction","target":["https:\/\/aniakuczynska.com\/en\/product\/alessio-notte-multifunctional-scarf-made-of-a-cashmere-wool-blend\/"]}]},{"@type":"ImageObject","inLanguage":"en-US","@id":"https:\/\/aniakuczynska.com\/en\/product\/alessio-notte-multifunctional-scarf-made-of-a-cashmere-wool-blend\/#primaryimage","url":"https:\/\/aniakuczynska.com\/wp-content\/uploads\/2025\/08\/libra_1.jpg","contentUrl":"https:\/\/aniakuczynska.com\/wp-content\/uploads\/2025\/08\/libra_1.jpg","width":1125,"height":1500},{"@type":"BreadcrumbList","@id":"https:\/\/aniakuczynska.com\/en\/product\/alessio-notte-multifunctional-scarf-made-of-a-cashmere-wool-blend\/#breadcrumb","itemListElement":[{"@type":"ListItem","position":1,"name":"Strona g\u0142\u00f3wna","item":"https:\/\/aniakuczynska.com\/en\/"},{"@type":"ListItem","position":2,"name":"Shop","item":"https:\/\/aniakuczynska.com\/en\/shop\/"},{"@type":"ListItem","position":3,"name":"Alessio Notte multifunctional scarf made of a cashmere-wool blend"}]},{"@type":"WebSite","@id":"https:\/\/aniakuczynska.com\/#website","url":"https:\/\/aniakuczynska.com\/","name":"Ania Kuczy\u0144ska","description":"Ania Kuczy\u0144ska to jedna z najbardziej cenionych i rozpoznawalnych polskich projektantek mody. Tworzy mocn\u0105 i charakterystyczn\u0105 mark\u0119 \u2013 jej styl okre\u015blany jako ozdobny minimalizm jest ho\u0142dem dla szykownej i eleganckiej nonszalancji, charyzmatycznej kobieco\u015bci.","potentialAction":[{"@type":"SearchAction","target":{"@type":"EntryPoint","urlTemplate":"https:\/\/aniakuczynska.com\/?s={search_term_string}"},"query-input":{"@type":"PropertyValueSpecification","valueRequired":true,"valueName":"search_term_string"}}],"inLanguage":"en-US"}]}},"_links":{"self":[{"href":"https:\/\/aniakuczynska.com\/en\/wp-json\/wp\/v2\/product\/28808","targetHints":{"allow":["GET"]}}],"collection":[{"href":"https:\/\/aniakuczynska.com\/en\/wp-json\/wp\/v2\/product"}],"about":[{"href":"https:\/\/aniakuczynska.com\/en\/wp-json\/wp\/v2\/types\/product"}],"replies":[{"embeddable":true,"href":"https:\/\/aniakuczynska.com\/en\/wp-json\/wp\/v2\/comments?post=28808"}],"wp:featuredmedia":[{"embeddable":true,"href":"https:\/\/aniakuczynska.com\/en\/wp-json\/wp\/v2\/media\/28539"}],"wp:attachment":[{"href":"https:\/\/aniakuczynska.com\/en\/wp-json\/wp\/v2\/media?parent=28808"}],"wp:term":[{"taxonomy":"product_brand","embeddable":true,"href":"https:\/\/aniakuczynska.com\/en\/wp-json\/wp\/v2\/product_brand?post=28808"},{"taxonomy":"product_cat","embeddable":true,"href":"https:\/\/aniakuczynska.com\/en\/wp-json\/wp\/v2\/product_cat?post=28808"},{"taxonomy":"product_tag","embeddable":true,"href":"https:\/\/aniakuczynska.com\/en\/wp-json\/wp\/v2\/product_tag?post=28808"}],"curies":[{"name":"wp","href":"https:\/\/api.w.org\/{rel}","templated":true}]}}