{"id":27586,"date":"2025-04-12T20:48:33","date_gmt":"2025-04-23T10:04:50","guid":{"rendered":"https:\/\/aniakuczynska.com\/?post_type=product&#038;p=27586"},"modified":"2025-08-06T12:46:00","modified_gmt":"2025-08-06T12:46:00","slug":"pekin-pink-moon-torba-z-recznie-tloczonym-logo","status":"publish","type":"product","link":"https:\/\/aniakuczynska.com\/en\/product\/pekin-pink-moon-torba-z-recznie-tloczonym-logo\/","title":{"rendered":"Pekin Pink Moon bag with hand embossed logo"},"content":{"rendered":"<p>The energy of the past full Pink Moon supports processes of transformation and self-discovery. It symbolises beginning, renewal and growth.<\/p>\n<p>The Amore 25 collection refers to the power and symbolism of this moon.<\/p>\n<p>The launch of the Beijing and Mini Shanghai Pink Moon bags took place on 13 IV 2025, the day of the pink full moon.<\/p>\n<p>&#8211; The brand&#8217;s garments and accessories are manufactured in Poland with a reduced carbon footprint.<\/p>\n<p>&#8211; Fabrics and accessories are produced in Europe.<\/p>\n<p>&#8211; Packaging is 100% biodegradable.<\/p>\n<p>Buy consciously and LOVE our Planet.<\/p>\n<p>&nbsp;<\/p>\n","protected":false},"excerpt":{"rendered":"<p>The energy of the past full Pink Moon supports processes of transformation and self-discovery. It symbolises beginning, renewal and growth. The Amore 25 collection refers to the power and symbolism of this moon. The launch of the Beijing and Mini Shanghai Pink Moon bags took place on 13 IV 2025, the day of the pink [&hellip;]<\/p>\n","protected":false},"featured_media":27409,"comment_status":"open","ping_status":"closed","template":"","meta":{"_acf_changed":false},"product_brand":[],"product_cat":[273,278,256,276,255,295,290,254],"product_tag":[],"class_list":{"0":"post-27586","1":"product","2":"type-product","3":"status-publish","4":"has-post-thumbnail","6":"product_cat-accessories","7":"product_cat-bags","8":"product_cat-clothes","9":"product_cat-new-arrivals-accessories","10":"product_cat-new-arrivals","11":"product_cat-new-vintage-eng","12":"product_cat-personalization-en","13":"product_cat-woman","14":"pa_rozmiar-onesize-en","16":"first","17":"instock","18":"shipping-taxable","19":"purchasable","20":"product-type-variable","21":"has-default-attributes"},"acf":[],"yoast_head":"<!-- This site is optimized with the Yoast SEO plugin v24.5 - https:\/\/yoast.com\/wordpress\/plugins\/seo\/ -->\n<title>Pekin Pink Moon bag with hand embossed logo - Ania Kuczy\u0144ska<\/title>\n<meta name=\"robots\" content=\"index, follow, max-snippet:-1, max-image-preview:large, max-video-preview:-1\" \/>\n<link rel=\"canonical\" href=\"https:\/\/aniakuczynska.com\/en\/product\/pekin-pink-moon-torba-z-recznie-tloczonym-logo\/\" \/>\n<meta property=\"og:locale\" content=\"en_US\" \/>\n<meta property=\"og:type\" content=\"article\" \/>\n<meta property=\"og:title\" content=\"Pekin Pink Moon bag with hand embossed logo - Ania Kuczy\u0144ska\" \/>\n<meta property=\"og:description\" content=\"The energy of the past full Pink Moon supports processes of transformation and self-discovery. It symbolises beginning, renewal and growth. The Amore 25 collection refers to the power and symbolism of this moon. The launch of the Beijing and Mini Shanghai Pink Moon bags took place on 13 IV 2025, the day of the pink [&hellip;]\" \/>\n<meta property=\"og:url\" content=\"https:\/\/aniakuczynska.com\/en\/product\/pekin-pink-moon-torba-z-recznie-tloczonym-logo\/\" \/>\n<meta property=\"og:site_name\" content=\"Ania Kuczy\u0144ska\" \/>\n<meta property=\"article:publisher\" content=\"https:\/\/www.facebook.com\/aniakuczynskaclothingbrand\/\" \/>\n<meta property=\"article:modified_time\" content=\"2025-08-06T12:46:00+00:00\" \/>\n<meta property=\"og:image\" content=\"https:\/\/aniakuczynska.com\/wp-content\/uploads\/2025\/04\/pekin_1-1.jpg\" \/>\n\t<meta property=\"og:image:width\" content=\"1125\" \/>\n\t<meta property=\"og:image:height\" content=\"1500\" \/>\n\t<meta property=\"og:image:type\" content=\"image\/jpeg\" \/>\n<meta name=\"twitter:card\" content=\"summary_large_image\" \/>\n<meta name=\"twitter:label1\" content=\"Est. reading time\" \/>\n\t<meta name=\"twitter:data1\" content=\"2 minutes\" \/>\n<script type=\"application\/ld+json\" class=\"yoast-schema-graph\">{\"@context\":\"https:\/\/schema.org\",\"@graph\":[{\"@type\":\"WebPage\",\"@id\":\"https:\/\/aniakuczynska.com\/en\/product\/pekin-pink-moon-torba-z-recznie-tloczonym-logo\/\",\"url\":\"https:\/\/aniakuczynska.com\/en\/product\/pekin-pink-moon-torba-z-recznie-tloczonym-logo\/\",\"name\":\"Pekin Pink Moon bag with hand embossed logo - Ania Kuczy\u0144ska\",\"isPartOf\":{\"@id\":\"https:\/\/aniakuczynska.com\/#website\"},\"primaryImageOfPage\":{\"@id\":\"https:\/\/aniakuczynska.com\/en\/product\/pekin-pink-moon-torba-z-recznie-tloczonym-logo\/#primaryimage\"},\"image\":{\"@id\":\"https:\/\/aniakuczynska.com\/en\/product\/pekin-pink-moon-torba-z-recznie-tloczonym-logo\/#primaryimage\"},\"thumbnailUrl\":\"https:\/\/aniakuczynska.com\/wp-content\/uploads\/2025\/04\/pekin_1-1.jpg\",\"datePublished\":\"2025-04-23T10:04:50+00:00\",\"dateModified\":\"2025-08-06T12:46:00+00:00\",\"breadcrumb\":{\"@id\":\"https:\/\/aniakuczynska.com\/en\/product\/pekin-pink-moon-torba-z-recznie-tloczonym-logo\/#breadcrumb\"},\"inLanguage\":\"en-US\",\"potentialAction\":[{\"@type\":\"ReadAction\",\"target\":[\"https:\/\/aniakuczynska.com\/en\/product\/pekin-pink-moon-torba-z-recznie-tloczonym-logo\/\"]}]},{\"@type\":\"ImageObject\",\"inLanguage\":\"en-US\",\"@id\":\"https:\/\/aniakuczynska.com\/en\/product\/pekin-pink-moon-torba-z-recznie-tloczonym-logo\/#primaryimage\",\"url\":\"https:\/\/aniakuczynska.com\/wp-content\/uploads\/2025\/04\/pekin_1-1.jpg\",\"contentUrl\":\"https:\/\/aniakuczynska.com\/wp-content\/uploads\/2025\/04\/pekin_1-1.jpg\",\"width\":1125,\"height\":1500},{\"@type\":\"BreadcrumbList\",\"@id\":\"https:\/\/aniakuczynska.com\/en\/product\/pekin-pink-moon-torba-z-recznie-tloczonym-logo\/#breadcrumb\",\"itemListElement\":[{\"@type\":\"ListItem\",\"position\":1,\"name\":\"Strona g\u0142\u00f3wna\",\"item\":\"https:\/\/aniakuczynska.com\/en\/\"},{\"@type\":\"ListItem\",\"position\":2,\"name\":\"Shop\",\"item\":\"https:\/\/aniakuczynska.com\/en\/shop\/\"},{\"@type\":\"ListItem\",\"position\":3,\"name\":\"Pekin Pink Moon bag with hand embossed logo\"}]},{\"@type\":\"WebSite\",\"@id\":\"https:\/\/aniakuczynska.com\/#website\",\"url\":\"https:\/\/aniakuczynska.com\/\",\"name\":\"Ania Kuczy\u0144ska\",\"description\":\"Ania Kuczy\u0144ska to jedna z najbardziej cenionych i rozpoznawalnych polskich projektantek mody. Tworzy mocn\u0105 i charakterystyczn\u0105 mark\u0119 \u2013 jej styl okre\u015blany jako ozdobny minimalizm jest ho\u0142dem dla szykownej i eleganckiej nonszalancji, charyzmatycznej kobieco\u015bci.\",\"potentialAction\":[{\"@type\":\"SearchAction\",\"target\":{\"@type\":\"EntryPoint\",\"urlTemplate\":\"https:\/\/aniakuczynska.com\/?s={search_term_string}\"},\"query-input\":{\"@type\":\"PropertyValueSpecification\",\"valueRequired\":true,\"valueName\":\"search_term_string\"}}],\"inLanguage\":\"en-US\"}]}<\/script>\n<!-- \/ Yoast SEO plugin. -->","yoast_head_json":{"title":"Pekin Pink Moon bag with hand embossed logo - Ania Kuczy\u0144ska","robots":{"index":"index","follow":"follow","max-snippet":"max-snippet:-1","max-image-preview":"max-image-preview:large","max-video-preview":"max-video-preview:-1"},"canonical":"https:\/\/aniakuczynska.com\/en\/product\/pekin-pink-moon-torba-z-recznie-tloczonym-logo\/","og_locale":"en_US","og_type":"article","og_title":"Pekin Pink Moon bag with hand embossed logo - Ania Kuczy\u0144ska","og_description":"The energy of the past full Pink Moon supports processes of transformation and self-discovery. It symbolises beginning, renewal and growth. The Amore 25 collection refers to the power and symbolism of this moon. The launch of the Beijing and Mini Shanghai Pink Moon bags took place on 13 IV 2025, the day of the pink [&hellip;]","og_url":"https:\/\/aniakuczynska.com\/en\/product\/pekin-pink-moon-torba-z-recznie-tloczonym-logo\/","og_site_name":"Ania Kuczy\u0144ska","article_publisher":"https:\/\/www.facebook.com\/aniakuczynskaclothingbrand\/","article_modified_time":"2025-08-06T12:46:00+00:00","og_image":[{"width":1125,"height":1500,"url":"https:\/\/aniakuczynska.com\/wp-content\/uploads\/2025\/04\/pekin_1-1.jpg","type":"image\/jpeg"}],"twitter_card":"summary_large_image","twitter_misc":{"Est. reading time":"2 minutes"},"schema":{"@context":"https:\/\/schema.org","@graph":[{"@type":"WebPage","@id":"https:\/\/aniakuczynska.com\/en\/product\/pekin-pink-moon-torba-z-recznie-tloczonym-logo\/","url":"https:\/\/aniakuczynska.com\/en\/product\/pekin-pink-moon-torba-z-recznie-tloczonym-logo\/","name":"Pekin Pink Moon bag with hand embossed logo - Ania Kuczy\u0144ska","isPartOf":{"@id":"https:\/\/aniakuczynska.com\/#website"},"primaryImageOfPage":{"@id":"https:\/\/aniakuczynska.com\/en\/product\/pekin-pink-moon-torba-z-recznie-tloczonym-logo\/#primaryimage"},"image":{"@id":"https:\/\/aniakuczynska.com\/en\/product\/pekin-pink-moon-torba-z-recznie-tloczonym-logo\/#primaryimage"},"thumbnailUrl":"https:\/\/aniakuczynska.com\/wp-content\/uploads\/2025\/04\/pekin_1-1.jpg","datePublished":"2025-04-23T10:04:50+00:00","dateModified":"2025-08-06T12:46:00+00:00","breadcrumb":{"@id":"https:\/\/aniakuczynska.com\/en\/product\/pekin-pink-moon-torba-z-recznie-tloczonym-logo\/#breadcrumb"},"inLanguage":"en-US","potentialAction":[{"@type":"ReadAction","target":["https:\/\/aniakuczynska.com\/en\/product\/pekin-pink-moon-torba-z-recznie-tloczonym-logo\/"]}]},{"@type":"ImageObject","inLanguage":"en-US","@id":"https:\/\/aniakuczynska.com\/en\/product\/pekin-pink-moon-torba-z-recznie-tloczonym-logo\/#primaryimage","url":"https:\/\/aniakuczynska.com\/wp-content\/uploads\/2025\/04\/pekin_1-1.jpg","contentUrl":"https:\/\/aniakuczynska.com\/wp-content\/uploads\/2025\/04\/pekin_1-1.jpg","width":1125,"height":1500},{"@type":"BreadcrumbList","@id":"https:\/\/aniakuczynska.com\/en\/product\/pekin-pink-moon-torba-z-recznie-tloczonym-logo\/#breadcrumb","itemListElement":[{"@type":"ListItem","position":1,"name":"Strona g\u0142\u00f3wna","item":"https:\/\/aniakuczynska.com\/en\/"},{"@type":"ListItem","position":2,"name":"Shop","item":"https:\/\/aniakuczynska.com\/en\/shop\/"},{"@type":"ListItem","position":3,"name":"Pekin Pink Moon bag with hand embossed logo"}]},{"@type":"WebSite","@id":"https:\/\/aniakuczynska.com\/#website","url":"https:\/\/aniakuczynska.com\/","name":"Ania Kuczy\u0144ska","description":"Ania Kuczy\u0144ska to jedna z najbardziej cenionych i rozpoznawalnych polskich projektantek mody. Tworzy mocn\u0105 i charakterystyczn\u0105 mark\u0119 \u2013 jej styl okre\u015blany jako ozdobny minimalizm jest ho\u0142dem dla szykownej i eleganckiej nonszalancji, charyzmatycznej kobieco\u015bci.","potentialAction":[{"@type":"SearchAction","target":{"@type":"EntryPoint","urlTemplate":"https:\/\/aniakuczynska.com\/?s={search_term_string}"},"query-input":{"@type":"PropertyValueSpecification","valueRequired":true,"valueName":"search_term_string"}}],"inLanguage":"en-US"}]}},"_links":{"self":[{"href":"https:\/\/aniakuczynska.com\/en\/wp-json\/wp\/v2\/product\/27586","targetHints":{"allow":["GET"]}}],"collection":[{"href":"https:\/\/aniakuczynska.com\/en\/wp-json\/wp\/v2\/product"}],"about":[{"href":"https:\/\/aniakuczynska.com\/en\/wp-json\/wp\/v2\/types\/product"}],"replies":[{"embeddable":true,"href":"https:\/\/aniakuczynska.com\/en\/wp-json\/wp\/v2\/comments?post=27586"}],"wp:featuredmedia":[{"embeddable":true,"href":"https:\/\/aniakuczynska.com\/en\/wp-json\/wp\/v2\/media\/27409"}],"wp:attachment":[{"href":"https:\/\/aniakuczynska.com\/en\/wp-json\/wp\/v2\/media?parent=27586"}],"wp:term":[{"taxonomy":"product_brand","embeddable":true,"href":"https:\/\/aniakuczynska.com\/en\/wp-json\/wp\/v2\/product_brand?post=27586"},{"taxonomy":"product_cat","embeddable":true,"href":"https:\/\/aniakuczynska.com\/en\/wp-json\/wp\/v2\/product_cat?post=27586"},{"taxonomy":"product_tag","embeddable":true,"href":"https:\/\/aniakuczynska.com\/en\/wp-json\/wp\/v2\/product_tag?post=27586"}],"curies":[{"name":"wp","href":"https:\/\/api.w.org\/{rel}","templated":true}]}}