{"id":27557,"date":"2025-04-15T10:14:44","date_gmt":"2025-04-23T09:55:26","guid":{"rendered":"https:\/\/aniakuczynska.com\/?post_type=product&#038;p=27557"},"modified":"2026-03-30T10:20:56","modified_gmt":"2026-03-30T10:20:56","slug":"amante-rouge-apaszka-z-naturalnego-jedwabiu","status":"publish","type":"product","link":"https:\/\/aniakuczynska.com\/en\/product\/amante-rouge-apaszka-z-naturalnego-jedwabiu\/","title":{"rendered":"Amante Rouge natural silk scarf"},"content":{"rendered":"<p>Made from natural fine silk, the Amante scarf provides exceptional wearing comfort, but also an extra dose of chic and elegance to your spring wardrobe. It is ideal as an accessory for everyday styling as well as for evening outings.<\/p>\n<p>&#8211; The brand&#8217;s clothes and accessories are manufactured in Poland with a reduced carbon footprint.<\/p>\n<p>&#8211; Fabrics and accessories are manufactured in Europe.<\/p>\n<p>&#8211; Packaging is 100% biodegradable.<\/p>\n<p>Buy consciously and LOVE our Planet.<\/p>\n","protected":false},"excerpt":{"rendered":"<p>Made from natural fine silk, the Amante scarf provides exceptional wearing comfort, but also an extra dose of chic and elegance to your spring wardrobe. It is ideal as an accessory for everyday styling as well as for evening outings. &#8211; The brand&#8217;s clothes and accessories are manufactured in Poland with a reduced carbon footprint. [&hellip;]<\/p>\n","protected":false},"featured_media":27397,"comment_status":"open","ping_status":"closed","template":"","meta":{"_acf_changed":false},"product_brand":[],"product_cat":[273,275],"product_tag":[],"class_list":{"0":"post-27557","1":"product","2":"type-product","3":"status-publish","4":"has-post-thumbnail","6":"product_cat-accessories","7":"product_cat-small-accessories","8":"pa_rozmiar-onesize-en","10":"first","11":"instock","12":"shipping-taxable","13":"purchasable","14":"product-type-variable","15":"has-default-attributes"},"acf":[],"yoast_head":"<!-- This site is optimized with the Yoast SEO plugin v24.5 - https:\/\/yoast.com\/wordpress\/plugins\/seo\/ -->\n<title>Amante Rouge natural silk scarf - Ania Kuczy\u0144ska<\/title>\n<meta name=\"robots\" content=\"index, follow, max-snippet:-1, max-image-preview:large, max-video-preview:-1\" \/>\n<link rel=\"canonical\" href=\"https:\/\/aniakuczynska.com\/en\/product\/amante-rouge-apaszka-z-naturalnego-jedwabiu\/\" \/>\n<meta property=\"og:locale\" content=\"en_US\" \/>\n<meta property=\"og:type\" content=\"article\" \/>\n<meta property=\"og:title\" content=\"Amante Rouge natural silk scarf - Ania Kuczy\u0144ska\" \/>\n<meta property=\"og:description\" content=\"Made from natural fine silk, the Amante scarf provides exceptional wearing comfort, but also an extra dose of chic and elegance to your spring wardrobe. It is ideal as an accessory for everyday styling as well as for evening outings. &#8211; The brand&#8217;s clothes and accessories are manufactured in Poland with a reduced carbon footprint. [&hellip;]\" \/>\n<meta property=\"og:url\" content=\"https:\/\/aniakuczynska.com\/en\/product\/amante-rouge-apaszka-z-naturalnego-jedwabiu\/\" \/>\n<meta property=\"og:site_name\" content=\"Ania Kuczy\u0144ska\" \/>\n<meta property=\"article:publisher\" content=\"https:\/\/www.facebook.com\/aniakuczynskaclothingbrand\/\" \/>\n<meta property=\"article:modified_time\" content=\"2026-03-30T10:20:56+00:00\" \/>\n<meta property=\"og:image\" content=\"https:\/\/aniakuczynska.com\/wp-content\/uploads\/2025\/04\/amante2-1.jpg\" \/>\n\t<meta property=\"og:image:width\" content=\"1125\" \/>\n\t<meta property=\"og:image:height\" content=\"1500\" \/>\n\t<meta property=\"og:image:type\" content=\"image\/jpeg\" \/>\n<meta name=\"twitter:card\" content=\"summary_large_image\" \/>\n<meta name=\"twitter:label1\" content=\"Est. reading time\" \/>\n\t<meta name=\"twitter:data1\" content=\"2 minutes\" \/>\n<script type=\"application\/ld+json\" class=\"yoast-schema-graph\">{\"@context\":\"https:\/\/schema.org\",\"@graph\":[{\"@type\":\"WebPage\",\"@id\":\"https:\/\/aniakuczynska.com\/en\/product\/amante-rouge-apaszka-z-naturalnego-jedwabiu\/\",\"url\":\"https:\/\/aniakuczynska.com\/en\/product\/amante-rouge-apaszka-z-naturalnego-jedwabiu\/\",\"name\":\"Amante Rouge natural silk scarf - Ania Kuczy\u0144ska\",\"isPartOf\":{\"@id\":\"https:\/\/aniakuczynska.com\/#website\"},\"primaryImageOfPage\":{\"@id\":\"https:\/\/aniakuczynska.com\/en\/product\/amante-rouge-apaszka-z-naturalnego-jedwabiu\/#primaryimage\"},\"image\":{\"@id\":\"https:\/\/aniakuczynska.com\/en\/product\/amante-rouge-apaszka-z-naturalnego-jedwabiu\/#primaryimage\"},\"thumbnailUrl\":\"https:\/\/aniakuczynska.com\/wp-content\/uploads\/2025\/04\/amante2-1.jpg\",\"datePublished\":\"2025-04-23T09:55:26+00:00\",\"dateModified\":\"2026-03-30T10:20:56+00:00\",\"breadcrumb\":{\"@id\":\"https:\/\/aniakuczynska.com\/en\/product\/amante-rouge-apaszka-z-naturalnego-jedwabiu\/#breadcrumb\"},\"inLanguage\":\"en-US\",\"potentialAction\":[{\"@type\":\"ReadAction\",\"target\":[\"https:\/\/aniakuczynska.com\/en\/product\/amante-rouge-apaszka-z-naturalnego-jedwabiu\/\"]}]},{\"@type\":\"ImageObject\",\"inLanguage\":\"en-US\",\"@id\":\"https:\/\/aniakuczynska.com\/en\/product\/amante-rouge-apaszka-z-naturalnego-jedwabiu\/#primaryimage\",\"url\":\"https:\/\/aniakuczynska.com\/wp-content\/uploads\/2025\/04\/amante2-1.jpg\",\"contentUrl\":\"https:\/\/aniakuczynska.com\/wp-content\/uploads\/2025\/04\/amante2-1.jpg\",\"width\":1125,\"height\":1500},{\"@type\":\"BreadcrumbList\",\"@id\":\"https:\/\/aniakuczynska.com\/en\/product\/amante-rouge-apaszka-z-naturalnego-jedwabiu\/#breadcrumb\",\"itemListElement\":[{\"@type\":\"ListItem\",\"position\":1,\"name\":\"Strona g\u0142\u00f3wna\",\"item\":\"https:\/\/aniakuczynska.com\/en\/\"},{\"@type\":\"ListItem\",\"position\":2,\"name\":\"Shop\",\"item\":\"https:\/\/aniakuczynska.com\/en\/shop\/\"},{\"@type\":\"ListItem\",\"position\":3,\"name\":\"Amante Rouge natural silk scarf\"}]},{\"@type\":\"WebSite\",\"@id\":\"https:\/\/aniakuczynska.com\/#website\",\"url\":\"https:\/\/aniakuczynska.com\/\",\"name\":\"Ania Kuczy\u0144ska\",\"description\":\"Ania Kuczy\u0144ska to jedna z najbardziej cenionych i rozpoznawalnych polskich projektantek mody. Tworzy mocn\u0105 i charakterystyczn\u0105 mark\u0119 \u2013 jej styl okre\u015blany jako ozdobny minimalizm jest ho\u0142dem dla szykownej i eleganckiej nonszalancji, charyzmatycznej kobieco\u015bci.\",\"potentialAction\":[{\"@type\":\"SearchAction\",\"target\":{\"@type\":\"EntryPoint\",\"urlTemplate\":\"https:\/\/aniakuczynska.com\/?s={search_term_string}\"},\"query-input\":{\"@type\":\"PropertyValueSpecification\",\"valueRequired\":true,\"valueName\":\"search_term_string\"}}],\"inLanguage\":\"en-US\"}]}<\/script>\n<!-- \/ Yoast SEO plugin. -->","yoast_head_json":{"title":"Amante Rouge natural silk scarf - Ania Kuczy\u0144ska","robots":{"index":"index","follow":"follow","max-snippet":"max-snippet:-1","max-image-preview":"max-image-preview:large","max-video-preview":"max-video-preview:-1"},"canonical":"https:\/\/aniakuczynska.com\/en\/product\/amante-rouge-apaszka-z-naturalnego-jedwabiu\/","og_locale":"en_US","og_type":"article","og_title":"Amante Rouge natural silk scarf - Ania Kuczy\u0144ska","og_description":"Made from natural fine silk, the Amante scarf provides exceptional wearing comfort, but also an extra dose of chic and elegance to your spring wardrobe. It is ideal as an accessory for everyday styling as well as for evening outings. &#8211; The brand&#8217;s clothes and accessories are manufactured in Poland with a reduced carbon footprint. [&hellip;]","og_url":"https:\/\/aniakuczynska.com\/en\/product\/amante-rouge-apaszka-z-naturalnego-jedwabiu\/","og_site_name":"Ania Kuczy\u0144ska","article_publisher":"https:\/\/www.facebook.com\/aniakuczynskaclothingbrand\/","article_modified_time":"2026-03-30T10:20:56+00:00","og_image":[{"width":1125,"height":1500,"url":"https:\/\/aniakuczynska.com\/wp-content\/uploads\/2025\/04\/amante2-1.jpg","type":"image\/jpeg"}],"twitter_card":"summary_large_image","twitter_misc":{"Est. reading time":"2 minutes"},"schema":{"@context":"https:\/\/schema.org","@graph":[{"@type":"WebPage","@id":"https:\/\/aniakuczynska.com\/en\/product\/amante-rouge-apaszka-z-naturalnego-jedwabiu\/","url":"https:\/\/aniakuczynska.com\/en\/product\/amante-rouge-apaszka-z-naturalnego-jedwabiu\/","name":"Amante Rouge natural silk scarf - Ania Kuczy\u0144ska","isPartOf":{"@id":"https:\/\/aniakuczynska.com\/#website"},"primaryImageOfPage":{"@id":"https:\/\/aniakuczynska.com\/en\/product\/amante-rouge-apaszka-z-naturalnego-jedwabiu\/#primaryimage"},"image":{"@id":"https:\/\/aniakuczynska.com\/en\/product\/amante-rouge-apaszka-z-naturalnego-jedwabiu\/#primaryimage"},"thumbnailUrl":"https:\/\/aniakuczynska.com\/wp-content\/uploads\/2025\/04\/amante2-1.jpg","datePublished":"2025-04-23T09:55:26+00:00","dateModified":"2026-03-30T10:20:56+00:00","breadcrumb":{"@id":"https:\/\/aniakuczynska.com\/en\/product\/amante-rouge-apaszka-z-naturalnego-jedwabiu\/#breadcrumb"},"inLanguage":"en-US","potentialAction":[{"@type":"ReadAction","target":["https:\/\/aniakuczynska.com\/en\/product\/amante-rouge-apaszka-z-naturalnego-jedwabiu\/"]}]},{"@type":"ImageObject","inLanguage":"en-US","@id":"https:\/\/aniakuczynska.com\/en\/product\/amante-rouge-apaszka-z-naturalnego-jedwabiu\/#primaryimage","url":"https:\/\/aniakuczynska.com\/wp-content\/uploads\/2025\/04\/amante2-1.jpg","contentUrl":"https:\/\/aniakuczynska.com\/wp-content\/uploads\/2025\/04\/amante2-1.jpg","width":1125,"height":1500},{"@type":"BreadcrumbList","@id":"https:\/\/aniakuczynska.com\/en\/product\/amante-rouge-apaszka-z-naturalnego-jedwabiu\/#breadcrumb","itemListElement":[{"@type":"ListItem","position":1,"name":"Strona g\u0142\u00f3wna","item":"https:\/\/aniakuczynska.com\/en\/"},{"@type":"ListItem","position":2,"name":"Shop","item":"https:\/\/aniakuczynska.com\/en\/shop\/"},{"@type":"ListItem","position":3,"name":"Amante Rouge natural silk scarf"}]},{"@type":"WebSite","@id":"https:\/\/aniakuczynska.com\/#website","url":"https:\/\/aniakuczynska.com\/","name":"Ania Kuczy\u0144ska","description":"Ania Kuczy\u0144ska to jedna z najbardziej cenionych i rozpoznawalnych polskich projektantek mody. Tworzy mocn\u0105 i charakterystyczn\u0105 mark\u0119 \u2013 jej styl okre\u015blany jako ozdobny minimalizm jest ho\u0142dem dla szykownej i eleganckiej nonszalancji, charyzmatycznej kobieco\u015bci.","potentialAction":[{"@type":"SearchAction","target":{"@type":"EntryPoint","urlTemplate":"https:\/\/aniakuczynska.com\/?s={search_term_string}"},"query-input":{"@type":"PropertyValueSpecification","valueRequired":true,"valueName":"search_term_string"}}],"inLanguage":"en-US"}]}},"_links":{"self":[{"href":"https:\/\/aniakuczynska.com\/en\/wp-json\/wp\/v2\/product\/27557","targetHints":{"allow":["GET"]}}],"collection":[{"href":"https:\/\/aniakuczynska.com\/en\/wp-json\/wp\/v2\/product"}],"about":[{"href":"https:\/\/aniakuczynska.com\/en\/wp-json\/wp\/v2\/types\/product"}],"replies":[{"embeddable":true,"href":"https:\/\/aniakuczynska.com\/en\/wp-json\/wp\/v2\/comments?post=27557"}],"wp:featuredmedia":[{"embeddable":true,"href":"https:\/\/aniakuczynska.com\/en\/wp-json\/wp\/v2\/media\/27397"}],"wp:attachment":[{"href":"https:\/\/aniakuczynska.com\/en\/wp-json\/wp\/v2\/media?parent=27557"}],"wp:term":[{"taxonomy":"product_brand","embeddable":true,"href":"https:\/\/aniakuczynska.com\/en\/wp-json\/wp\/v2\/product_brand?post=27557"},{"taxonomy":"product_cat","embeddable":true,"href":"https:\/\/aniakuczynska.com\/en\/wp-json\/wp\/v2\/product_cat?post=27557"},{"taxonomy":"product_tag","embeddable":true,"href":"https:\/\/aniakuczynska.com\/en\/wp-json\/wp\/v2\/product_tag?post=27557"}],"curies":[{"name":"wp","href":"https:\/\/api.w.org\/{rel}","templated":true}]}}