{"id":26813,"date":"2025-02-24T09:36:24","date_gmt":"2025-03-02T18:26:31","guid":{"rendered":"https:\/\/aniakuczynska.com\/?post_type=product&#038;p=26813"},"modified":"2025-11-19T14:32:41","modified_gmt":"2025-11-19T14:32:41","slug":"santissima-botanical-perfumes","status":"publish","type":"product","link":"https:\/\/aniakuczynska.com\/en\/product\/santissima-botanical-perfumes\/","title":{"rendered":"Santissima botanical perfumes"},"content":{"rendered":"<p data-start=\"0\" data-end=\"149\">The perfume has a woody base with earthy and citrus notes. The fragrance is sensual, clears the mind, increases energy flow, and promotes meditation.<\/p>\n<p data-start=\"151\" data-end=\"403\">Santissima is of the masculine type, with fire as its element. The energy of the scent is bright and radiant. The perfume is inspired by the winged, fiery lion, the symbol of Venice, embodying its inner strength, charisma, pride, and passionate nature.<\/p>\n<p data-start=\"405\" data-end=\"645\">The botanical perfumes are made exclusively with plant-based ingredients, without the use of synthetics or preservatives in their production. They naturally harmonize with our skin and its temperature, giving the fragrance a personal touch.<\/p>\n<p data-start=\"647\" data-end=\"877\">Santissima has anti-inflammatory, antidepressant, antiseptic, and calming properties. The Incas used to burn Palo Santo during spiritual ceremonies, believing its smoke cleansed negative energies and attracted positive vibrations.<\/p>\n<p data-start=\"879\" data-end=\"1015\">Palo Santo gains its unique properties only after the natural death of the tree, leaving it in the ground for a period of 4 to 10 years.<\/p>\n<p data-start=\"1017\" data-end=\"1025\">Uniskes.<\/p>\n<p data-start=\"1027\" data-end=\"1042\">Made in Poland.<\/p>\n<p data-start=\"1044\" data-end=\"1060\">Capacity: 10 ml.<\/p>\n<p data-start=\"1062\" data-end=\"1097\">Important: 12 months after opening.<\/p>\n<p data-start=\"1099\" data-end=\"1153\" data-is-last-node=\"\" data-is-only-node=\"\">INCI: Simmondsia Chinensis Seed Oil, Parfum, Limonene.<\/p>\n","protected":false},"excerpt":{"rendered":"<p>The perfume has a woody base with earthy and citrus notes. The fragrance is sensual, clears the mind, increases energy flow, and promotes meditation. Santissima is of the masculine type, with fire as its element. The energy of the scent is bright and radiant. The perfume is inspired by the winged, fiery lion, the symbol [&hellip;]<\/p>\n","protected":false},"featured_media":29414,"comment_status":"open","ping_status":"closed","template":"","meta":{"_acf_changed":false},"product_brand":[],"product_cat":[273,350,256,355,276,255,295,367,364,275,254],"product_tag":[],"class_list":{"0":"post-26813","1":"product","2":"type-product","3":"status-publish","4":"has-post-thumbnail","6":"product_cat-accessories","7":"product_cat-beauty","8":"product_cat-clothes","9":"product_cat-man","10":"product_cat-new-arrivals-accessories","11":"product_cat-new-arrivals","12":"product_cat-new-vintage-eng","13":"product_cat-perfumes","14":"product_cat-perfumes-candles","15":"product_cat-small-accessories","16":"product_cat-woman","17":"pa_rozmiar-10-ml-en","19":"first","20":"instock","21":"shipping-taxable","22":"purchasable","23":"product-type-variable","24":"has-default-attributes"},"acf":[],"yoast_head":"<!-- This site is optimized with the Yoast SEO plugin v24.5 - https:\/\/yoast.com\/wordpress\/plugins\/seo\/ -->\n<title>Santissima botanical perfumes - Ania Kuczy\u0144ska<\/title>\n<meta name=\"robots\" content=\"index, follow, max-snippet:-1, max-image-preview:large, max-video-preview:-1\" \/>\n<link rel=\"canonical\" href=\"https:\/\/aniakuczynska.com\/en\/product\/santissima-botanical-perfumes\/\" \/>\n<meta property=\"og:locale\" content=\"en_US\" \/>\n<meta property=\"og:type\" content=\"article\" \/>\n<meta property=\"og:title\" content=\"Santissima botanical perfumes - Ania Kuczy\u0144ska\" \/>\n<meta property=\"og:description\" content=\"The perfume has a woody base with earthy and citrus notes. The fragrance is sensual, clears the mind, increases energy flow, and promotes meditation. Santissima is of the masculine type, with fire as its element. The energy of the scent is bright and radiant. The perfume is inspired by the winged, fiery lion, the symbol [&hellip;]\" \/>\n<meta property=\"og:url\" content=\"https:\/\/aniakuczynska.com\/en\/product\/santissima-botanical-perfumes\/\" \/>\n<meta property=\"og:site_name\" content=\"Ania Kuczy\u0144ska\" \/>\n<meta property=\"article:publisher\" content=\"https:\/\/www.facebook.com\/aniakuczynskaclothingbrand\/\" \/>\n<meta property=\"article:modified_time\" content=\"2025-11-19T14:32:41+00:00\" \/>\n<meta property=\"og:image\" content=\"https:\/\/aniakuczynska.com\/wp-content\/uploads\/2025\/02\/santissima_1-2.webp\" \/>\n\t<meta property=\"og:image:width\" content=\"1125\" \/>\n\t<meta property=\"og:image:height\" content=\"1500\" \/>\n\t<meta property=\"og:image:type\" content=\"image\/webp\" \/>\n<meta name=\"twitter:card\" content=\"summary_large_image\" \/>\n<meta name=\"twitter:label1\" content=\"Est. reading time\" \/>\n\t<meta name=\"twitter:data1\" content=\"2 minutes\" \/>\n<script type=\"application\/ld+json\" class=\"yoast-schema-graph\">{\"@context\":\"https:\/\/schema.org\",\"@graph\":[{\"@type\":\"WebPage\",\"@id\":\"https:\/\/aniakuczynska.com\/en\/product\/santissima-botanical-perfumes\/\",\"url\":\"https:\/\/aniakuczynska.com\/en\/product\/santissima-botanical-perfumes\/\",\"name\":\"Santissima botanical perfumes - Ania Kuczy\u0144ska\",\"isPartOf\":{\"@id\":\"https:\/\/aniakuczynska.com\/#website\"},\"primaryImageOfPage\":{\"@id\":\"https:\/\/aniakuczynska.com\/en\/product\/santissima-botanical-perfumes\/#primaryimage\"},\"image\":{\"@id\":\"https:\/\/aniakuczynska.com\/en\/product\/santissima-botanical-perfumes\/#primaryimage\"},\"thumbnailUrl\":\"https:\/\/aniakuczynska.com\/wp-content\/uploads\/2025\/02\/santissima_1-2.webp\",\"datePublished\":\"2025-03-02T18:26:31+00:00\",\"dateModified\":\"2025-11-19T14:32:41+00:00\",\"breadcrumb\":{\"@id\":\"https:\/\/aniakuczynska.com\/en\/product\/santissima-botanical-perfumes\/#breadcrumb\"},\"inLanguage\":\"en-US\",\"potentialAction\":[{\"@type\":\"ReadAction\",\"target\":[\"https:\/\/aniakuczynska.com\/en\/product\/santissima-botanical-perfumes\/\"]}]},{\"@type\":\"ImageObject\",\"inLanguage\":\"en-US\",\"@id\":\"https:\/\/aniakuczynska.com\/en\/product\/santissima-botanical-perfumes\/#primaryimage\",\"url\":\"https:\/\/aniakuczynska.com\/wp-content\/uploads\/2025\/02\/santissima_1-2.webp\",\"contentUrl\":\"https:\/\/aniakuczynska.com\/wp-content\/uploads\/2025\/02\/santissima_1-2.webp\",\"width\":1125,\"height\":1500},{\"@type\":\"BreadcrumbList\",\"@id\":\"https:\/\/aniakuczynska.com\/en\/product\/santissima-botanical-perfumes\/#breadcrumb\",\"itemListElement\":[{\"@type\":\"ListItem\",\"position\":1,\"name\":\"Strona g\u0142\u00f3wna\",\"item\":\"https:\/\/aniakuczynska.com\/en\/\"},{\"@type\":\"ListItem\",\"position\":2,\"name\":\"Shop\",\"item\":\"https:\/\/aniakuczynska.com\/en\/shop\/\"},{\"@type\":\"ListItem\",\"position\":3,\"name\":\"Santissima botanical perfumes\"}]},{\"@type\":\"WebSite\",\"@id\":\"https:\/\/aniakuczynska.com\/#website\",\"url\":\"https:\/\/aniakuczynska.com\/\",\"name\":\"Ania Kuczy\u0144ska\",\"description\":\"Ania Kuczy\u0144ska to jedna z najbardziej cenionych i rozpoznawalnych polskich projektantek mody. Tworzy mocn\u0105 i charakterystyczn\u0105 mark\u0119 \u2013 jej styl okre\u015blany jako ozdobny minimalizm jest ho\u0142dem dla szykownej i eleganckiej nonszalancji, charyzmatycznej kobieco\u015bci.\",\"potentialAction\":[{\"@type\":\"SearchAction\",\"target\":{\"@type\":\"EntryPoint\",\"urlTemplate\":\"https:\/\/aniakuczynska.com\/?s={search_term_string}\"},\"query-input\":{\"@type\":\"PropertyValueSpecification\",\"valueRequired\":true,\"valueName\":\"search_term_string\"}}],\"inLanguage\":\"en-US\"}]}<\/script>\n<!-- \/ Yoast SEO plugin. -->","yoast_head_json":{"title":"Santissima botanical perfumes - Ania Kuczy\u0144ska","robots":{"index":"index","follow":"follow","max-snippet":"max-snippet:-1","max-image-preview":"max-image-preview:large","max-video-preview":"max-video-preview:-1"},"canonical":"https:\/\/aniakuczynska.com\/en\/product\/santissima-botanical-perfumes\/","og_locale":"en_US","og_type":"article","og_title":"Santissima botanical perfumes - Ania Kuczy\u0144ska","og_description":"The perfume has a woody base with earthy and citrus notes. The fragrance is sensual, clears the mind, increases energy flow, and promotes meditation. Santissima is of the masculine type, with fire as its element. The energy of the scent is bright and radiant. The perfume is inspired by the winged, fiery lion, the symbol [&hellip;]","og_url":"https:\/\/aniakuczynska.com\/en\/product\/santissima-botanical-perfumes\/","og_site_name":"Ania Kuczy\u0144ska","article_publisher":"https:\/\/www.facebook.com\/aniakuczynskaclothingbrand\/","article_modified_time":"2025-11-19T14:32:41+00:00","og_image":[{"width":1125,"height":1500,"url":"https:\/\/aniakuczynska.com\/wp-content\/uploads\/2025\/02\/santissima_1-2.webp","type":"image\/webp"}],"twitter_card":"summary_large_image","twitter_misc":{"Est. reading time":"2 minutes"},"schema":{"@context":"https:\/\/schema.org","@graph":[{"@type":"WebPage","@id":"https:\/\/aniakuczynska.com\/en\/product\/santissima-botanical-perfumes\/","url":"https:\/\/aniakuczynska.com\/en\/product\/santissima-botanical-perfumes\/","name":"Santissima botanical perfumes - Ania Kuczy\u0144ska","isPartOf":{"@id":"https:\/\/aniakuczynska.com\/#website"},"primaryImageOfPage":{"@id":"https:\/\/aniakuczynska.com\/en\/product\/santissima-botanical-perfumes\/#primaryimage"},"image":{"@id":"https:\/\/aniakuczynska.com\/en\/product\/santissima-botanical-perfumes\/#primaryimage"},"thumbnailUrl":"https:\/\/aniakuczynska.com\/wp-content\/uploads\/2025\/02\/santissima_1-2.webp","datePublished":"2025-03-02T18:26:31+00:00","dateModified":"2025-11-19T14:32:41+00:00","breadcrumb":{"@id":"https:\/\/aniakuczynska.com\/en\/product\/santissima-botanical-perfumes\/#breadcrumb"},"inLanguage":"en-US","potentialAction":[{"@type":"ReadAction","target":["https:\/\/aniakuczynska.com\/en\/product\/santissima-botanical-perfumes\/"]}]},{"@type":"ImageObject","inLanguage":"en-US","@id":"https:\/\/aniakuczynska.com\/en\/product\/santissima-botanical-perfumes\/#primaryimage","url":"https:\/\/aniakuczynska.com\/wp-content\/uploads\/2025\/02\/santissima_1-2.webp","contentUrl":"https:\/\/aniakuczynska.com\/wp-content\/uploads\/2025\/02\/santissima_1-2.webp","width":1125,"height":1500},{"@type":"BreadcrumbList","@id":"https:\/\/aniakuczynska.com\/en\/product\/santissima-botanical-perfumes\/#breadcrumb","itemListElement":[{"@type":"ListItem","position":1,"name":"Strona g\u0142\u00f3wna","item":"https:\/\/aniakuczynska.com\/en\/"},{"@type":"ListItem","position":2,"name":"Shop","item":"https:\/\/aniakuczynska.com\/en\/shop\/"},{"@type":"ListItem","position":3,"name":"Santissima botanical perfumes"}]},{"@type":"WebSite","@id":"https:\/\/aniakuczynska.com\/#website","url":"https:\/\/aniakuczynska.com\/","name":"Ania Kuczy\u0144ska","description":"Ania Kuczy\u0144ska to jedna z najbardziej cenionych i rozpoznawalnych polskich projektantek mody. Tworzy mocn\u0105 i charakterystyczn\u0105 mark\u0119 \u2013 jej styl okre\u015blany jako ozdobny minimalizm jest ho\u0142dem dla szykownej i eleganckiej nonszalancji, charyzmatycznej kobieco\u015bci.","potentialAction":[{"@type":"SearchAction","target":{"@type":"EntryPoint","urlTemplate":"https:\/\/aniakuczynska.com\/?s={search_term_string}"},"query-input":{"@type":"PropertyValueSpecification","valueRequired":true,"valueName":"search_term_string"}}],"inLanguage":"en-US"}]}},"_links":{"self":[{"href":"https:\/\/aniakuczynska.com\/en\/wp-json\/wp\/v2\/product\/26813","targetHints":{"allow":["GET"]}}],"collection":[{"href":"https:\/\/aniakuczynska.com\/en\/wp-json\/wp\/v2\/product"}],"about":[{"href":"https:\/\/aniakuczynska.com\/en\/wp-json\/wp\/v2\/types\/product"}],"replies":[{"embeddable":true,"href":"https:\/\/aniakuczynska.com\/en\/wp-json\/wp\/v2\/comments?post=26813"}],"wp:featuredmedia":[{"embeddable":true,"href":"https:\/\/aniakuczynska.com\/en\/wp-json\/wp\/v2\/media\/29414"}],"wp:attachment":[{"href":"https:\/\/aniakuczynska.com\/en\/wp-json\/wp\/v2\/media?parent=26813"}],"wp:term":[{"taxonomy":"product_brand","embeddable":true,"href":"https:\/\/aniakuczynska.com\/en\/wp-json\/wp\/v2\/product_brand?post=26813"},{"taxonomy":"product_cat","embeddable":true,"href":"https:\/\/aniakuczynska.com\/en\/wp-json\/wp\/v2\/product_cat?post=26813"},{"taxonomy":"product_tag","embeddable":true,"href":"https:\/\/aniakuczynska.com\/en\/wp-json\/wp\/v2\/product_tag?post=26813"}],"curies":[{"name":"wp","href":"https:\/\/api.w.org\/{rel}","templated":true}]}}