{"id":26809,"date":"2025-02-24T10:04:35","date_gmt":"2025-03-02T18:25:40","guid":{"rendered":"https:\/\/aniakuczynska.com\/?post_type=product&#038;p=26809"},"modified":"2025-08-20T13:12:56","modified_gmt":"2025-08-20T13:12:56","slug":"terra-natural-scented-candle","status":"publish","type":"product","link":"https:\/\/aniakuczynska.com\/en\/product\/terra-natural-scented-candle\/","title":{"rendered":"Terra natural scented candle"},"content":{"rendered":"<p data-start=\"0\" data-end=\"122\">The candle has a woody base with earthy and herbal notes. The smoky, musky fragrance is sensual, grounding, and balancing.<\/p>\n<p data-start=\"124\" data-end=\"372\">Terra is of the feminine type, with Earth as its element and Saturn as its planet. It is inspired by Sicily and the symbolism of the island, regarded as a spiritual refuge, embodying the cosmos, happiness, beauty, order, perfection, and femininity.<\/p>\n<p data-start=\"374\" data-end=\"504\">The candles are made exclusively with plant-based ingredients, without the use of synthetics or preservatives in their production.<\/p>\n<p data-start=\"506\" data-end=\"543\">Contains: Pagostemon Cablin Leaf Oil.<\/p>\n<p data-start=\"545\" data-end=\"591\">Ingredients: soy wax, patchouli essential oil.<\/p>\n<p data-start=\"593\" data-end=\"599\" data-is-last-node=\"\" data-is-only-node=\"\">140 g.<\/p>\n","protected":false},"excerpt":{"rendered":"<p>The candle has a woody base with earthy and herbal notes. The smoky, musky fragrance is sensual, grounding, and balancing. Terra is of the feminine type, with Earth as its element and Saturn as its planet. It is inspired by Sicily and the symbolism of the island, regarded as a spiritual refuge, embodying the cosmos, [&hellip;]<\/p>\n","protected":false},"featured_media":27841,"comment_status":"open","ping_status":"closed","template":"","meta":{"_acf_changed":false},"product_brand":[],"product_cat":[273,350,368,256,355,255,276,295,364,275,254],"product_tag":[],"class_list":{"0":"post-26809","1":"product","2":"type-product","3":"status-publish","4":"has-post-thumbnail","6":"product_cat-accessories","7":"product_cat-beauty","8":"product_cat-candles","9":"product_cat-clothes","10":"product_cat-man","11":"product_cat-new-arrivals","12":"product_cat-new-arrivals-accessories","13":"product_cat-new-vintage-eng","14":"product_cat-perfumes-candles","15":"product_cat-small-accessories","16":"product_cat-woman","17":"pa_rozmiar-140-g-en","19":"first","20":"instock","21":"shipping-taxable","22":"purchasable","23":"product-type-variable","24":"has-default-attributes"},"acf":[],"yoast_head":"<!-- This site is optimized with the Yoast SEO plugin v24.5 - https:\/\/yoast.com\/wordpress\/plugins\/seo\/ -->\n<title>Terra natural scented candle - Ania Kuczy\u0144ska<\/title>\n<meta name=\"robots\" content=\"index, follow, max-snippet:-1, max-image-preview:large, max-video-preview:-1\" \/>\n<link rel=\"canonical\" href=\"https:\/\/aniakuczynska.com\/en\/product\/terra-natural-scented-candle\/\" \/>\n<meta property=\"og:locale\" content=\"en_US\" \/>\n<meta property=\"og:type\" content=\"article\" \/>\n<meta property=\"og:title\" content=\"Terra natural scented candle - Ania Kuczy\u0144ska\" \/>\n<meta property=\"og:description\" content=\"The candle has a woody base with earthy and herbal notes. The smoky, musky fragrance is sensual, grounding, and balancing. Terra is of the feminine type, with Earth as its element and Saturn as its planet. It is inspired by Sicily and the symbolism of the island, regarded as a spiritual refuge, embodying the cosmos, [&hellip;]\" \/>\n<meta property=\"og:url\" content=\"https:\/\/aniakuczynska.com\/en\/product\/terra-natural-scented-candle\/\" \/>\n<meta property=\"og:site_name\" content=\"Ania Kuczy\u0144ska\" \/>\n<meta property=\"article:publisher\" content=\"https:\/\/www.facebook.com\/aniakuczynskaclothingbrand\/\" \/>\n<meta property=\"article:modified_time\" content=\"2025-08-20T13:12:56+00:00\" \/>\n<meta property=\"og:image\" content=\"https:\/\/aniakuczynska.com\/wp-content\/uploads\/2025\/02\/terra_1.webp\" \/>\n\t<meta property=\"og:image:width\" content=\"1125\" \/>\n\t<meta property=\"og:image:height\" content=\"1500\" \/>\n\t<meta property=\"og:image:type\" content=\"image\/webp\" \/>\n<meta name=\"twitter:card\" content=\"summary_large_image\" \/>\n<meta name=\"twitter:label1\" content=\"Est. reading time\" \/>\n\t<meta name=\"twitter:data1\" content=\"2 minutes\" \/>\n<script type=\"application\/ld+json\" class=\"yoast-schema-graph\">{\"@context\":\"https:\/\/schema.org\",\"@graph\":[{\"@type\":\"WebPage\",\"@id\":\"https:\/\/aniakuczynska.com\/en\/product\/terra-natural-scented-candle\/\",\"url\":\"https:\/\/aniakuczynska.com\/en\/product\/terra-natural-scented-candle\/\",\"name\":\"Terra natural scented candle - Ania Kuczy\u0144ska\",\"isPartOf\":{\"@id\":\"https:\/\/aniakuczynska.com\/#website\"},\"primaryImageOfPage\":{\"@id\":\"https:\/\/aniakuczynska.com\/en\/product\/terra-natural-scented-candle\/#primaryimage\"},\"image\":{\"@id\":\"https:\/\/aniakuczynska.com\/en\/product\/terra-natural-scented-candle\/#primaryimage\"},\"thumbnailUrl\":\"https:\/\/aniakuczynska.com\/wp-content\/uploads\/2025\/02\/terra_1.webp\",\"datePublished\":\"2025-03-02T18:25:40+00:00\",\"dateModified\":\"2025-08-20T13:12:56+00:00\",\"breadcrumb\":{\"@id\":\"https:\/\/aniakuczynska.com\/en\/product\/terra-natural-scented-candle\/#breadcrumb\"},\"inLanguage\":\"en-US\",\"potentialAction\":[{\"@type\":\"ReadAction\",\"target\":[\"https:\/\/aniakuczynska.com\/en\/product\/terra-natural-scented-candle\/\"]}]},{\"@type\":\"ImageObject\",\"inLanguage\":\"en-US\",\"@id\":\"https:\/\/aniakuczynska.com\/en\/product\/terra-natural-scented-candle\/#primaryimage\",\"url\":\"https:\/\/aniakuczynska.com\/wp-content\/uploads\/2025\/02\/terra_1.webp\",\"contentUrl\":\"https:\/\/aniakuczynska.com\/wp-content\/uploads\/2025\/02\/terra_1.webp\",\"width\":1125,\"height\":1500},{\"@type\":\"BreadcrumbList\",\"@id\":\"https:\/\/aniakuczynska.com\/en\/product\/terra-natural-scented-candle\/#breadcrumb\",\"itemListElement\":[{\"@type\":\"ListItem\",\"position\":1,\"name\":\"Strona g\u0142\u00f3wna\",\"item\":\"https:\/\/aniakuczynska.com\/en\/\"},{\"@type\":\"ListItem\",\"position\":2,\"name\":\"Shop\",\"item\":\"https:\/\/aniakuczynska.com\/en\/shop\/\"},{\"@type\":\"ListItem\",\"position\":3,\"name\":\"Terra natural scented candle\"}]},{\"@type\":\"WebSite\",\"@id\":\"https:\/\/aniakuczynska.com\/#website\",\"url\":\"https:\/\/aniakuczynska.com\/\",\"name\":\"Ania Kuczy\u0144ska\",\"description\":\"Ania Kuczy\u0144ska to jedna z najbardziej cenionych i rozpoznawalnych polskich projektantek mody. Tworzy mocn\u0105 i charakterystyczn\u0105 mark\u0119 \u2013 jej styl okre\u015blany jako ozdobny minimalizm jest ho\u0142dem dla szykownej i eleganckiej nonszalancji, charyzmatycznej kobieco\u015bci.\",\"potentialAction\":[{\"@type\":\"SearchAction\",\"target\":{\"@type\":\"EntryPoint\",\"urlTemplate\":\"https:\/\/aniakuczynska.com\/?s={search_term_string}\"},\"query-input\":{\"@type\":\"PropertyValueSpecification\",\"valueRequired\":true,\"valueName\":\"search_term_string\"}}],\"inLanguage\":\"en-US\"}]}<\/script>\n<!-- \/ Yoast SEO plugin. -->","yoast_head_json":{"title":"Terra natural scented candle - Ania Kuczy\u0144ska","robots":{"index":"index","follow":"follow","max-snippet":"max-snippet:-1","max-image-preview":"max-image-preview:large","max-video-preview":"max-video-preview:-1"},"canonical":"https:\/\/aniakuczynska.com\/en\/product\/terra-natural-scented-candle\/","og_locale":"en_US","og_type":"article","og_title":"Terra natural scented candle - Ania Kuczy\u0144ska","og_description":"The candle has a woody base with earthy and herbal notes. The smoky, musky fragrance is sensual, grounding, and balancing. Terra is of the feminine type, with Earth as its element and Saturn as its planet. It is inspired by Sicily and the symbolism of the island, regarded as a spiritual refuge, embodying the cosmos, [&hellip;]","og_url":"https:\/\/aniakuczynska.com\/en\/product\/terra-natural-scented-candle\/","og_site_name":"Ania Kuczy\u0144ska","article_publisher":"https:\/\/www.facebook.com\/aniakuczynskaclothingbrand\/","article_modified_time":"2025-08-20T13:12:56+00:00","og_image":[{"width":1125,"height":1500,"url":"https:\/\/aniakuczynska.com\/wp-content\/uploads\/2025\/02\/terra_1.webp","type":"image\/webp"}],"twitter_card":"summary_large_image","twitter_misc":{"Est. reading time":"2 minutes"},"schema":{"@context":"https:\/\/schema.org","@graph":[{"@type":"WebPage","@id":"https:\/\/aniakuczynska.com\/en\/product\/terra-natural-scented-candle\/","url":"https:\/\/aniakuczynska.com\/en\/product\/terra-natural-scented-candle\/","name":"Terra natural scented candle - Ania Kuczy\u0144ska","isPartOf":{"@id":"https:\/\/aniakuczynska.com\/#website"},"primaryImageOfPage":{"@id":"https:\/\/aniakuczynska.com\/en\/product\/terra-natural-scented-candle\/#primaryimage"},"image":{"@id":"https:\/\/aniakuczynska.com\/en\/product\/terra-natural-scented-candle\/#primaryimage"},"thumbnailUrl":"https:\/\/aniakuczynska.com\/wp-content\/uploads\/2025\/02\/terra_1.webp","datePublished":"2025-03-02T18:25:40+00:00","dateModified":"2025-08-20T13:12:56+00:00","breadcrumb":{"@id":"https:\/\/aniakuczynska.com\/en\/product\/terra-natural-scented-candle\/#breadcrumb"},"inLanguage":"en-US","potentialAction":[{"@type":"ReadAction","target":["https:\/\/aniakuczynska.com\/en\/product\/terra-natural-scented-candle\/"]}]},{"@type":"ImageObject","inLanguage":"en-US","@id":"https:\/\/aniakuczynska.com\/en\/product\/terra-natural-scented-candle\/#primaryimage","url":"https:\/\/aniakuczynska.com\/wp-content\/uploads\/2025\/02\/terra_1.webp","contentUrl":"https:\/\/aniakuczynska.com\/wp-content\/uploads\/2025\/02\/terra_1.webp","width":1125,"height":1500},{"@type":"BreadcrumbList","@id":"https:\/\/aniakuczynska.com\/en\/product\/terra-natural-scented-candle\/#breadcrumb","itemListElement":[{"@type":"ListItem","position":1,"name":"Strona g\u0142\u00f3wna","item":"https:\/\/aniakuczynska.com\/en\/"},{"@type":"ListItem","position":2,"name":"Shop","item":"https:\/\/aniakuczynska.com\/en\/shop\/"},{"@type":"ListItem","position":3,"name":"Terra natural scented candle"}]},{"@type":"WebSite","@id":"https:\/\/aniakuczynska.com\/#website","url":"https:\/\/aniakuczynska.com\/","name":"Ania Kuczy\u0144ska","description":"Ania Kuczy\u0144ska to jedna z najbardziej cenionych i rozpoznawalnych polskich projektantek mody. Tworzy mocn\u0105 i charakterystyczn\u0105 mark\u0119 \u2013 jej styl okre\u015blany jako ozdobny minimalizm jest ho\u0142dem dla szykownej i eleganckiej nonszalancji, charyzmatycznej kobieco\u015bci.","potentialAction":[{"@type":"SearchAction","target":{"@type":"EntryPoint","urlTemplate":"https:\/\/aniakuczynska.com\/?s={search_term_string}"},"query-input":{"@type":"PropertyValueSpecification","valueRequired":true,"valueName":"search_term_string"}}],"inLanguage":"en-US"}]}},"_links":{"self":[{"href":"https:\/\/aniakuczynska.com\/en\/wp-json\/wp\/v2\/product\/26809","targetHints":{"allow":["GET"]}}],"collection":[{"href":"https:\/\/aniakuczynska.com\/en\/wp-json\/wp\/v2\/product"}],"about":[{"href":"https:\/\/aniakuczynska.com\/en\/wp-json\/wp\/v2\/types\/product"}],"replies":[{"embeddable":true,"href":"https:\/\/aniakuczynska.com\/en\/wp-json\/wp\/v2\/comments?post=26809"}],"wp:featuredmedia":[{"embeddable":true,"href":"https:\/\/aniakuczynska.com\/en\/wp-json\/wp\/v2\/media\/27841"}],"wp:attachment":[{"href":"https:\/\/aniakuczynska.com\/en\/wp-json\/wp\/v2\/media?parent=26809"}],"wp:term":[{"taxonomy":"product_brand","embeddable":true,"href":"https:\/\/aniakuczynska.com\/en\/wp-json\/wp\/v2\/product_brand?post=26809"},{"taxonomy":"product_cat","embeddable":true,"href":"https:\/\/aniakuczynska.com\/en\/wp-json\/wp\/v2\/product_cat?post=26809"},{"taxonomy":"product_tag","embeddable":true,"href":"https:\/\/aniakuczynska.com\/en\/wp-json\/wp\/v2\/product_tag?post=26809"}],"curies":[{"name":"wp","href":"https:\/\/api.w.org\/{rel}","templated":true}]}}