{"id":25224,"date":"2024-10-11T13:37:14","date_gmt":"2024-10-16T08:47:07","guid":{"rendered":"https:\/\/aniakuczynska.com\/?post_type=product&#038;p=25224"},"modified":"2025-08-06T11:29:50","modified_gmt":"2025-08-06T11:29:50","slug":"obierz-mi-lotos-charmian-clift","status":"publish","type":"product","link":"https:\/\/aniakuczynska.com\/en\/product\/obierz-mi-lotos-charmian-clift\/","title":{"rendered":"Obierz Mi Lotos \/ Charmian Clift"},"content":{"rendered":"<p>In 1954, the Australian writers Charmian Clift and George Johnston left the grey post-war London for Greece. Settling first on the tiny island of Kalymnos and then on Hydra, where they bought a house, their plan was simple: to live simply and focus on creating, far from the hustle and bustle of the big city. In the meantime, they struggled with the chaos of home life and three children, while also becoming the centre of an informal community of artists and writers. This group was later joined by Leonard Cohen, who became their lodger, and his girlfriend Marianne Ihlen.<\/p>\n<p>\u201cThey drank more than most, wrote more, got sick more often, got well more often, cursed more often, blessed more often and helped much more. They were an inspiration,\u201d is how Cohen later described Clift and Johnston.<\/p>\n<p>Obierz mi lotos is a classic of travel literature, a beautiful story about Hydra bathed in sunlight, first published in Poland. \u015apiew syreny will soon be published.<\/p>\n<p>Author: Charmian Clift<\/p>\n<p>Translation: Anna Gralak<\/p>\n<p>Illustrations: Grzegorz Pola\u0144ski<\/p>\n<p>Paperback<\/p>\n<p>Pages: 252<\/p>\n<p>Format: 130 x 200 mm<\/p>\n","protected":false},"excerpt":{"rendered":"<p>In 1954, the Australian writers Charmian Clift and George Johnston left the grey post-war London for Greece. Settling first on the tiny island of Kalymnos and then on Hydra, where they bought a house, their plan was simple: to live simply and focus on creating, far from the hustle and bustle of the big city. [&hellip;]<\/p>\n","protected":false},"featured_media":25127,"comment_status":"open","ping_status":"closed","template":"","meta":{"_acf_changed":false},"product_brand":[],"product_cat":[291],"product_tag":[],"class_list":{"0":"post-25224","1":"product","2":"type-product","3":"status-publish","4":"has-post-thumbnail","6":"product_cat-uncategorized-en","7":"pa_rozmiar-onesize-en","9":"first","10":"outofstock","11":"shipping-taxable","12":"purchasable","13":"product-type-variable","14":"has-default-attributes"},"acf":[],"yoast_head":"<!-- This site is optimized with the Yoast SEO plugin v24.5 - https:\/\/yoast.com\/wordpress\/plugins\/seo\/ -->\n<title>Obierz Mi Lotos \/ Charmian Clift - Ania Kuczy\u0144ska<\/title>\n<meta name=\"robots\" content=\"index, follow, max-snippet:-1, max-image-preview:large, max-video-preview:-1\" \/>\n<link rel=\"canonical\" href=\"https:\/\/aniakuczynska.com\/en\/product\/obierz-mi-lotos-charmian-clift\/\" \/>\n<meta property=\"og:locale\" content=\"en_US\" \/>\n<meta property=\"og:type\" content=\"article\" \/>\n<meta property=\"og:title\" content=\"Obierz Mi Lotos \/ Charmian Clift - Ania Kuczy\u0144ska\" \/>\n<meta property=\"og:description\" content=\"In 1954, the Australian writers Charmian Clift and George Johnston left the grey post-war London for Greece. Settling first on the tiny island of Kalymnos and then on Hydra, where they bought a house, their plan was simple: to live simply and focus on creating, far from the hustle and bustle of the big city. [&hellip;]\" \/>\n<meta property=\"og:url\" content=\"https:\/\/aniakuczynska.com\/en\/product\/obierz-mi-lotos-charmian-clift\/\" \/>\n<meta property=\"og:site_name\" content=\"Ania Kuczy\u0144ska\" \/>\n<meta property=\"article:publisher\" content=\"https:\/\/www.facebook.com\/aniakuczynskaclothingbrand\/\" \/>\n<meta property=\"article:modified_time\" content=\"2025-08-06T11:29:50+00:00\" \/>\n<meta property=\"og:image\" content=\"https:\/\/aniakuczynska.com\/wp-content\/uploads\/2024\/10\/odbierz.png\" \/>\n\t<meta property=\"og:image:width\" content=\"1125\" \/>\n\t<meta property=\"og:image:height\" content=\"1500\" \/>\n\t<meta property=\"og:image:type\" content=\"image\/png\" \/>\n<meta name=\"twitter:card\" content=\"summary_large_image\" \/>\n<meta name=\"twitter:label1\" content=\"Est. reading time\" \/>\n\t<meta name=\"twitter:data1\" content=\"2 minutes\" \/>\n<script type=\"application\/ld+json\" class=\"yoast-schema-graph\">{\"@context\":\"https:\/\/schema.org\",\"@graph\":[{\"@type\":\"WebPage\",\"@id\":\"https:\/\/aniakuczynska.com\/en\/product\/obierz-mi-lotos-charmian-clift\/\",\"url\":\"https:\/\/aniakuczynska.com\/en\/product\/obierz-mi-lotos-charmian-clift\/\",\"name\":\"Obierz Mi Lotos \/ Charmian Clift - Ania Kuczy\u0144ska\",\"isPartOf\":{\"@id\":\"https:\/\/aniakuczynska.com\/#website\"},\"primaryImageOfPage\":{\"@id\":\"https:\/\/aniakuczynska.com\/en\/product\/obierz-mi-lotos-charmian-clift\/#primaryimage\"},\"image\":{\"@id\":\"https:\/\/aniakuczynska.com\/en\/product\/obierz-mi-lotos-charmian-clift\/#primaryimage\"},\"thumbnailUrl\":\"https:\/\/aniakuczynska.com\/wp-content\/uploads\/2024\/10\/odbierz.png\",\"datePublished\":\"2024-10-16T08:47:07+00:00\",\"dateModified\":\"2025-08-06T11:29:50+00:00\",\"breadcrumb\":{\"@id\":\"https:\/\/aniakuczynska.com\/en\/product\/obierz-mi-lotos-charmian-clift\/#breadcrumb\"},\"inLanguage\":\"en-US\",\"potentialAction\":[{\"@type\":\"ReadAction\",\"target\":[\"https:\/\/aniakuczynska.com\/en\/product\/obierz-mi-lotos-charmian-clift\/\"]}]},{\"@type\":\"ImageObject\",\"inLanguage\":\"en-US\",\"@id\":\"https:\/\/aniakuczynska.com\/en\/product\/obierz-mi-lotos-charmian-clift\/#primaryimage\",\"url\":\"https:\/\/aniakuczynska.com\/wp-content\/uploads\/2024\/10\/odbierz.png\",\"contentUrl\":\"https:\/\/aniakuczynska.com\/wp-content\/uploads\/2024\/10\/odbierz.png\",\"width\":1125,\"height\":1500},{\"@type\":\"BreadcrumbList\",\"@id\":\"https:\/\/aniakuczynska.com\/en\/product\/obierz-mi-lotos-charmian-clift\/#breadcrumb\",\"itemListElement\":[{\"@type\":\"ListItem\",\"position\":1,\"name\":\"Strona g\u0142\u00f3wna\",\"item\":\"https:\/\/aniakuczynska.com\/en\/\"},{\"@type\":\"ListItem\",\"position\":2,\"name\":\"Shop\",\"item\":\"https:\/\/aniakuczynska.com\/en\/shop\/\"},{\"@type\":\"ListItem\",\"position\":3,\"name\":\"Obierz Mi Lotos \/ Charmian Clift\"}]},{\"@type\":\"WebSite\",\"@id\":\"https:\/\/aniakuczynska.com\/#website\",\"url\":\"https:\/\/aniakuczynska.com\/\",\"name\":\"Ania Kuczy\u0144ska\",\"description\":\"Ania Kuczy\u0144ska to jedna z najbardziej cenionych i rozpoznawalnych polskich projektantek mody. Tworzy mocn\u0105 i charakterystyczn\u0105 mark\u0119 \u2013 jej styl okre\u015blany jako ozdobny minimalizm jest ho\u0142dem dla szykownej i eleganckiej nonszalancji, charyzmatycznej kobieco\u015bci.\",\"potentialAction\":[{\"@type\":\"SearchAction\",\"target\":{\"@type\":\"EntryPoint\",\"urlTemplate\":\"https:\/\/aniakuczynska.com\/?s={search_term_string}\"},\"query-input\":{\"@type\":\"PropertyValueSpecification\",\"valueRequired\":true,\"valueName\":\"search_term_string\"}}],\"inLanguage\":\"en-US\"}]}<\/script>\n<!-- \/ Yoast SEO plugin. -->","yoast_head_json":{"title":"Obierz Mi Lotos \/ Charmian Clift - Ania Kuczy\u0144ska","robots":{"index":"index","follow":"follow","max-snippet":"max-snippet:-1","max-image-preview":"max-image-preview:large","max-video-preview":"max-video-preview:-1"},"canonical":"https:\/\/aniakuczynska.com\/en\/product\/obierz-mi-lotos-charmian-clift\/","og_locale":"en_US","og_type":"article","og_title":"Obierz Mi Lotos \/ Charmian Clift - Ania Kuczy\u0144ska","og_description":"In 1954, the Australian writers Charmian Clift and George Johnston left the grey post-war London for Greece. Settling first on the tiny island of Kalymnos and then on Hydra, where they bought a house, their plan was simple: to live simply and focus on creating, far from the hustle and bustle of the big city. [&hellip;]","og_url":"https:\/\/aniakuczynska.com\/en\/product\/obierz-mi-lotos-charmian-clift\/","og_site_name":"Ania Kuczy\u0144ska","article_publisher":"https:\/\/www.facebook.com\/aniakuczynskaclothingbrand\/","article_modified_time":"2025-08-06T11:29:50+00:00","og_image":[{"width":1125,"height":1500,"url":"https:\/\/aniakuczynska.com\/wp-content\/uploads\/2024\/10\/odbierz.png","type":"image\/png"}],"twitter_card":"summary_large_image","twitter_misc":{"Est. reading time":"2 minutes"},"schema":{"@context":"https:\/\/schema.org","@graph":[{"@type":"WebPage","@id":"https:\/\/aniakuczynska.com\/en\/product\/obierz-mi-lotos-charmian-clift\/","url":"https:\/\/aniakuczynska.com\/en\/product\/obierz-mi-lotos-charmian-clift\/","name":"Obierz Mi Lotos \/ Charmian Clift - Ania Kuczy\u0144ska","isPartOf":{"@id":"https:\/\/aniakuczynska.com\/#website"},"primaryImageOfPage":{"@id":"https:\/\/aniakuczynska.com\/en\/product\/obierz-mi-lotos-charmian-clift\/#primaryimage"},"image":{"@id":"https:\/\/aniakuczynska.com\/en\/product\/obierz-mi-lotos-charmian-clift\/#primaryimage"},"thumbnailUrl":"https:\/\/aniakuczynska.com\/wp-content\/uploads\/2024\/10\/odbierz.png","datePublished":"2024-10-16T08:47:07+00:00","dateModified":"2025-08-06T11:29:50+00:00","breadcrumb":{"@id":"https:\/\/aniakuczynska.com\/en\/product\/obierz-mi-lotos-charmian-clift\/#breadcrumb"},"inLanguage":"en-US","potentialAction":[{"@type":"ReadAction","target":["https:\/\/aniakuczynska.com\/en\/product\/obierz-mi-lotos-charmian-clift\/"]}]},{"@type":"ImageObject","inLanguage":"en-US","@id":"https:\/\/aniakuczynska.com\/en\/product\/obierz-mi-lotos-charmian-clift\/#primaryimage","url":"https:\/\/aniakuczynska.com\/wp-content\/uploads\/2024\/10\/odbierz.png","contentUrl":"https:\/\/aniakuczynska.com\/wp-content\/uploads\/2024\/10\/odbierz.png","width":1125,"height":1500},{"@type":"BreadcrumbList","@id":"https:\/\/aniakuczynska.com\/en\/product\/obierz-mi-lotos-charmian-clift\/#breadcrumb","itemListElement":[{"@type":"ListItem","position":1,"name":"Strona g\u0142\u00f3wna","item":"https:\/\/aniakuczynska.com\/en\/"},{"@type":"ListItem","position":2,"name":"Shop","item":"https:\/\/aniakuczynska.com\/en\/shop\/"},{"@type":"ListItem","position":3,"name":"Obierz Mi Lotos \/ Charmian Clift"}]},{"@type":"WebSite","@id":"https:\/\/aniakuczynska.com\/#website","url":"https:\/\/aniakuczynska.com\/","name":"Ania Kuczy\u0144ska","description":"Ania Kuczy\u0144ska to jedna z najbardziej cenionych i rozpoznawalnych polskich projektantek mody. Tworzy mocn\u0105 i charakterystyczn\u0105 mark\u0119 \u2013 jej styl okre\u015blany jako ozdobny minimalizm jest ho\u0142dem dla szykownej i eleganckiej nonszalancji, charyzmatycznej kobieco\u015bci.","potentialAction":[{"@type":"SearchAction","target":{"@type":"EntryPoint","urlTemplate":"https:\/\/aniakuczynska.com\/?s={search_term_string}"},"query-input":{"@type":"PropertyValueSpecification","valueRequired":true,"valueName":"search_term_string"}}],"inLanguage":"en-US"}]}},"_links":{"self":[{"href":"https:\/\/aniakuczynska.com\/en\/wp-json\/wp\/v2\/product\/25224","targetHints":{"allow":["GET"]}}],"collection":[{"href":"https:\/\/aniakuczynska.com\/en\/wp-json\/wp\/v2\/product"}],"about":[{"href":"https:\/\/aniakuczynska.com\/en\/wp-json\/wp\/v2\/types\/product"}],"replies":[{"embeddable":true,"href":"https:\/\/aniakuczynska.com\/en\/wp-json\/wp\/v2\/comments?post=25224"}],"wp:featuredmedia":[{"embeddable":true,"href":"https:\/\/aniakuczynska.com\/en\/wp-json\/wp\/v2\/media\/25127"}],"wp:attachment":[{"href":"https:\/\/aniakuczynska.com\/en\/wp-json\/wp\/v2\/media?parent=25224"}],"wp:term":[{"taxonomy":"product_brand","embeddable":true,"href":"https:\/\/aniakuczynska.com\/en\/wp-json\/wp\/v2\/product_brand?post=25224"},{"taxonomy":"product_cat","embeddable":true,"href":"https:\/\/aniakuczynska.com\/en\/wp-json\/wp\/v2\/product_cat?post=25224"},{"taxonomy":"product_tag","embeddable":true,"href":"https:\/\/aniakuczynska.com\/en\/wp-json\/wp\/v2\/product_tag?post=25224"}],"curies":[{"name":"wp","href":"https:\/\/api.w.org\/{rel}","templated":true}]}}