{"id":24937,"date":"2024-09-18T13:22:57","date_gmt":"2024-10-03T09:52:45","guid":{"rendered":"https:\/\/aniakuczynska.com\/?post_type=product&#038;p=24937"},"modified":"2025-08-06T11:38:55","modified_gmt":"2025-08-06T11:38:55","slug":"libra-noir-komin-blend-welny-z-kaszmirem","status":"publish","type":"product","link":"https:\/\/aniakuczynska.com\/en\/product\/libra-noir-komin-blend-welny-z-kaszmirem\/","title":{"rendered":"Libra Noir snood \/\/ wool and cashmere blend"},"content":{"rendered":"<p>The snood made of wool and cashmere is the perfect combination of warmth and luxury. The soft and tactile fabric provides exceptional comfort and effective protection against the cold. The elegant structure of the snood makes it not only practical but also stylish, providing the perfect complement to any winter wardrobe.<\/p>\n<p>\u2013The brand\u2019s clothing and accessories are produced in Poland with a reduced carbon footprint.<\/p>\n<p>\u2013Fabrics and accessories are produced in Europe.<\/p>\n<p>\u2013The packaging is 100% biodegradable.<\/p>\n<p>Shop consciously and LOVE our Planet.<\/p>\n","protected":false},"excerpt":{"rendered":"<p>The snood made of wool and cashmere is the perfect combination of warmth and luxury. The soft and tactile fabric provides exceptional comfort and effective protection against the cold. The elegant structure of the snood makes it not only practical but also stylish, providing the perfect complement to any winter wardrobe. \u2013The brand\u2019s clothing and [&hellip;]<\/p>\n","protected":false},"featured_media":26013,"comment_status":"open","ping_status":"closed","template":"","meta":{"_acf_changed":false},"product_brand":[],"product_cat":[273,256,295,275,254],"product_tag":[],"class_list":{"0":"post-24937","1":"product","2":"type-product","3":"status-publish","4":"has-post-thumbnail","6":"product_cat-accessories","7":"product_cat-clothes","8":"product_cat-new-vintage-eng","9":"product_cat-small-accessories","10":"product_cat-woman","11":"pa_rozmiar-onesize-en","13":"first","14":"instock","15":"shipping-taxable","16":"purchasable","17":"product-type-variable","18":"has-default-attributes"},"acf":[],"yoast_head":"<!-- This site is optimized with the Yoast SEO plugin v24.5 - https:\/\/yoast.com\/wordpress\/plugins\/seo\/ -->\n<title>Libra Noir snood \/\/ wool and cashmere blend - Ania Kuczy\u0144ska<\/title>\n<meta name=\"robots\" content=\"index, follow, max-snippet:-1, max-image-preview:large, max-video-preview:-1\" \/>\n<link rel=\"canonical\" href=\"https:\/\/aniakuczynska.com\/en\/product\/libra-noir-komin-blend-welny-z-kaszmirem\/\" \/>\n<meta property=\"og:locale\" content=\"en_US\" \/>\n<meta property=\"og:type\" content=\"article\" \/>\n<meta property=\"og:title\" content=\"Libra Noir snood \/\/ wool and cashmere blend - Ania Kuczy\u0144ska\" \/>\n<meta property=\"og:description\" content=\"The snood made of wool and cashmere is the perfect combination of warmth and luxury. The soft and tactile fabric provides exceptional comfort and effective protection against the cold. The elegant structure of the snood makes it not only practical but also stylish, providing the perfect complement to any winter wardrobe. \u2013The brand\u2019s clothing and [&hellip;]\" \/>\n<meta property=\"og:url\" content=\"https:\/\/aniakuczynska.com\/en\/product\/libra-noir-komin-blend-welny-z-kaszmirem\/\" \/>\n<meta property=\"og:site_name\" content=\"Ania Kuczy\u0144ska\" \/>\n<meta property=\"article:publisher\" content=\"https:\/\/www.facebook.com\/aniakuczynskaclothingbrand\/\" \/>\n<meta property=\"article:modified_time\" content=\"2025-08-06T11:38:55+00:00\" \/>\n<meta property=\"og:image\" content=\"https:\/\/aniakuczynska.com\/wp-content\/uploads\/2024\/11\/13_11_24_AniaKuczynska3151.jpg\" \/>\n\t<meta property=\"og:image:width\" content=\"1333\" \/>\n\t<meta property=\"og:image:height\" content=\"2000\" \/>\n\t<meta property=\"og:image:type\" content=\"image\/jpeg\" \/>\n<meta name=\"twitter:card\" content=\"summary_large_image\" \/>\n<meta name=\"twitter:label1\" content=\"Est. reading time\" \/>\n\t<meta name=\"twitter:data1\" content=\"2 minutes\" \/>\n<script type=\"application\/ld+json\" class=\"yoast-schema-graph\">{\"@context\":\"https:\/\/schema.org\",\"@graph\":[{\"@type\":\"WebPage\",\"@id\":\"https:\/\/aniakuczynska.com\/en\/product\/libra-noir-komin-blend-welny-z-kaszmirem\/\",\"url\":\"https:\/\/aniakuczynska.com\/en\/product\/libra-noir-komin-blend-welny-z-kaszmirem\/\",\"name\":\"Libra Noir snood \/\/ wool and cashmere blend - Ania Kuczy\u0144ska\",\"isPartOf\":{\"@id\":\"https:\/\/aniakuczynska.com\/#website\"},\"primaryImageOfPage\":{\"@id\":\"https:\/\/aniakuczynska.com\/en\/product\/libra-noir-komin-blend-welny-z-kaszmirem\/#primaryimage\"},\"image\":{\"@id\":\"https:\/\/aniakuczynska.com\/en\/product\/libra-noir-komin-blend-welny-z-kaszmirem\/#primaryimage\"},\"thumbnailUrl\":\"https:\/\/aniakuczynska.com\/wp-content\/uploads\/2024\/11\/13_11_24_AniaKuczynska3151.jpg\",\"datePublished\":\"2024-10-03T09:52:45+00:00\",\"dateModified\":\"2025-08-06T11:38:55+00:00\",\"breadcrumb\":{\"@id\":\"https:\/\/aniakuczynska.com\/en\/product\/libra-noir-komin-blend-welny-z-kaszmirem\/#breadcrumb\"},\"inLanguage\":\"en-US\",\"potentialAction\":[{\"@type\":\"ReadAction\",\"target\":[\"https:\/\/aniakuczynska.com\/en\/product\/libra-noir-komin-blend-welny-z-kaszmirem\/\"]}]},{\"@type\":\"ImageObject\",\"inLanguage\":\"en-US\",\"@id\":\"https:\/\/aniakuczynska.com\/en\/product\/libra-noir-komin-blend-welny-z-kaszmirem\/#primaryimage\",\"url\":\"https:\/\/aniakuczynska.com\/wp-content\/uploads\/2024\/11\/13_11_24_AniaKuczynska3151.jpg\",\"contentUrl\":\"https:\/\/aniakuczynska.com\/wp-content\/uploads\/2024\/11\/13_11_24_AniaKuczynska3151.jpg\",\"width\":1333,\"height\":2000},{\"@type\":\"BreadcrumbList\",\"@id\":\"https:\/\/aniakuczynska.com\/en\/product\/libra-noir-komin-blend-welny-z-kaszmirem\/#breadcrumb\",\"itemListElement\":[{\"@type\":\"ListItem\",\"position\":1,\"name\":\"Strona g\u0142\u00f3wna\",\"item\":\"https:\/\/aniakuczynska.com\/en\/\"},{\"@type\":\"ListItem\",\"position\":2,\"name\":\"Shop\",\"item\":\"https:\/\/aniakuczynska.com\/en\/shop\/\"},{\"@type\":\"ListItem\",\"position\":3,\"name\":\"Libra Noir snood \/\/ wool and cashmere blend\"}]},{\"@type\":\"WebSite\",\"@id\":\"https:\/\/aniakuczynska.com\/#website\",\"url\":\"https:\/\/aniakuczynska.com\/\",\"name\":\"Ania Kuczy\u0144ska\",\"description\":\"Ania Kuczy\u0144ska to jedna z najbardziej cenionych i rozpoznawalnych polskich projektantek mody. Tworzy mocn\u0105 i charakterystyczn\u0105 mark\u0119 \u2013 jej styl okre\u015blany jako ozdobny minimalizm jest ho\u0142dem dla szykownej i eleganckiej nonszalancji, charyzmatycznej kobieco\u015bci.\",\"potentialAction\":[{\"@type\":\"SearchAction\",\"target\":{\"@type\":\"EntryPoint\",\"urlTemplate\":\"https:\/\/aniakuczynska.com\/?s={search_term_string}\"},\"query-input\":{\"@type\":\"PropertyValueSpecification\",\"valueRequired\":true,\"valueName\":\"search_term_string\"}}],\"inLanguage\":\"en-US\"}]}<\/script>\n<!-- \/ Yoast SEO plugin. -->","yoast_head_json":{"title":"Libra Noir snood \/\/ wool and cashmere blend - Ania Kuczy\u0144ska","robots":{"index":"index","follow":"follow","max-snippet":"max-snippet:-1","max-image-preview":"max-image-preview:large","max-video-preview":"max-video-preview:-1"},"canonical":"https:\/\/aniakuczynska.com\/en\/product\/libra-noir-komin-blend-welny-z-kaszmirem\/","og_locale":"en_US","og_type":"article","og_title":"Libra Noir snood \/\/ wool and cashmere blend - Ania Kuczy\u0144ska","og_description":"The snood made of wool and cashmere is the perfect combination of warmth and luxury. The soft and tactile fabric provides exceptional comfort and effective protection against the cold. The elegant structure of the snood makes it not only practical but also stylish, providing the perfect complement to any winter wardrobe. \u2013The brand\u2019s clothing and [&hellip;]","og_url":"https:\/\/aniakuczynska.com\/en\/product\/libra-noir-komin-blend-welny-z-kaszmirem\/","og_site_name":"Ania Kuczy\u0144ska","article_publisher":"https:\/\/www.facebook.com\/aniakuczynskaclothingbrand\/","article_modified_time":"2025-08-06T11:38:55+00:00","og_image":[{"width":1333,"height":2000,"url":"https:\/\/aniakuczynska.com\/wp-content\/uploads\/2024\/11\/13_11_24_AniaKuczynska3151.jpg","type":"image\/jpeg"}],"twitter_card":"summary_large_image","twitter_misc":{"Est. reading time":"2 minutes"},"schema":{"@context":"https:\/\/schema.org","@graph":[{"@type":"WebPage","@id":"https:\/\/aniakuczynska.com\/en\/product\/libra-noir-komin-blend-welny-z-kaszmirem\/","url":"https:\/\/aniakuczynska.com\/en\/product\/libra-noir-komin-blend-welny-z-kaszmirem\/","name":"Libra Noir snood \/\/ wool and cashmere blend - Ania Kuczy\u0144ska","isPartOf":{"@id":"https:\/\/aniakuczynska.com\/#website"},"primaryImageOfPage":{"@id":"https:\/\/aniakuczynska.com\/en\/product\/libra-noir-komin-blend-welny-z-kaszmirem\/#primaryimage"},"image":{"@id":"https:\/\/aniakuczynska.com\/en\/product\/libra-noir-komin-blend-welny-z-kaszmirem\/#primaryimage"},"thumbnailUrl":"https:\/\/aniakuczynska.com\/wp-content\/uploads\/2024\/11\/13_11_24_AniaKuczynska3151.jpg","datePublished":"2024-10-03T09:52:45+00:00","dateModified":"2025-08-06T11:38:55+00:00","breadcrumb":{"@id":"https:\/\/aniakuczynska.com\/en\/product\/libra-noir-komin-blend-welny-z-kaszmirem\/#breadcrumb"},"inLanguage":"en-US","potentialAction":[{"@type":"ReadAction","target":["https:\/\/aniakuczynska.com\/en\/product\/libra-noir-komin-blend-welny-z-kaszmirem\/"]}]},{"@type":"ImageObject","inLanguage":"en-US","@id":"https:\/\/aniakuczynska.com\/en\/product\/libra-noir-komin-blend-welny-z-kaszmirem\/#primaryimage","url":"https:\/\/aniakuczynska.com\/wp-content\/uploads\/2024\/11\/13_11_24_AniaKuczynska3151.jpg","contentUrl":"https:\/\/aniakuczynska.com\/wp-content\/uploads\/2024\/11\/13_11_24_AniaKuczynska3151.jpg","width":1333,"height":2000},{"@type":"BreadcrumbList","@id":"https:\/\/aniakuczynska.com\/en\/product\/libra-noir-komin-blend-welny-z-kaszmirem\/#breadcrumb","itemListElement":[{"@type":"ListItem","position":1,"name":"Strona g\u0142\u00f3wna","item":"https:\/\/aniakuczynska.com\/en\/"},{"@type":"ListItem","position":2,"name":"Shop","item":"https:\/\/aniakuczynska.com\/en\/shop\/"},{"@type":"ListItem","position":3,"name":"Libra Noir snood \/\/ wool and cashmere blend"}]},{"@type":"WebSite","@id":"https:\/\/aniakuczynska.com\/#website","url":"https:\/\/aniakuczynska.com\/","name":"Ania Kuczy\u0144ska","description":"Ania Kuczy\u0144ska to jedna z najbardziej cenionych i rozpoznawalnych polskich projektantek mody. Tworzy mocn\u0105 i charakterystyczn\u0105 mark\u0119 \u2013 jej styl okre\u015blany jako ozdobny minimalizm jest ho\u0142dem dla szykownej i eleganckiej nonszalancji, charyzmatycznej kobieco\u015bci.","potentialAction":[{"@type":"SearchAction","target":{"@type":"EntryPoint","urlTemplate":"https:\/\/aniakuczynska.com\/?s={search_term_string}"},"query-input":{"@type":"PropertyValueSpecification","valueRequired":true,"valueName":"search_term_string"}}],"inLanguage":"en-US"}]}},"_links":{"self":[{"href":"https:\/\/aniakuczynska.com\/en\/wp-json\/wp\/v2\/product\/24937","targetHints":{"allow":["GET"]}}],"collection":[{"href":"https:\/\/aniakuczynska.com\/en\/wp-json\/wp\/v2\/product"}],"about":[{"href":"https:\/\/aniakuczynska.com\/en\/wp-json\/wp\/v2\/types\/product"}],"replies":[{"embeddable":true,"href":"https:\/\/aniakuczynska.com\/en\/wp-json\/wp\/v2\/comments?post=24937"}],"wp:featuredmedia":[{"embeddable":true,"href":"https:\/\/aniakuczynska.com\/en\/wp-json\/wp\/v2\/media\/26013"}],"wp:attachment":[{"href":"https:\/\/aniakuczynska.com\/en\/wp-json\/wp\/v2\/media?parent=24937"}],"wp:term":[{"taxonomy":"product_brand","embeddable":true,"href":"https:\/\/aniakuczynska.com\/en\/wp-json\/wp\/v2\/product_brand?post=24937"},{"taxonomy":"product_cat","embeddable":true,"href":"https:\/\/aniakuczynska.com\/en\/wp-json\/wp\/v2\/product_cat?post=24937"},{"taxonomy":"product_tag","embeddable":true,"href":"https:\/\/aniakuczynska.com\/en\/wp-json\/wp\/v2\/product_tag?post=24937"}],"curies":[{"name":"wp","href":"https:\/\/api.w.org\/{rel}","templated":true}]}}