{"id":24929,"date":"2024-10-02T11:15:10","date_gmt":"2024-10-03T09:47:17","guid":{"rendered":"https:\/\/aniakuczynska.com\/?post_type=product&#038;p=24929"},"modified":"2025-08-06T13:01:24","modified_gmt":"2025-08-06T13:01:24","slug":"linda-lemon-x-ania-kuczynska","status":"publish","type":"product","link":"https:\/\/aniakuczynska.com\/en\/product\/linda-lemon-x-ania-kuczynska\/","title":{"rendered":"Linda Lemon x Ania Kuczy\u0144ska"},"content":{"rendered":"<p class=\"p1\" style=\"text-align: justify;\">Since ancient times, humans have assigned gender to the elements. There are numerous literal and symbolic depictions of women with vessels or women as vessels for water\u2014ancient vases, chalices, the Holy Grail, women carrying jugs. The motif of water being associated with women appears repeatedly throughout culture.<\/p>\n<p class=\"p1\" style=\"text-align: justify;\">Hydrofeminism is a concept that emphasizes the physical connection and solidarity between various water bodies. As humans, we are made up of 60-80% water and develop in a fluid environment. Fluid feminism allows us to perceive and experience our essence as permeable and ever-changing. By embodying this idea, we become more ecologically sensitive and are confronted with the responsibility of caring for our world. It opens us up to alliances, blurs boundaries, and encourages active participation. It expands our awareness of the body within a social context.<\/p>\n<p class=\"p1\" style=\"text-align: justify;\">The water in the vase, designed by Linda Lemon, serves as a reminder that collectively, life originates from the primordial ocean, and individually, each of us has a watery past in our mother\u2019s womb. We are all, therefore, connected by the bonds of water, stretching back to the cosmic beginnings of the world.<\/p>\n<p class=\"p1\" style=\"text-align: justify;\">The vase is made of stoneware.<\/p>\n<p class=\"p1\" style=\"text-align: justify;\">Dimensions:<br \/>\nHeight: 23 cm<br \/>\nWidth: 25 cm<br \/>\nDepth: 7 cm<\/p>\n","protected":false},"excerpt":{"rendered":"<p>Since ancient times, humans have assigned gender to the elements. There are numerous literal and symbolic depictions of women with vessels or women as vessels for water\u2014ancient vases, chalices, the Holy Grail, women carrying jugs. The motif of water being associated with women appears repeatedly throughout culture. Hydrofeminism is a concept that emphasizes the physical [&hellip;]<\/p>\n","protected":false},"featured_media":24867,"comment_status":"open","ping_status":"closed","template":"","meta":{"_acf_changed":false},"product_brand":[],"product_cat":[291],"product_tag":[],"class_list":{"0":"post-24929","1":"product","2":"type-product","3":"status-publish","4":"has-post-thumbnail","6":"product_cat-uncategorized-en","7":"pa_rozmiar-onesize-en","9":"first","10":"instock","11":"shipping-taxable","12":"purchasable","13":"product-type-variable","14":"has-default-attributes"},"acf":[],"yoast_head":"<!-- This site is optimized with the Yoast SEO plugin v24.5 - https:\/\/yoast.com\/wordpress\/plugins\/seo\/ -->\n<title>Linda Lemon x Ania Kuczy\u0144ska - Ania Kuczy\u0144ska<\/title>\n<meta name=\"robots\" content=\"index, follow, max-snippet:-1, max-image-preview:large, max-video-preview:-1\" \/>\n<link rel=\"canonical\" href=\"https:\/\/aniakuczynska.com\/en\/product\/linda-lemon-x-ania-kuczynska\/\" \/>\n<meta property=\"og:locale\" content=\"en_US\" \/>\n<meta property=\"og:type\" content=\"article\" \/>\n<meta property=\"og:title\" content=\"Linda Lemon x Ania Kuczy\u0144ska - Ania Kuczy\u0144ska\" \/>\n<meta property=\"og:description\" content=\"Since ancient times, humans have assigned gender to the elements. There are numerous literal and symbolic depictions of women with vessels or women as vessels for water\u2014ancient vases, chalices, the Holy Grail, women carrying jugs. The motif of water being associated with women appears repeatedly throughout culture. Hydrofeminism is a concept that emphasizes the physical [&hellip;]\" \/>\n<meta property=\"og:url\" content=\"https:\/\/aniakuczynska.com\/en\/product\/linda-lemon-x-ania-kuczynska\/\" \/>\n<meta property=\"og:site_name\" content=\"Ania Kuczy\u0144ska\" \/>\n<meta property=\"article:publisher\" content=\"https:\/\/www.facebook.com\/aniakuczynskaclothingbrand\/\" \/>\n<meta property=\"article:modified_time\" content=\"2025-08-06T13:01:24+00:00\" \/>\n<meta property=\"og:image\" content=\"https:\/\/aniakuczynska.com\/wp-content\/uploads\/2024\/10\/pussy.png\" \/>\n\t<meta property=\"og:image:width\" content=\"1125\" \/>\n\t<meta property=\"og:image:height\" content=\"1500\" \/>\n\t<meta property=\"og:image:type\" content=\"image\/png\" \/>\n<meta name=\"twitter:card\" content=\"summary_large_image\" \/>\n<meta name=\"twitter:label1\" content=\"Est. reading time\" \/>\n\t<meta name=\"twitter:data1\" content=\"2 minutes\" \/>\n<script type=\"application\/ld+json\" class=\"yoast-schema-graph\">{\"@context\":\"https:\/\/schema.org\",\"@graph\":[{\"@type\":\"WebPage\",\"@id\":\"https:\/\/aniakuczynska.com\/en\/product\/linda-lemon-x-ania-kuczynska\/\",\"url\":\"https:\/\/aniakuczynska.com\/en\/product\/linda-lemon-x-ania-kuczynska\/\",\"name\":\"Linda Lemon x Ania Kuczy\u0144ska - Ania Kuczy\u0144ska\",\"isPartOf\":{\"@id\":\"https:\/\/aniakuczynska.com\/#website\"},\"primaryImageOfPage\":{\"@id\":\"https:\/\/aniakuczynska.com\/en\/product\/linda-lemon-x-ania-kuczynska\/#primaryimage\"},\"image\":{\"@id\":\"https:\/\/aniakuczynska.com\/en\/product\/linda-lemon-x-ania-kuczynska\/#primaryimage\"},\"thumbnailUrl\":\"https:\/\/aniakuczynska.com\/wp-content\/uploads\/2024\/10\/pussy.png\",\"datePublished\":\"2024-10-03T09:47:17+00:00\",\"dateModified\":\"2025-08-06T13:01:24+00:00\",\"breadcrumb\":{\"@id\":\"https:\/\/aniakuczynska.com\/en\/product\/linda-lemon-x-ania-kuczynska\/#breadcrumb\"},\"inLanguage\":\"en-US\",\"potentialAction\":[{\"@type\":\"ReadAction\",\"target\":[\"https:\/\/aniakuczynska.com\/en\/product\/linda-lemon-x-ania-kuczynska\/\"]}]},{\"@type\":\"ImageObject\",\"inLanguage\":\"en-US\",\"@id\":\"https:\/\/aniakuczynska.com\/en\/product\/linda-lemon-x-ania-kuczynska\/#primaryimage\",\"url\":\"https:\/\/aniakuczynska.com\/wp-content\/uploads\/2024\/10\/pussy.png\",\"contentUrl\":\"https:\/\/aniakuczynska.com\/wp-content\/uploads\/2024\/10\/pussy.png\",\"width\":1125,\"height\":1500},{\"@type\":\"BreadcrumbList\",\"@id\":\"https:\/\/aniakuczynska.com\/en\/product\/linda-lemon-x-ania-kuczynska\/#breadcrumb\",\"itemListElement\":[{\"@type\":\"ListItem\",\"position\":1,\"name\":\"Strona g\u0142\u00f3wna\",\"item\":\"https:\/\/aniakuczynska.com\/en\/\"},{\"@type\":\"ListItem\",\"position\":2,\"name\":\"Shop\",\"item\":\"https:\/\/aniakuczynska.com\/en\/shop\/\"},{\"@type\":\"ListItem\",\"position\":3,\"name\":\"Linda Lemon x Ania Kuczy\u0144ska\"}]},{\"@type\":\"WebSite\",\"@id\":\"https:\/\/aniakuczynska.com\/#website\",\"url\":\"https:\/\/aniakuczynska.com\/\",\"name\":\"Ania Kuczy\u0144ska\",\"description\":\"Ania Kuczy\u0144ska to jedna z najbardziej cenionych i rozpoznawalnych polskich projektantek mody. Tworzy mocn\u0105 i charakterystyczn\u0105 mark\u0119 \u2013 jej styl okre\u015blany jako ozdobny minimalizm jest ho\u0142dem dla szykownej i eleganckiej nonszalancji, charyzmatycznej kobieco\u015bci.\",\"potentialAction\":[{\"@type\":\"SearchAction\",\"target\":{\"@type\":\"EntryPoint\",\"urlTemplate\":\"https:\/\/aniakuczynska.com\/?s={search_term_string}\"},\"query-input\":{\"@type\":\"PropertyValueSpecification\",\"valueRequired\":true,\"valueName\":\"search_term_string\"}}],\"inLanguage\":\"en-US\"}]}<\/script>\n<!-- \/ Yoast SEO plugin. -->","yoast_head_json":{"title":"Linda Lemon x Ania Kuczy\u0144ska - Ania Kuczy\u0144ska","robots":{"index":"index","follow":"follow","max-snippet":"max-snippet:-1","max-image-preview":"max-image-preview:large","max-video-preview":"max-video-preview:-1"},"canonical":"https:\/\/aniakuczynska.com\/en\/product\/linda-lemon-x-ania-kuczynska\/","og_locale":"en_US","og_type":"article","og_title":"Linda Lemon x Ania Kuczy\u0144ska - Ania Kuczy\u0144ska","og_description":"Since ancient times, humans have assigned gender to the elements. There are numerous literal and symbolic depictions of women with vessels or women as vessels for water\u2014ancient vases, chalices, the Holy Grail, women carrying jugs. The motif of water being associated with women appears repeatedly throughout culture. Hydrofeminism is a concept that emphasizes the physical [&hellip;]","og_url":"https:\/\/aniakuczynska.com\/en\/product\/linda-lemon-x-ania-kuczynska\/","og_site_name":"Ania Kuczy\u0144ska","article_publisher":"https:\/\/www.facebook.com\/aniakuczynskaclothingbrand\/","article_modified_time":"2025-08-06T13:01:24+00:00","og_image":[{"width":1125,"height":1500,"url":"https:\/\/aniakuczynska.com\/wp-content\/uploads\/2024\/10\/pussy.png","type":"image\/png"}],"twitter_card":"summary_large_image","twitter_misc":{"Est. reading time":"2 minutes"},"schema":{"@context":"https:\/\/schema.org","@graph":[{"@type":"WebPage","@id":"https:\/\/aniakuczynska.com\/en\/product\/linda-lemon-x-ania-kuczynska\/","url":"https:\/\/aniakuczynska.com\/en\/product\/linda-lemon-x-ania-kuczynska\/","name":"Linda Lemon x Ania Kuczy\u0144ska - Ania Kuczy\u0144ska","isPartOf":{"@id":"https:\/\/aniakuczynska.com\/#website"},"primaryImageOfPage":{"@id":"https:\/\/aniakuczynska.com\/en\/product\/linda-lemon-x-ania-kuczynska\/#primaryimage"},"image":{"@id":"https:\/\/aniakuczynska.com\/en\/product\/linda-lemon-x-ania-kuczynska\/#primaryimage"},"thumbnailUrl":"https:\/\/aniakuczynska.com\/wp-content\/uploads\/2024\/10\/pussy.png","datePublished":"2024-10-03T09:47:17+00:00","dateModified":"2025-08-06T13:01:24+00:00","breadcrumb":{"@id":"https:\/\/aniakuczynska.com\/en\/product\/linda-lemon-x-ania-kuczynska\/#breadcrumb"},"inLanguage":"en-US","potentialAction":[{"@type":"ReadAction","target":["https:\/\/aniakuczynska.com\/en\/product\/linda-lemon-x-ania-kuczynska\/"]}]},{"@type":"ImageObject","inLanguage":"en-US","@id":"https:\/\/aniakuczynska.com\/en\/product\/linda-lemon-x-ania-kuczynska\/#primaryimage","url":"https:\/\/aniakuczynska.com\/wp-content\/uploads\/2024\/10\/pussy.png","contentUrl":"https:\/\/aniakuczynska.com\/wp-content\/uploads\/2024\/10\/pussy.png","width":1125,"height":1500},{"@type":"BreadcrumbList","@id":"https:\/\/aniakuczynska.com\/en\/product\/linda-lemon-x-ania-kuczynska\/#breadcrumb","itemListElement":[{"@type":"ListItem","position":1,"name":"Strona g\u0142\u00f3wna","item":"https:\/\/aniakuczynska.com\/en\/"},{"@type":"ListItem","position":2,"name":"Shop","item":"https:\/\/aniakuczynska.com\/en\/shop\/"},{"@type":"ListItem","position":3,"name":"Linda Lemon x Ania Kuczy\u0144ska"}]},{"@type":"WebSite","@id":"https:\/\/aniakuczynska.com\/#website","url":"https:\/\/aniakuczynska.com\/","name":"Ania Kuczy\u0144ska","description":"Ania Kuczy\u0144ska to jedna z najbardziej cenionych i rozpoznawalnych polskich projektantek mody. Tworzy mocn\u0105 i charakterystyczn\u0105 mark\u0119 \u2013 jej styl okre\u015blany jako ozdobny minimalizm jest ho\u0142dem dla szykownej i eleganckiej nonszalancji, charyzmatycznej kobieco\u015bci.","potentialAction":[{"@type":"SearchAction","target":{"@type":"EntryPoint","urlTemplate":"https:\/\/aniakuczynska.com\/?s={search_term_string}"},"query-input":{"@type":"PropertyValueSpecification","valueRequired":true,"valueName":"search_term_string"}}],"inLanguage":"en-US"}]}},"_links":{"self":[{"href":"https:\/\/aniakuczynska.com\/en\/wp-json\/wp\/v2\/product\/24929","targetHints":{"allow":["GET"]}}],"collection":[{"href":"https:\/\/aniakuczynska.com\/en\/wp-json\/wp\/v2\/product"}],"about":[{"href":"https:\/\/aniakuczynska.com\/en\/wp-json\/wp\/v2\/types\/product"}],"replies":[{"embeddable":true,"href":"https:\/\/aniakuczynska.com\/en\/wp-json\/wp\/v2\/comments?post=24929"}],"wp:featuredmedia":[{"embeddable":true,"href":"https:\/\/aniakuczynska.com\/en\/wp-json\/wp\/v2\/media\/24867"}],"wp:attachment":[{"href":"https:\/\/aniakuczynska.com\/en\/wp-json\/wp\/v2\/media?parent=24929"}],"wp:term":[{"taxonomy":"product_brand","embeddable":true,"href":"https:\/\/aniakuczynska.com\/en\/wp-json\/wp\/v2\/product_brand?post=24929"},{"taxonomy":"product_cat","embeddable":true,"href":"https:\/\/aniakuczynska.com\/en\/wp-json\/wp\/v2\/product_cat?post=24929"},{"taxonomy":"product_tag","embeddable":true,"href":"https:\/\/aniakuczynska.com\/en\/wp-json\/wp\/v2\/product_tag?post=24929"}],"curies":[{"name":"wp","href":"https:\/\/api.w.org\/{rel}","templated":true}]}}