{"id":24443,"date":"2024-08-02T11:53:08","date_gmt":"2024-08-20T13:58:27","guid":{"rendered":"https:\/\/aniakuczynska.com\/?post_type=product&#038;p=24443"},"modified":"2025-08-06T11:38:44","modified_gmt":"2025-08-06T11:38:44","slug":"alma-welniane-spodnie-3-4","status":"publish","type":"product","link":"https:\/\/aniakuczynska.com\/en\/product\/alma-welniane-spodnie-3-4\/","title":{"rendered":"Alma Noir wool 3\/4 trousers"},"content":{"rendered":"<p>Simple, classic trousers with a belt and front pockets.<\/p>\n<p>The collection draws inspiration from the power of water, its delicacy, and strength. Lightweight and feminine dresses, skirts, and tunics are paired with masculine coats, blazers, and trousers. Fabrics and cuts contrast with one another, telling a new story. Distinctive sleeves, unusual collars, intricate gathers, and pleats create a strong and unique silhouette. Retro fabrics\u2014lace and velvet\u2014highlight the elegant and contrasting nature of the collection.<\/p>\n<p>98% wool, 2% elastane<\/p>\n<ul>\n<li>The brand&#8217;s clothing and accessories are produced in Poland with a reduced carbon footprint.<\/li>\n<li>Fabrics and accessories are produced in Europe.<\/li>\n<li>The packaging is 100% biodegradable.<\/li>\n<\/ul>\n<p>Shop consciously and LOVE our Planet.<\/p>\n","protected":false},"excerpt":{"rendered":"<p>Simple, classic trousers with a belt and front pockets. The collection draws inspiration from the power of water, its delicacy, and strength. Lightweight and feminine dresses, skirts, and tunics are paired with masculine coats, blazers, and trousers. Fabrics and cuts contrast with one another, telling a new story. Distinctive sleeves, unusual collars, intricate gathers, and [&hellip;]<\/p>\n","protected":false},"featured_media":25749,"comment_status":"open","ping_status":"closed","template":"","meta":{"_acf_changed":false},"product_brand":[],"product_cat":[291],"product_tag":[],"class_list":{"0":"post-24443","1":"product","2":"type-product","3":"status-publish","4":"has-post-thumbnail","6":"product_cat-uncategorized-en","7":"pa_rozmiar-34-en","8":"pa_rozmiar-36-en","9":"pa_rozmiar-38-en","11":"first","12":"instock","13":"shipping-taxable","14":"purchasable","15":"product-type-variable"},"acf":[],"yoast_head":"<!-- This site is optimized with the Yoast SEO plugin v24.5 - https:\/\/yoast.com\/wordpress\/plugins\/seo\/ -->\n<title>Alma Noir wool 3\/4 trousers - Ania Kuczy\u0144ska<\/title>\n<meta name=\"robots\" content=\"index, follow, max-snippet:-1, max-image-preview:large, max-video-preview:-1\" \/>\n<link rel=\"canonical\" href=\"https:\/\/aniakuczynska.com\/en\/product\/alma-welniane-spodnie-3-4\/\" \/>\n<meta property=\"og:locale\" content=\"en_US\" \/>\n<meta property=\"og:type\" content=\"article\" \/>\n<meta property=\"og:title\" content=\"Alma Noir wool 3\/4 trousers - Ania Kuczy\u0144ska\" \/>\n<meta property=\"og:description\" content=\"Simple, classic trousers with a belt and front pockets. The collection draws inspiration from the power of water, its delicacy, and strength. Lightweight and feminine dresses, skirts, and tunics are paired with masculine coats, blazers, and trousers. Fabrics and cuts contrast with one another, telling a new story. Distinctive sleeves, unusual collars, intricate gathers, and [&hellip;]\" \/>\n<meta property=\"og:url\" content=\"https:\/\/aniakuczynska.com\/en\/product\/alma-welniane-spodnie-3-4\/\" \/>\n<meta property=\"og:site_name\" content=\"Ania Kuczy\u0144ska\" \/>\n<meta property=\"article:publisher\" content=\"https:\/\/www.facebook.com\/aniakuczynskaclothingbrand\/\" \/>\n<meta property=\"article:modified_time\" content=\"2025-08-06T11:38:44+00:00\" \/>\n<meta property=\"og:image\" content=\"https:\/\/aniakuczynska.com\/wp-content\/uploads\/2024\/11\/13_11_24_AniaKuczynska0222.jpg\" \/>\n\t<meta property=\"og:image:width\" content=\"1333\" \/>\n\t<meta property=\"og:image:height\" content=\"2000\" \/>\n\t<meta property=\"og:image:type\" content=\"image\/jpeg\" \/>\n<meta name=\"twitter:card\" content=\"summary_large_image\" \/>\n<meta name=\"twitter:label1\" content=\"Est. reading time\" \/>\n\t<meta name=\"twitter:data1\" content=\"2 minutes\" \/>\n<script type=\"application\/ld+json\" class=\"yoast-schema-graph\">{\"@context\":\"https:\/\/schema.org\",\"@graph\":[{\"@type\":\"WebPage\",\"@id\":\"https:\/\/aniakuczynska.com\/en\/product\/alma-welniane-spodnie-3-4\/\",\"url\":\"https:\/\/aniakuczynska.com\/en\/product\/alma-welniane-spodnie-3-4\/\",\"name\":\"Alma Noir wool 3\/4 trousers - Ania Kuczy\u0144ska\",\"isPartOf\":{\"@id\":\"https:\/\/aniakuczynska.com\/#website\"},\"primaryImageOfPage\":{\"@id\":\"https:\/\/aniakuczynska.com\/en\/product\/alma-welniane-spodnie-3-4\/#primaryimage\"},\"image\":{\"@id\":\"https:\/\/aniakuczynska.com\/en\/product\/alma-welniane-spodnie-3-4\/#primaryimage\"},\"thumbnailUrl\":\"https:\/\/aniakuczynska.com\/wp-content\/uploads\/2024\/11\/13_11_24_AniaKuczynska0222.jpg\",\"datePublished\":\"2024-08-20T13:58:27+00:00\",\"dateModified\":\"2025-08-06T11:38:44+00:00\",\"breadcrumb\":{\"@id\":\"https:\/\/aniakuczynska.com\/en\/product\/alma-welniane-spodnie-3-4\/#breadcrumb\"},\"inLanguage\":\"en-US\",\"potentialAction\":[{\"@type\":\"ReadAction\",\"target\":[\"https:\/\/aniakuczynska.com\/en\/product\/alma-welniane-spodnie-3-4\/\"]}]},{\"@type\":\"ImageObject\",\"inLanguage\":\"en-US\",\"@id\":\"https:\/\/aniakuczynska.com\/en\/product\/alma-welniane-spodnie-3-4\/#primaryimage\",\"url\":\"https:\/\/aniakuczynska.com\/wp-content\/uploads\/2024\/11\/13_11_24_AniaKuczynska0222.jpg\",\"contentUrl\":\"https:\/\/aniakuczynska.com\/wp-content\/uploads\/2024\/11\/13_11_24_AniaKuczynska0222.jpg\",\"width\":1333,\"height\":2000},{\"@type\":\"BreadcrumbList\",\"@id\":\"https:\/\/aniakuczynska.com\/en\/product\/alma-welniane-spodnie-3-4\/#breadcrumb\",\"itemListElement\":[{\"@type\":\"ListItem\",\"position\":1,\"name\":\"Strona g\u0142\u00f3wna\",\"item\":\"https:\/\/aniakuczynska.com\/en\/\"},{\"@type\":\"ListItem\",\"position\":2,\"name\":\"Shop\",\"item\":\"https:\/\/aniakuczynska.com\/en\/shop\/\"},{\"@type\":\"ListItem\",\"position\":3,\"name\":\"Alma Noir wool 3\/4 trousers\"}]},{\"@type\":\"WebSite\",\"@id\":\"https:\/\/aniakuczynska.com\/#website\",\"url\":\"https:\/\/aniakuczynska.com\/\",\"name\":\"Ania Kuczy\u0144ska\",\"description\":\"Ania Kuczy\u0144ska to jedna z najbardziej cenionych i rozpoznawalnych polskich projektantek mody. Tworzy mocn\u0105 i charakterystyczn\u0105 mark\u0119 \u2013 jej styl okre\u015blany jako ozdobny minimalizm jest ho\u0142dem dla szykownej i eleganckiej nonszalancji, charyzmatycznej kobieco\u015bci.\",\"potentialAction\":[{\"@type\":\"SearchAction\",\"target\":{\"@type\":\"EntryPoint\",\"urlTemplate\":\"https:\/\/aniakuczynska.com\/?s={search_term_string}\"},\"query-input\":{\"@type\":\"PropertyValueSpecification\",\"valueRequired\":true,\"valueName\":\"search_term_string\"}}],\"inLanguage\":\"en-US\"}]}<\/script>\n<!-- \/ Yoast SEO plugin. -->","yoast_head_json":{"title":"Alma Noir wool 3\/4 trousers - Ania Kuczy\u0144ska","robots":{"index":"index","follow":"follow","max-snippet":"max-snippet:-1","max-image-preview":"max-image-preview:large","max-video-preview":"max-video-preview:-1"},"canonical":"https:\/\/aniakuczynska.com\/en\/product\/alma-welniane-spodnie-3-4\/","og_locale":"en_US","og_type":"article","og_title":"Alma Noir wool 3\/4 trousers - Ania Kuczy\u0144ska","og_description":"Simple, classic trousers with a belt and front pockets. The collection draws inspiration from the power of water, its delicacy, and strength. Lightweight and feminine dresses, skirts, and tunics are paired with masculine coats, blazers, and trousers. Fabrics and cuts contrast with one another, telling a new story. Distinctive sleeves, unusual collars, intricate gathers, and [&hellip;]","og_url":"https:\/\/aniakuczynska.com\/en\/product\/alma-welniane-spodnie-3-4\/","og_site_name":"Ania Kuczy\u0144ska","article_publisher":"https:\/\/www.facebook.com\/aniakuczynskaclothingbrand\/","article_modified_time":"2025-08-06T11:38:44+00:00","og_image":[{"width":1333,"height":2000,"url":"https:\/\/aniakuczynska.com\/wp-content\/uploads\/2024\/11\/13_11_24_AniaKuczynska0222.jpg","type":"image\/jpeg"}],"twitter_card":"summary_large_image","twitter_misc":{"Est. reading time":"2 minutes"},"schema":{"@context":"https:\/\/schema.org","@graph":[{"@type":"WebPage","@id":"https:\/\/aniakuczynska.com\/en\/product\/alma-welniane-spodnie-3-4\/","url":"https:\/\/aniakuczynska.com\/en\/product\/alma-welniane-spodnie-3-4\/","name":"Alma Noir wool 3\/4 trousers - Ania Kuczy\u0144ska","isPartOf":{"@id":"https:\/\/aniakuczynska.com\/#website"},"primaryImageOfPage":{"@id":"https:\/\/aniakuczynska.com\/en\/product\/alma-welniane-spodnie-3-4\/#primaryimage"},"image":{"@id":"https:\/\/aniakuczynska.com\/en\/product\/alma-welniane-spodnie-3-4\/#primaryimage"},"thumbnailUrl":"https:\/\/aniakuczynska.com\/wp-content\/uploads\/2024\/11\/13_11_24_AniaKuczynska0222.jpg","datePublished":"2024-08-20T13:58:27+00:00","dateModified":"2025-08-06T11:38:44+00:00","breadcrumb":{"@id":"https:\/\/aniakuczynska.com\/en\/product\/alma-welniane-spodnie-3-4\/#breadcrumb"},"inLanguage":"en-US","potentialAction":[{"@type":"ReadAction","target":["https:\/\/aniakuczynska.com\/en\/product\/alma-welniane-spodnie-3-4\/"]}]},{"@type":"ImageObject","inLanguage":"en-US","@id":"https:\/\/aniakuczynska.com\/en\/product\/alma-welniane-spodnie-3-4\/#primaryimage","url":"https:\/\/aniakuczynska.com\/wp-content\/uploads\/2024\/11\/13_11_24_AniaKuczynska0222.jpg","contentUrl":"https:\/\/aniakuczynska.com\/wp-content\/uploads\/2024\/11\/13_11_24_AniaKuczynska0222.jpg","width":1333,"height":2000},{"@type":"BreadcrumbList","@id":"https:\/\/aniakuczynska.com\/en\/product\/alma-welniane-spodnie-3-4\/#breadcrumb","itemListElement":[{"@type":"ListItem","position":1,"name":"Strona g\u0142\u00f3wna","item":"https:\/\/aniakuczynska.com\/en\/"},{"@type":"ListItem","position":2,"name":"Shop","item":"https:\/\/aniakuczynska.com\/en\/shop\/"},{"@type":"ListItem","position":3,"name":"Alma Noir wool 3\/4 trousers"}]},{"@type":"WebSite","@id":"https:\/\/aniakuczynska.com\/#website","url":"https:\/\/aniakuczynska.com\/","name":"Ania Kuczy\u0144ska","description":"Ania Kuczy\u0144ska to jedna z najbardziej cenionych i rozpoznawalnych polskich projektantek mody. Tworzy mocn\u0105 i charakterystyczn\u0105 mark\u0119 \u2013 jej styl okre\u015blany jako ozdobny minimalizm jest ho\u0142dem dla szykownej i eleganckiej nonszalancji, charyzmatycznej kobieco\u015bci.","potentialAction":[{"@type":"SearchAction","target":{"@type":"EntryPoint","urlTemplate":"https:\/\/aniakuczynska.com\/?s={search_term_string}"},"query-input":{"@type":"PropertyValueSpecification","valueRequired":true,"valueName":"search_term_string"}}],"inLanguage":"en-US"}]}},"_links":{"self":[{"href":"https:\/\/aniakuczynska.com\/en\/wp-json\/wp\/v2\/product\/24443","targetHints":{"allow":["GET"]}}],"collection":[{"href":"https:\/\/aniakuczynska.com\/en\/wp-json\/wp\/v2\/product"}],"about":[{"href":"https:\/\/aniakuczynska.com\/en\/wp-json\/wp\/v2\/types\/product"}],"replies":[{"embeddable":true,"href":"https:\/\/aniakuczynska.com\/en\/wp-json\/wp\/v2\/comments?post=24443"}],"wp:featuredmedia":[{"embeddable":true,"href":"https:\/\/aniakuczynska.com\/en\/wp-json\/wp\/v2\/media\/25749"}],"wp:attachment":[{"href":"https:\/\/aniakuczynska.com\/en\/wp-json\/wp\/v2\/media?parent=24443"}],"wp:term":[{"taxonomy":"product_brand","embeddable":true,"href":"https:\/\/aniakuczynska.com\/en\/wp-json\/wp\/v2\/product_brand?post=24443"},{"taxonomy":"product_cat","embeddable":true,"href":"https:\/\/aniakuczynska.com\/en\/wp-json\/wp\/v2\/product_cat?post=24443"},{"taxonomy":"product_tag","embeddable":true,"href":"https:\/\/aniakuczynska.com\/en\/wp-json\/wp\/v2\/product_tag?post=24443"}],"curies":[{"name":"wp","href":"https:\/\/api.w.org\/{rel}","templated":true}]}}