{"id":24435,"date":"2024-08-02T11:53:16","date_gmt":"2024-08-20T13:57:04","guid":{"rendered":"https:\/\/aniakuczynska.com\/?post_type=product&#038;p=24435"},"modified":"2026-03-30T10:19:36","modified_gmt":"2026-03-30T10:19:36","slug":"aquarius-plaszcz-z-ortalionu-na-podszewce","status":"publish","type":"product","link":"https:\/\/aniakuczynska.com\/en\/product\/aquarius-plaszcz-z-ortalionu-na-podszewce\/","title":{"rendered":"Aquarius Noir lined nylon coat"},"content":{"rendered":"<p>A lined coat made from nylon with the collection\u2019s signature shawl collar and intricate sleeves.<\/p>\n<p>The collection draws inspiration from the power of water, its delicacy, and strength. Distinctive sleeves, unusual collars, intricate gathers, and pleats create a strong and unique silhouette. Retro fabrics\u2014lace and velvet\u2014highlight the chic and contrasting nature of the collection.<\/p>\n<p>52% polyester, 48% polyamide<\/p>\n<p>-The brand\u2019s clothing and accessories are produced in Poland with a reduced carbon footprint.<br \/>\n-Fabrics and accessories are produced in Europe.<br \/>\n-The packaging is 100% biodegradable.<\/p>\n<p>Shop consciously and LOVE our Planet.<\/p>\n","protected":false},"excerpt":{"rendered":"<p>A lined coat made from nylon with the collection\u2019s signature shawl collar and intricate sleeves. The collection draws inspiration from the power of water, its delicacy, and strength. Distinctive sleeves, unusual collars, intricate gathers, and pleats create a strong and unique silhouette. Retro fabrics\u2014lace and velvet\u2014highlight the chic and contrasting nature of the collection. 52% [&hellip;]<\/p>\n","protected":false},"featured_media":26844,"comment_status":"open","ping_status":"closed","template":"","meta":{"_acf_changed":false},"product_brand":[],"product_cat":[291],"product_tag":[],"class_list":{"0":"post-24435","1":"product","2":"type-product","3":"status-publish","4":"has-post-thumbnail","6":"product_cat-uncategorized-en","7":"pa_rozmiar-36-en","8":"pa_rozmiar-38-en","10":"first","11":"outofstock","12":"shipping-taxable","13":"purchasable","14":"product-type-variable"},"acf":[],"yoast_head":"<!-- This site is optimized with the Yoast SEO plugin v24.5 - https:\/\/yoast.com\/wordpress\/plugins\/seo\/ -->\n<title>Aquarius Noir lined nylon coat - Ania Kuczy\u0144ska<\/title>\n<meta name=\"robots\" content=\"index, follow, max-snippet:-1, max-image-preview:large, max-video-preview:-1\" \/>\n<link rel=\"canonical\" href=\"https:\/\/aniakuczynska.com\/en\/product\/aquarius-plaszcz-z-ortalionu-na-podszewce\/\" \/>\n<meta property=\"og:locale\" content=\"en_US\" \/>\n<meta property=\"og:type\" content=\"article\" \/>\n<meta property=\"og:title\" content=\"Aquarius Noir lined nylon coat - Ania Kuczy\u0144ska\" \/>\n<meta property=\"og:description\" content=\"A lined coat made from nylon with the collection\u2019s signature shawl collar and intricate sleeves. The collection draws inspiration from the power of water, its delicacy, and strength. Distinctive sleeves, unusual collars, intricate gathers, and pleats create a strong and unique silhouette. Retro fabrics\u2014lace and velvet\u2014highlight the chic and contrasting nature of the collection. 52% [&hellip;]\" \/>\n<meta property=\"og:url\" content=\"https:\/\/aniakuczynska.com\/en\/product\/aquarius-plaszcz-z-ortalionu-na-podszewce\/\" \/>\n<meta property=\"og:site_name\" content=\"Ania Kuczy\u0144ska\" \/>\n<meta property=\"article:publisher\" content=\"https:\/\/www.facebook.com\/aniakuczynskaclothingbrand\/\" \/>\n<meta property=\"article:modified_time\" content=\"2026-03-30T10:19:36+00:00\" \/>\n<meta property=\"og:image\" content=\"https:\/\/aniakuczynska.com\/wp-content\/uploads\/2024\/08\/aquarius_strona.jpg\" \/>\n\t<meta property=\"og:image:width\" content=\"1125\" \/>\n\t<meta property=\"og:image:height\" content=\"1500\" \/>\n\t<meta property=\"og:image:type\" content=\"image\/jpeg\" \/>\n<meta name=\"twitter:card\" content=\"summary_large_image\" \/>\n<meta name=\"twitter:label1\" content=\"Est. reading time\" \/>\n\t<meta name=\"twitter:data1\" content=\"2 minutes\" \/>\n<script type=\"application\/ld+json\" class=\"yoast-schema-graph\">{\"@context\":\"https:\/\/schema.org\",\"@graph\":[{\"@type\":\"WebPage\",\"@id\":\"https:\/\/aniakuczynska.com\/en\/product\/aquarius-plaszcz-z-ortalionu-na-podszewce\/\",\"url\":\"https:\/\/aniakuczynska.com\/en\/product\/aquarius-plaszcz-z-ortalionu-na-podszewce\/\",\"name\":\"Aquarius Noir lined nylon coat - Ania Kuczy\u0144ska\",\"isPartOf\":{\"@id\":\"https:\/\/aniakuczynska.com\/#website\"},\"primaryImageOfPage\":{\"@id\":\"https:\/\/aniakuczynska.com\/en\/product\/aquarius-plaszcz-z-ortalionu-na-podszewce\/#primaryimage\"},\"image\":{\"@id\":\"https:\/\/aniakuczynska.com\/en\/product\/aquarius-plaszcz-z-ortalionu-na-podszewce\/#primaryimage\"},\"thumbnailUrl\":\"https:\/\/aniakuczynska.com\/wp-content\/uploads\/2024\/08\/aquarius_strona.jpg\",\"datePublished\":\"2024-08-20T13:57:04+00:00\",\"dateModified\":\"2026-03-30T10:19:36+00:00\",\"breadcrumb\":{\"@id\":\"https:\/\/aniakuczynska.com\/en\/product\/aquarius-plaszcz-z-ortalionu-na-podszewce\/#breadcrumb\"},\"inLanguage\":\"en-US\",\"potentialAction\":[{\"@type\":\"ReadAction\",\"target\":[\"https:\/\/aniakuczynska.com\/en\/product\/aquarius-plaszcz-z-ortalionu-na-podszewce\/\"]}]},{\"@type\":\"ImageObject\",\"inLanguage\":\"en-US\",\"@id\":\"https:\/\/aniakuczynska.com\/en\/product\/aquarius-plaszcz-z-ortalionu-na-podszewce\/#primaryimage\",\"url\":\"https:\/\/aniakuczynska.com\/wp-content\/uploads\/2024\/08\/aquarius_strona.jpg\",\"contentUrl\":\"https:\/\/aniakuczynska.com\/wp-content\/uploads\/2024\/08\/aquarius_strona.jpg\",\"width\":1125,\"height\":1500},{\"@type\":\"BreadcrumbList\",\"@id\":\"https:\/\/aniakuczynska.com\/en\/product\/aquarius-plaszcz-z-ortalionu-na-podszewce\/#breadcrumb\",\"itemListElement\":[{\"@type\":\"ListItem\",\"position\":1,\"name\":\"Strona g\u0142\u00f3wna\",\"item\":\"https:\/\/aniakuczynska.com\/en\/\"},{\"@type\":\"ListItem\",\"position\":2,\"name\":\"Shop\",\"item\":\"https:\/\/aniakuczynska.com\/en\/shop\/\"},{\"@type\":\"ListItem\",\"position\":3,\"name\":\"Aquarius Noir lined nylon coat\"}]},{\"@type\":\"WebSite\",\"@id\":\"https:\/\/aniakuczynska.com\/#website\",\"url\":\"https:\/\/aniakuczynska.com\/\",\"name\":\"Ania Kuczy\u0144ska\",\"description\":\"Ania Kuczy\u0144ska to jedna z najbardziej cenionych i rozpoznawalnych polskich projektantek mody. Tworzy mocn\u0105 i charakterystyczn\u0105 mark\u0119 \u2013 jej styl okre\u015blany jako ozdobny minimalizm jest ho\u0142dem dla szykownej i eleganckiej nonszalancji, charyzmatycznej kobieco\u015bci.\",\"potentialAction\":[{\"@type\":\"SearchAction\",\"target\":{\"@type\":\"EntryPoint\",\"urlTemplate\":\"https:\/\/aniakuczynska.com\/?s={search_term_string}\"},\"query-input\":{\"@type\":\"PropertyValueSpecification\",\"valueRequired\":true,\"valueName\":\"search_term_string\"}}],\"inLanguage\":\"en-US\"}]}<\/script>\n<!-- \/ Yoast SEO plugin. -->","yoast_head_json":{"title":"Aquarius Noir lined nylon coat - Ania Kuczy\u0144ska","robots":{"index":"index","follow":"follow","max-snippet":"max-snippet:-1","max-image-preview":"max-image-preview:large","max-video-preview":"max-video-preview:-1"},"canonical":"https:\/\/aniakuczynska.com\/en\/product\/aquarius-plaszcz-z-ortalionu-na-podszewce\/","og_locale":"en_US","og_type":"article","og_title":"Aquarius Noir lined nylon coat - Ania Kuczy\u0144ska","og_description":"A lined coat made from nylon with the collection\u2019s signature shawl collar and intricate sleeves. The collection draws inspiration from the power of water, its delicacy, and strength. Distinctive sleeves, unusual collars, intricate gathers, and pleats create a strong and unique silhouette. Retro fabrics\u2014lace and velvet\u2014highlight the chic and contrasting nature of the collection. 52% [&hellip;]","og_url":"https:\/\/aniakuczynska.com\/en\/product\/aquarius-plaszcz-z-ortalionu-na-podszewce\/","og_site_name":"Ania Kuczy\u0144ska","article_publisher":"https:\/\/www.facebook.com\/aniakuczynskaclothingbrand\/","article_modified_time":"2026-03-30T10:19:36+00:00","og_image":[{"width":1125,"height":1500,"url":"https:\/\/aniakuczynska.com\/wp-content\/uploads\/2024\/08\/aquarius_strona.jpg","type":"image\/jpeg"}],"twitter_card":"summary_large_image","twitter_misc":{"Est. reading time":"2 minutes"},"schema":{"@context":"https:\/\/schema.org","@graph":[{"@type":"WebPage","@id":"https:\/\/aniakuczynska.com\/en\/product\/aquarius-plaszcz-z-ortalionu-na-podszewce\/","url":"https:\/\/aniakuczynska.com\/en\/product\/aquarius-plaszcz-z-ortalionu-na-podszewce\/","name":"Aquarius Noir lined nylon coat - Ania Kuczy\u0144ska","isPartOf":{"@id":"https:\/\/aniakuczynska.com\/#website"},"primaryImageOfPage":{"@id":"https:\/\/aniakuczynska.com\/en\/product\/aquarius-plaszcz-z-ortalionu-na-podszewce\/#primaryimage"},"image":{"@id":"https:\/\/aniakuczynska.com\/en\/product\/aquarius-plaszcz-z-ortalionu-na-podszewce\/#primaryimage"},"thumbnailUrl":"https:\/\/aniakuczynska.com\/wp-content\/uploads\/2024\/08\/aquarius_strona.jpg","datePublished":"2024-08-20T13:57:04+00:00","dateModified":"2026-03-30T10:19:36+00:00","breadcrumb":{"@id":"https:\/\/aniakuczynska.com\/en\/product\/aquarius-plaszcz-z-ortalionu-na-podszewce\/#breadcrumb"},"inLanguage":"en-US","potentialAction":[{"@type":"ReadAction","target":["https:\/\/aniakuczynska.com\/en\/product\/aquarius-plaszcz-z-ortalionu-na-podszewce\/"]}]},{"@type":"ImageObject","inLanguage":"en-US","@id":"https:\/\/aniakuczynska.com\/en\/product\/aquarius-plaszcz-z-ortalionu-na-podszewce\/#primaryimage","url":"https:\/\/aniakuczynska.com\/wp-content\/uploads\/2024\/08\/aquarius_strona.jpg","contentUrl":"https:\/\/aniakuczynska.com\/wp-content\/uploads\/2024\/08\/aquarius_strona.jpg","width":1125,"height":1500},{"@type":"BreadcrumbList","@id":"https:\/\/aniakuczynska.com\/en\/product\/aquarius-plaszcz-z-ortalionu-na-podszewce\/#breadcrumb","itemListElement":[{"@type":"ListItem","position":1,"name":"Strona g\u0142\u00f3wna","item":"https:\/\/aniakuczynska.com\/en\/"},{"@type":"ListItem","position":2,"name":"Shop","item":"https:\/\/aniakuczynska.com\/en\/shop\/"},{"@type":"ListItem","position":3,"name":"Aquarius Noir lined nylon coat"}]},{"@type":"WebSite","@id":"https:\/\/aniakuczynska.com\/#website","url":"https:\/\/aniakuczynska.com\/","name":"Ania Kuczy\u0144ska","description":"Ania Kuczy\u0144ska to jedna z najbardziej cenionych i rozpoznawalnych polskich projektantek mody. Tworzy mocn\u0105 i charakterystyczn\u0105 mark\u0119 \u2013 jej styl okre\u015blany jako ozdobny minimalizm jest ho\u0142dem dla szykownej i eleganckiej nonszalancji, charyzmatycznej kobieco\u015bci.","potentialAction":[{"@type":"SearchAction","target":{"@type":"EntryPoint","urlTemplate":"https:\/\/aniakuczynska.com\/?s={search_term_string}"},"query-input":{"@type":"PropertyValueSpecification","valueRequired":true,"valueName":"search_term_string"}}],"inLanguage":"en-US"}]}},"_links":{"self":[{"href":"https:\/\/aniakuczynska.com\/en\/wp-json\/wp\/v2\/product\/24435","targetHints":{"allow":["GET"]}}],"collection":[{"href":"https:\/\/aniakuczynska.com\/en\/wp-json\/wp\/v2\/product"}],"about":[{"href":"https:\/\/aniakuczynska.com\/en\/wp-json\/wp\/v2\/types\/product"}],"replies":[{"embeddable":true,"href":"https:\/\/aniakuczynska.com\/en\/wp-json\/wp\/v2\/comments?post=24435"}],"wp:featuredmedia":[{"embeddable":true,"href":"https:\/\/aniakuczynska.com\/en\/wp-json\/wp\/v2\/media\/26844"}],"wp:attachment":[{"href":"https:\/\/aniakuczynska.com\/en\/wp-json\/wp\/v2\/media?parent=24435"}],"wp:term":[{"taxonomy":"product_brand","embeddable":true,"href":"https:\/\/aniakuczynska.com\/en\/wp-json\/wp\/v2\/product_brand?post=24435"},{"taxonomy":"product_cat","embeddable":true,"href":"https:\/\/aniakuczynska.com\/en\/wp-json\/wp\/v2\/product_cat?post=24435"},{"taxonomy":"product_tag","embeddable":true,"href":"https:\/\/aniakuczynska.com\/en\/wp-json\/wp\/v2\/product_tag?post=24435"}],"curies":[{"name":"wp","href":"https:\/\/api.w.org\/{rel}","templated":true}]}}