{"id":24433,"date":"2024-08-02T11:53:18","date_gmt":"2024-08-20T13:56:13","guid":{"rendered":"https:\/\/aniakuczynska.com\/?post_type=product&#038;p=24433"},"modified":"2025-04-24T18:02:34","modified_gmt":"2025-04-24T18:02:34","slug":"lacrima-onyx-sukienka-z-koronki","status":"publish","type":"product","link":"https:\/\/aniakuczynska.com\/en\/product\/lacrima-onyx-sukienka-z-koronki\/","title":{"rendered":"Lacrima Noir lace dress"},"content":{"rendered":"<p>A lace dress with the collection\u2019s signature sleeves and delicate gathers.<\/p>\n<p>Water symbolizes life and transformation. It reflects our emotions and desires, acting like a mirror. It represents beginnings and spiritual rebirth. Water energy cleanses and makes way for the new. The collection draws inspiration from the power of water, its delicacy, and strength. Lightweight and feminine dresses, skirts, and tunics are paired with masculine coats, blazers, and trousers. The dresses are adorned with Onyx, symbolizing power and strength with its deep black color and mystical aura.<\/p>\n<p>100% polyester<\/p>\n<ul>\n<li>The brand&#8217;s clothing and accessories are produced in Poland with a reduced carbon footprint.<\/li>\n<li>Fabrics and accessories are produced in Europe.<\/li>\n<li>The packaging is 100% biodegradable.<\/li>\n<\/ul>\n<p>Shop consciously and LOVE our Planet.<\/p>\n","protected":false},"excerpt":{"rendered":"<p>A lace dress with the collection\u2019s signature sleeves and delicate gathers. Water symbolizes life and transformation. It reflects our emotions and desires, acting like a mirror. It represents beginnings and spiritual rebirth. Water energy cleanses and makes way for the new. The collection draws inspiration from the power of water, its delicacy, and strength. Lightweight [&hellip;]<\/p>\n","protected":false},"featured_media":26861,"comment_status":"open","ping_status":"closed","template":"","meta":{"_acf_changed":false},"product_brand":[],"product_cat":[291],"product_tag":[],"class_list":{"0":"post-24433","1":"product","2":"type-product","3":"status-publish","4":"has-post-thumbnail","6":"product_cat-uncategorized-en","7":"pa_rozmiar-34-en","8":"pa_rozmiar-36-en","10":"first","11":"outofstock","12":"shipping-taxable","13":"purchasable","14":"product-type-variable"},"acf":[],"yoast_head":"<!-- This site is optimized with the Yoast SEO plugin v24.5 - https:\/\/yoast.com\/wordpress\/plugins\/seo\/ -->\n<title>Lacrima Noir lace dress - Ania Kuczy\u0144ska<\/title>\n<meta name=\"robots\" content=\"index, follow, max-snippet:-1, max-image-preview:large, max-video-preview:-1\" \/>\n<link rel=\"canonical\" href=\"https:\/\/aniakuczynska.com\/en\/product\/lacrima-onyx-sukienka-z-koronki\/\" \/>\n<meta property=\"og:locale\" content=\"en_US\" \/>\n<meta property=\"og:type\" content=\"article\" \/>\n<meta property=\"og:title\" content=\"Lacrima Noir lace dress - Ania Kuczy\u0144ska\" \/>\n<meta property=\"og:description\" content=\"A lace dress with the collection\u2019s signature sleeves and delicate gathers. Water symbolizes life and transformation. It reflects our emotions and desires, acting like a mirror. It represents beginnings and spiritual rebirth. Water energy cleanses and makes way for the new. The collection draws inspiration from the power of water, its delicacy, and strength. Lightweight [&hellip;]\" \/>\n<meta property=\"og:url\" content=\"https:\/\/aniakuczynska.com\/en\/product\/lacrima-onyx-sukienka-z-koronki\/\" \/>\n<meta property=\"og:site_name\" content=\"Ania Kuczy\u0144ska\" \/>\n<meta property=\"article:publisher\" content=\"https:\/\/www.facebook.com\/aniakuczynskaclothingbrand\/\" \/>\n<meta property=\"article:modified_time\" content=\"2025-04-24T18:02:34+00:00\" \/>\n<meta property=\"og:image\" content=\"https:\/\/aniakuczynska.com\/wp-content\/uploads\/2024\/08\/lacrima.jpg\" \/>\n\t<meta property=\"og:image:width\" content=\"1125\" \/>\n\t<meta property=\"og:image:height\" content=\"1500\" \/>\n\t<meta property=\"og:image:type\" content=\"image\/jpeg\" \/>\n<meta name=\"twitter:card\" content=\"summary_large_image\" \/>\n<meta name=\"twitter:label1\" content=\"Est. reading time\" \/>\n\t<meta name=\"twitter:data1\" content=\"2 minutes\" \/>\n<script type=\"application\/ld+json\" class=\"yoast-schema-graph\">{\"@context\":\"https:\/\/schema.org\",\"@graph\":[{\"@type\":\"WebPage\",\"@id\":\"https:\/\/aniakuczynska.com\/en\/product\/lacrima-onyx-sukienka-z-koronki\/\",\"url\":\"https:\/\/aniakuczynska.com\/en\/product\/lacrima-onyx-sukienka-z-koronki\/\",\"name\":\"Lacrima Noir lace dress - Ania Kuczy\u0144ska\",\"isPartOf\":{\"@id\":\"https:\/\/aniakuczynska.com\/#website\"},\"primaryImageOfPage\":{\"@id\":\"https:\/\/aniakuczynska.com\/en\/product\/lacrima-onyx-sukienka-z-koronki\/#primaryimage\"},\"image\":{\"@id\":\"https:\/\/aniakuczynska.com\/en\/product\/lacrima-onyx-sukienka-z-koronki\/#primaryimage\"},\"thumbnailUrl\":\"https:\/\/aniakuczynska.com\/wp-content\/uploads\/2024\/08\/lacrima.jpg\",\"datePublished\":\"2024-08-20T13:56:13+00:00\",\"dateModified\":\"2025-04-24T18:02:34+00:00\",\"breadcrumb\":{\"@id\":\"https:\/\/aniakuczynska.com\/en\/product\/lacrima-onyx-sukienka-z-koronki\/#breadcrumb\"},\"inLanguage\":\"en-US\",\"potentialAction\":[{\"@type\":\"ReadAction\",\"target\":[\"https:\/\/aniakuczynska.com\/en\/product\/lacrima-onyx-sukienka-z-koronki\/\"]}]},{\"@type\":\"ImageObject\",\"inLanguage\":\"en-US\",\"@id\":\"https:\/\/aniakuczynska.com\/en\/product\/lacrima-onyx-sukienka-z-koronki\/#primaryimage\",\"url\":\"https:\/\/aniakuczynska.com\/wp-content\/uploads\/2024\/08\/lacrima.jpg\",\"contentUrl\":\"https:\/\/aniakuczynska.com\/wp-content\/uploads\/2024\/08\/lacrima.jpg\",\"width\":1125,\"height\":1500},{\"@type\":\"BreadcrumbList\",\"@id\":\"https:\/\/aniakuczynska.com\/en\/product\/lacrima-onyx-sukienka-z-koronki\/#breadcrumb\",\"itemListElement\":[{\"@type\":\"ListItem\",\"position\":1,\"name\":\"Strona g\u0142\u00f3wna\",\"item\":\"https:\/\/aniakuczynska.com\/en\/\"},{\"@type\":\"ListItem\",\"position\":2,\"name\":\"Shop\",\"item\":\"https:\/\/aniakuczynska.com\/en\/shop\/\"},{\"@type\":\"ListItem\",\"position\":3,\"name\":\"Lacrima Noir lace dress\"}]},{\"@type\":\"WebSite\",\"@id\":\"https:\/\/aniakuczynska.com\/#website\",\"url\":\"https:\/\/aniakuczynska.com\/\",\"name\":\"Ania Kuczy\u0144ska\",\"description\":\"Ania Kuczy\u0144ska to jedna z najbardziej cenionych i rozpoznawalnych polskich projektantek mody. Tworzy mocn\u0105 i charakterystyczn\u0105 mark\u0119 \u2013 jej styl okre\u015blany jako ozdobny minimalizm jest ho\u0142dem dla szykownej i eleganckiej nonszalancji, charyzmatycznej kobieco\u015bci.\",\"potentialAction\":[{\"@type\":\"SearchAction\",\"target\":{\"@type\":\"EntryPoint\",\"urlTemplate\":\"https:\/\/aniakuczynska.com\/?s={search_term_string}\"},\"query-input\":{\"@type\":\"PropertyValueSpecification\",\"valueRequired\":true,\"valueName\":\"search_term_string\"}}],\"inLanguage\":\"en-US\"}]}<\/script>\n<!-- \/ Yoast SEO plugin. -->","yoast_head_json":{"title":"Lacrima Noir lace dress - Ania Kuczy\u0144ska","robots":{"index":"index","follow":"follow","max-snippet":"max-snippet:-1","max-image-preview":"max-image-preview:large","max-video-preview":"max-video-preview:-1"},"canonical":"https:\/\/aniakuczynska.com\/en\/product\/lacrima-onyx-sukienka-z-koronki\/","og_locale":"en_US","og_type":"article","og_title":"Lacrima Noir lace dress - Ania Kuczy\u0144ska","og_description":"A lace dress with the collection\u2019s signature sleeves and delicate gathers. Water symbolizes life and transformation. It reflects our emotions and desires, acting like a mirror. It represents beginnings and spiritual rebirth. Water energy cleanses and makes way for the new. The collection draws inspiration from the power of water, its delicacy, and strength. Lightweight [&hellip;]","og_url":"https:\/\/aniakuczynska.com\/en\/product\/lacrima-onyx-sukienka-z-koronki\/","og_site_name":"Ania Kuczy\u0144ska","article_publisher":"https:\/\/www.facebook.com\/aniakuczynskaclothingbrand\/","article_modified_time":"2025-04-24T18:02:34+00:00","og_image":[{"width":1125,"height":1500,"url":"https:\/\/aniakuczynska.com\/wp-content\/uploads\/2024\/08\/lacrima.jpg","type":"image\/jpeg"}],"twitter_card":"summary_large_image","twitter_misc":{"Est. reading time":"2 minutes"},"schema":{"@context":"https:\/\/schema.org","@graph":[{"@type":"WebPage","@id":"https:\/\/aniakuczynska.com\/en\/product\/lacrima-onyx-sukienka-z-koronki\/","url":"https:\/\/aniakuczynska.com\/en\/product\/lacrima-onyx-sukienka-z-koronki\/","name":"Lacrima Noir lace dress - Ania Kuczy\u0144ska","isPartOf":{"@id":"https:\/\/aniakuczynska.com\/#website"},"primaryImageOfPage":{"@id":"https:\/\/aniakuczynska.com\/en\/product\/lacrima-onyx-sukienka-z-koronki\/#primaryimage"},"image":{"@id":"https:\/\/aniakuczynska.com\/en\/product\/lacrima-onyx-sukienka-z-koronki\/#primaryimage"},"thumbnailUrl":"https:\/\/aniakuczynska.com\/wp-content\/uploads\/2024\/08\/lacrima.jpg","datePublished":"2024-08-20T13:56:13+00:00","dateModified":"2025-04-24T18:02:34+00:00","breadcrumb":{"@id":"https:\/\/aniakuczynska.com\/en\/product\/lacrima-onyx-sukienka-z-koronki\/#breadcrumb"},"inLanguage":"en-US","potentialAction":[{"@type":"ReadAction","target":["https:\/\/aniakuczynska.com\/en\/product\/lacrima-onyx-sukienka-z-koronki\/"]}]},{"@type":"ImageObject","inLanguage":"en-US","@id":"https:\/\/aniakuczynska.com\/en\/product\/lacrima-onyx-sukienka-z-koronki\/#primaryimage","url":"https:\/\/aniakuczynska.com\/wp-content\/uploads\/2024\/08\/lacrima.jpg","contentUrl":"https:\/\/aniakuczynska.com\/wp-content\/uploads\/2024\/08\/lacrima.jpg","width":1125,"height":1500},{"@type":"BreadcrumbList","@id":"https:\/\/aniakuczynska.com\/en\/product\/lacrima-onyx-sukienka-z-koronki\/#breadcrumb","itemListElement":[{"@type":"ListItem","position":1,"name":"Strona g\u0142\u00f3wna","item":"https:\/\/aniakuczynska.com\/en\/"},{"@type":"ListItem","position":2,"name":"Shop","item":"https:\/\/aniakuczynska.com\/en\/shop\/"},{"@type":"ListItem","position":3,"name":"Lacrima Noir lace dress"}]},{"@type":"WebSite","@id":"https:\/\/aniakuczynska.com\/#website","url":"https:\/\/aniakuczynska.com\/","name":"Ania Kuczy\u0144ska","description":"Ania Kuczy\u0144ska to jedna z najbardziej cenionych i rozpoznawalnych polskich projektantek mody. Tworzy mocn\u0105 i charakterystyczn\u0105 mark\u0119 \u2013 jej styl okre\u015blany jako ozdobny minimalizm jest ho\u0142dem dla szykownej i eleganckiej nonszalancji, charyzmatycznej kobieco\u015bci.","potentialAction":[{"@type":"SearchAction","target":{"@type":"EntryPoint","urlTemplate":"https:\/\/aniakuczynska.com\/?s={search_term_string}"},"query-input":{"@type":"PropertyValueSpecification","valueRequired":true,"valueName":"search_term_string"}}],"inLanguage":"en-US"}]}},"_links":{"self":[{"href":"https:\/\/aniakuczynska.com\/en\/wp-json\/wp\/v2\/product\/24433","targetHints":{"allow":["GET"]}}],"collection":[{"href":"https:\/\/aniakuczynska.com\/en\/wp-json\/wp\/v2\/product"}],"about":[{"href":"https:\/\/aniakuczynska.com\/en\/wp-json\/wp\/v2\/types\/product"}],"replies":[{"embeddable":true,"href":"https:\/\/aniakuczynska.com\/en\/wp-json\/wp\/v2\/comments?post=24433"}],"wp:featuredmedia":[{"embeddable":true,"href":"https:\/\/aniakuczynska.com\/en\/wp-json\/wp\/v2\/media\/26861"}],"wp:attachment":[{"href":"https:\/\/aniakuczynska.com\/en\/wp-json\/wp\/v2\/media?parent=24433"}],"wp:term":[{"taxonomy":"product_brand","embeddable":true,"href":"https:\/\/aniakuczynska.com\/en\/wp-json\/wp\/v2\/product_brand?post=24433"},{"taxonomy":"product_cat","embeddable":true,"href":"https:\/\/aniakuczynska.com\/en\/wp-json\/wp\/v2\/product_cat?post=24433"},{"taxonomy":"product_tag","embeddable":true,"href":"https:\/\/aniakuczynska.com\/en\/wp-json\/wp\/v2\/product_tag?post=24433"}],"curies":[{"name":"wp","href":"https:\/\/api.w.org\/{rel}","templated":true}]}}