{"id":24428,"date":"2024-08-12T11:13:34","date_gmt":"2024-08-20T13:54:09","guid":{"rendered":"https:\/\/aniakuczynska.com\/?post_type=product&#038;p=24428"},"modified":"2025-08-06T12:20:27","modified_gmt":"2025-08-06T12:20:27","slug":"mekong-torba-z-logo-recznie-tloczonym-na-skorze","status":"publish","type":"product","link":"https:\/\/aniakuczynska.com\/en\/product\/mekong-torba-z-logo-recznie-tloczonym-na-skorze\/","title":{"rendered":"Mekong bag with a hand-embossed logo"},"content":{"rendered":"<p>The Shanghai bag has been described as &#8220;the most recognizable branded accessory in the history of modern Polish fashion since 1989.&#8221; The Mekong bag is its smaller version.<\/p>\n<p>The Shanghai bag was honored with the Must Have Award at the \u0141\u00f3d\u017a Design Festival in 2013.<\/p>\n<p>It was inspired by Ania\u2019s trip to China.<\/p>\n<p>The bag is radically black, reflecting the brand\u2019s signature color.<\/p>\n<p>It is spacious, lightweight, soft, and very comfortable to use, thanks to its interior pockets.<\/p>\n<ul>\n<li>The brand&#8217;s clothing and accessories are produced in Poland with a reduced carbon footprint.<\/li>\n<li>Fabrics and accessories are produced in Europe.<\/li>\n<li>The packaging is 100% biodegradable.<\/li>\n<\/ul>\n<p>Shop consciously and LOVE our Planet.<\/p>\n","protected":false},"excerpt":{"rendered":"<p>The Shanghai bag has been described as &#8220;the most recognizable branded accessory in the history of modern Polish fashion since 1989.&#8221; The Mekong bag is its smaller version. The Shanghai bag was honored with the Must Have Award at the \u0141\u00f3d\u017a Design Festival in 2013. It was inspired by Ania\u2019s trip to China. The bag [&hellip;]<\/p>\n","protected":false},"featured_media":24331,"comment_status":"open","ping_status":"closed","template":"","meta":{"_acf_changed":false},"product_brand":[],"product_cat":[291],"product_tag":[],"class_list":{"0":"post-24428","1":"product","2":"type-product","3":"status-publish","4":"has-post-thumbnail","6":"product_cat-uncategorized-en","7":"pa_rozmiar-onesize-en","9":"first","10":"outofstock","11":"sale","12":"shipping-taxable","13":"purchasable","14":"product-type-variable","15":"has-default-attributes"},"acf":[],"yoast_head":"<!-- This site is optimized with the Yoast SEO plugin v24.5 - https:\/\/yoast.com\/wordpress\/plugins\/seo\/ -->\n<title>Mekong bag with a hand-embossed logo - Ania Kuczy\u0144ska<\/title>\n<meta name=\"robots\" content=\"index, follow, max-snippet:-1, max-image-preview:large, max-video-preview:-1\" \/>\n<link rel=\"canonical\" href=\"https:\/\/aniakuczynska.com\/en\/product\/mekong-torba-z-logo-recznie-tloczonym-na-skorze\/\" \/>\n<meta property=\"og:locale\" content=\"en_US\" \/>\n<meta property=\"og:type\" content=\"article\" \/>\n<meta property=\"og:title\" content=\"Mekong bag with a hand-embossed logo - Ania Kuczy\u0144ska\" \/>\n<meta property=\"og:description\" content=\"The Shanghai bag has been described as &#8220;the most recognizable branded accessory in the history of modern Polish fashion since 1989.&#8221; The Mekong bag is its smaller version. The Shanghai bag was honored with the Must Have Award at the \u0141\u00f3d\u017a Design Festival in 2013. It was inspired by Ania\u2019s trip to China. The bag [&hellip;]\" \/>\n<meta property=\"og:url\" content=\"https:\/\/aniakuczynska.com\/en\/product\/mekong-torba-z-logo-recznie-tloczonym-na-skorze\/\" \/>\n<meta property=\"og:site_name\" content=\"Ania Kuczy\u0144ska\" \/>\n<meta property=\"article:publisher\" content=\"https:\/\/www.facebook.com\/aniakuczynskaclothingbrand\/\" \/>\n<meta property=\"article:modified_time\" content=\"2025-08-06T12:20:27+00:00\" \/>\n<meta property=\"og:image\" content=\"https:\/\/aniakuczynska.com\/wp-content\/uploads\/2024\/08\/Mekong_Leggero.jpg\" \/>\n\t<meta property=\"og:image:width\" content=\"1125\" \/>\n\t<meta property=\"og:image:height\" content=\"1500\" \/>\n\t<meta property=\"og:image:type\" content=\"image\/jpeg\" \/>\n<meta name=\"twitter:card\" content=\"summary_large_image\" \/>\n<meta name=\"twitter:label1\" content=\"Est. reading time\" \/>\n\t<meta name=\"twitter:data1\" content=\"2 minutes\" \/>\n<script type=\"application\/ld+json\" class=\"yoast-schema-graph\">{\"@context\":\"https:\/\/schema.org\",\"@graph\":[{\"@type\":\"WebPage\",\"@id\":\"https:\/\/aniakuczynska.com\/en\/product\/mekong-torba-z-logo-recznie-tloczonym-na-skorze\/\",\"url\":\"https:\/\/aniakuczynska.com\/en\/product\/mekong-torba-z-logo-recznie-tloczonym-na-skorze\/\",\"name\":\"Mekong bag with a hand-embossed logo - Ania Kuczy\u0144ska\",\"isPartOf\":{\"@id\":\"https:\/\/aniakuczynska.com\/#website\"},\"primaryImageOfPage\":{\"@id\":\"https:\/\/aniakuczynska.com\/en\/product\/mekong-torba-z-logo-recznie-tloczonym-na-skorze\/#primaryimage\"},\"image\":{\"@id\":\"https:\/\/aniakuczynska.com\/en\/product\/mekong-torba-z-logo-recznie-tloczonym-na-skorze\/#primaryimage\"},\"thumbnailUrl\":\"https:\/\/aniakuczynska.com\/wp-content\/uploads\/2024\/08\/Mekong_Leggero.jpg\",\"datePublished\":\"2024-08-20T13:54:09+00:00\",\"dateModified\":\"2025-08-06T12:20:27+00:00\",\"breadcrumb\":{\"@id\":\"https:\/\/aniakuczynska.com\/en\/product\/mekong-torba-z-logo-recznie-tloczonym-na-skorze\/#breadcrumb\"},\"inLanguage\":\"en-US\",\"potentialAction\":[{\"@type\":\"ReadAction\",\"target\":[\"https:\/\/aniakuczynska.com\/en\/product\/mekong-torba-z-logo-recznie-tloczonym-na-skorze\/\"]}]},{\"@type\":\"ImageObject\",\"inLanguage\":\"en-US\",\"@id\":\"https:\/\/aniakuczynska.com\/en\/product\/mekong-torba-z-logo-recznie-tloczonym-na-skorze\/#primaryimage\",\"url\":\"https:\/\/aniakuczynska.com\/wp-content\/uploads\/2024\/08\/Mekong_Leggero.jpg\",\"contentUrl\":\"https:\/\/aniakuczynska.com\/wp-content\/uploads\/2024\/08\/Mekong_Leggero.jpg\",\"width\":1125,\"height\":1500},{\"@type\":\"BreadcrumbList\",\"@id\":\"https:\/\/aniakuczynska.com\/en\/product\/mekong-torba-z-logo-recznie-tloczonym-na-skorze\/#breadcrumb\",\"itemListElement\":[{\"@type\":\"ListItem\",\"position\":1,\"name\":\"Strona g\u0142\u00f3wna\",\"item\":\"https:\/\/aniakuczynska.com\/en\/\"},{\"@type\":\"ListItem\",\"position\":2,\"name\":\"Shop\",\"item\":\"https:\/\/aniakuczynska.com\/en\/shop\/\"},{\"@type\":\"ListItem\",\"position\":3,\"name\":\"Mekong bag with a hand-embossed logo\"}]},{\"@type\":\"WebSite\",\"@id\":\"https:\/\/aniakuczynska.com\/#website\",\"url\":\"https:\/\/aniakuczynska.com\/\",\"name\":\"Ania Kuczy\u0144ska\",\"description\":\"Ania Kuczy\u0144ska to jedna z najbardziej cenionych i rozpoznawalnych polskich projektantek mody. Tworzy mocn\u0105 i charakterystyczn\u0105 mark\u0119 \u2013 jej styl okre\u015blany jako ozdobny minimalizm jest ho\u0142dem dla szykownej i eleganckiej nonszalancji, charyzmatycznej kobieco\u015bci.\",\"potentialAction\":[{\"@type\":\"SearchAction\",\"target\":{\"@type\":\"EntryPoint\",\"urlTemplate\":\"https:\/\/aniakuczynska.com\/?s={search_term_string}\"},\"query-input\":{\"@type\":\"PropertyValueSpecification\",\"valueRequired\":true,\"valueName\":\"search_term_string\"}}],\"inLanguage\":\"en-US\"}]}<\/script>\n<!-- \/ Yoast SEO plugin. -->","yoast_head_json":{"title":"Mekong bag with a hand-embossed logo - Ania Kuczy\u0144ska","robots":{"index":"index","follow":"follow","max-snippet":"max-snippet:-1","max-image-preview":"max-image-preview:large","max-video-preview":"max-video-preview:-1"},"canonical":"https:\/\/aniakuczynska.com\/en\/product\/mekong-torba-z-logo-recznie-tloczonym-na-skorze\/","og_locale":"en_US","og_type":"article","og_title":"Mekong bag with a hand-embossed logo - Ania Kuczy\u0144ska","og_description":"The Shanghai bag has been described as &#8220;the most recognizable branded accessory in the history of modern Polish fashion since 1989.&#8221; The Mekong bag is its smaller version. The Shanghai bag was honored with the Must Have Award at the \u0141\u00f3d\u017a Design Festival in 2013. It was inspired by Ania\u2019s trip to China. The bag [&hellip;]","og_url":"https:\/\/aniakuczynska.com\/en\/product\/mekong-torba-z-logo-recznie-tloczonym-na-skorze\/","og_site_name":"Ania Kuczy\u0144ska","article_publisher":"https:\/\/www.facebook.com\/aniakuczynskaclothingbrand\/","article_modified_time":"2025-08-06T12:20:27+00:00","og_image":[{"width":1125,"height":1500,"url":"https:\/\/aniakuczynska.com\/wp-content\/uploads\/2024\/08\/Mekong_Leggero.jpg","type":"image\/jpeg"}],"twitter_card":"summary_large_image","twitter_misc":{"Est. reading time":"2 minutes"},"schema":{"@context":"https:\/\/schema.org","@graph":[{"@type":"WebPage","@id":"https:\/\/aniakuczynska.com\/en\/product\/mekong-torba-z-logo-recznie-tloczonym-na-skorze\/","url":"https:\/\/aniakuczynska.com\/en\/product\/mekong-torba-z-logo-recznie-tloczonym-na-skorze\/","name":"Mekong bag with a hand-embossed logo - Ania Kuczy\u0144ska","isPartOf":{"@id":"https:\/\/aniakuczynska.com\/#website"},"primaryImageOfPage":{"@id":"https:\/\/aniakuczynska.com\/en\/product\/mekong-torba-z-logo-recznie-tloczonym-na-skorze\/#primaryimage"},"image":{"@id":"https:\/\/aniakuczynska.com\/en\/product\/mekong-torba-z-logo-recznie-tloczonym-na-skorze\/#primaryimage"},"thumbnailUrl":"https:\/\/aniakuczynska.com\/wp-content\/uploads\/2024\/08\/Mekong_Leggero.jpg","datePublished":"2024-08-20T13:54:09+00:00","dateModified":"2025-08-06T12:20:27+00:00","breadcrumb":{"@id":"https:\/\/aniakuczynska.com\/en\/product\/mekong-torba-z-logo-recznie-tloczonym-na-skorze\/#breadcrumb"},"inLanguage":"en-US","potentialAction":[{"@type":"ReadAction","target":["https:\/\/aniakuczynska.com\/en\/product\/mekong-torba-z-logo-recznie-tloczonym-na-skorze\/"]}]},{"@type":"ImageObject","inLanguage":"en-US","@id":"https:\/\/aniakuczynska.com\/en\/product\/mekong-torba-z-logo-recznie-tloczonym-na-skorze\/#primaryimage","url":"https:\/\/aniakuczynska.com\/wp-content\/uploads\/2024\/08\/Mekong_Leggero.jpg","contentUrl":"https:\/\/aniakuczynska.com\/wp-content\/uploads\/2024\/08\/Mekong_Leggero.jpg","width":1125,"height":1500},{"@type":"BreadcrumbList","@id":"https:\/\/aniakuczynska.com\/en\/product\/mekong-torba-z-logo-recznie-tloczonym-na-skorze\/#breadcrumb","itemListElement":[{"@type":"ListItem","position":1,"name":"Strona g\u0142\u00f3wna","item":"https:\/\/aniakuczynska.com\/en\/"},{"@type":"ListItem","position":2,"name":"Shop","item":"https:\/\/aniakuczynska.com\/en\/shop\/"},{"@type":"ListItem","position":3,"name":"Mekong bag with a hand-embossed logo"}]},{"@type":"WebSite","@id":"https:\/\/aniakuczynska.com\/#website","url":"https:\/\/aniakuczynska.com\/","name":"Ania Kuczy\u0144ska","description":"Ania Kuczy\u0144ska to jedna z najbardziej cenionych i rozpoznawalnych polskich projektantek mody. Tworzy mocn\u0105 i charakterystyczn\u0105 mark\u0119 \u2013 jej styl okre\u015blany jako ozdobny minimalizm jest ho\u0142dem dla szykownej i eleganckiej nonszalancji, charyzmatycznej kobieco\u015bci.","potentialAction":[{"@type":"SearchAction","target":{"@type":"EntryPoint","urlTemplate":"https:\/\/aniakuczynska.com\/?s={search_term_string}"},"query-input":{"@type":"PropertyValueSpecification","valueRequired":true,"valueName":"search_term_string"}}],"inLanguage":"en-US"}]}},"_links":{"self":[{"href":"https:\/\/aniakuczynska.com\/en\/wp-json\/wp\/v2\/product\/24428","targetHints":{"allow":["GET"]}}],"collection":[{"href":"https:\/\/aniakuczynska.com\/en\/wp-json\/wp\/v2\/product"}],"about":[{"href":"https:\/\/aniakuczynska.com\/en\/wp-json\/wp\/v2\/types\/product"}],"replies":[{"embeddable":true,"href":"https:\/\/aniakuczynska.com\/en\/wp-json\/wp\/v2\/comments?post=24428"}],"wp:featuredmedia":[{"embeddable":true,"href":"https:\/\/aniakuczynska.com\/en\/wp-json\/wp\/v2\/media\/24331"}],"wp:attachment":[{"href":"https:\/\/aniakuczynska.com\/en\/wp-json\/wp\/v2\/media?parent=24428"}],"wp:term":[{"taxonomy":"product_brand","embeddable":true,"href":"https:\/\/aniakuczynska.com\/en\/wp-json\/wp\/v2\/product_brand?post=24428"},{"taxonomy":"product_cat","embeddable":true,"href":"https:\/\/aniakuczynska.com\/en\/wp-json\/wp\/v2\/product_cat?post=24428"},{"taxonomy":"product_tag","embeddable":true,"href":"https:\/\/aniakuczynska.com\/en\/wp-json\/wp\/v2\/product_tag?post=24428"}],"curies":[{"name":"wp","href":"https:\/\/api.w.org\/{rel}","templated":true}]}}