{"id":23844,"date":"2024-05-11T05:38:34","date_gmt":"2024-06-06T15:48:01","guid":{"rendered":"https:\/\/aniakuczynska.com\/?post_type=product&#038;p=23844"},"modified":"2026-02-27T17:48:47","modified_gmt":"2026-02-27T17:48:47","slug":"camomilla-cotton-scrunchie","status":"publish","type":"product","link":"https:\/\/aniakuczynska.com\/en\/product\/camomilla-cotton-scrunchie\/","title":{"rendered":"Camomilla cotton scrunchie"},"content":{"rendered":"<p>Camomilla to nie tylko praktyczne akcesorium, ale r\u00f3wnie\u017c delikatny spos\u00f3b piel\u0119gnacji Twoich w\u0142os\u00f3w. Gumki uszyte s\u0105 z naturalnych tkanin, nie \u0142ami\u0105 i nie uszkadzaj\u0105 w\u0142os\u00f3w, pozostawiaj\u0105c je zdrowe i l\u015bni\u0105ce. Camomilla to subtelny akcent luksusu w Twojej codziennej piel\u0119gnacji.<\/p>\n<p>\u015arednica: 17 cm<\/p>\n<p>&#8211; Ubrania i akcesoria marki s\u0105 produkowane w Polsce z ograniczenie \u015bladu w\u0119glowego.<\/p>\n<p>&#8211; Tkaniny i dodatki s\u0105 produkowane w Europie.<\/p>\n<p>&#8211; Opakowania s\u0105 w 100% biodegradowalne.<\/p>\n<p>Kupuj \u015bwiadomie i KOCHAJ nasz\u0105 Planet\u0119.<\/p>\n","protected":false},"excerpt":{"rendered":"<p>Camomilla to nie tylko praktyczne akcesorium, ale r\u00f3wnie\u017c delikatny spos\u00f3b piel\u0119gnacji Twoich w\u0142os\u00f3w. Gumki uszyte s\u0105 z naturalnych tkanin, nie \u0142ami\u0105 i nie uszkadzaj\u0105 w\u0142os\u00f3w, pozostawiaj\u0105c je zdrowe i l\u015bni\u0105ce. Camomilla to subtelny akcent luksusu w Twojej codziennej piel\u0119gnacji. \u015arednica: 17 cm &#8211; Ubrania i akcesoria marki s\u0105 produkowane w Polsce z ograniczenie \u015bladu w\u0119glowego. [&hellip;]<\/p>\n","protected":false},"featured_media":23541,"comment_status":"open","ping_status":"closed","template":"","meta":{"_acf_changed":false},"product_brand":[],"product_cat":[],"product_tag":[],"class_list":{"0":"post-23844","1":"product","2":"type-product","3":"status-publish","4":"has-post-thumbnail","6":"pa_rozmiar-onesize-en","8":"first","9":"outofstock","10":"shipping-taxable","11":"purchasable","12":"product-type-variable","13":"has-default-attributes"},"acf":[],"yoast_head":"<!-- This site is optimized with the Yoast SEO plugin v24.5 - https:\/\/yoast.com\/wordpress\/plugins\/seo\/ -->\n<title>Camomilla cotton scrunchie - Ania Kuczy\u0144ska<\/title>\n<meta name=\"robots\" content=\"index, follow, max-snippet:-1, max-image-preview:large, max-video-preview:-1\" \/>\n<link rel=\"canonical\" href=\"https:\/\/aniakuczynska.com\/en\/product\/camomilla-cotton-scrunchie\/\" \/>\n<meta property=\"og:locale\" content=\"en_US\" \/>\n<meta property=\"og:type\" content=\"article\" \/>\n<meta property=\"og:title\" content=\"Camomilla cotton scrunchie - Ania Kuczy\u0144ska\" \/>\n<meta property=\"og:description\" content=\"Camomilla to nie tylko praktyczne akcesorium, ale r\u00f3wnie\u017c delikatny spos\u00f3b piel\u0119gnacji Twoich w\u0142os\u00f3w. Gumki uszyte s\u0105 z naturalnych tkanin, nie \u0142ami\u0105 i nie uszkadzaj\u0105 w\u0142os\u00f3w, pozostawiaj\u0105c je zdrowe i l\u015bni\u0105ce. Camomilla to subtelny akcent luksusu w Twojej codziennej piel\u0119gnacji. \u015arednica: 17 cm &#8211; Ubrania i akcesoria marki s\u0105 produkowane w Polsce z ograniczenie \u015bladu w\u0119glowego. [&hellip;]\" \/>\n<meta property=\"og:url\" content=\"https:\/\/aniakuczynska.com\/en\/product\/camomilla-cotton-scrunchie\/\" \/>\n<meta property=\"og:site_name\" content=\"Ania Kuczy\u0144ska\" \/>\n<meta property=\"article:publisher\" content=\"https:\/\/www.facebook.com\/aniakuczynskaclothingbrand\/\" \/>\n<meta property=\"article:modified_time\" content=\"2026-02-27T17:48:47+00:00\" \/>\n<meta property=\"og:image\" content=\"https:\/\/aniakuczynska.com\/wp-content\/uploads\/2024\/05\/2.png\" \/>\n\t<meta property=\"og:image:width\" content=\"1125\" \/>\n\t<meta property=\"og:image:height\" content=\"1500\" \/>\n\t<meta property=\"og:image:type\" content=\"image\/png\" \/>\n<meta name=\"twitter:card\" content=\"summary_large_image\" \/>\n<meta name=\"twitter:label1\" content=\"Est. reading time\" \/>\n\t<meta name=\"twitter:data1\" content=\"1 minute\" \/>\n<script type=\"application\/ld+json\" class=\"yoast-schema-graph\">{\"@context\":\"https:\/\/schema.org\",\"@graph\":[{\"@type\":\"WebPage\",\"@id\":\"https:\/\/aniakuczynska.com\/en\/product\/camomilla-cotton-scrunchie\/\",\"url\":\"https:\/\/aniakuczynska.com\/en\/product\/camomilla-cotton-scrunchie\/\",\"name\":\"Camomilla cotton scrunchie - Ania Kuczy\u0144ska\",\"isPartOf\":{\"@id\":\"https:\/\/aniakuczynska.com\/#website\"},\"primaryImageOfPage\":{\"@id\":\"https:\/\/aniakuczynska.com\/en\/product\/camomilla-cotton-scrunchie\/#primaryimage\"},\"image\":{\"@id\":\"https:\/\/aniakuczynska.com\/en\/product\/camomilla-cotton-scrunchie\/#primaryimage\"},\"thumbnailUrl\":\"https:\/\/aniakuczynska.com\/wp-content\/uploads\/2024\/05\/2.png\",\"datePublished\":\"2024-06-06T15:48:01+00:00\",\"dateModified\":\"2026-02-27T17:48:47+00:00\",\"breadcrumb\":{\"@id\":\"https:\/\/aniakuczynska.com\/en\/product\/camomilla-cotton-scrunchie\/#breadcrumb\"},\"inLanguage\":\"en-US\",\"potentialAction\":[{\"@type\":\"ReadAction\",\"target\":[\"https:\/\/aniakuczynska.com\/en\/product\/camomilla-cotton-scrunchie\/\"]}]},{\"@type\":\"ImageObject\",\"inLanguage\":\"en-US\",\"@id\":\"https:\/\/aniakuczynska.com\/en\/product\/camomilla-cotton-scrunchie\/#primaryimage\",\"url\":\"https:\/\/aniakuczynska.com\/wp-content\/uploads\/2024\/05\/2.png\",\"contentUrl\":\"https:\/\/aniakuczynska.com\/wp-content\/uploads\/2024\/05\/2.png\",\"width\":1125,\"height\":1500},{\"@type\":\"BreadcrumbList\",\"@id\":\"https:\/\/aniakuczynska.com\/en\/product\/camomilla-cotton-scrunchie\/#breadcrumb\",\"itemListElement\":[{\"@type\":\"ListItem\",\"position\":1,\"name\":\"Strona g\u0142\u00f3wna\",\"item\":\"https:\/\/aniakuczynska.com\/en\/\"},{\"@type\":\"ListItem\",\"position\":2,\"name\":\"Shop\",\"item\":\"https:\/\/aniakuczynska.com\/en\/shop\/\"},{\"@type\":\"ListItem\",\"position\":3,\"name\":\"Camomilla cotton scrunchie\"}]},{\"@type\":\"WebSite\",\"@id\":\"https:\/\/aniakuczynska.com\/#website\",\"url\":\"https:\/\/aniakuczynska.com\/\",\"name\":\"Ania Kuczy\u0144ska\",\"description\":\"Ania Kuczy\u0144ska to jedna z najbardziej cenionych i rozpoznawalnych polskich projektantek mody. Tworzy mocn\u0105 i charakterystyczn\u0105 mark\u0119 \u2013 jej styl okre\u015blany jako ozdobny minimalizm jest ho\u0142dem dla szykownej i eleganckiej nonszalancji, charyzmatycznej kobieco\u015bci.\",\"potentialAction\":[{\"@type\":\"SearchAction\",\"target\":{\"@type\":\"EntryPoint\",\"urlTemplate\":\"https:\/\/aniakuczynska.com\/?s={search_term_string}\"},\"query-input\":{\"@type\":\"PropertyValueSpecification\",\"valueRequired\":true,\"valueName\":\"search_term_string\"}}],\"inLanguage\":\"en-US\"}]}<\/script>\n<!-- \/ Yoast SEO plugin. -->","yoast_head_json":{"title":"Camomilla cotton scrunchie - Ania Kuczy\u0144ska","robots":{"index":"index","follow":"follow","max-snippet":"max-snippet:-1","max-image-preview":"max-image-preview:large","max-video-preview":"max-video-preview:-1"},"canonical":"https:\/\/aniakuczynska.com\/en\/product\/camomilla-cotton-scrunchie\/","og_locale":"en_US","og_type":"article","og_title":"Camomilla cotton scrunchie - Ania Kuczy\u0144ska","og_description":"Camomilla to nie tylko praktyczne akcesorium, ale r\u00f3wnie\u017c delikatny spos\u00f3b piel\u0119gnacji Twoich w\u0142os\u00f3w. Gumki uszyte s\u0105 z naturalnych tkanin, nie \u0142ami\u0105 i nie uszkadzaj\u0105 w\u0142os\u00f3w, pozostawiaj\u0105c je zdrowe i l\u015bni\u0105ce. Camomilla to subtelny akcent luksusu w Twojej codziennej piel\u0119gnacji. \u015arednica: 17 cm &#8211; Ubrania i akcesoria marki s\u0105 produkowane w Polsce z ograniczenie \u015bladu w\u0119glowego. [&hellip;]","og_url":"https:\/\/aniakuczynska.com\/en\/product\/camomilla-cotton-scrunchie\/","og_site_name":"Ania Kuczy\u0144ska","article_publisher":"https:\/\/www.facebook.com\/aniakuczynskaclothingbrand\/","article_modified_time":"2026-02-27T17:48:47+00:00","og_image":[{"width":1125,"height":1500,"url":"https:\/\/aniakuczynska.com\/wp-content\/uploads\/2024\/05\/2.png","type":"image\/png"}],"twitter_card":"summary_large_image","twitter_misc":{"Est. reading time":"1 minute"},"schema":{"@context":"https:\/\/schema.org","@graph":[{"@type":"WebPage","@id":"https:\/\/aniakuczynska.com\/en\/product\/camomilla-cotton-scrunchie\/","url":"https:\/\/aniakuczynska.com\/en\/product\/camomilla-cotton-scrunchie\/","name":"Camomilla cotton scrunchie - Ania Kuczy\u0144ska","isPartOf":{"@id":"https:\/\/aniakuczynska.com\/#website"},"primaryImageOfPage":{"@id":"https:\/\/aniakuczynska.com\/en\/product\/camomilla-cotton-scrunchie\/#primaryimage"},"image":{"@id":"https:\/\/aniakuczynska.com\/en\/product\/camomilla-cotton-scrunchie\/#primaryimage"},"thumbnailUrl":"https:\/\/aniakuczynska.com\/wp-content\/uploads\/2024\/05\/2.png","datePublished":"2024-06-06T15:48:01+00:00","dateModified":"2026-02-27T17:48:47+00:00","breadcrumb":{"@id":"https:\/\/aniakuczynska.com\/en\/product\/camomilla-cotton-scrunchie\/#breadcrumb"},"inLanguage":"en-US","potentialAction":[{"@type":"ReadAction","target":["https:\/\/aniakuczynska.com\/en\/product\/camomilla-cotton-scrunchie\/"]}]},{"@type":"ImageObject","inLanguage":"en-US","@id":"https:\/\/aniakuczynska.com\/en\/product\/camomilla-cotton-scrunchie\/#primaryimage","url":"https:\/\/aniakuczynska.com\/wp-content\/uploads\/2024\/05\/2.png","contentUrl":"https:\/\/aniakuczynska.com\/wp-content\/uploads\/2024\/05\/2.png","width":1125,"height":1500},{"@type":"BreadcrumbList","@id":"https:\/\/aniakuczynska.com\/en\/product\/camomilla-cotton-scrunchie\/#breadcrumb","itemListElement":[{"@type":"ListItem","position":1,"name":"Strona g\u0142\u00f3wna","item":"https:\/\/aniakuczynska.com\/en\/"},{"@type":"ListItem","position":2,"name":"Shop","item":"https:\/\/aniakuczynska.com\/en\/shop\/"},{"@type":"ListItem","position":3,"name":"Camomilla cotton scrunchie"}]},{"@type":"WebSite","@id":"https:\/\/aniakuczynska.com\/#website","url":"https:\/\/aniakuczynska.com\/","name":"Ania Kuczy\u0144ska","description":"Ania Kuczy\u0144ska to jedna z najbardziej cenionych i rozpoznawalnych polskich projektantek mody. Tworzy mocn\u0105 i charakterystyczn\u0105 mark\u0119 \u2013 jej styl okre\u015blany jako ozdobny minimalizm jest ho\u0142dem dla szykownej i eleganckiej nonszalancji, charyzmatycznej kobieco\u015bci.","potentialAction":[{"@type":"SearchAction","target":{"@type":"EntryPoint","urlTemplate":"https:\/\/aniakuczynska.com\/?s={search_term_string}"},"query-input":{"@type":"PropertyValueSpecification","valueRequired":true,"valueName":"search_term_string"}}],"inLanguage":"en-US"}]}},"_links":{"self":[{"href":"https:\/\/aniakuczynska.com\/en\/wp-json\/wp\/v2\/product\/23844","targetHints":{"allow":["GET"]}}],"collection":[{"href":"https:\/\/aniakuczynska.com\/en\/wp-json\/wp\/v2\/product"}],"about":[{"href":"https:\/\/aniakuczynska.com\/en\/wp-json\/wp\/v2\/types\/product"}],"replies":[{"embeddable":true,"href":"https:\/\/aniakuczynska.com\/en\/wp-json\/wp\/v2\/comments?post=23844"}],"wp:featuredmedia":[{"embeddable":true,"href":"https:\/\/aniakuczynska.com\/en\/wp-json\/wp\/v2\/media\/23541"}],"wp:attachment":[{"href":"https:\/\/aniakuczynska.com\/en\/wp-json\/wp\/v2\/media?parent=23844"}],"wp:term":[{"taxonomy":"product_brand","embeddable":true,"href":"https:\/\/aniakuczynska.com\/en\/wp-json\/wp\/v2\/product_brand?post=23844"},{"taxonomy":"product_cat","embeddable":true,"href":"https:\/\/aniakuczynska.com\/en\/wp-json\/wp\/v2\/product_cat?post=23844"},{"taxonomy":"product_tag","embeddable":true,"href":"https:\/\/aniakuczynska.com\/en\/wp-json\/wp\/v2\/product_tag?post=23844"}],"curies":[{"name":"wp","href":"https:\/\/api.w.org\/{rel}","templated":true}]}}