{"id":23829,"date":"2024-04-02T10:30:25","date_gmt":"2024-06-06T14:16:08","guid":{"rendered":"https:\/\/aniakuczynska.com\/?post_type=product&#038;p=23829"},"modified":"2024-09-12T13:06:09","modified_gmt":"2024-09-12T13:06:09","slug":"mini-shanghai-lucretia-torba-z-logo-recznie-tloczonym-na-skorze-inicjaly","status":"publish","type":"product","link":"https:\/\/aniakuczynska.com\/en\/product\/mini-shanghai-lucretia-torba-z-logo-recznie-tloczonym-na-skorze-inicjaly\/","title":{"rendered":"Mini Shanghai Lucretia torba z logo r\u0119cznie t\u0142oczonym na sk\u00f3rze \/ Inicja\u0142y"},"content":{"rendered":"<p style=\"text-align: justify;\">Torba Shanghai zosta\u0142a okre\u015blona \u201cnajbardziej rozpoznawalnym markowym dodatkiem w historii wsp\u00f3\u0142czesnej polskiej mody po 89 roku\u201d. Torba jest inspirowana podr\u00f3\u017c\u0105 Ani do Chin. Torba Mini Shanghai jest jej najmniejsz\u0105 wersj\u0105.<\/p>\n<p style=\"text-align: justify;\">Torba uszyta jest z trwa\u0142ego i mocnego, bawe\u0142nianego p\u0142\u00f3tna. Dwie wewn\u0119trzne kieszenie u\u0142atwiaj\u0105 utrzymanie porz\u0105dku w torbie.<\/p>\n<p style=\"text-align: justify;\">Inicja\u0142y romantycznie podkre\u015blaj\u0105 osobist\u0105 przynale\u017cno\u015b\u0107 przedmiotu do ich w\u0142a\u015bcicieli. R\u0119cznie t\u0142oczone inicja\u0142y s\u0105 retro podr\u00f3\u017c\u0105, pi\u0119kn\u0105 opowie\u015bci\u0105 i symbolem przynale\u017cno\u015bci.<\/p>\n<p style=\"text-align: justify;\">Prosimy o umieszczenie informacji o wybranych inicja\u0142ach w komentarzu do zam\u00f3wienia.<\/p>\n<p style=\"text-align: justify;\">Produkt personalizowany &#8211; nie podlega prawu do zwrotu i wymiany.<\/p>\n<p>&#8211; Ubrania i akcesoria marki s\u0105 produkowane w Polsce z ograniczenie \u015bladu w\u0119glowego.<\/p>\n<p>&#8211; Tkaniny i dodatki s\u0105 produkowane w Europie.<\/p>\n<p>&#8211; Opakowania s\u0105 w 100% biodegradowalne.<\/p>\n<p>Kupuj \u015bwiadomie i KOCHAJ nasz\u0105 Planet\u0119.<\/p>\n","protected":false},"excerpt":{"rendered":"<p>Torba Shanghai zosta\u0142a okre\u015blona \u201cnajbardziej rozpoznawalnym markowym dodatkiem w historii wsp\u00f3\u0142czesnej polskiej mody po 89 roku\u201d. Torba jest inspirowana podr\u00f3\u017c\u0105 Ani do Chin. Torba Mini Shanghai jest jej najmniejsz\u0105 wersj\u0105. Torba uszyta jest z trwa\u0142ego i mocnego, bawe\u0142nianego p\u0142\u00f3tna. Dwie wewn\u0119trzne kieszenie u\u0142atwiaj\u0105 utrzymanie porz\u0105dku w torbie. Inicja\u0142y romantycznie podkre\u015blaj\u0105 osobist\u0105 przynale\u017cno\u015b\u0107 przedmiotu do ich [&hellip;]<\/p>\n","protected":false},"featured_media":23187,"comment_status":"open","ping_status":"closed","template":"","meta":{"_acf_changed":false},"product_brand":[],"product_cat":[290],"product_tag":[],"class_list":{"0":"post-23829","1":"product","2":"type-product","3":"status-publish","4":"has-post-thumbnail","6":"product_cat-personalization-en","7":"pa_rozmiar-onesize-en","9":"first","10":"outofstock","11":"shipping-taxable","12":"purchasable","13":"product-type-variable","14":"has-default-attributes"},"acf":[],"yoast_head":"<!-- This site is optimized with the Yoast SEO plugin v24.5 - https:\/\/yoast.com\/wordpress\/plugins\/seo\/ -->\n<title>Mini Shanghai Lucretia torba z logo r\u0119cznie t\u0142oczonym na sk\u00f3rze \/ Inicja\u0142y - Ania Kuczy\u0144ska<\/title>\n<meta name=\"robots\" content=\"index, follow, max-snippet:-1, max-image-preview:large, max-video-preview:-1\" \/>\n<link rel=\"canonical\" href=\"https:\/\/aniakuczynska.com\/en\/product\/mini-shanghai-lucretia-torba-z-logo-recznie-tloczonym-na-skorze-inicjaly\/\" \/>\n<meta property=\"og:locale\" content=\"en_US\" \/>\n<meta property=\"og:type\" content=\"article\" \/>\n<meta property=\"og:title\" content=\"Mini Shanghai Lucretia torba z logo r\u0119cznie t\u0142oczonym na sk\u00f3rze \/ Inicja\u0142y - Ania Kuczy\u0144ska\" \/>\n<meta property=\"og:description\" content=\"Torba Shanghai zosta\u0142a okre\u015blona \u201cnajbardziej rozpoznawalnym markowym dodatkiem w historii wsp\u00f3\u0142czesnej polskiej mody po 89 roku\u201d. Torba jest inspirowana podr\u00f3\u017c\u0105 Ani do Chin. Torba Mini Shanghai jest jej najmniejsz\u0105 wersj\u0105. Torba uszyta jest z trwa\u0142ego i mocnego, bawe\u0142nianego p\u0142\u00f3tna. Dwie wewn\u0119trzne kieszenie u\u0142atwiaj\u0105 utrzymanie porz\u0105dku w torbie. Inicja\u0142y romantycznie podkre\u015blaj\u0105 osobist\u0105 przynale\u017cno\u015b\u0107 przedmiotu do ich [&hellip;]\" \/>\n<meta property=\"og:url\" content=\"https:\/\/aniakuczynska.com\/en\/product\/mini-shanghai-lucretia-torba-z-logo-recznie-tloczonym-na-skorze-inicjaly\/\" \/>\n<meta property=\"og:site_name\" content=\"Ania Kuczy\u0144ska\" \/>\n<meta property=\"article:publisher\" content=\"https:\/\/www.facebook.com\/aniakuczynskaclothingbrand\/\" \/>\n<meta property=\"article:modified_time\" content=\"2024-09-12T13:06:09+00:00\" \/>\n<meta property=\"og:image\" content=\"https:\/\/aniakuczynska.com\/wp-content\/uploads\/2024\/04\/Mini_Shanghai_Lucretia_Inicjaly.jpg\" \/>\n\t<meta property=\"og:image:width\" content=\"1125\" \/>\n\t<meta property=\"og:image:height\" content=\"1500\" \/>\n\t<meta property=\"og:image:type\" content=\"image\/jpeg\" \/>\n<meta name=\"twitter:card\" content=\"summary_large_image\" \/>\n<meta name=\"twitter:label1\" content=\"Est. reading time\" \/>\n\t<meta name=\"twitter:data1\" content=\"2 minutes\" \/>\n<script type=\"application\/ld+json\" class=\"yoast-schema-graph\">{\"@context\":\"https:\/\/schema.org\",\"@graph\":[{\"@type\":\"WebPage\",\"@id\":\"https:\/\/aniakuczynska.com\/en\/product\/mini-shanghai-lucretia-torba-z-logo-recznie-tloczonym-na-skorze-inicjaly\/\",\"url\":\"https:\/\/aniakuczynska.com\/en\/product\/mini-shanghai-lucretia-torba-z-logo-recznie-tloczonym-na-skorze-inicjaly\/\",\"name\":\"Mini Shanghai Lucretia torba z logo r\u0119cznie t\u0142oczonym na sk\u00f3rze \/ Inicja\u0142y - Ania Kuczy\u0144ska\",\"isPartOf\":{\"@id\":\"https:\/\/aniakuczynska.com\/#website\"},\"primaryImageOfPage\":{\"@id\":\"https:\/\/aniakuczynska.com\/en\/product\/mini-shanghai-lucretia-torba-z-logo-recznie-tloczonym-na-skorze-inicjaly\/#primaryimage\"},\"image\":{\"@id\":\"https:\/\/aniakuczynska.com\/en\/product\/mini-shanghai-lucretia-torba-z-logo-recznie-tloczonym-na-skorze-inicjaly\/#primaryimage\"},\"thumbnailUrl\":\"https:\/\/aniakuczynska.com\/wp-content\/uploads\/2024\/04\/Mini_Shanghai_Lucretia_Inicjaly.jpg\",\"datePublished\":\"2024-06-06T14:16:08+00:00\",\"dateModified\":\"2024-09-12T13:06:09+00:00\",\"breadcrumb\":{\"@id\":\"https:\/\/aniakuczynska.com\/en\/product\/mini-shanghai-lucretia-torba-z-logo-recznie-tloczonym-na-skorze-inicjaly\/#breadcrumb\"},\"inLanguage\":\"en-US\",\"potentialAction\":[{\"@type\":\"ReadAction\",\"target\":[\"https:\/\/aniakuczynska.com\/en\/product\/mini-shanghai-lucretia-torba-z-logo-recznie-tloczonym-na-skorze-inicjaly\/\"]}]},{\"@type\":\"ImageObject\",\"inLanguage\":\"en-US\",\"@id\":\"https:\/\/aniakuczynska.com\/en\/product\/mini-shanghai-lucretia-torba-z-logo-recznie-tloczonym-na-skorze-inicjaly\/#primaryimage\",\"url\":\"https:\/\/aniakuczynska.com\/wp-content\/uploads\/2024\/04\/Mini_Shanghai_Lucretia_Inicjaly.jpg\",\"contentUrl\":\"https:\/\/aniakuczynska.com\/wp-content\/uploads\/2024\/04\/Mini_Shanghai_Lucretia_Inicjaly.jpg\",\"width\":1125,\"height\":1500},{\"@type\":\"BreadcrumbList\",\"@id\":\"https:\/\/aniakuczynska.com\/en\/product\/mini-shanghai-lucretia-torba-z-logo-recznie-tloczonym-na-skorze-inicjaly\/#breadcrumb\",\"itemListElement\":[{\"@type\":\"ListItem\",\"position\":1,\"name\":\"Strona g\u0142\u00f3wna\",\"item\":\"https:\/\/aniakuczynska.com\/en\/\"},{\"@type\":\"ListItem\",\"position\":2,\"name\":\"Shop\",\"item\":\"https:\/\/aniakuczynska.com\/en\/shop\/\"},{\"@type\":\"ListItem\",\"position\":3,\"name\":\"Mini Shanghai Lucretia torba z logo r\u0119cznie t\u0142oczonym na sk\u00f3rze \/ Inicja\u0142y\"}]},{\"@type\":\"WebSite\",\"@id\":\"https:\/\/aniakuczynska.com\/#website\",\"url\":\"https:\/\/aniakuczynska.com\/\",\"name\":\"Ania Kuczy\u0144ska\",\"description\":\"Ania Kuczy\u0144ska to jedna z najbardziej cenionych i rozpoznawalnych polskich projektantek mody. Tworzy mocn\u0105 i charakterystyczn\u0105 mark\u0119 \u2013 jej styl okre\u015blany jako ozdobny minimalizm jest ho\u0142dem dla szykownej i eleganckiej nonszalancji, charyzmatycznej kobieco\u015bci.\",\"potentialAction\":[{\"@type\":\"SearchAction\",\"target\":{\"@type\":\"EntryPoint\",\"urlTemplate\":\"https:\/\/aniakuczynska.com\/?s={search_term_string}\"},\"query-input\":{\"@type\":\"PropertyValueSpecification\",\"valueRequired\":true,\"valueName\":\"search_term_string\"}}],\"inLanguage\":\"en-US\"}]}<\/script>\n<!-- \/ Yoast SEO plugin. -->","yoast_head_json":{"title":"Mini Shanghai Lucretia torba z logo r\u0119cznie t\u0142oczonym na sk\u00f3rze \/ Inicja\u0142y - Ania Kuczy\u0144ska","robots":{"index":"index","follow":"follow","max-snippet":"max-snippet:-1","max-image-preview":"max-image-preview:large","max-video-preview":"max-video-preview:-1"},"canonical":"https:\/\/aniakuczynska.com\/en\/product\/mini-shanghai-lucretia-torba-z-logo-recznie-tloczonym-na-skorze-inicjaly\/","og_locale":"en_US","og_type":"article","og_title":"Mini Shanghai Lucretia torba z logo r\u0119cznie t\u0142oczonym na sk\u00f3rze \/ Inicja\u0142y - Ania Kuczy\u0144ska","og_description":"Torba Shanghai zosta\u0142a okre\u015blona \u201cnajbardziej rozpoznawalnym markowym dodatkiem w historii wsp\u00f3\u0142czesnej polskiej mody po 89 roku\u201d. Torba jest inspirowana podr\u00f3\u017c\u0105 Ani do Chin. Torba Mini Shanghai jest jej najmniejsz\u0105 wersj\u0105. Torba uszyta jest z trwa\u0142ego i mocnego, bawe\u0142nianego p\u0142\u00f3tna. Dwie wewn\u0119trzne kieszenie u\u0142atwiaj\u0105 utrzymanie porz\u0105dku w torbie. Inicja\u0142y romantycznie podkre\u015blaj\u0105 osobist\u0105 przynale\u017cno\u015b\u0107 przedmiotu do ich [&hellip;]","og_url":"https:\/\/aniakuczynska.com\/en\/product\/mini-shanghai-lucretia-torba-z-logo-recznie-tloczonym-na-skorze-inicjaly\/","og_site_name":"Ania Kuczy\u0144ska","article_publisher":"https:\/\/www.facebook.com\/aniakuczynskaclothingbrand\/","article_modified_time":"2024-09-12T13:06:09+00:00","og_image":[{"width":1125,"height":1500,"url":"https:\/\/aniakuczynska.com\/wp-content\/uploads\/2024\/04\/Mini_Shanghai_Lucretia_Inicjaly.jpg","type":"image\/jpeg"}],"twitter_card":"summary_large_image","twitter_misc":{"Est. reading time":"2 minutes"},"schema":{"@context":"https:\/\/schema.org","@graph":[{"@type":"WebPage","@id":"https:\/\/aniakuczynska.com\/en\/product\/mini-shanghai-lucretia-torba-z-logo-recznie-tloczonym-na-skorze-inicjaly\/","url":"https:\/\/aniakuczynska.com\/en\/product\/mini-shanghai-lucretia-torba-z-logo-recznie-tloczonym-na-skorze-inicjaly\/","name":"Mini Shanghai Lucretia torba z logo r\u0119cznie t\u0142oczonym na sk\u00f3rze \/ Inicja\u0142y - Ania Kuczy\u0144ska","isPartOf":{"@id":"https:\/\/aniakuczynska.com\/#website"},"primaryImageOfPage":{"@id":"https:\/\/aniakuczynska.com\/en\/product\/mini-shanghai-lucretia-torba-z-logo-recznie-tloczonym-na-skorze-inicjaly\/#primaryimage"},"image":{"@id":"https:\/\/aniakuczynska.com\/en\/product\/mini-shanghai-lucretia-torba-z-logo-recznie-tloczonym-na-skorze-inicjaly\/#primaryimage"},"thumbnailUrl":"https:\/\/aniakuczynska.com\/wp-content\/uploads\/2024\/04\/Mini_Shanghai_Lucretia_Inicjaly.jpg","datePublished":"2024-06-06T14:16:08+00:00","dateModified":"2024-09-12T13:06:09+00:00","breadcrumb":{"@id":"https:\/\/aniakuczynska.com\/en\/product\/mini-shanghai-lucretia-torba-z-logo-recznie-tloczonym-na-skorze-inicjaly\/#breadcrumb"},"inLanguage":"en-US","potentialAction":[{"@type":"ReadAction","target":["https:\/\/aniakuczynska.com\/en\/product\/mini-shanghai-lucretia-torba-z-logo-recznie-tloczonym-na-skorze-inicjaly\/"]}]},{"@type":"ImageObject","inLanguage":"en-US","@id":"https:\/\/aniakuczynska.com\/en\/product\/mini-shanghai-lucretia-torba-z-logo-recznie-tloczonym-na-skorze-inicjaly\/#primaryimage","url":"https:\/\/aniakuczynska.com\/wp-content\/uploads\/2024\/04\/Mini_Shanghai_Lucretia_Inicjaly.jpg","contentUrl":"https:\/\/aniakuczynska.com\/wp-content\/uploads\/2024\/04\/Mini_Shanghai_Lucretia_Inicjaly.jpg","width":1125,"height":1500},{"@type":"BreadcrumbList","@id":"https:\/\/aniakuczynska.com\/en\/product\/mini-shanghai-lucretia-torba-z-logo-recznie-tloczonym-na-skorze-inicjaly\/#breadcrumb","itemListElement":[{"@type":"ListItem","position":1,"name":"Strona g\u0142\u00f3wna","item":"https:\/\/aniakuczynska.com\/en\/"},{"@type":"ListItem","position":2,"name":"Shop","item":"https:\/\/aniakuczynska.com\/en\/shop\/"},{"@type":"ListItem","position":3,"name":"Mini Shanghai Lucretia torba z logo r\u0119cznie t\u0142oczonym na sk\u00f3rze \/ Inicja\u0142y"}]},{"@type":"WebSite","@id":"https:\/\/aniakuczynska.com\/#website","url":"https:\/\/aniakuczynska.com\/","name":"Ania Kuczy\u0144ska","description":"Ania Kuczy\u0144ska to jedna z najbardziej cenionych i rozpoznawalnych polskich projektantek mody. Tworzy mocn\u0105 i charakterystyczn\u0105 mark\u0119 \u2013 jej styl okre\u015blany jako ozdobny minimalizm jest ho\u0142dem dla szykownej i eleganckiej nonszalancji, charyzmatycznej kobieco\u015bci.","potentialAction":[{"@type":"SearchAction","target":{"@type":"EntryPoint","urlTemplate":"https:\/\/aniakuczynska.com\/?s={search_term_string}"},"query-input":{"@type":"PropertyValueSpecification","valueRequired":true,"valueName":"search_term_string"}}],"inLanguage":"en-US"}]}},"_links":{"self":[{"href":"https:\/\/aniakuczynska.com\/en\/wp-json\/wp\/v2\/product\/23829","targetHints":{"allow":["GET"]}}],"collection":[{"href":"https:\/\/aniakuczynska.com\/en\/wp-json\/wp\/v2\/product"}],"about":[{"href":"https:\/\/aniakuczynska.com\/en\/wp-json\/wp\/v2\/types\/product"}],"replies":[{"embeddable":true,"href":"https:\/\/aniakuczynska.com\/en\/wp-json\/wp\/v2\/comments?post=23829"}],"wp:featuredmedia":[{"embeddable":true,"href":"https:\/\/aniakuczynska.com\/en\/wp-json\/wp\/v2\/media\/23187"}],"wp:attachment":[{"href":"https:\/\/aniakuczynska.com\/en\/wp-json\/wp\/v2\/media?parent=23829"}],"wp:term":[{"taxonomy":"product_brand","embeddable":true,"href":"https:\/\/aniakuczynska.com\/en\/wp-json\/wp\/v2\/product_brand?post=23829"},{"taxonomy":"product_cat","embeddable":true,"href":"https:\/\/aniakuczynska.com\/en\/wp-json\/wp\/v2\/product_cat?post=23829"},{"taxonomy":"product_tag","embeddable":true,"href":"https:\/\/aniakuczynska.com\/en\/wp-json\/wp\/v2\/product_tag?post=23829"}],"curies":[{"name":"wp","href":"https:\/\/api.w.org\/{rel}","templated":true}]}}