{"id":23478,"date":"2024-03-08T16:04:33","date_gmt":"2024-05-09T11:27:13","guid":{"rendered":"https:\/\/aniakuczynska.com\/?post_type=product&#038;p=23478"},"modified":"2026-03-30T10:19:45","modified_gmt":"2026-03-30T10:19:45","slug":"velvet-underground-blu-scrunchie-z-jedwabnego-weluru","status":"publish","type":"product","link":"https:\/\/aniakuczynska.com\/en\/product\/velvet-underground-blu-scrunchie-z-jedwabnego-weluru\/","title":{"rendered":"Velvet Underground Blu silk velour scrunchie"},"content":{"rendered":"<p>Velvet Underground Blu is not only a practical accessory, but also a gentle way to care for your hair. The elastics are sewn from natural fabrics and will not break or damage your hair, leaving it healthy and shiny. Velvet Underground Blu is a subtle touch of luxury in your daily hair care.<\/p>\n<p>Diameter: 17 cm<\/p>\n<p>&#8211; The brand&#8217;s clothes and accessories are manufactured in Poland with a reduced carbon footprint.<\/p>\n<p>&#8211; Fabrics and accessories are manufactured in Europe.<\/p>\n<p>&#8211; Packaging is 100% biodegradable.<\/p>\n<p>Buy consciously and LOVE our Planet.<\/p>\n","protected":false},"excerpt":{"rendered":"<p>Velvet Underground Blu is not only a practical accessory, but also a gentle way to care for your hair. The elastics are sewn from natural fabrics and will not break or damage your hair, leaving it healthy and shiny. Velvet Underground Blu is a subtle touch of luxury in your daily hair care. Diameter: 17 [&hellip;]<\/p>\n","protected":false},"featured_media":24889,"comment_status":"open","ping_status":"closed","template":"","meta":{"_acf_changed":false},"product_brand":[],"product_cat":[291],"product_tag":[],"class_list":{"0":"post-23478","1":"product","2":"type-product","3":"status-publish","4":"has-post-thumbnail","6":"product_cat-uncategorized-en","7":"pa_rozmiar-onesize-en","9":"first","10":"outofstock","11":"shipping-taxable","12":"purchasable","13":"product-type-variable","14":"has-default-attributes"},"acf":[],"yoast_head":"<!-- This site is optimized with the Yoast SEO plugin v24.5 - https:\/\/yoast.com\/wordpress\/plugins\/seo\/ -->\n<title>Velvet Underground Blu silk velour scrunchie - Ania Kuczy\u0144ska<\/title>\n<meta name=\"robots\" content=\"index, follow, max-snippet:-1, max-image-preview:large, max-video-preview:-1\" \/>\n<link rel=\"canonical\" href=\"https:\/\/aniakuczynska.com\/en\/product\/velvet-underground-blu-scrunchie-z-jedwabnego-weluru\/\" \/>\n<meta property=\"og:locale\" content=\"en_US\" \/>\n<meta property=\"og:type\" content=\"article\" \/>\n<meta property=\"og:title\" content=\"Velvet Underground Blu silk velour scrunchie - Ania Kuczy\u0144ska\" \/>\n<meta property=\"og:description\" content=\"Velvet Underground Blu is not only a practical accessory, but also a gentle way to care for your hair. The elastics are sewn from natural fabrics and will not break or damage your hair, leaving it healthy and shiny. Velvet Underground Blu is a subtle touch of luxury in your daily hair care. Diameter: 17 [&hellip;]\" \/>\n<meta property=\"og:url\" content=\"https:\/\/aniakuczynska.com\/en\/product\/velvet-underground-blu-scrunchie-z-jedwabnego-weluru\/\" \/>\n<meta property=\"og:site_name\" content=\"Ania Kuczy\u0144ska\" \/>\n<meta property=\"article:publisher\" content=\"https:\/\/www.facebook.com\/aniakuczynskaclothingbrand\/\" \/>\n<meta property=\"article:modified_time\" content=\"2026-03-30T10:19:45+00:00\" \/>\n<meta property=\"og:image\" content=\"https:\/\/aniakuczynska.com\/wp-content\/uploads\/2024\/03\/blue_nowe.png\" \/>\n\t<meta property=\"og:image:width\" content=\"1125\" \/>\n\t<meta property=\"og:image:height\" content=\"1500\" \/>\n\t<meta property=\"og:image:type\" content=\"image\/png\" \/>\n<meta name=\"twitter:card\" content=\"summary_large_image\" \/>\n<meta name=\"twitter:label1\" content=\"Est. reading time\" \/>\n\t<meta name=\"twitter:data1\" content=\"1 minute\" \/>\n<script type=\"application\/ld+json\" class=\"yoast-schema-graph\">{\"@context\":\"https:\/\/schema.org\",\"@graph\":[{\"@type\":\"WebPage\",\"@id\":\"https:\/\/aniakuczynska.com\/en\/product\/velvet-underground-blu-scrunchie-z-jedwabnego-weluru\/\",\"url\":\"https:\/\/aniakuczynska.com\/en\/product\/velvet-underground-blu-scrunchie-z-jedwabnego-weluru\/\",\"name\":\"Velvet Underground Blu silk velour scrunchie - Ania Kuczy\u0144ska\",\"isPartOf\":{\"@id\":\"https:\/\/aniakuczynska.com\/#website\"},\"primaryImageOfPage\":{\"@id\":\"https:\/\/aniakuczynska.com\/en\/product\/velvet-underground-blu-scrunchie-z-jedwabnego-weluru\/#primaryimage\"},\"image\":{\"@id\":\"https:\/\/aniakuczynska.com\/en\/product\/velvet-underground-blu-scrunchie-z-jedwabnego-weluru\/#primaryimage\"},\"thumbnailUrl\":\"https:\/\/aniakuczynska.com\/wp-content\/uploads\/2024\/03\/blue_nowe.png\",\"datePublished\":\"2024-05-09T11:27:13+00:00\",\"dateModified\":\"2026-03-30T10:19:45+00:00\",\"breadcrumb\":{\"@id\":\"https:\/\/aniakuczynska.com\/en\/product\/velvet-underground-blu-scrunchie-z-jedwabnego-weluru\/#breadcrumb\"},\"inLanguage\":\"en-US\",\"potentialAction\":[{\"@type\":\"ReadAction\",\"target\":[\"https:\/\/aniakuczynska.com\/en\/product\/velvet-underground-blu-scrunchie-z-jedwabnego-weluru\/\"]}]},{\"@type\":\"ImageObject\",\"inLanguage\":\"en-US\",\"@id\":\"https:\/\/aniakuczynska.com\/en\/product\/velvet-underground-blu-scrunchie-z-jedwabnego-weluru\/#primaryimage\",\"url\":\"https:\/\/aniakuczynska.com\/wp-content\/uploads\/2024\/03\/blue_nowe.png\",\"contentUrl\":\"https:\/\/aniakuczynska.com\/wp-content\/uploads\/2024\/03\/blue_nowe.png\",\"width\":1125,\"height\":1500},{\"@type\":\"BreadcrumbList\",\"@id\":\"https:\/\/aniakuczynska.com\/en\/product\/velvet-underground-blu-scrunchie-z-jedwabnego-weluru\/#breadcrumb\",\"itemListElement\":[{\"@type\":\"ListItem\",\"position\":1,\"name\":\"Strona g\u0142\u00f3wna\",\"item\":\"https:\/\/aniakuczynska.com\/en\/\"},{\"@type\":\"ListItem\",\"position\":2,\"name\":\"Shop\",\"item\":\"https:\/\/aniakuczynska.com\/en\/shop\/\"},{\"@type\":\"ListItem\",\"position\":3,\"name\":\"Velvet Underground Blu silk velour scrunchie\"}]},{\"@type\":\"WebSite\",\"@id\":\"https:\/\/aniakuczynska.com\/#website\",\"url\":\"https:\/\/aniakuczynska.com\/\",\"name\":\"Ania Kuczy\u0144ska\",\"description\":\"Ania Kuczy\u0144ska to jedna z najbardziej cenionych i rozpoznawalnych polskich projektantek mody. Tworzy mocn\u0105 i charakterystyczn\u0105 mark\u0119 \u2013 jej styl okre\u015blany jako ozdobny minimalizm jest ho\u0142dem dla szykownej i eleganckiej nonszalancji, charyzmatycznej kobieco\u015bci.\",\"potentialAction\":[{\"@type\":\"SearchAction\",\"target\":{\"@type\":\"EntryPoint\",\"urlTemplate\":\"https:\/\/aniakuczynska.com\/?s={search_term_string}\"},\"query-input\":{\"@type\":\"PropertyValueSpecification\",\"valueRequired\":true,\"valueName\":\"search_term_string\"}}],\"inLanguage\":\"en-US\"}]}<\/script>\n<!-- \/ Yoast SEO plugin. -->","yoast_head_json":{"title":"Velvet Underground Blu silk velour scrunchie - Ania Kuczy\u0144ska","robots":{"index":"index","follow":"follow","max-snippet":"max-snippet:-1","max-image-preview":"max-image-preview:large","max-video-preview":"max-video-preview:-1"},"canonical":"https:\/\/aniakuczynska.com\/en\/product\/velvet-underground-blu-scrunchie-z-jedwabnego-weluru\/","og_locale":"en_US","og_type":"article","og_title":"Velvet Underground Blu silk velour scrunchie - Ania Kuczy\u0144ska","og_description":"Velvet Underground Blu is not only a practical accessory, but also a gentle way to care for your hair. The elastics are sewn from natural fabrics and will not break or damage your hair, leaving it healthy and shiny. Velvet Underground Blu is a subtle touch of luxury in your daily hair care. Diameter: 17 [&hellip;]","og_url":"https:\/\/aniakuczynska.com\/en\/product\/velvet-underground-blu-scrunchie-z-jedwabnego-weluru\/","og_site_name":"Ania Kuczy\u0144ska","article_publisher":"https:\/\/www.facebook.com\/aniakuczynskaclothingbrand\/","article_modified_time":"2026-03-30T10:19:45+00:00","og_image":[{"width":1125,"height":1500,"url":"https:\/\/aniakuczynska.com\/wp-content\/uploads\/2024\/03\/blue_nowe.png","type":"image\/png"}],"twitter_card":"summary_large_image","twitter_misc":{"Est. reading time":"1 minute"},"schema":{"@context":"https:\/\/schema.org","@graph":[{"@type":"WebPage","@id":"https:\/\/aniakuczynska.com\/en\/product\/velvet-underground-blu-scrunchie-z-jedwabnego-weluru\/","url":"https:\/\/aniakuczynska.com\/en\/product\/velvet-underground-blu-scrunchie-z-jedwabnego-weluru\/","name":"Velvet Underground Blu silk velour scrunchie - Ania Kuczy\u0144ska","isPartOf":{"@id":"https:\/\/aniakuczynska.com\/#website"},"primaryImageOfPage":{"@id":"https:\/\/aniakuczynska.com\/en\/product\/velvet-underground-blu-scrunchie-z-jedwabnego-weluru\/#primaryimage"},"image":{"@id":"https:\/\/aniakuczynska.com\/en\/product\/velvet-underground-blu-scrunchie-z-jedwabnego-weluru\/#primaryimage"},"thumbnailUrl":"https:\/\/aniakuczynska.com\/wp-content\/uploads\/2024\/03\/blue_nowe.png","datePublished":"2024-05-09T11:27:13+00:00","dateModified":"2026-03-30T10:19:45+00:00","breadcrumb":{"@id":"https:\/\/aniakuczynska.com\/en\/product\/velvet-underground-blu-scrunchie-z-jedwabnego-weluru\/#breadcrumb"},"inLanguage":"en-US","potentialAction":[{"@type":"ReadAction","target":["https:\/\/aniakuczynska.com\/en\/product\/velvet-underground-blu-scrunchie-z-jedwabnego-weluru\/"]}]},{"@type":"ImageObject","inLanguage":"en-US","@id":"https:\/\/aniakuczynska.com\/en\/product\/velvet-underground-blu-scrunchie-z-jedwabnego-weluru\/#primaryimage","url":"https:\/\/aniakuczynska.com\/wp-content\/uploads\/2024\/03\/blue_nowe.png","contentUrl":"https:\/\/aniakuczynska.com\/wp-content\/uploads\/2024\/03\/blue_nowe.png","width":1125,"height":1500},{"@type":"BreadcrumbList","@id":"https:\/\/aniakuczynska.com\/en\/product\/velvet-underground-blu-scrunchie-z-jedwabnego-weluru\/#breadcrumb","itemListElement":[{"@type":"ListItem","position":1,"name":"Strona g\u0142\u00f3wna","item":"https:\/\/aniakuczynska.com\/en\/"},{"@type":"ListItem","position":2,"name":"Shop","item":"https:\/\/aniakuczynska.com\/en\/shop\/"},{"@type":"ListItem","position":3,"name":"Velvet Underground Blu silk velour scrunchie"}]},{"@type":"WebSite","@id":"https:\/\/aniakuczynska.com\/#website","url":"https:\/\/aniakuczynska.com\/","name":"Ania Kuczy\u0144ska","description":"Ania Kuczy\u0144ska to jedna z najbardziej cenionych i rozpoznawalnych polskich projektantek mody. Tworzy mocn\u0105 i charakterystyczn\u0105 mark\u0119 \u2013 jej styl okre\u015blany jako ozdobny minimalizm jest ho\u0142dem dla szykownej i eleganckiej nonszalancji, charyzmatycznej kobieco\u015bci.","potentialAction":[{"@type":"SearchAction","target":{"@type":"EntryPoint","urlTemplate":"https:\/\/aniakuczynska.com\/?s={search_term_string}"},"query-input":{"@type":"PropertyValueSpecification","valueRequired":true,"valueName":"search_term_string"}}],"inLanguage":"en-US"}]}},"_links":{"self":[{"href":"https:\/\/aniakuczynska.com\/en\/wp-json\/wp\/v2\/product\/23478","targetHints":{"allow":["GET"]}}],"collection":[{"href":"https:\/\/aniakuczynska.com\/en\/wp-json\/wp\/v2\/product"}],"about":[{"href":"https:\/\/aniakuczynska.com\/en\/wp-json\/wp\/v2\/types\/product"}],"replies":[{"embeddable":true,"href":"https:\/\/aniakuczynska.com\/en\/wp-json\/wp\/v2\/comments?post=23478"}],"wp:featuredmedia":[{"embeddable":true,"href":"https:\/\/aniakuczynska.com\/en\/wp-json\/wp\/v2\/media\/24889"}],"wp:attachment":[{"href":"https:\/\/aniakuczynska.com\/en\/wp-json\/wp\/v2\/media?parent=23478"}],"wp:term":[{"taxonomy":"product_brand","embeddable":true,"href":"https:\/\/aniakuczynska.com\/en\/wp-json\/wp\/v2\/product_brand?post=23478"},{"taxonomy":"product_cat","embeddable":true,"href":"https:\/\/aniakuczynska.com\/en\/wp-json\/wp\/v2\/product_cat?post=23478"},{"taxonomy":"product_tag","embeddable":true,"href":"https:\/\/aniakuczynska.com\/en\/wp-json\/wp\/v2\/product_tag?post=23478"}],"curies":[{"name":"wp","href":"https:\/\/api.w.org\/{rel}","templated":true}]}}