{"id":22550,"date":"2024-01-25T14:43:27","date_gmt":"2024-02-19T12:58:16","guid":{"rendered":"https:\/\/aniakuczynska.com\/?post_type=product&#038;p=22550"},"modified":"2026-02-19T16:26:46","modified_gmt":"2026-02-19T16:26:46","slug":"amore-rosso-silk-village-scrunchie","status":"publish","type":"product","link":"https:\/\/aniakuczynska.com\/en\/product\/amore-rosso-silk-village-scrunchie\/","title":{"rendered":"Amore Rosso silk-velour scrunchie"},"content":{"rendered":"<p>Amore Rosso is not only a practical accessory, but also a gentle way to care for your hair. The elastics are sewn from natural fabrics and will not break or damage your hair, leaving it healthy and shiny. Amore Rosso is a subtle touch of luxury in your daily hair care.<\/p>\n<p>Diameter: 17 cm<\/p>\n<p>Buy consciously and LOVE our Planet.<\/p>\n<p>The brand has taken the decision to donate a portion of the proceeds from each sale in the stationary shop and online to the purchase and planting of plants in the Warsaw area.<\/p>\n","protected":false},"excerpt":{"rendered":"<p>Amore Rosso is not only a practical accessory, but also a gentle way to care for your hair. The elastics are sewn from natural fabrics and will not break or damage your hair, leaving it healthy and shiny. Amore Rosso is a subtle touch of luxury in your daily hair care. Diameter: 17 cm Buy [&hellip;]<\/p>\n","protected":false},"featured_media":25699,"comment_status":"open","ping_status":"closed","template":"","meta":{"_acf_changed":false},"product_brand":[],"product_cat":[273,350,256,295,275],"product_tag":[],"class_list":{"0":"post-22550","1":"product","2":"type-product","3":"status-publish","4":"has-post-thumbnail","6":"product_cat-accessories","7":"product_cat-beauty","8":"product_cat-clothes","9":"product_cat-new-vintage-eng","10":"product_cat-small-accessories","11":"pa_rozmiar-onesize-en","13":"first","14":"instock","15":"shipping-taxable","16":"purchasable","17":"product-type-variable","18":"has-default-attributes"},"acf":[],"yoast_head":"<!-- This site is optimized with the Yoast SEO plugin v24.5 - https:\/\/yoast.com\/wordpress\/plugins\/seo\/ -->\n<title>Amore Rosso silk-velour scrunchie - Ania Kuczy\u0144ska<\/title>\n<meta name=\"robots\" content=\"index, follow, max-snippet:-1, max-image-preview:large, max-video-preview:-1\" \/>\n<link rel=\"canonical\" href=\"https:\/\/aniakuczynska.com\/en\/product\/amore-rosso-silk-village-scrunchie\/\" \/>\n<meta property=\"og:locale\" content=\"en_US\" \/>\n<meta property=\"og:type\" content=\"article\" \/>\n<meta property=\"og:title\" content=\"Amore Rosso silk-velour scrunchie - Ania Kuczy\u0144ska\" \/>\n<meta property=\"og:description\" content=\"Amore Rosso is not only a practical accessory, but also a gentle way to care for your hair. The elastics are sewn from natural fabrics and will not break or damage your hair, leaving it healthy and shiny. Amore Rosso is a subtle touch of luxury in your daily hair care. Diameter: 17 cm Buy [&hellip;]\" \/>\n<meta property=\"og:url\" content=\"https:\/\/aniakuczynska.com\/en\/product\/amore-rosso-silk-village-scrunchie\/\" \/>\n<meta property=\"og:site_name\" content=\"Ania Kuczy\u0144ska\" \/>\n<meta property=\"article:publisher\" content=\"https:\/\/www.facebook.com\/aniakuczynskaclothingbrand\/\" \/>\n<meta property=\"article:modified_time\" content=\"2026-02-19T16:26:46+00:00\" \/>\n<meta property=\"og:image\" content=\"https:\/\/aniakuczynska.com\/wp-content\/uploads\/2024\/11\/13_11_24_AniaKuczynska0020.jpg\" \/>\n\t<meta property=\"og:image:width\" content=\"1333\" \/>\n\t<meta property=\"og:image:height\" content=\"2000\" \/>\n\t<meta property=\"og:image:type\" content=\"image\/jpeg\" \/>\n<meta name=\"twitter:card\" content=\"summary_large_image\" \/>\n<meta name=\"twitter:label1\" content=\"Est. reading time\" \/>\n\t<meta name=\"twitter:data1\" content=\"2 minutes\" \/>\n<script type=\"application\/ld+json\" class=\"yoast-schema-graph\">{\"@context\":\"https:\/\/schema.org\",\"@graph\":[{\"@type\":\"WebPage\",\"@id\":\"https:\/\/aniakuczynska.com\/en\/product\/amore-rosso-silk-village-scrunchie\/\",\"url\":\"https:\/\/aniakuczynska.com\/en\/product\/amore-rosso-silk-village-scrunchie\/\",\"name\":\"Amore Rosso silk-velour scrunchie - Ania Kuczy\u0144ska\",\"isPartOf\":{\"@id\":\"https:\/\/aniakuczynska.com\/#website\"},\"primaryImageOfPage\":{\"@id\":\"https:\/\/aniakuczynska.com\/en\/product\/amore-rosso-silk-village-scrunchie\/#primaryimage\"},\"image\":{\"@id\":\"https:\/\/aniakuczynska.com\/en\/product\/amore-rosso-silk-village-scrunchie\/#primaryimage\"},\"thumbnailUrl\":\"https:\/\/aniakuczynska.com\/wp-content\/uploads\/2024\/11\/13_11_24_AniaKuczynska0020.jpg\",\"datePublished\":\"2024-02-19T12:58:16+00:00\",\"dateModified\":\"2026-02-19T16:26:46+00:00\",\"breadcrumb\":{\"@id\":\"https:\/\/aniakuczynska.com\/en\/product\/amore-rosso-silk-village-scrunchie\/#breadcrumb\"},\"inLanguage\":\"en-US\",\"potentialAction\":[{\"@type\":\"ReadAction\",\"target\":[\"https:\/\/aniakuczynska.com\/en\/product\/amore-rosso-silk-village-scrunchie\/\"]}]},{\"@type\":\"ImageObject\",\"inLanguage\":\"en-US\",\"@id\":\"https:\/\/aniakuczynska.com\/en\/product\/amore-rosso-silk-village-scrunchie\/#primaryimage\",\"url\":\"https:\/\/aniakuczynska.com\/wp-content\/uploads\/2024\/11\/13_11_24_AniaKuczynska0020.jpg\",\"contentUrl\":\"https:\/\/aniakuczynska.com\/wp-content\/uploads\/2024\/11\/13_11_24_AniaKuczynska0020.jpg\",\"width\":1333,\"height\":2000},{\"@type\":\"BreadcrumbList\",\"@id\":\"https:\/\/aniakuczynska.com\/en\/product\/amore-rosso-silk-village-scrunchie\/#breadcrumb\",\"itemListElement\":[{\"@type\":\"ListItem\",\"position\":1,\"name\":\"Strona g\u0142\u00f3wna\",\"item\":\"https:\/\/aniakuczynska.com\/en\/\"},{\"@type\":\"ListItem\",\"position\":2,\"name\":\"Shop\",\"item\":\"https:\/\/aniakuczynska.com\/en\/shop\/\"},{\"@type\":\"ListItem\",\"position\":3,\"name\":\"Amore Rosso silk-velour scrunchie\"}]},{\"@type\":\"WebSite\",\"@id\":\"https:\/\/aniakuczynska.com\/#website\",\"url\":\"https:\/\/aniakuczynska.com\/\",\"name\":\"Ania Kuczy\u0144ska\",\"description\":\"Ania Kuczy\u0144ska to jedna z najbardziej cenionych i rozpoznawalnych polskich projektantek mody. Tworzy mocn\u0105 i charakterystyczn\u0105 mark\u0119 \u2013 jej styl okre\u015blany jako ozdobny minimalizm jest ho\u0142dem dla szykownej i eleganckiej nonszalancji, charyzmatycznej kobieco\u015bci.\",\"potentialAction\":[{\"@type\":\"SearchAction\",\"target\":{\"@type\":\"EntryPoint\",\"urlTemplate\":\"https:\/\/aniakuczynska.com\/?s={search_term_string}\"},\"query-input\":{\"@type\":\"PropertyValueSpecification\",\"valueRequired\":true,\"valueName\":\"search_term_string\"}}],\"inLanguage\":\"en-US\"}]}<\/script>\n<!-- \/ Yoast SEO plugin. -->","yoast_head_json":{"title":"Amore Rosso silk-velour scrunchie - Ania Kuczy\u0144ska","robots":{"index":"index","follow":"follow","max-snippet":"max-snippet:-1","max-image-preview":"max-image-preview:large","max-video-preview":"max-video-preview:-1"},"canonical":"https:\/\/aniakuczynska.com\/en\/product\/amore-rosso-silk-village-scrunchie\/","og_locale":"en_US","og_type":"article","og_title":"Amore Rosso silk-velour scrunchie - Ania Kuczy\u0144ska","og_description":"Amore Rosso is not only a practical accessory, but also a gentle way to care for your hair. The elastics are sewn from natural fabrics and will not break or damage your hair, leaving it healthy and shiny. Amore Rosso is a subtle touch of luxury in your daily hair care. Diameter: 17 cm Buy [&hellip;]","og_url":"https:\/\/aniakuczynska.com\/en\/product\/amore-rosso-silk-village-scrunchie\/","og_site_name":"Ania Kuczy\u0144ska","article_publisher":"https:\/\/www.facebook.com\/aniakuczynskaclothingbrand\/","article_modified_time":"2026-02-19T16:26:46+00:00","og_image":[{"width":1333,"height":2000,"url":"https:\/\/aniakuczynska.com\/wp-content\/uploads\/2024\/11\/13_11_24_AniaKuczynska0020.jpg","type":"image\/jpeg"}],"twitter_card":"summary_large_image","twitter_misc":{"Est. reading time":"2 minutes"},"schema":{"@context":"https:\/\/schema.org","@graph":[{"@type":"WebPage","@id":"https:\/\/aniakuczynska.com\/en\/product\/amore-rosso-silk-village-scrunchie\/","url":"https:\/\/aniakuczynska.com\/en\/product\/amore-rosso-silk-village-scrunchie\/","name":"Amore Rosso silk-velour scrunchie - Ania Kuczy\u0144ska","isPartOf":{"@id":"https:\/\/aniakuczynska.com\/#website"},"primaryImageOfPage":{"@id":"https:\/\/aniakuczynska.com\/en\/product\/amore-rosso-silk-village-scrunchie\/#primaryimage"},"image":{"@id":"https:\/\/aniakuczynska.com\/en\/product\/amore-rosso-silk-village-scrunchie\/#primaryimage"},"thumbnailUrl":"https:\/\/aniakuczynska.com\/wp-content\/uploads\/2024\/11\/13_11_24_AniaKuczynska0020.jpg","datePublished":"2024-02-19T12:58:16+00:00","dateModified":"2026-02-19T16:26:46+00:00","breadcrumb":{"@id":"https:\/\/aniakuczynska.com\/en\/product\/amore-rosso-silk-village-scrunchie\/#breadcrumb"},"inLanguage":"en-US","potentialAction":[{"@type":"ReadAction","target":["https:\/\/aniakuczynska.com\/en\/product\/amore-rosso-silk-village-scrunchie\/"]}]},{"@type":"ImageObject","inLanguage":"en-US","@id":"https:\/\/aniakuczynska.com\/en\/product\/amore-rosso-silk-village-scrunchie\/#primaryimage","url":"https:\/\/aniakuczynska.com\/wp-content\/uploads\/2024\/11\/13_11_24_AniaKuczynska0020.jpg","contentUrl":"https:\/\/aniakuczynska.com\/wp-content\/uploads\/2024\/11\/13_11_24_AniaKuczynska0020.jpg","width":1333,"height":2000},{"@type":"BreadcrumbList","@id":"https:\/\/aniakuczynska.com\/en\/product\/amore-rosso-silk-village-scrunchie\/#breadcrumb","itemListElement":[{"@type":"ListItem","position":1,"name":"Strona g\u0142\u00f3wna","item":"https:\/\/aniakuczynska.com\/en\/"},{"@type":"ListItem","position":2,"name":"Shop","item":"https:\/\/aniakuczynska.com\/en\/shop\/"},{"@type":"ListItem","position":3,"name":"Amore Rosso silk-velour scrunchie"}]},{"@type":"WebSite","@id":"https:\/\/aniakuczynska.com\/#website","url":"https:\/\/aniakuczynska.com\/","name":"Ania Kuczy\u0144ska","description":"Ania Kuczy\u0144ska to jedna z najbardziej cenionych i rozpoznawalnych polskich projektantek mody. Tworzy mocn\u0105 i charakterystyczn\u0105 mark\u0119 \u2013 jej styl okre\u015blany jako ozdobny minimalizm jest ho\u0142dem dla szykownej i eleganckiej nonszalancji, charyzmatycznej kobieco\u015bci.","potentialAction":[{"@type":"SearchAction","target":{"@type":"EntryPoint","urlTemplate":"https:\/\/aniakuczynska.com\/?s={search_term_string}"},"query-input":{"@type":"PropertyValueSpecification","valueRequired":true,"valueName":"search_term_string"}}],"inLanguage":"en-US"}]}},"_links":{"self":[{"href":"https:\/\/aniakuczynska.com\/en\/wp-json\/wp\/v2\/product\/22550","targetHints":{"allow":["GET"]}}],"collection":[{"href":"https:\/\/aniakuczynska.com\/en\/wp-json\/wp\/v2\/product"}],"about":[{"href":"https:\/\/aniakuczynska.com\/en\/wp-json\/wp\/v2\/types\/product"}],"replies":[{"embeddable":true,"href":"https:\/\/aniakuczynska.com\/en\/wp-json\/wp\/v2\/comments?post=22550"}],"wp:featuredmedia":[{"embeddable":true,"href":"https:\/\/aniakuczynska.com\/en\/wp-json\/wp\/v2\/media\/25699"}],"wp:attachment":[{"href":"https:\/\/aniakuczynska.com\/en\/wp-json\/wp\/v2\/media?parent=22550"}],"wp:term":[{"taxonomy":"product_brand","embeddable":true,"href":"https:\/\/aniakuczynska.com\/en\/wp-json\/wp\/v2\/product_brand?post=22550"},{"taxonomy":"product_cat","embeddable":true,"href":"https:\/\/aniakuczynska.com\/en\/wp-json\/wp\/v2\/product_cat?post=22550"},{"taxonomy":"product_tag","embeddable":true,"href":"https:\/\/aniakuczynska.com\/en\/wp-json\/wp\/v2\/product_tag?post=22550"}],"curies":[{"name":"wp","href":"https:\/\/api.w.org\/{rel}","templated":true}]}}