{"id":22543,"date":"2024-01-25T14:53:56","date_gmt":"2024-02-19T12:50:22","guid":{"rendered":"https:\/\/aniakuczynska.com\/?post_type=product&#038;p=22543"},"modified":"2025-08-20T13:16:44","modified_gmt":"2025-08-20T13:16:44","slug":"ak-palo-santo-natural-incesne","status":"publish","type":"product","link":"https:\/\/aniakuczynska.com\/en\/product\/ak-palo-santo-natural-incesne\/","title":{"rendered":"AK Palo Santo natural incesne"},"content":{"rendered":"<p>According to the indigenous people of South America, the scent of Palo Santo has properties that purify the mind, promote meditation and increase energy flow.<\/p>\n<p>In South and Central America, it is used for incense and ceremonies and is considered a sacred tree. In Ecuador from January to June, the air is filled with the sweet, mysterious notes of palo santo mixed with a sea breeze.<\/p>\n","protected":false},"excerpt":{"rendered":"<p>According to the indigenous people of South America, the scent of Palo Santo has properties that purify the mind, promote meditation and increase energy flow. In South and Central America, it is used for incense and ceremonies and is considered a sacred tree. In Ecuador from January to June, the air is filled with the [&hellip;]<\/p>\n","protected":false},"featured_media":22235,"comment_status":"open","ping_status":"closed","template":"","meta":{"_acf_changed":false},"product_brand":[],"product_cat":[273,350,256,355,275,254],"product_tag":[],"class_list":{"0":"post-22543","1":"product","2":"type-product","3":"status-publish","4":"has-post-thumbnail","6":"product_cat-accessories","7":"product_cat-beauty","8":"product_cat-clothes","9":"product_cat-man","10":"product_cat-small-accessories","11":"product_cat-woman","12":"pa_rozmiar-onesize-en","14":"first","15":"instock","16":"shipping-taxable","17":"purchasable","18":"product-type-variable","19":"has-default-attributes"},"acf":[],"yoast_head":"<!-- This site is optimized with the Yoast SEO plugin v24.5 - https:\/\/yoast.com\/wordpress\/plugins\/seo\/ -->\n<title>AK Palo Santo natural incesne - Ania Kuczy\u0144ska<\/title>\n<meta name=\"robots\" content=\"index, follow, max-snippet:-1, max-image-preview:large, max-video-preview:-1\" \/>\n<link rel=\"canonical\" href=\"https:\/\/aniakuczynska.com\/en\/product\/ak-palo-santo-natural-incesne\/\" \/>\n<meta property=\"og:locale\" content=\"en_US\" \/>\n<meta property=\"og:type\" content=\"article\" \/>\n<meta property=\"og:title\" content=\"AK Palo Santo natural incesne - Ania Kuczy\u0144ska\" \/>\n<meta property=\"og:description\" content=\"According to the indigenous people of South America, the scent of Palo Santo has properties that purify the mind, promote meditation and increase energy flow. In South and Central America, it is used for incense and ceremonies and is considered a sacred tree. In Ecuador from January to June, the air is filled with the [&hellip;]\" \/>\n<meta property=\"og:url\" content=\"https:\/\/aniakuczynska.com\/en\/product\/ak-palo-santo-natural-incesne\/\" \/>\n<meta property=\"og:site_name\" content=\"Ania Kuczy\u0144ska\" \/>\n<meta property=\"article:publisher\" content=\"https:\/\/www.facebook.com\/aniakuczynskaclothingbrand\/\" \/>\n<meta property=\"article:modified_time\" content=\"2025-08-20T13:16:44+00:00\" \/>\n<meta property=\"og:image\" content=\"https:\/\/aniakuczynska.com\/wp-content\/uploads\/2024\/01\/IMG_0151s.jpg\" \/>\n\t<meta property=\"og:image:width\" content=\"1125\" \/>\n\t<meta property=\"og:image:height\" content=\"1500\" \/>\n\t<meta property=\"og:image:type\" content=\"image\/jpeg\" \/>\n<meta name=\"twitter:card\" content=\"summary_large_image\" \/>\n<meta name=\"twitter:label1\" content=\"Est. reading time\" \/>\n\t<meta name=\"twitter:data1\" content=\"2 minutes\" \/>\n<script type=\"application\/ld+json\" class=\"yoast-schema-graph\">{\"@context\":\"https:\/\/schema.org\",\"@graph\":[{\"@type\":\"WebPage\",\"@id\":\"https:\/\/aniakuczynska.com\/en\/product\/ak-palo-santo-natural-incesne\/\",\"url\":\"https:\/\/aniakuczynska.com\/en\/product\/ak-palo-santo-natural-incesne\/\",\"name\":\"AK Palo Santo natural incesne - Ania Kuczy\u0144ska\",\"isPartOf\":{\"@id\":\"https:\/\/aniakuczynska.com\/#website\"},\"primaryImageOfPage\":{\"@id\":\"https:\/\/aniakuczynska.com\/en\/product\/ak-palo-santo-natural-incesne\/#primaryimage\"},\"image\":{\"@id\":\"https:\/\/aniakuczynska.com\/en\/product\/ak-palo-santo-natural-incesne\/#primaryimage\"},\"thumbnailUrl\":\"https:\/\/aniakuczynska.com\/wp-content\/uploads\/2024\/01\/IMG_0151s.jpg\",\"datePublished\":\"2024-02-19T12:50:22+00:00\",\"dateModified\":\"2025-08-20T13:16:44+00:00\",\"breadcrumb\":{\"@id\":\"https:\/\/aniakuczynska.com\/en\/product\/ak-palo-santo-natural-incesne\/#breadcrumb\"},\"inLanguage\":\"en-US\",\"potentialAction\":[{\"@type\":\"ReadAction\",\"target\":[\"https:\/\/aniakuczynska.com\/en\/product\/ak-palo-santo-natural-incesne\/\"]}]},{\"@type\":\"ImageObject\",\"inLanguage\":\"en-US\",\"@id\":\"https:\/\/aniakuczynska.com\/en\/product\/ak-palo-santo-natural-incesne\/#primaryimage\",\"url\":\"https:\/\/aniakuczynska.com\/wp-content\/uploads\/2024\/01\/IMG_0151s.jpg\",\"contentUrl\":\"https:\/\/aniakuczynska.com\/wp-content\/uploads\/2024\/01\/IMG_0151s.jpg\",\"width\":1125,\"height\":1500},{\"@type\":\"BreadcrumbList\",\"@id\":\"https:\/\/aniakuczynska.com\/en\/product\/ak-palo-santo-natural-incesne\/#breadcrumb\",\"itemListElement\":[{\"@type\":\"ListItem\",\"position\":1,\"name\":\"Strona g\u0142\u00f3wna\",\"item\":\"https:\/\/aniakuczynska.com\/en\/\"},{\"@type\":\"ListItem\",\"position\":2,\"name\":\"Shop\",\"item\":\"https:\/\/aniakuczynska.com\/en\/shop\/\"},{\"@type\":\"ListItem\",\"position\":3,\"name\":\"AK Palo Santo natural incesne\"}]},{\"@type\":\"WebSite\",\"@id\":\"https:\/\/aniakuczynska.com\/#website\",\"url\":\"https:\/\/aniakuczynska.com\/\",\"name\":\"Ania Kuczy\u0144ska\",\"description\":\"Ania Kuczy\u0144ska to jedna z najbardziej cenionych i rozpoznawalnych polskich projektantek mody. Tworzy mocn\u0105 i charakterystyczn\u0105 mark\u0119 \u2013 jej styl okre\u015blany jako ozdobny minimalizm jest ho\u0142dem dla szykownej i eleganckiej nonszalancji, charyzmatycznej kobieco\u015bci.\",\"potentialAction\":[{\"@type\":\"SearchAction\",\"target\":{\"@type\":\"EntryPoint\",\"urlTemplate\":\"https:\/\/aniakuczynska.com\/?s={search_term_string}\"},\"query-input\":{\"@type\":\"PropertyValueSpecification\",\"valueRequired\":true,\"valueName\":\"search_term_string\"}}],\"inLanguage\":\"en-US\"}]}<\/script>\n<!-- \/ Yoast SEO plugin. -->","yoast_head_json":{"title":"AK Palo Santo natural incesne - Ania Kuczy\u0144ska","robots":{"index":"index","follow":"follow","max-snippet":"max-snippet:-1","max-image-preview":"max-image-preview:large","max-video-preview":"max-video-preview:-1"},"canonical":"https:\/\/aniakuczynska.com\/en\/product\/ak-palo-santo-natural-incesne\/","og_locale":"en_US","og_type":"article","og_title":"AK Palo Santo natural incesne - Ania Kuczy\u0144ska","og_description":"According to the indigenous people of South America, the scent of Palo Santo has properties that purify the mind, promote meditation and increase energy flow. In South and Central America, it is used for incense and ceremonies and is considered a sacred tree. In Ecuador from January to June, the air is filled with the [&hellip;]","og_url":"https:\/\/aniakuczynska.com\/en\/product\/ak-palo-santo-natural-incesne\/","og_site_name":"Ania Kuczy\u0144ska","article_publisher":"https:\/\/www.facebook.com\/aniakuczynskaclothingbrand\/","article_modified_time":"2025-08-20T13:16:44+00:00","og_image":[{"width":1125,"height":1500,"url":"https:\/\/aniakuczynska.com\/wp-content\/uploads\/2024\/01\/IMG_0151s.jpg","type":"image\/jpeg"}],"twitter_card":"summary_large_image","twitter_misc":{"Est. reading time":"2 minutes"},"schema":{"@context":"https:\/\/schema.org","@graph":[{"@type":"WebPage","@id":"https:\/\/aniakuczynska.com\/en\/product\/ak-palo-santo-natural-incesne\/","url":"https:\/\/aniakuczynska.com\/en\/product\/ak-palo-santo-natural-incesne\/","name":"AK Palo Santo natural incesne - Ania Kuczy\u0144ska","isPartOf":{"@id":"https:\/\/aniakuczynska.com\/#website"},"primaryImageOfPage":{"@id":"https:\/\/aniakuczynska.com\/en\/product\/ak-palo-santo-natural-incesne\/#primaryimage"},"image":{"@id":"https:\/\/aniakuczynska.com\/en\/product\/ak-palo-santo-natural-incesne\/#primaryimage"},"thumbnailUrl":"https:\/\/aniakuczynska.com\/wp-content\/uploads\/2024\/01\/IMG_0151s.jpg","datePublished":"2024-02-19T12:50:22+00:00","dateModified":"2025-08-20T13:16:44+00:00","breadcrumb":{"@id":"https:\/\/aniakuczynska.com\/en\/product\/ak-palo-santo-natural-incesne\/#breadcrumb"},"inLanguage":"en-US","potentialAction":[{"@type":"ReadAction","target":["https:\/\/aniakuczynska.com\/en\/product\/ak-palo-santo-natural-incesne\/"]}]},{"@type":"ImageObject","inLanguage":"en-US","@id":"https:\/\/aniakuczynska.com\/en\/product\/ak-palo-santo-natural-incesne\/#primaryimage","url":"https:\/\/aniakuczynska.com\/wp-content\/uploads\/2024\/01\/IMG_0151s.jpg","contentUrl":"https:\/\/aniakuczynska.com\/wp-content\/uploads\/2024\/01\/IMG_0151s.jpg","width":1125,"height":1500},{"@type":"BreadcrumbList","@id":"https:\/\/aniakuczynska.com\/en\/product\/ak-palo-santo-natural-incesne\/#breadcrumb","itemListElement":[{"@type":"ListItem","position":1,"name":"Strona g\u0142\u00f3wna","item":"https:\/\/aniakuczynska.com\/en\/"},{"@type":"ListItem","position":2,"name":"Shop","item":"https:\/\/aniakuczynska.com\/en\/shop\/"},{"@type":"ListItem","position":3,"name":"AK Palo Santo natural incesne"}]},{"@type":"WebSite","@id":"https:\/\/aniakuczynska.com\/#website","url":"https:\/\/aniakuczynska.com\/","name":"Ania Kuczy\u0144ska","description":"Ania Kuczy\u0144ska to jedna z najbardziej cenionych i rozpoznawalnych polskich projektantek mody. Tworzy mocn\u0105 i charakterystyczn\u0105 mark\u0119 \u2013 jej styl okre\u015blany jako ozdobny minimalizm jest ho\u0142dem dla szykownej i eleganckiej nonszalancji, charyzmatycznej kobieco\u015bci.","potentialAction":[{"@type":"SearchAction","target":{"@type":"EntryPoint","urlTemplate":"https:\/\/aniakuczynska.com\/?s={search_term_string}"},"query-input":{"@type":"PropertyValueSpecification","valueRequired":true,"valueName":"search_term_string"}}],"inLanguage":"en-US"}]}},"_links":{"self":[{"href":"https:\/\/aniakuczynska.com\/en\/wp-json\/wp\/v2\/product\/22543","targetHints":{"allow":["GET"]}}],"collection":[{"href":"https:\/\/aniakuczynska.com\/en\/wp-json\/wp\/v2\/product"}],"about":[{"href":"https:\/\/aniakuczynska.com\/en\/wp-json\/wp\/v2\/types\/product"}],"replies":[{"embeddable":true,"href":"https:\/\/aniakuczynska.com\/en\/wp-json\/wp\/v2\/comments?post=22543"}],"wp:featuredmedia":[{"embeddable":true,"href":"https:\/\/aniakuczynska.com\/en\/wp-json\/wp\/v2\/media\/22235"}],"wp:attachment":[{"href":"https:\/\/aniakuczynska.com\/en\/wp-json\/wp\/v2\/media?parent=22543"}],"wp:term":[{"taxonomy":"product_brand","embeddable":true,"href":"https:\/\/aniakuczynska.com\/en\/wp-json\/wp\/v2\/product_brand?post=22543"},{"taxonomy":"product_cat","embeddable":true,"href":"https:\/\/aniakuczynska.com\/en\/wp-json\/wp\/v2\/product_cat?post=22543"},{"taxonomy":"product_tag","embeddable":true,"href":"https:\/\/aniakuczynska.com\/en\/wp-json\/wp\/v2\/product_tag?post=22543"}],"curies":[{"name":"wp","href":"https:\/\/api.w.org\/{rel}","templated":true}]}}