{"id":22541,"date":"2024-02-15T14:14:52","date_gmt":"2024-02-19T12:47:41","guid":{"rendered":"https:\/\/aniakuczynska.com\/?post_type=product&#038;p=22541"},"modified":"2026-03-30T10:51:49","modified_gmt":"2026-03-30T10:51:49","slug":"mini-shanghai-notte-cotton-bag-with-leather-elements","status":"publish","type":"product","link":"https:\/\/aniakuczynska.com\/en\/product\/mini-shanghai-notte-cotton-bag-with-leather-elements\/","title":{"rendered":"Warszawa Black black bag with hand-stamped logo"},"content":{"rendered":"<p style=\"text-align: justify;\">The launch of the Mini Shanghai bag coincided with the start of the Chinese new year. The Year of the Dragon heralds good luck and prosperity.<\/p>\n<p style=\"text-align: justify;\">Radically black, the bag refers to the DNA of the brand, being a smaller version of the iconic Shanghai bag &#8211; described as &#8220;the most recognisable branded accessory in the history of contemporary Polish fashion after 89&#8221;.<\/p>\n<p style=\"text-align: justify;\">It is light, soft and comfortable. Ideal for everyday use, it goes well with daytime outfits and breaks up the more evening ones.<br \/>\nThe fabric used for production is certified OEKO &#8211; TEX STANDARD 100.<\/p>\n<p>-The brand\u2019s clothing and accessories are produced in Poland with a reduced carbon footprint.<br \/>\n-Fabrics and accessories are produced in Europe.<br \/>\n-The packaging is 100% biodegradable.<\/p>\n<p>Shop consciously and LOVE our Planet.<\/p>\n","protected":false},"excerpt":{"rendered":"<p>The launch of the Mini Shanghai bag coincided with the start of the Chinese new year. The Year of the Dragon heralds good luck and prosperity. Radically black, the bag refers to the DNA of the brand, being a smaller version of the iconic Shanghai bag &#8211; described as &#8220;the most recognisable branded accessory in [&hellip;]<\/p>\n","protected":false},"featured_media":29454,"comment_status":"open","ping_status":"closed","template":"","meta":{"_acf_changed":false},"product_brand":[],"product_cat":[273,278,256,276,255,254],"product_tag":[],"class_list":{"0":"post-22541","1":"product","2":"type-product","3":"status-publish","4":"has-post-thumbnail","6":"product_cat-accessories","7":"product_cat-bags","8":"product_cat-clothes","9":"product_cat-new-arrivals-accessories","10":"product_cat-new-arrivals","11":"product_cat-woman","12":"pa_rozmiar-onesize-en","14":"first","15":"instock","16":"shipping-taxable","17":"purchasable","18":"product-type-variable","19":"has-default-attributes"},"acf":[],"yoast_head":"<!-- This site is optimized with the Yoast SEO plugin v24.5 - https:\/\/yoast.com\/wordpress\/plugins\/seo\/ -->\n<title>Warszawa Black black bag with hand-stamped logo - Ania Kuczy\u0144ska<\/title>\n<meta name=\"robots\" content=\"index, follow, max-snippet:-1, max-image-preview:large, max-video-preview:-1\" \/>\n<link rel=\"canonical\" href=\"https:\/\/aniakuczynska.com\/en\/product\/mini-shanghai-notte-cotton-bag-with-leather-elements\/\" \/>\n<meta property=\"og:locale\" content=\"en_US\" \/>\n<meta property=\"og:type\" content=\"article\" \/>\n<meta property=\"og:title\" content=\"Warszawa Black black bag with hand-stamped logo - Ania Kuczy\u0144ska\" \/>\n<meta property=\"og:description\" content=\"The launch of the Mini Shanghai bag coincided with the start of the Chinese new year. The Year of the Dragon heralds good luck and prosperity. Radically black, the bag refers to the DNA of the brand, being a smaller version of the iconic Shanghai bag &#8211; described as &#8220;the most recognisable branded accessory in [&hellip;]\" \/>\n<meta property=\"og:url\" content=\"https:\/\/aniakuczynska.com\/en\/product\/mini-shanghai-notte-cotton-bag-with-leather-elements\/\" \/>\n<meta property=\"og:site_name\" content=\"Ania Kuczy\u0144ska\" \/>\n<meta property=\"article:publisher\" content=\"https:\/\/www.facebook.com\/aniakuczynskaclothingbrand\/\" \/>\n<meta property=\"article:modified_time\" content=\"2026-03-30T10:51:49+00:00\" \/>\n<meta property=\"og:image\" content=\"https:\/\/aniakuczynska.com\/wp-content\/uploads\/2024\/02\/mini-shanghai-eclipse.jpg\" \/>\n\t<meta property=\"og:image:width\" content=\"1125\" \/>\n\t<meta property=\"og:image:height\" content=\"1500\" \/>\n\t<meta property=\"og:image:type\" content=\"image\/jpeg\" \/>\n<meta name=\"twitter:card\" content=\"summary_large_image\" \/>\n<meta name=\"twitter:label1\" content=\"Est. reading time\" \/>\n\t<meta name=\"twitter:data1\" content=\"2 minutes\" \/>\n<script type=\"application\/ld+json\" class=\"yoast-schema-graph\">{\"@context\":\"https:\/\/schema.org\",\"@graph\":[{\"@type\":\"WebPage\",\"@id\":\"https:\/\/aniakuczynska.com\/en\/product\/mini-shanghai-notte-cotton-bag-with-leather-elements\/\",\"url\":\"https:\/\/aniakuczynska.com\/en\/product\/mini-shanghai-notte-cotton-bag-with-leather-elements\/\",\"name\":\"Warszawa Black black bag with hand-stamped logo - Ania Kuczy\u0144ska\",\"isPartOf\":{\"@id\":\"https:\/\/aniakuczynska.com\/#website\"},\"primaryImageOfPage\":{\"@id\":\"https:\/\/aniakuczynska.com\/en\/product\/mini-shanghai-notte-cotton-bag-with-leather-elements\/#primaryimage\"},\"image\":{\"@id\":\"https:\/\/aniakuczynska.com\/en\/product\/mini-shanghai-notte-cotton-bag-with-leather-elements\/#primaryimage\"},\"thumbnailUrl\":\"https:\/\/aniakuczynska.com\/wp-content\/uploads\/2024\/02\/mini-shanghai-eclipse.jpg\",\"datePublished\":\"2024-02-19T12:47:41+00:00\",\"dateModified\":\"2026-03-30T10:51:49+00:00\",\"breadcrumb\":{\"@id\":\"https:\/\/aniakuczynska.com\/en\/product\/mini-shanghai-notte-cotton-bag-with-leather-elements\/#breadcrumb\"},\"inLanguage\":\"en-US\",\"potentialAction\":[{\"@type\":\"ReadAction\",\"target\":[\"https:\/\/aniakuczynska.com\/en\/product\/mini-shanghai-notte-cotton-bag-with-leather-elements\/\"]}]},{\"@type\":\"ImageObject\",\"inLanguage\":\"en-US\",\"@id\":\"https:\/\/aniakuczynska.com\/en\/product\/mini-shanghai-notte-cotton-bag-with-leather-elements\/#primaryimage\",\"url\":\"https:\/\/aniakuczynska.com\/wp-content\/uploads\/2024\/02\/mini-shanghai-eclipse.jpg\",\"contentUrl\":\"https:\/\/aniakuczynska.com\/wp-content\/uploads\/2024\/02\/mini-shanghai-eclipse.jpg\",\"width\":1125,\"height\":1500},{\"@type\":\"BreadcrumbList\",\"@id\":\"https:\/\/aniakuczynska.com\/en\/product\/mini-shanghai-notte-cotton-bag-with-leather-elements\/#breadcrumb\",\"itemListElement\":[{\"@type\":\"ListItem\",\"position\":1,\"name\":\"Strona g\u0142\u00f3wna\",\"item\":\"https:\/\/aniakuczynska.com\/en\/\"},{\"@type\":\"ListItem\",\"position\":2,\"name\":\"Shop\",\"item\":\"https:\/\/aniakuczynska.com\/en\/shop\/\"},{\"@type\":\"ListItem\",\"position\":3,\"name\":\"Warszawa Black black bag with hand-stamped logo\"}]},{\"@type\":\"WebSite\",\"@id\":\"https:\/\/aniakuczynska.com\/#website\",\"url\":\"https:\/\/aniakuczynska.com\/\",\"name\":\"Ania Kuczy\u0144ska\",\"description\":\"Ania Kuczy\u0144ska to jedna z najbardziej cenionych i rozpoznawalnych polskich projektantek mody. Tworzy mocn\u0105 i charakterystyczn\u0105 mark\u0119 \u2013 jej styl okre\u015blany jako ozdobny minimalizm jest ho\u0142dem dla szykownej i eleganckiej nonszalancji, charyzmatycznej kobieco\u015bci.\",\"potentialAction\":[{\"@type\":\"SearchAction\",\"target\":{\"@type\":\"EntryPoint\",\"urlTemplate\":\"https:\/\/aniakuczynska.com\/?s={search_term_string}\"},\"query-input\":{\"@type\":\"PropertyValueSpecification\",\"valueRequired\":true,\"valueName\":\"search_term_string\"}}],\"inLanguage\":\"en-US\"}]}<\/script>\n<!-- \/ Yoast SEO plugin. -->","yoast_head_json":{"title":"Warszawa Black black bag with hand-stamped logo - Ania Kuczy\u0144ska","robots":{"index":"index","follow":"follow","max-snippet":"max-snippet:-1","max-image-preview":"max-image-preview:large","max-video-preview":"max-video-preview:-1"},"canonical":"https:\/\/aniakuczynska.com\/en\/product\/mini-shanghai-notte-cotton-bag-with-leather-elements\/","og_locale":"en_US","og_type":"article","og_title":"Warszawa Black black bag with hand-stamped logo - Ania Kuczy\u0144ska","og_description":"The launch of the Mini Shanghai bag coincided with the start of the Chinese new year. The Year of the Dragon heralds good luck and prosperity. Radically black, the bag refers to the DNA of the brand, being a smaller version of the iconic Shanghai bag &#8211; described as &#8220;the most recognisable branded accessory in [&hellip;]","og_url":"https:\/\/aniakuczynska.com\/en\/product\/mini-shanghai-notte-cotton-bag-with-leather-elements\/","og_site_name":"Ania Kuczy\u0144ska","article_publisher":"https:\/\/www.facebook.com\/aniakuczynskaclothingbrand\/","article_modified_time":"2026-03-30T10:51:49+00:00","og_image":[{"width":1125,"height":1500,"url":"https:\/\/aniakuczynska.com\/wp-content\/uploads\/2024\/02\/mini-shanghai-eclipse.jpg","type":"image\/jpeg"}],"twitter_card":"summary_large_image","twitter_misc":{"Est. reading time":"2 minutes"},"schema":{"@context":"https:\/\/schema.org","@graph":[{"@type":"WebPage","@id":"https:\/\/aniakuczynska.com\/en\/product\/mini-shanghai-notte-cotton-bag-with-leather-elements\/","url":"https:\/\/aniakuczynska.com\/en\/product\/mini-shanghai-notte-cotton-bag-with-leather-elements\/","name":"Warszawa Black black bag with hand-stamped logo - Ania Kuczy\u0144ska","isPartOf":{"@id":"https:\/\/aniakuczynska.com\/#website"},"primaryImageOfPage":{"@id":"https:\/\/aniakuczynska.com\/en\/product\/mini-shanghai-notte-cotton-bag-with-leather-elements\/#primaryimage"},"image":{"@id":"https:\/\/aniakuczynska.com\/en\/product\/mini-shanghai-notte-cotton-bag-with-leather-elements\/#primaryimage"},"thumbnailUrl":"https:\/\/aniakuczynska.com\/wp-content\/uploads\/2024\/02\/mini-shanghai-eclipse.jpg","datePublished":"2024-02-19T12:47:41+00:00","dateModified":"2026-03-30T10:51:49+00:00","breadcrumb":{"@id":"https:\/\/aniakuczynska.com\/en\/product\/mini-shanghai-notte-cotton-bag-with-leather-elements\/#breadcrumb"},"inLanguage":"en-US","potentialAction":[{"@type":"ReadAction","target":["https:\/\/aniakuczynska.com\/en\/product\/mini-shanghai-notte-cotton-bag-with-leather-elements\/"]}]},{"@type":"ImageObject","inLanguage":"en-US","@id":"https:\/\/aniakuczynska.com\/en\/product\/mini-shanghai-notte-cotton-bag-with-leather-elements\/#primaryimage","url":"https:\/\/aniakuczynska.com\/wp-content\/uploads\/2024\/02\/mini-shanghai-eclipse.jpg","contentUrl":"https:\/\/aniakuczynska.com\/wp-content\/uploads\/2024\/02\/mini-shanghai-eclipse.jpg","width":1125,"height":1500},{"@type":"BreadcrumbList","@id":"https:\/\/aniakuczynska.com\/en\/product\/mini-shanghai-notte-cotton-bag-with-leather-elements\/#breadcrumb","itemListElement":[{"@type":"ListItem","position":1,"name":"Strona g\u0142\u00f3wna","item":"https:\/\/aniakuczynska.com\/en\/"},{"@type":"ListItem","position":2,"name":"Shop","item":"https:\/\/aniakuczynska.com\/en\/shop\/"},{"@type":"ListItem","position":3,"name":"Warszawa Black black bag with hand-stamped logo"}]},{"@type":"WebSite","@id":"https:\/\/aniakuczynska.com\/#website","url":"https:\/\/aniakuczynska.com\/","name":"Ania Kuczy\u0144ska","description":"Ania Kuczy\u0144ska to jedna z najbardziej cenionych i rozpoznawalnych polskich projektantek mody. Tworzy mocn\u0105 i charakterystyczn\u0105 mark\u0119 \u2013 jej styl okre\u015blany jako ozdobny minimalizm jest ho\u0142dem dla szykownej i eleganckiej nonszalancji, charyzmatycznej kobieco\u015bci.","potentialAction":[{"@type":"SearchAction","target":{"@type":"EntryPoint","urlTemplate":"https:\/\/aniakuczynska.com\/?s={search_term_string}"},"query-input":{"@type":"PropertyValueSpecification","valueRequired":true,"valueName":"search_term_string"}}],"inLanguage":"en-US"}]}},"_links":{"self":[{"href":"https:\/\/aniakuczynska.com\/en\/wp-json\/wp\/v2\/product\/22541","targetHints":{"allow":["GET"]}}],"collection":[{"href":"https:\/\/aniakuczynska.com\/en\/wp-json\/wp\/v2\/product"}],"about":[{"href":"https:\/\/aniakuczynska.com\/en\/wp-json\/wp\/v2\/types\/product"}],"replies":[{"embeddable":true,"href":"https:\/\/aniakuczynska.com\/en\/wp-json\/wp\/v2\/comments?post=22541"}],"wp:featuredmedia":[{"embeddable":true,"href":"https:\/\/aniakuczynska.com\/en\/wp-json\/wp\/v2\/media\/29454"}],"wp:attachment":[{"href":"https:\/\/aniakuczynska.com\/en\/wp-json\/wp\/v2\/media?parent=22541"}],"wp:term":[{"taxonomy":"product_brand","embeddable":true,"href":"https:\/\/aniakuczynska.com\/en\/wp-json\/wp\/v2\/product_brand?post=22541"},{"taxonomy":"product_cat","embeddable":true,"href":"https:\/\/aniakuczynska.com\/en\/wp-json\/wp\/v2\/product_cat?post=22541"},{"taxonomy":"product_tag","embeddable":true,"href":"https:\/\/aniakuczynska.com\/en\/wp-json\/wp\/v2\/product_tag?post=22541"}],"curies":[{"name":"wp","href":"https:\/\/api.w.org\/{rel}","templated":true}]}}