{"id":21401,"date":"2023-11-09T09:49:02","date_gmt":"2023-11-10T09:46:00","guid":{"rendered":"https:\/\/aniakuczynska.com\/?post_type=product&#038;p=21401"},"modified":"2025-08-06T12:49:51","modified_gmt":"2025-08-06T12:49:51","slug":"astro-handmade-vegetable-tanned-leather-belt","status":"publish","type":"product","link":"https:\/\/aniakuczynska.com\/en\/product\/astro-handmade-vegetable-tanned-leather-belt\/","title":{"rendered":"Astro handmade, vegetable tanned leather belt"},"content":{"rendered":"<div class=\"flex-shrink-0 flex flex-col relative items-end\">\n<div class=\"pt-0\">\n<div class=\"gizmo-bot-avatar flex h-8 w-8 items-center justify-center overflow-hidden rounded-full\">\n<div class=\"relative p-1 rounded-sm flex items-center justify-center bg-token-main-surface-primary text-token-text-primary h-8 w-8\">\n<div class=\"flex-shrink-0 flex flex-col relative items-end\">\n<div>\n<div class=\"pt-0\">\n<div class=\"gizmo-bot-avatar flex h-8 w-8 items-center justify-center overflow-hidden rounded-full\"><\/div>\n<\/div>\n<\/div>\n<\/div>\n<div class=\"group\/conversation-turn relative flex w-full min-w-0 flex-col agent-turn\" style=\"text-align: left;\">\n<div class=\"flex-col gap-1 md:gap-3\">\n<div class=\"flex max-w-full flex-col flex-grow\">\n<div class=\"min-h-[20px] text-message flex w-full flex-col items-end gap-2 whitespace-normal break-words [.text-message+&amp;]:mt-5\" dir=\"auto\" data-message-author-role=\"assistant\" data-message-id=\"5b55672c-f74d-4254-885a-d66634264aac\">\n<div class=\"flex w-full flex-col gap-1 empty:hidden first:pt-[3px]\">\n<div class=\"markdown prose w-full break-words dark:prose-invert dark\">\n<p style=\"text-align: justify;\">The Astro belts are made from environmentally friendly vegetable-tanned leather. The decorative hypoallergenic buckle [nickel-free] is made in Italy. The design evokes the style of the 1980s.<\/p>\n<p style=\"text-align: justify;\">For creating beautiful and long-lasting accessories, the brand uses vegetable-tanned leathers that are soaked in plant extracts such as brew, oak bark, willow, or birch.<\/p>\n<p style=\"text-align: justify;\">Vegetable-tanned leathers have a pleasant aroma and are well-conditioned.<\/p>\n<p style=\"text-align: justify;\">For their care, use natural wax-based care products.<\/p>\n<p style=\"text-align: justify;\">All products are made in Poland and verified by the Fair Wear Foundation. We support female entrepreneurship and small manufacturing businesses.<\/p>\n<p style=\"text-align: justify;\">-The brand\u2019s clothing and accessories are produced in Poland with a reduced carbon footprint.<br \/>\n-Fabrics and accessories are produced in Europe.<br \/>\n-The packaging is 100% biodegradable.<\/p>\n<p>Shop consciously and LOVE our Planet.<\/p>\n<\/div>\n<\/div>\n<\/div>\n<\/div>\n<\/div>\n<\/div>\n<\/div>\n<\/div>\n<\/div>\n<\/div>\n","protected":false},"excerpt":{"rendered":"<p>The Astro belts are made from environmentally friendly vegetable-tanned leather. The decorative hypoallergenic buckle [nickel-free] is made in Italy. The design evokes the style of the 1980s. For creating beautiful and long-lasting accessories, the brand uses vegetable-tanned leathers that are soaked in plant extracts such as brew, oak bark, willow, or birch. Vegetable-tanned leathers have [&hellip;]<\/p>\n","protected":false},"featured_media":24869,"comment_status":"open","ping_status":"closed","template":"","meta":{"_acf_changed":false},"product_brand":[],"product_cat":[273,277,256,286,295,254],"product_tag":[],"class_list":{"0":"post-21401","1":"product","2":"type-product","3":"status-publish","4":"has-post-thumbnail","6":"product_cat-accessories","7":"product_cat-belts","8":"product_cat-clothes","9":"product_cat-denim-eng","10":"product_cat-new-vintage-eng","11":"product_cat-woman","12":"pa_rozmiar-onesize-en","14":"first","15":"instock","16":"shipping-taxable","17":"purchasable","18":"product-type-variable","19":"has-default-attributes"},"acf":[],"yoast_head":"<!-- This site is optimized with the Yoast SEO plugin v24.5 - https:\/\/yoast.com\/wordpress\/plugins\/seo\/ -->\n<title>Astro handmade, vegetable tanned leather belt - Ania Kuczy\u0144ska<\/title>\n<meta name=\"robots\" content=\"index, follow, max-snippet:-1, max-image-preview:large, max-video-preview:-1\" \/>\n<link rel=\"canonical\" href=\"https:\/\/aniakuczynska.com\/en\/product\/astro-handmade-vegetable-tanned-leather-belt\/\" \/>\n<meta property=\"og:locale\" content=\"en_US\" \/>\n<meta property=\"og:type\" content=\"article\" \/>\n<meta property=\"og:title\" content=\"Astro handmade, vegetable tanned leather belt - Ania Kuczy\u0144ska\" \/>\n<meta property=\"og:description\" content=\"The Astro belts are made from environmentally friendly vegetable-tanned leather. The decorative hypoallergenic buckle [nickel-free] is made in Italy. The design evokes the style of the 1980s. For creating beautiful and long-lasting accessories, the brand uses vegetable-tanned leathers that are soaked in plant extracts such as brew, oak bark, willow, or birch. Vegetable-tanned leathers have [&hellip;]\" \/>\n<meta property=\"og:url\" content=\"https:\/\/aniakuczynska.com\/en\/product\/astro-handmade-vegetable-tanned-leather-belt\/\" \/>\n<meta property=\"og:site_name\" content=\"Ania Kuczy\u0144ska\" \/>\n<meta property=\"article:publisher\" content=\"https:\/\/www.facebook.com\/aniakuczynskaclothingbrand\/\" \/>\n<meta property=\"article:modified_time\" content=\"2025-08-06T12:49:51+00:00\" \/>\n<meta property=\"og:image\" content=\"https:\/\/aniakuczynska.com\/wp-content\/uploads\/2023\/11\/astro_nowe.png\" \/>\n\t<meta property=\"og:image:width\" content=\"1125\" \/>\n\t<meta property=\"og:image:height\" content=\"1500\" \/>\n\t<meta property=\"og:image:type\" content=\"image\/png\" \/>\n<meta name=\"twitter:card\" content=\"summary_large_image\" \/>\n<meta name=\"twitter:label1\" content=\"Est. reading time\" \/>\n\t<meta name=\"twitter:data1\" content=\"2 minutes\" \/>\n<script type=\"application\/ld+json\" class=\"yoast-schema-graph\">{\"@context\":\"https:\/\/schema.org\",\"@graph\":[{\"@type\":\"WebPage\",\"@id\":\"https:\/\/aniakuczynska.com\/en\/product\/astro-handmade-vegetable-tanned-leather-belt\/\",\"url\":\"https:\/\/aniakuczynska.com\/en\/product\/astro-handmade-vegetable-tanned-leather-belt\/\",\"name\":\"Astro handmade, vegetable tanned leather belt - Ania Kuczy\u0144ska\",\"isPartOf\":{\"@id\":\"https:\/\/aniakuczynska.com\/#website\"},\"primaryImageOfPage\":{\"@id\":\"https:\/\/aniakuczynska.com\/en\/product\/astro-handmade-vegetable-tanned-leather-belt\/#primaryimage\"},\"image\":{\"@id\":\"https:\/\/aniakuczynska.com\/en\/product\/astro-handmade-vegetable-tanned-leather-belt\/#primaryimage\"},\"thumbnailUrl\":\"https:\/\/aniakuczynska.com\/wp-content\/uploads\/2023\/11\/astro_nowe.png\",\"datePublished\":\"2023-11-10T09:46:00+00:00\",\"dateModified\":\"2025-08-06T12:49:51+00:00\",\"breadcrumb\":{\"@id\":\"https:\/\/aniakuczynska.com\/en\/product\/astro-handmade-vegetable-tanned-leather-belt\/#breadcrumb\"},\"inLanguage\":\"en-US\",\"potentialAction\":[{\"@type\":\"ReadAction\",\"target\":[\"https:\/\/aniakuczynska.com\/en\/product\/astro-handmade-vegetable-tanned-leather-belt\/\"]}]},{\"@type\":\"ImageObject\",\"inLanguage\":\"en-US\",\"@id\":\"https:\/\/aniakuczynska.com\/en\/product\/astro-handmade-vegetable-tanned-leather-belt\/#primaryimage\",\"url\":\"https:\/\/aniakuczynska.com\/wp-content\/uploads\/2023\/11\/astro_nowe.png\",\"contentUrl\":\"https:\/\/aniakuczynska.com\/wp-content\/uploads\/2023\/11\/astro_nowe.png\",\"width\":1125,\"height\":1500},{\"@type\":\"BreadcrumbList\",\"@id\":\"https:\/\/aniakuczynska.com\/en\/product\/astro-handmade-vegetable-tanned-leather-belt\/#breadcrumb\",\"itemListElement\":[{\"@type\":\"ListItem\",\"position\":1,\"name\":\"Strona g\u0142\u00f3wna\",\"item\":\"https:\/\/aniakuczynska.com\/en\/\"},{\"@type\":\"ListItem\",\"position\":2,\"name\":\"Shop\",\"item\":\"https:\/\/aniakuczynska.com\/en\/shop\/\"},{\"@type\":\"ListItem\",\"position\":3,\"name\":\"Astro handmade, vegetable tanned leather belt\"}]},{\"@type\":\"WebSite\",\"@id\":\"https:\/\/aniakuczynska.com\/#website\",\"url\":\"https:\/\/aniakuczynska.com\/\",\"name\":\"Ania Kuczy\u0144ska\",\"description\":\"Ania Kuczy\u0144ska to jedna z najbardziej cenionych i rozpoznawalnych polskich projektantek mody. Tworzy mocn\u0105 i charakterystyczn\u0105 mark\u0119 \u2013 jej styl okre\u015blany jako ozdobny minimalizm jest ho\u0142dem dla szykownej i eleganckiej nonszalancji, charyzmatycznej kobieco\u015bci.\",\"potentialAction\":[{\"@type\":\"SearchAction\",\"target\":{\"@type\":\"EntryPoint\",\"urlTemplate\":\"https:\/\/aniakuczynska.com\/?s={search_term_string}\"},\"query-input\":{\"@type\":\"PropertyValueSpecification\",\"valueRequired\":true,\"valueName\":\"search_term_string\"}}],\"inLanguage\":\"en-US\"}]}<\/script>\n<!-- \/ Yoast SEO plugin. -->","yoast_head_json":{"title":"Astro handmade, vegetable tanned leather belt - Ania Kuczy\u0144ska","robots":{"index":"index","follow":"follow","max-snippet":"max-snippet:-1","max-image-preview":"max-image-preview:large","max-video-preview":"max-video-preview:-1"},"canonical":"https:\/\/aniakuczynska.com\/en\/product\/astro-handmade-vegetable-tanned-leather-belt\/","og_locale":"en_US","og_type":"article","og_title":"Astro handmade, vegetable tanned leather belt - Ania Kuczy\u0144ska","og_description":"The Astro belts are made from environmentally friendly vegetable-tanned leather. The decorative hypoallergenic buckle [nickel-free] is made in Italy. The design evokes the style of the 1980s. For creating beautiful and long-lasting accessories, the brand uses vegetable-tanned leathers that are soaked in plant extracts such as brew, oak bark, willow, or birch. Vegetable-tanned leathers have [&hellip;]","og_url":"https:\/\/aniakuczynska.com\/en\/product\/astro-handmade-vegetable-tanned-leather-belt\/","og_site_name":"Ania Kuczy\u0144ska","article_publisher":"https:\/\/www.facebook.com\/aniakuczynskaclothingbrand\/","article_modified_time":"2025-08-06T12:49:51+00:00","og_image":[{"width":1125,"height":1500,"url":"https:\/\/aniakuczynska.com\/wp-content\/uploads\/2023\/11\/astro_nowe.png","type":"image\/png"}],"twitter_card":"summary_large_image","twitter_misc":{"Est. reading time":"2 minutes"},"schema":{"@context":"https:\/\/schema.org","@graph":[{"@type":"WebPage","@id":"https:\/\/aniakuczynska.com\/en\/product\/astro-handmade-vegetable-tanned-leather-belt\/","url":"https:\/\/aniakuczynska.com\/en\/product\/astro-handmade-vegetable-tanned-leather-belt\/","name":"Astro handmade, vegetable tanned leather belt - Ania Kuczy\u0144ska","isPartOf":{"@id":"https:\/\/aniakuczynska.com\/#website"},"primaryImageOfPage":{"@id":"https:\/\/aniakuczynska.com\/en\/product\/astro-handmade-vegetable-tanned-leather-belt\/#primaryimage"},"image":{"@id":"https:\/\/aniakuczynska.com\/en\/product\/astro-handmade-vegetable-tanned-leather-belt\/#primaryimage"},"thumbnailUrl":"https:\/\/aniakuczynska.com\/wp-content\/uploads\/2023\/11\/astro_nowe.png","datePublished":"2023-11-10T09:46:00+00:00","dateModified":"2025-08-06T12:49:51+00:00","breadcrumb":{"@id":"https:\/\/aniakuczynska.com\/en\/product\/astro-handmade-vegetable-tanned-leather-belt\/#breadcrumb"},"inLanguage":"en-US","potentialAction":[{"@type":"ReadAction","target":["https:\/\/aniakuczynska.com\/en\/product\/astro-handmade-vegetable-tanned-leather-belt\/"]}]},{"@type":"ImageObject","inLanguage":"en-US","@id":"https:\/\/aniakuczynska.com\/en\/product\/astro-handmade-vegetable-tanned-leather-belt\/#primaryimage","url":"https:\/\/aniakuczynska.com\/wp-content\/uploads\/2023\/11\/astro_nowe.png","contentUrl":"https:\/\/aniakuczynska.com\/wp-content\/uploads\/2023\/11\/astro_nowe.png","width":1125,"height":1500},{"@type":"BreadcrumbList","@id":"https:\/\/aniakuczynska.com\/en\/product\/astro-handmade-vegetable-tanned-leather-belt\/#breadcrumb","itemListElement":[{"@type":"ListItem","position":1,"name":"Strona g\u0142\u00f3wna","item":"https:\/\/aniakuczynska.com\/en\/"},{"@type":"ListItem","position":2,"name":"Shop","item":"https:\/\/aniakuczynska.com\/en\/shop\/"},{"@type":"ListItem","position":3,"name":"Astro handmade, vegetable tanned leather belt"}]},{"@type":"WebSite","@id":"https:\/\/aniakuczynska.com\/#website","url":"https:\/\/aniakuczynska.com\/","name":"Ania Kuczy\u0144ska","description":"Ania Kuczy\u0144ska to jedna z najbardziej cenionych i rozpoznawalnych polskich projektantek mody. Tworzy mocn\u0105 i charakterystyczn\u0105 mark\u0119 \u2013 jej styl okre\u015blany jako ozdobny minimalizm jest ho\u0142dem dla szykownej i eleganckiej nonszalancji, charyzmatycznej kobieco\u015bci.","potentialAction":[{"@type":"SearchAction","target":{"@type":"EntryPoint","urlTemplate":"https:\/\/aniakuczynska.com\/?s={search_term_string}"},"query-input":{"@type":"PropertyValueSpecification","valueRequired":true,"valueName":"search_term_string"}}],"inLanguage":"en-US"}]}},"_links":{"self":[{"href":"https:\/\/aniakuczynska.com\/en\/wp-json\/wp\/v2\/product\/21401","targetHints":{"allow":["GET"]}}],"collection":[{"href":"https:\/\/aniakuczynska.com\/en\/wp-json\/wp\/v2\/product"}],"about":[{"href":"https:\/\/aniakuczynska.com\/en\/wp-json\/wp\/v2\/types\/product"}],"replies":[{"embeddable":true,"href":"https:\/\/aniakuczynska.com\/en\/wp-json\/wp\/v2\/comments?post=21401"}],"wp:featuredmedia":[{"embeddable":true,"href":"https:\/\/aniakuczynska.com\/en\/wp-json\/wp\/v2\/media\/24869"}],"wp:attachment":[{"href":"https:\/\/aniakuczynska.com\/en\/wp-json\/wp\/v2\/media?parent=21401"}],"wp:term":[{"taxonomy":"product_brand","embeddable":true,"href":"https:\/\/aniakuczynska.com\/en\/wp-json\/wp\/v2\/product_brand?post=21401"},{"taxonomy":"product_cat","embeddable":true,"href":"https:\/\/aniakuczynska.com\/en\/wp-json\/wp\/v2\/product_cat?post=21401"},{"taxonomy":"product_tag","embeddable":true,"href":"https:\/\/aniakuczynska.com\/en\/wp-json\/wp\/v2\/product_tag?post=21401"}],"curies":[{"name":"wp","href":"https:\/\/api.w.org\/{rel}","templated":true}]}}