{"id":21400,"date":"2023-11-09T10:11:29","date_gmt":"2023-11-10T09:45:14","guid":{"rendered":"https:\/\/aniakuczynska.com\/?post_type=product&#038;p=21400"},"modified":"2026-02-19T15:14:11","modified_gmt":"2026-02-19T15:14:11","slug":"fernanda-soft-warm-sweater-100-baby-alpaca","status":"publish","type":"product","link":"https:\/\/aniakuczynska.com\/en\/product\/fernanda-soft-warm-sweater-100-baby-alpaca\/","title":{"rendered":"Fernanda soft, warm sweater 100% Baby Alpaca"},"content":{"rendered":"<p>The Fernanda sweater embodies elegance and comfort in one. Crafted from high-quality alpaca fibers, this sweater not only offers exceptional softness but also provides excellent thermal insulation.<\/p>\n<p>Alpaca is a natural material that is lightweight, durable, and incredibly warm, making our sweater the perfect solution for cooler days.<\/p>\n<p>With its simple, classic cut, the sweater complements various styles, both casual and more formal. Subtle details and meticulous craftsmanship add prestige, creating a unique wardrobe piece. Perfect fit and the gentle touch of alpaca make wearing this sweater a true pleasure.<\/p>\n","protected":false},"excerpt":{"rendered":"<p>The Fernanda sweater embodies elegance and comfort in one. Crafted from high-quality alpaca fibers, this sweater not only offers exceptional softness but also provides excellent thermal insulation. Alpaca is a natural material that is lightweight, durable, and incredibly warm, making our sweater the perfect solution for cooler days. With its simple, classic cut, the sweater [&hellip;]<\/p>\n","protected":false},"featured_media":21368,"comment_status":"open","ping_status":"closed","template":"","meta":{"_acf_changed":false},"product_brand":[],"product_cat":[291],"product_tag":[],"class_list":{"0":"post-21400","1":"product","2":"type-product","3":"status-publish","4":"has-post-thumbnail","6":"product_cat-uncategorized-en","8":"first","9":"instock","10":"shipping-taxable","11":"purchasable","12":"product-type-variable"},"acf":[],"yoast_head":"<!-- This site is optimized with the Yoast SEO plugin v24.5 - https:\/\/yoast.com\/wordpress\/plugins\/seo\/ -->\n<title>Fernanda soft, warm sweater 100% Baby Alpaca - Ania Kuczy\u0144ska<\/title>\n<meta name=\"robots\" content=\"index, follow, max-snippet:-1, max-image-preview:large, max-video-preview:-1\" \/>\n<link rel=\"canonical\" href=\"https:\/\/aniakuczynska.com\/en\/product\/fernanda-soft-warm-sweater-100-baby-alpaca\/\" \/>\n<meta property=\"og:locale\" content=\"en_US\" \/>\n<meta property=\"og:type\" content=\"article\" \/>\n<meta property=\"og:title\" content=\"Fernanda soft, warm sweater 100% Baby Alpaca - Ania Kuczy\u0144ska\" \/>\n<meta property=\"og:description\" content=\"The Fernanda sweater embodies elegance and comfort in one. Crafted from high-quality alpaca fibers, this sweater not only offers exceptional softness but also provides excellent thermal insulation. Alpaca is a natural material that is lightweight, durable, and incredibly warm, making our sweater the perfect solution for cooler days. With its simple, classic cut, the sweater [&hellip;]\" \/>\n<meta property=\"og:url\" content=\"https:\/\/aniakuczynska.com\/en\/product\/fernanda-soft-warm-sweater-100-baby-alpaca\/\" \/>\n<meta property=\"og:site_name\" content=\"Ania Kuczy\u0144ska\" \/>\n<meta property=\"article:publisher\" content=\"https:\/\/www.facebook.com\/aniakuczynskaclothingbrand\/\" \/>\n<meta property=\"article:modified_time\" content=\"2026-02-19T15:14:11+00:00\" \/>\n<meta property=\"og:image\" content=\"https:\/\/aniakuczynska.com\/wp-content\/uploads\/2023\/11\/IMG_7720.jpg\" \/>\n\t<meta property=\"og:image:width\" content=\"1125\" \/>\n\t<meta property=\"og:image:height\" content=\"1500\" \/>\n\t<meta property=\"og:image:type\" content=\"image\/jpeg\" \/>\n<meta name=\"twitter:card\" content=\"summary_large_image\" \/>\n<meta name=\"twitter:label1\" content=\"Est. reading time\" \/>\n\t<meta name=\"twitter:data1\" content=\"2 minutes\" \/>\n<script type=\"application\/ld+json\" class=\"yoast-schema-graph\">{\"@context\":\"https:\/\/schema.org\",\"@graph\":[{\"@type\":\"WebPage\",\"@id\":\"https:\/\/aniakuczynska.com\/en\/product\/fernanda-soft-warm-sweater-100-baby-alpaca\/\",\"url\":\"https:\/\/aniakuczynska.com\/en\/product\/fernanda-soft-warm-sweater-100-baby-alpaca\/\",\"name\":\"Fernanda soft, warm sweater 100% Baby Alpaca - Ania Kuczy\u0144ska\",\"isPartOf\":{\"@id\":\"https:\/\/aniakuczynska.com\/#website\"},\"primaryImageOfPage\":{\"@id\":\"https:\/\/aniakuczynska.com\/en\/product\/fernanda-soft-warm-sweater-100-baby-alpaca\/#primaryimage\"},\"image\":{\"@id\":\"https:\/\/aniakuczynska.com\/en\/product\/fernanda-soft-warm-sweater-100-baby-alpaca\/#primaryimage\"},\"thumbnailUrl\":\"https:\/\/aniakuczynska.com\/wp-content\/uploads\/2023\/11\/IMG_7720.jpg\",\"datePublished\":\"2023-11-10T09:45:14+00:00\",\"dateModified\":\"2026-02-19T15:14:11+00:00\",\"breadcrumb\":{\"@id\":\"https:\/\/aniakuczynska.com\/en\/product\/fernanda-soft-warm-sweater-100-baby-alpaca\/#breadcrumb\"},\"inLanguage\":\"en-US\",\"potentialAction\":[{\"@type\":\"ReadAction\",\"target\":[\"https:\/\/aniakuczynska.com\/en\/product\/fernanda-soft-warm-sweater-100-baby-alpaca\/\"]}]},{\"@type\":\"ImageObject\",\"inLanguage\":\"en-US\",\"@id\":\"https:\/\/aniakuczynska.com\/en\/product\/fernanda-soft-warm-sweater-100-baby-alpaca\/#primaryimage\",\"url\":\"https:\/\/aniakuczynska.com\/wp-content\/uploads\/2023\/11\/IMG_7720.jpg\",\"contentUrl\":\"https:\/\/aniakuczynska.com\/wp-content\/uploads\/2023\/11\/IMG_7720.jpg\",\"width\":1125,\"height\":1500},{\"@type\":\"BreadcrumbList\",\"@id\":\"https:\/\/aniakuczynska.com\/en\/product\/fernanda-soft-warm-sweater-100-baby-alpaca\/#breadcrumb\",\"itemListElement\":[{\"@type\":\"ListItem\",\"position\":1,\"name\":\"Strona g\u0142\u00f3wna\",\"item\":\"https:\/\/aniakuczynska.com\/en\/\"},{\"@type\":\"ListItem\",\"position\":2,\"name\":\"Shop\",\"item\":\"https:\/\/aniakuczynska.com\/en\/shop\/\"},{\"@type\":\"ListItem\",\"position\":3,\"name\":\"Fernanda soft, warm sweater 100% Baby Alpaca\"}]},{\"@type\":\"WebSite\",\"@id\":\"https:\/\/aniakuczynska.com\/#website\",\"url\":\"https:\/\/aniakuczynska.com\/\",\"name\":\"Ania Kuczy\u0144ska\",\"description\":\"Ania Kuczy\u0144ska to jedna z najbardziej cenionych i rozpoznawalnych polskich projektantek mody. Tworzy mocn\u0105 i charakterystyczn\u0105 mark\u0119 \u2013 jej styl okre\u015blany jako ozdobny minimalizm jest ho\u0142dem dla szykownej i eleganckiej nonszalancji, charyzmatycznej kobieco\u015bci.\",\"potentialAction\":[{\"@type\":\"SearchAction\",\"target\":{\"@type\":\"EntryPoint\",\"urlTemplate\":\"https:\/\/aniakuczynska.com\/?s={search_term_string}\"},\"query-input\":{\"@type\":\"PropertyValueSpecification\",\"valueRequired\":true,\"valueName\":\"search_term_string\"}}],\"inLanguage\":\"en-US\"}]}<\/script>\n<!-- \/ Yoast SEO plugin. -->","yoast_head_json":{"title":"Fernanda soft, warm sweater 100% Baby Alpaca - Ania Kuczy\u0144ska","robots":{"index":"index","follow":"follow","max-snippet":"max-snippet:-1","max-image-preview":"max-image-preview:large","max-video-preview":"max-video-preview:-1"},"canonical":"https:\/\/aniakuczynska.com\/en\/product\/fernanda-soft-warm-sweater-100-baby-alpaca\/","og_locale":"en_US","og_type":"article","og_title":"Fernanda soft, warm sweater 100% Baby Alpaca - Ania Kuczy\u0144ska","og_description":"The Fernanda sweater embodies elegance and comfort in one. Crafted from high-quality alpaca fibers, this sweater not only offers exceptional softness but also provides excellent thermal insulation. Alpaca is a natural material that is lightweight, durable, and incredibly warm, making our sweater the perfect solution for cooler days. With its simple, classic cut, the sweater [&hellip;]","og_url":"https:\/\/aniakuczynska.com\/en\/product\/fernanda-soft-warm-sweater-100-baby-alpaca\/","og_site_name":"Ania Kuczy\u0144ska","article_publisher":"https:\/\/www.facebook.com\/aniakuczynskaclothingbrand\/","article_modified_time":"2026-02-19T15:14:11+00:00","og_image":[{"width":1125,"height":1500,"url":"https:\/\/aniakuczynska.com\/wp-content\/uploads\/2023\/11\/IMG_7720.jpg","type":"image\/jpeg"}],"twitter_card":"summary_large_image","twitter_misc":{"Est. reading time":"2 minutes"},"schema":{"@context":"https:\/\/schema.org","@graph":[{"@type":"WebPage","@id":"https:\/\/aniakuczynska.com\/en\/product\/fernanda-soft-warm-sweater-100-baby-alpaca\/","url":"https:\/\/aniakuczynska.com\/en\/product\/fernanda-soft-warm-sweater-100-baby-alpaca\/","name":"Fernanda soft, warm sweater 100% Baby Alpaca - Ania Kuczy\u0144ska","isPartOf":{"@id":"https:\/\/aniakuczynska.com\/#website"},"primaryImageOfPage":{"@id":"https:\/\/aniakuczynska.com\/en\/product\/fernanda-soft-warm-sweater-100-baby-alpaca\/#primaryimage"},"image":{"@id":"https:\/\/aniakuczynska.com\/en\/product\/fernanda-soft-warm-sweater-100-baby-alpaca\/#primaryimage"},"thumbnailUrl":"https:\/\/aniakuczynska.com\/wp-content\/uploads\/2023\/11\/IMG_7720.jpg","datePublished":"2023-11-10T09:45:14+00:00","dateModified":"2026-02-19T15:14:11+00:00","breadcrumb":{"@id":"https:\/\/aniakuczynska.com\/en\/product\/fernanda-soft-warm-sweater-100-baby-alpaca\/#breadcrumb"},"inLanguage":"en-US","potentialAction":[{"@type":"ReadAction","target":["https:\/\/aniakuczynska.com\/en\/product\/fernanda-soft-warm-sweater-100-baby-alpaca\/"]}]},{"@type":"ImageObject","inLanguage":"en-US","@id":"https:\/\/aniakuczynska.com\/en\/product\/fernanda-soft-warm-sweater-100-baby-alpaca\/#primaryimage","url":"https:\/\/aniakuczynska.com\/wp-content\/uploads\/2023\/11\/IMG_7720.jpg","contentUrl":"https:\/\/aniakuczynska.com\/wp-content\/uploads\/2023\/11\/IMG_7720.jpg","width":1125,"height":1500},{"@type":"BreadcrumbList","@id":"https:\/\/aniakuczynska.com\/en\/product\/fernanda-soft-warm-sweater-100-baby-alpaca\/#breadcrumb","itemListElement":[{"@type":"ListItem","position":1,"name":"Strona g\u0142\u00f3wna","item":"https:\/\/aniakuczynska.com\/en\/"},{"@type":"ListItem","position":2,"name":"Shop","item":"https:\/\/aniakuczynska.com\/en\/shop\/"},{"@type":"ListItem","position":3,"name":"Fernanda soft, warm sweater 100% Baby Alpaca"}]},{"@type":"WebSite","@id":"https:\/\/aniakuczynska.com\/#website","url":"https:\/\/aniakuczynska.com\/","name":"Ania Kuczy\u0144ska","description":"Ania Kuczy\u0144ska to jedna z najbardziej cenionych i rozpoznawalnych polskich projektantek mody. Tworzy mocn\u0105 i charakterystyczn\u0105 mark\u0119 \u2013 jej styl okre\u015blany jako ozdobny minimalizm jest ho\u0142dem dla szykownej i eleganckiej nonszalancji, charyzmatycznej kobieco\u015bci.","potentialAction":[{"@type":"SearchAction","target":{"@type":"EntryPoint","urlTemplate":"https:\/\/aniakuczynska.com\/?s={search_term_string}"},"query-input":{"@type":"PropertyValueSpecification","valueRequired":true,"valueName":"search_term_string"}}],"inLanguage":"en-US"}]}},"_links":{"self":[{"href":"https:\/\/aniakuczynska.com\/en\/wp-json\/wp\/v2\/product\/21400","targetHints":{"allow":["GET"]}}],"collection":[{"href":"https:\/\/aniakuczynska.com\/en\/wp-json\/wp\/v2\/product"}],"about":[{"href":"https:\/\/aniakuczynska.com\/en\/wp-json\/wp\/v2\/types\/product"}],"replies":[{"embeddable":true,"href":"https:\/\/aniakuczynska.com\/en\/wp-json\/wp\/v2\/comments?post=21400"}],"wp:featuredmedia":[{"embeddable":true,"href":"https:\/\/aniakuczynska.com\/en\/wp-json\/wp\/v2\/media\/21368"}],"wp:attachment":[{"href":"https:\/\/aniakuczynska.com\/en\/wp-json\/wp\/v2\/media?parent=21400"}],"wp:term":[{"taxonomy":"product_brand","embeddable":true,"href":"https:\/\/aniakuczynska.com\/en\/wp-json\/wp\/v2\/product_brand?post=21400"},{"taxonomy":"product_cat","embeddable":true,"href":"https:\/\/aniakuczynska.com\/en\/wp-json\/wp\/v2\/product_cat?post=21400"},{"taxonomy":"product_tag","embeddable":true,"href":"https:\/\/aniakuczynska.com\/en\/wp-json\/wp\/v2\/product_tag?post=21400"}],"curies":[{"name":"wp","href":"https:\/\/api.w.org\/{rel}","templated":true}]}}