{"id":21203,"date":"2023-10-05T14:50:48","date_gmt":"2023-10-23T12:42:49","guid":{"rendered":"https:\/\/aniakuczynska.com\/?post_type=product&#038;p=21203"},"modified":"2024-11-28T13:56:34","modified_gmt":"2024-11-28T13:56:34","slug":"terra-sport-nr-1-kurtka-uszyta-z-tkaniny-windshell","status":"publish","type":"product","link":"https:\/\/aniakuczynska.com\/en\/product\/terra-sport-nr-1-kurtka-uszyta-z-tkaniny-windshell\/","title":{"rendered":"Terra Sport nr 1 jacket made of Windshell fabric"},"content":{"rendered":"<p>The Terra Sport jacket is soft, lightweight, and comfortable, crafted from elastic, three-layered, waterproof, breathable, and windproof modern fabric.<\/p>\n<p>A minimalist stand-up collar, puffed sleeves, and decorative buttons add an elegant touch to this sporty jacket, made from specialized, warm fabric. The jacket is perfect for autumn and winter chill, suitable for cycling, mountain climbing, and city strolls.<\/p>\n<p>The design is part of the TERRA 23 capsule collection.<\/p>\n<p>The brand logo is hand-stitched.<\/p>\n<p>Shop consciously and love our Planet.<\/p>\n<p>The brand has decided to allocate a portion of proceeds from each sale, both in-store and online, towards purchasing and planting vegetation in Warsaw areas.<\/p>\n","protected":false},"excerpt":{"rendered":"<p>The Terra Sport jacket is soft, lightweight, and comfortable, crafted from elastic, three-layered, waterproof, breathable, and windproof modern fabric. A minimalist stand-up collar, puffed sleeves, and decorative buttons add an elegant touch to this sporty jacket, made from specialized, warm fabric. The jacket is perfect for autumn and winter chill, suitable for cycling, mountain climbing, [&hellip;]<\/p>\n","protected":false},"featured_media":24921,"comment_status":"open","ping_status":"closed","template":"","meta":{"_acf_changed":false},"product_brand":[],"product_cat":[291],"product_tag":[],"class_list":{"0":"post-21203","1":"product","2":"type-product","3":"status-publish","4":"has-post-thumbnail","6":"product_cat-uncategorized-en","7":"pa_rozmiar-s-en","8":"pa_rozmiar-m-en","9":"pa_rozmiar-l-en","11":"first","12":"outofstock","13":"shipping-taxable","14":"purchasable","15":"product-type-variable"},"acf":[],"yoast_head":"<!-- This site is optimized with the Yoast SEO plugin v24.5 - https:\/\/yoast.com\/wordpress\/plugins\/seo\/ -->\n<title>Terra Sport nr 1 jacket made of Windshell fabric - Ania Kuczy\u0144ska<\/title>\n<meta name=\"robots\" content=\"index, follow, max-snippet:-1, max-image-preview:large, max-video-preview:-1\" \/>\n<link rel=\"canonical\" href=\"https:\/\/aniakuczynska.com\/en\/product\/terra-sport-nr-1-kurtka-uszyta-z-tkaniny-windshell\/\" \/>\n<meta property=\"og:locale\" content=\"en_US\" \/>\n<meta property=\"og:type\" content=\"article\" \/>\n<meta property=\"og:title\" content=\"Terra Sport nr 1 jacket made of Windshell fabric - Ania Kuczy\u0144ska\" \/>\n<meta property=\"og:description\" content=\"The Terra Sport jacket is soft, lightweight, and comfortable, crafted from elastic, three-layered, waterproof, breathable, and windproof modern fabric. A minimalist stand-up collar, puffed sleeves, and decorative buttons add an elegant touch to this sporty jacket, made from specialized, warm fabric. The jacket is perfect for autumn and winter chill, suitable for cycling, mountain climbing, [&hellip;]\" \/>\n<meta property=\"og:url\" content=\"https:\/\/aniakuczynska.com\/en\/product\/terra-sport-nr-1-kurtka-uszyta-z-tkaniny-windshell\/\" \/>\n<meta property=\"og:site_name\" content=\"Ania Kuczy\u0144ska\" \/>\n<meta property=\"article:publisher\" content=\"https:\/\/www.facebook.com\/aniakuczynskaclothingbrand\/\" \/>\n<meta property=\"article:modified_time\" content=\"2024-11-28T13:56:34+00:00\" \/>\n<meta property=\"og:image\" content=\"https:\/\/aniakuczynska.com\/wp-content\/uploads\/2023\/10\/terra_new.png\" \/>\n\t<meta property=\"og:image:width\" content=\"1125\" \/>\n\t<meta property=\"og:image:height\" content=\"1500\" \/>\n\t<meta property=\"og:image:type\" content=\"image\/png\" \/>\n<meta name=\"twitter:card\" content=\"summary_large_image\" \/>\n<meta name=\"twitter:label1\" content=\"Est. reading time\" \/>\n\t<meta name=\"twitter:data1\" content=\"2 minutes\" \/>\n<script type=\"application\/ld+json\" class=\"yoast-schema-graph\">{\"@context\":\"https:\/\/schema.org\",\"@graph\":[{\"@type\":\"WebPage\",\"@id\":\"https:\/\/aniakuczynska.com\/en\/product\/terra-sport-nr-1-kurtka-uszyta-z-tkaniny-windshell\/\",\"url\":\"https:\/\/aniakuczynska.com\/en\/product\/terra-sport-nr-1-kurtka-uszyta-z-tkaniny-windshell\/\",\"name\":\"Terra Sport nr 1 jacket made of Windshell fabric - Ania Kuczy\u0144ska\",\"isPartOf\":{\"@id\":\"https:\/\/aniakuczynska.com\/#website\"},\"primaryImageOfPage\":{\"@id\":\"https:\/\/aniakuczynska.com\/en\/product\/terra-sport-nr-1-kurtka-uszyta-z-tkaniny-windshell\/#primaryimage\"},\"image\":{\"@id\":\"https:\/\/aniakuczynska.com\/en\/product\/terra-sport-nr-1-kurtka-uszyta-z-tkaniny-windshell\/#primaryimage\"},\"thumbnailUrl\":\"https:\/\/aniakuczynska.com\/wp-content\/uploads\/2023\/10\/terra_new.png\",\"datePublished\":\"2023-10-23T12:42:49+00:00\",\"dateModified\":\"2024-11-28T13:56:34+00:00\",\"breadcrumb\":{\"@id\":\"https:\/\/aniakuczynska.com\/en\/product\/terra-sport-nr-1-kurtka-uszyta-z-tkaniny-windshell\/#breadcrumb\"},\"inLanguage\":\"en-US\",\"potentialAction\":[{\"@type\":\"ReadAction\",\"target\":[\"https:\/\/aniakuczynska.com\/en\/product\/terra-sport-nr-1-kurtka-uszyta-z-tkaniny-windshell\/\"]}]},{\"@type\":\"ImageObject\",\"inLanguage\":\"en-US\",\"@id\":\"https:\/\/aniakuczynska.com\/en\/product\/terra-sport-nr-1-kurtka-uszyta-z-tkaniny-windshell\/#primaryimage\",\"url\":\"https:\/\/aniakuczynska.com\/wp-content\/uploads\/2023\/10\/terra_new.png\",\"contentUrl\":\"https:\/\/aniakuczynska.com\/wp-content\/uploads\/2023\/10\/terra_new.png\",\"width\":1125,\"height\":1500},{\"@type\":\"BreadcrumbList\",\"@id\":\"https:\/\/aniakuczynska.com\/en\/product\/terra-sport-nr-1-kurtka-uszyta-z-tkaniny-windshell\/#breadcrumb\",\"itemListElement\":[{\"@type\":\"ListItem\",\"position\":1,\"name\":\"Strona g\u0142\u00f3wna\",\"item\":\"https:\/\/aniakuczynska.com\/en\/\"},{\"@type\":\"ListItem\",\"position\":2,\"name\":\"Shop\",\"item\":\"https:\/\/aniakuczynska.com\/en\/shop\/\"},{\"@type\":\"ListItem\",\"position\":3,\"name\":\"Terra Sport nr 1 jacket made of Windshell fabric\"}]},{\"@type\":\"WebSite\",\"@id\":\"https:\/\/aniakuczynska.com\/#website\",\"url\":\"https:\/\/aniakuczynska.com\/\",\"name\":\"Ania Kuczy\u0144ska\",\"description\":\"Ania Kuczy\u0144ska to jedna z najbardziej cenionych i rozpoznawalnych polskich projektantek mody. Tworzy mocn\u0105 i charakterystyczn\u0105 mark\u0119 \u2013 jej styl okre\u015blany jako ozdobny minimalizm jest ho\u0142dem dla szykownej i eleganckiej nonszalancji, charyzmatycznej kobieco\u015bci.\",\"potentialAction\":[{\"@type\":\"SearchAction\",\"target\":{\"@type\":\"EntryPoint\",\"urlTemplate\":\"https:\/\/aniakuczynska.com\/?s={search_term_string}\"},\"query-input\":{\"@type\":\"PropertyValueSpecification\",\"valueRequired\":true,\"valueName\":\"search_term_string\"}}],\"inLanguage\":\"en-US\"}]}<\/script>\n<!-- \/ Yoast SEO plugin. -->","yoast_head_json":{"title":"Terra Sport nr 1 jacket made of Windshell fabric - Ania Kuczy\u0144ska","robots":{"index":"index","follow":"follow","max-snippet":"max-snippet:-1","max-image-preview":"max-image-preview:large","max-video-preview":"max-video-preview:-1"},"canonical":"https:\/\/aniakuczynska.com\/en\/product\/terra-sport-nr-1-kurtka-uszyta-z-tkaniny-windshell\/","og_locale":"en_US","og_type":"article","og_title":"Terra Sport nr 1 jacket made of Windshell fabric - Ania Kuczy\u0144ska","og_description":"The Terra Sport jacket is soft, lightweight, and comfortable, crafted from elastic, three-layered, waterproof, breathable, and windproof modern fabric. A minimalist stand-up collar, puffed sleeves, and decorative buttons add an elegant touch to this sporty jacket, made from specialized, warm fabric. The jacket is perfect for autumn and winter chill, suitable for cycling, mountain climbing, [&hellip;]","og_url":"https:\/\/aniakuczynska.com\/en\/product\/terra-sport-nr-1-kurtka-uszyta-z-tkaniny-windshell\/","og_site_name":"Ania Kuczy\u0144ska","article_publisher":"https:\/\/www.facebook.com\/aniakuczynskaclothingbrand\/","article_modified_time":"2024-11-28T13:56:34+00:00","og_image":[{"width":1125,"height":1500,"url":"https:\/\/aniakuczynska.com\/wp-content\/uploads\/2023\/10\/terra_new.png","type":"image\/png"}],"twitter_card":"summary_large_image","twitter_misc":{"Est. reading time":"2 minutes"},"schema":{"@context":"https:\/\/schema.org","@graph":[{"@type":"WebPage","@id":"https:\/\/aniakuczynska.com\/en\/product\/terra-sport-nr-1-kurtka-uszyta-z-tkaniny-windshell\/","url":"https:\/\/aniakuczynska.com\/en\/product\/terra-sport-nr-1-kurtka-uszyta-z-tkaniny-windshell\/","name":"Terra Sport nr 1 jacket made of Windshell fabric - Ania Kuczy\u0144ska","isPartOf":{"@id":"https:\/\/aniakuczynska.com\/#website"},"primaryImageOfPage":{"@id":"https:\/\/aniakuczynska.com\/en\/product\/terra-sport-nr-1-kurtka-uszyta-z-tkaniny-windshell\/#primaryimage"},"image":{"@id":"https:\/\/aniakuczynska.com\/en\/product\/terra-sport-nr-1-kurtka-uszyta-z-tkaniny-windshell\/#primaryimage"},"thumbnailUrl":"https:\/\/aniakuczynska.com\/wp-content\/uploads\/2023\/10\/terra_new.png","datePublished":"2023-10-23T12:42:49+00:00","dateModified":"2024-11-28T13:56:34+00:00","breadcrumb":{"@id":"https:\/\/aniakuczynska.com\/en\/product\/terra-sport-nr-1-kurtka-uszyta-z-tkaniny-windshell\/#breadcrumb"},"inLanguage":"en-US","potentialAction":[{"@type":"ReadAction","target":["https:\/\/aniakuczynska.com\/en\/product\/terra-sport-nr-1-kurtka-uszyta-z-tkaniny-windshell\/"]}]},{"@type":"ImageObject","inLanguage":"en-US","@id":"https:\/\/aniakuczynska.com\/en\/product\/terra-sport-nr-1-kurtka-uszyta-z-tkaniny-windshell\/#primaryimage","url":"https:\/\/aniakuczynska.com\/wp-content\/uploads\/2023\/10\/terra_new.png","contentUrl":"https:\/\/aniakuczynska.com\/wp-content\/uploads\/2023\/10\/terra_new.png","width":1125,"height":1500},{"@type":"BreadcrumbList","@id":"https:\/\/aniakuczynska.com\/en\/product\/terra-sport-nr-1-kurtka-uszyta-z-tkaniny-windshell\/#breadcrumb","itemListElement":[{"@type":"ListItem","position":1,"name":"Strona g\u0142\u00f3wna","item":"https:\/\/aniakuczynska.com\/en\/"},{"@type":"ListItem","position":2,"name":"Shop","item":"https:\/\/aniakuczynska.com\/en\/shop\/"},{"@type":"ListItem","position":3,"name":"Terra Sport nr 1 jacket made of Windshell fabric"}]},{"@type":"WebSite","@id":"https:\/\/aniakuczynska.com\/#website","url":"https:\/\/aniakuczynska.com\/","name":"Ania Kuczy\u0144ska","description":"Ania Kuczy\u0144ska to jedna z najbardziej cenionych i rozpoznawalnych polskich projektantek mody. Tworzy mocn\u0105 i charakterystyczn\u0105 mark\u0119 \u2013 jej styl okre\u015blany jako ozdobny minimalizm jest ho\u0142dem dla szykownej i eleganckiej nonszalancji, charyzmatycznej kobieco\u015bci.","potentialAction":[{"@type":"SearchAction","target":{"@type":"EntryPoint","urlTemplate":"https:\/\/aniakuczynska.com\/?s={search_term_string}"},"query-input":{"@type":"PropertyValueSpecification","valueRequired":true,"valueName":"search_term_string"}}],"inLanguage":"en-US"}]}},"_links":{"self":[{"href":"https:\/\/aniakuczynska.com\/en\/wp-json\/wp\/v2\/product\/21203","targetHints":{"allow":["GET"]}}],"collection":[{"href":"https:\/\/aniakuczynska.com\/en\/wp-json\/wp\/v2\/product"}],"about":[{"href":"https:\/\/aniakuczynska.com\/en\/wp-json\/wp\/v2\/types\/product"}],"replies":[{"embeddable":true,"href":"https:\/\/aniakuczynska.com\/en\/wp-json\/wp\/v2\/comments?post=21203"}],"wp:featuredmedia":[{"embeddable":true,"href":"https:\/\/aniakuczynska.com\/en\/wp-json\/wp\/v2\/media\/24921"}],"wp:attachment":[{"href":"https:\/\/aniakuczynska.com\/en\/wp-json\/wp\/v2\/media?parent=21203"}],"wp:term":[{"taxonomy":"product_brand","embeddable":true,"href":"https:\/\/aniakuczynska.com\/en\/wp-json\/wp\/v2\/product_brand?post=21203"},{"taxonomy":"product_cat","embeddable":true,"href":"https:\/\/aniakuczynska.com\/en\/wp-json\/wp\/v2\/product_cat?post=21203"},{"taxonomy":"product_tag","embeddable":true,"href":"https:\/\/aniakuczynska.com\/en\/wp-json\/wp\/v2\/product_tag?post=21203"}],"curies":[{"name":"wp","href":"https:\/\/api.w.org\/{rel}","templated":true}]}}