{"id":21198,"date":"2023-10-05T14:50:43","date_gmt":"2023-10-23T12:40:54","guid":{"rendered":"https:\/\/aniakuczynska.com\/?post_type=product&#038;p=21198"},"modified":"2025-10-29T08:57:02","modified_gmt":"2025-10-29T08:57:02","slug":"tribute-to-kazimierz-malewicz-when-personal-becomes-functional-jedwabna-chusta","status":"publish","type":"product","link":"https:\/\/aniakuczynska.com\/en\/product\/tribute-to-kazimierz-malewicz-when-personal-becomes-functional-jedwabna-chusta\/","title":{"rendered":"Tribute to Kazimierz Malewicz When personal becomes functional silk scarf"},"content":{"rendered":"<p class=\"p1\"><b>Tribute to Kazimierz Malewicz<\/b><\/p>\n<p class=\"p1\"><b>When personal becomes functional<\/b><\/p>\n<p class=\"p1\">The first black square on a white background was painted by Kazimierz Malewicz in 1915, marking the beginning of Suprematism. The Black Square became a symbol of 20th-century avant-garde art.<\/p>\n<p class=\"p1\">The movement aimed for the maximum simplification of forms and the supremacy of basic shapes and colors. It broke away from all figurativeness in art and declared the end of narrative, releasing itself from the obligation to depict the world and its people. It rejected creativity in service of religion, state, or society in favor of art that was meant to evoke spiritual experiences in humans rather than rational interpretations.<span class=\"Apple-converted-space\">\u00a0<\/span><\/p>\n<p class=\"p1\">Malewicz stated that the Black Square is a naked icon, devoid of frames and context, affecting the viewer through emotional impressions rather than aesthetics. It power lies in the silence it emanates.<span class=\"Apple-converted-space\">\u00a0<\/span><\/p>\n<p class=\"p1\"><i>\u201eThe Black Square is one of my most personal and powerful confrontations with contemporary art. The scarf project is a tribute to the artist and my interpretation of this work.\u201d<span class=\"Apple-converted-space\">\u00a0<\/span><\/i><\/p>\n<p class=\"p1\">100% silk<\/p>\n<p class=\"p1\">Handmade<\/p>\n","protected":false},"excerpt":{"rendered":"<p>Tribute to Kazimierz Malewicz When personal becomes functional The first black square on a white background was painted by Kazimierz Malewicz in 1915, marking the beginning of Suprematism. The Black Square became a symbol of 20th-century avant-garde art. The movement aimed for the maximum simplification of forms and the supremacy of basic shapes and colors. [&hellip;]<\/p>\n","protected":false},"featured_media":28373,"comment_status":"open","ping_status":"closed","template":"","meta":{"_acf_changed":false},"product_brand":[],"product_cat":[273,256,275,254],"product_tag":[],"class_list":{"0":"post-21198","1":"product","2":"type-product","3":"status-publish","4":"has-post-thumbnail","6":"product_cat-accessories","7":"product_cat-clothes","8":"product_cat-small-accessories","9":"product_cat-woman","10":"pa_rozmiar-onesize-en","12":"first","13":"instock","14":"shipping-taxable","15":"purchasable","16":"product-type-variable","17":"has-default-attributes"},"acf":[],"yoast_head":"<!-- This site is optimized with the Yoast SEO plugin v24.5 - https:\/\/yoast.com\/wordpress\/plugins\/seo\/ -->\n<title>Tribute to Kazimierz Malewicz When personal becomes functional silk scarf - Ania Kuczy\u0144ska<\/title>\n<meta name=\"robots\" content=\"index, follow, max-snippet:-1, max-image-preview:large, max-video-preview:-1\" \/>\n<link rel=\"canonical\" href=\"https:\/\/aniakuczynska.com\/en\/product\/tribute-to-kazimierz-malewicz-when-personal-becomes-functional-jedwabna-chusta\/\" \/>\n<meta property=\"og:locale\" content=\"en_US\" \/>\n<meta property=\"og:type\" content=\"article\" \/>\n<meta property=\"og:title\" content=\"Tribute to Kazimierz Malewicz When personal becomes functional silk scarf - Ania Kuczy\u0144ska\" \/>\n<meta property=\"og:description\" content=\"Tribute to Kazimierz Malewicz When personal becomes functional The first black square on a white background was painted by Kazimierz Malewicz in 1915, marking the beginning of Suprematism. The Black Square became a symbol of 20th-century avant-garde art. The movement aimed for the maximum simplification of forms and the supremacy of basic shapes and colors. [&hellip;]\" \/>\n<meta property=\"og:url\" content=\"https:\/\/aniakuczynska.com\/en\/product\/tribute-to-kazimierz-malewicz-when-personal-becomes-functional-jedwabna-chusta\/\" \/>\n<meta property=\"og:site_name\" content=\"Ania Kuczy\u0144ska\" \/>\n<meta property=\"article:publisher\" content=\"https:\/\/www.facebook.com\/aniakuczynskaclothingbrand\/\" \/>\n<meta property=\"article:modified_time\" content=\"2025-10-29T08:57:02+00:00\" \/>\n<meta property=\"og:image\" content=\"https:\/\/aniakuczynska.com\/wp-content\/uploads\/2023\/10\/malewicz.jpg\" \/>\n\t<meta property=\"og:image:width\" content=\"1125\" \/>\n\t<meta property=\"og:image:height\" content=\"1500\" \/>\n\t<meta property=\"og:image:type\" content=\"image\/jpeg\" \/>\n<meta name=\"twitter:card\" content=\"summary_large_image\" \/>\n<meta name=\"twitter:label1\" content=\"Est. reading time\" \/>\n\t<meta name=\"twitter:data1\" content=\"2 minutes\" \/>\n<script type=\"application\/ld+json\" class=\"yoast-schema-graph\">{\"@context\":\"https:\/\/schema.org\",\"@graph\":[{\"@type\":\"WebPage\",\"@id\":\"https:\/\/aniakuczynska.com\/en\/product\/tribute-to-kazimierz-malewicz-when-personal-becomes-functional-jedwabna-chusta\/\",\"url\":\"https:\/\/aniakuczynska.com\/en\/product\/tribute-to-kazimierz-malewicz-when-personal-becomes-functional-jedwabna-chusta\/\",\"name\":\"Tribute to Kazimierz Malewicz When personal becomes functional silk scarf - Ania Kuczy\u0144ska\",\"isPartOf\":{\"@id\":\"https:\/\/aniakuczynska.com\/#website\"},\"primaryImageOfPage\":{\"@id\":\"https:\/\/aniakuczynska.com\/en\/product\/tribute-to-kazimierz-malewicz-when-personal-becomes-functional-jedwabna-chusta\/#primaryimage\"},\"image\":{\"@id\":\"https:\/\/aniakuczynska.com\/en\/product\/tribute-to-kazimierz-malewicz-when-personal-becomes-functional-jedwabna-chusta\/#primaryimage\"},\"thumbnailUrl\":\"https:\/\/aniakuczynska.com\/wp-content\/uploads\/2023\/10\/malewicz.jpg\",\"datePublished\":\"2023-10-23T12:40:54+00:00\",\"dateModified\":\"2025-10-29T08:57:02+00:00\",\"breadcrumb\":{\"@id\":\"https:\/\/aniakuczynska.com\/en\/product\/tribute-to-kazimierz-malewicz-when-personal-becomes-functional-jedwabna-chusta\/#breadcrumb\"},\"inLanguage\":\"en-US\",\"potentialAction\":[{\"@type\":\"ReadAction\",\"target\":[\"https:\/\/aniakuczynska.com\/en\/product\/tribute-to-kazimierz-malewicz-when-personal-becomes-functional-jedwabna-chusta\/\"]}]},{\"@type\":\"ImageObject\",\"inLanguage\":\"en-US\",\"@id\":\"https:\/\/aniakuczynska.com\/en\/product\/tribute-to-kazimierz-malewicz-when-personal-becomes-functional-jedwabna-chusta\/#primaryimage\",\"url\":\"https:\/\/aniakuczynska.com\/wp-content\/uploads\/2023\/10\/malewicz.jpg\",\"contentUrl\":\"https:\/\/aniakuczynska.com\/wp-content\/uploads\/2023\/10\/malewicz.jpg\",\"width\":1125,\"height\":1500},{\"@type\":\"BreadcrumbList\",\"@id\":\"https:\/\/aniakuczynska.com\/en\/product\/tribute-to-kazimierz-malewicz-when-personal-becomes-functional-jedwabna-chusta\/#breadcrumb\",\"itemListElement\":[{\"@type\":\"ListItem\",\"position\":1,\"name\":\"Strona g\u0142\u00f3wna\",\"item\":\"https:\/\/aniakuczynska.com\/en\/\"},{\"@type\":\"ListItem\",\"position\":2,\"name\":\"Shop\",\"item\":\"https:\/\/aniakuczynska.com\/en\/shop\/\"},{\"@type\":\"ListItem\",\"position\":3,\"name\":\"Tribute to Kazimierz Malewicz When personal becomes functional silk scarf\"}]},{\"@type\":\"WebSite\",\"@id\":\"https:\/\/aniakuczynska.com\/#website\",\"url\":\"https:\/\/aniakuczynska.com\/\",\"name\":\"Ania Kuczy\u0144ska\",\"description\":\"Ania Kuczy\u0144ska to jedna z najbardziej cenionych i rozpoznawalnych polskich projektantek mody. Tworzy mocn\u0105 i charakterystyczn\u0105 mark\u0119 \u2013 jej styl okre\u015blany jako ozdobny minimalizm jest ho\u0142dem dla szykownej i eleganckiej nonszalancji, charyzmatycznej kobieco\u015bci.\",\"potentialAction\":[{\"@type\":\"SearchAction\",\"target\":{\"@type\":\"EntryPoint\",\"urlTemplate\":\"https:\/\/aniakuczynska.com\/?s={search_term_string}\"},\"query-input\":{\"@type\":\"PropertyValueSpecification\",\"valueRequired\":true,\"valueName\":\"search_term_string\"}}],\"inLanguage\":\"en-US\"}]}<\/script>\n<!-- \/ Yoast SEO plugin. -->","yoast_head_json":{"title":"Tribute to Kazimierz Malewicz When personal becomes functional silk scarf - Ania Kuczy\u0144ska","robots":{"index":"index","follow":"follow","max-snippet":"max-snippet:-1","max-image-preview":"max-image-preview:large","max-video-preview":"max-video-preview:-1"},"canonical":"https:\/\/aniakuczynska.com\/en\/product\/tribute-to-kazimierz-malewicz-when-personal-becomes-functional-jedwabna-chusta\/","og_locale":"en_US","og_type":"article","og_title":"Tribute to Kazimierz Malewicz When personal becomes functional silk scarf - Ania Kuczy\u0144ska","og_description":"Tribute to Kazimierz Malewicz When personal becomes functional The first black square on a white background was painted by Kazimierz Malewicz in 1915, marking the beginning of Suprematism. The Black Square became a symbol of 20th-century avant-garde art. The movement aimed for the maximum simplification of forms and the supremacy of basic shapes and colors. [&hellip;]","og_url":"https:\/\/aniakuczynska.com\/en\/product\/tribute-to-kazimierz-malewicz-when-personal-becomes-functional-jedwabna-chusta\/","og_site_name":"Ania Kuczy\u0144ska","article_publisher":"https:\/\/www.facebook.com\/aniakuczynskaclothingbrand\/","article_modified_time":"2025-10-29T08:57:02+00:00","og_image":[{"width":1125,"height":1500,"url":"https:\/\/aniakuczynska.com\/wp-content\/uploads\/2023\/10\/malewicz.jpg","type":"image\/jpeg"}],"twitter_card":"summary_large_image","twitter_misc":{"Est. reading time":"2 minutes"},"schema":{"@context":"https:\/\/schema.org","@graph":[{"@type":"WebPage","@id":"https:\/\/aniakuczynska.com\/en\/product\/tribute-to-kazimierz-malewicz-when-personal-becomes-functional-jedwabna-chusta\/","url":"https:\/\/aniakuczynska.com\/en\/product\/tribute-to-kazimierz-malewicz-when-personal-becomes-functional-jedwabna-chusta\/","name":"Tribute to Kazimierz Malewicz When personal becomes functional silk scarf - Ania Kuczy\u0144ska","isPartOf":{"@id":"https:\/\/aniakuczynska.com\/#website"},"primaryImageOfPage":{"@id":"https:\/\/aniakuczynska.com\/en\/product\/tribute-to-kazimierz-malewicz-when-personal-becomes-functional-jedwabna-chusta\/#primaryimage"},"image":{"@id":"https:\/\/aniakuczynska.com\/en\/product\/tribute-to-kazimierz-malewicz-when-personal-becomes-functional-jedwabna-chusta\/#primaryimage"},"thumbnailUrl":"https:\/\/aniakuczynska.com\/wp-content\/uploads\/2023\/10\/malewicz.jpg","datePublished":"2023-10-23T12:40:54+00:00","dateModified":"2025-10-29T08:57:02+00:00","breadcrumb":{"@id":"https:\/\/aniakuczynska.com\/en\/product\/tribute-to-kazimierz-malewicz-when-personal-becomes-functional-jedwabna-chusta\/#breadcrumb"},"inLanguage":"en-US","potentialAction":[{"@type":"ReadAction","target":["https:\/\/aniakuczynska.com\/en\/product\/tribute-to-kazimierz-malewicz-when-personal-becomes-functional-jedwabna-chusta\/"]}]},{"@type":"ImageObject","inLanguage":"en-US","@id":"https:\/\/aniakuczynska.com\/en\/product\/tribute-to-kazimierz-malewicz-when-personal-becomes-functional-jedwabna-chusta\/#primaryimage","url":"https:\/\/aniakuczynska.com\/wp-content\/uploads\/2023\/10\/malewicz.jpg","contentUrl":"https:\/\/aniakuczynska.com\/wp-content\/uploads\/2023\/10\/malewicz.jpg","width":1125,"height":1500},{"@type":"BreadcrumbList","@id":"https:\/\/aniakuczynska.com\/en\/product\/tribute-to-kazimierz-malewicz-when-personal-becomes-functional-jedwabna-chusta\/#breadcrumb","itemListElement":[{"@type":"ListItem","position":1,"name":"Strona g\u0142\u00f3wna","item":"https:\/\/aniakuczynska.com\/en\/"},{"@type":"ListItem","position":2,"name":"Shop","item":"https:\/\/aniakuczynska.com\/en\/shop\/"},{"@type":"ListItem","position":3,"name":"Tribute to Kazimierz Malewicz When personal becomes functional silk scarf"}]},{"@type":"WebSite","@id":"https:\/\/aniakuczynska.com\/#website","url":"https:\/\/aniakuczynska.com\/","name":"Ania Kuczy\u0144ska","description":"Ania Kuczy\u0144ska to jedna z najbardziej cenionych i rozpoznawalnych polskich projektantek mody. Tworzy mocn\u0105 i charakterystyczn\u0105 mark\u0119 \u2013 jej styl okre\u015blany jako ozdobny minimalizm jest ho\u0142dem dla szykownej i eleganckiej nonszalancji, charyzmatycznej kobieco\u015bci.","potentialAction":[{"@type":"SearchAction","target":{"@type":"EntryPoint","urlTemplate":"https:\/\/aniakuczynska.com\/?s={search_term_string}"},"query-input":{"@type":"PropertyValueSpecification","valueRequired":true,"valueName":"search_term_string"}}],"inLanguage":"en-US"}]}},"_links":{"self":[{"href":"https:\/\/aniakuczynska.com\/en\/wp-json\/wp\/v2\/product\/21198","targetHints":{"allow":["GET"]}}],"collection":[{"href":"https:\/\/aniakuczynska.com\/en\/wp-json\/wp\/v2\/product"}],"about":[{"href":"https:\/\/aniakuczynska.com\/en\/wp-json\/wp\/v2\/types\/product"}],"replies":[{"embeddable":true,"href":"https:\/\/aniakuczynska.com\/en\/wp-json\/wp\/v2\/comments?post=21198"}],"wp:featuredmedia":[{"embeddable":true,"href":"https:\/\/aniakuczynska.com\/en\/wp-json\/wp\/v2\/media\/28373"}],"wp:attachment":[{"href":"https:\/\/aniakuczynska.com\/en\/wp-json\/wp\/v2\/media?parent=21198"}],"wp:term":[{"taxonomy":"product_brand","embeddable":true,"href":"https:\/\/aniakuczynska.com\/en\/wp-json\/wp\/v2\/product_brand?post=21198"},{"taxonomy":"product_cat","embeddable":true,"href":"https:\/\/aniakuczynska.com\/en\/wp-json\/wp\/v2\/product_cat?post=21198"},{"taxonomy":"product_tag","embeddable":true,"href":"https:\/\/aniakuczynska.com\/en\/wp-json\/wp\/v2\/product_tag?post=21198"}],"curies":[{"name":"wp","href":"https:\/\/api.w.org\/{rel}","templated":true}]}}