{"id":21195,"date":"2023-09-06T12:04:27","date_gmt":"2023-10-23T12:39:27","guid":{"rendered":"https:\/\/aniakuczynska.com\/?post_type=product&#038;p=21195"},"modified":"2024-08-21T14:47:24","modified_gmt":"2024-08-21T14:47:24","slug":"irini-notte-jesienna-lekka-koszula-dostepne-16-sztuk","status":"publish","type":"product","link":"https:\/\/aniakuczynska.com\/en\/product\/irini-notte-jesienna-lekka-koszula-dostepne-16-sztuk\/","title":{"rendered":"Irini Notte autumn, warm shirt"},"content":{"rendered":"<p>Irini<\/p>\n<p class=\"p1\">Koszula uszyta<span class=\"Apple-converted-space\">\u00a0 <\/span>z 85% wiskozy i 15% we\u0142ny. Lekka i przewiewna. Ozdobne marszczenia na r\u0119kawach i i karczku, profiluj\u0105ce sylwetk\u0119 wyci\u0119cia na bokach, drobny ko\u0142nierzyk i wysokie mankiety tworz\u0105 klasyczn\u0105, kobiec\u0105 i ponadczasow\u0105 propozycj\u0119 na przedwiosenne i letnie wieczory.<\/p>\n<p class=\"p1\">Proponowany ze spodniami, sp\u00f3dnic\u0105, marynark\u0105 i wiosennym p\u0142aszczem. \u015awietnie pasuj\u0105 do Denimu.<\/p>\n<p class=\"p1\">Logo marki i guziki s\u0105 przyszyte r\u0119cznie.<\/p>\n<p class=\"p1\">Kupuj \u015bwiadomie i KOCHAJ nasz\u0105 Planet\u0119.<\/p>\n<p>Marka podj\u0119\u0142a decyzj\u0119 o przeznaczeniu cz\u0119\u015bci \u015brodk\u00f3w z ka\u017cdej sprzeda\u017cy w sklepie stacjonarnym i online na zakup i sadzenie ro\u015blin na terenach Warszawy.<\/p>\n","protected":false},"excerpt":{"rendered":"<p>Irini Koszula uszyta\u00a0 z 85% wiskozy i 15% we\u0142ny. Lekka i przewiewna. Ozdobne marszczenia na r\u0119kawach i i karczku, profiluj\u0105ce sylwetk\u0119 wyci\u0119cia na bokach, drobny ko\u0142nierzyk i wysokie mankiety tworz\u0105 klasyczn\u0105, kobiec\u0105 i ponadczasow\u0105 propozycj\u0119 na przedwiosenne i letnie wieczory. Proponowany ze spodniami, sp\u00f3dnic\u0105, marynark\u0105 i wiosennym p\u0142aszczem. \u015awietnie pasuj\u0105 do Denimu. Logo marki i [&hellip;]<\/p>\n","protected":false},"featured_media":20872,"comment_status":"open","ping_status":"closed","template":"","meta":{"_acf_changed":false},"product_brand":[],"product_cat":[287],"product_tag":[],"class_list":{"0":"post-21195","1":"product","2":"type-product","3":"status-publish","4":"has-post-thumbnail","6":"product_cat-tops","8":"first","9":"outofstock","10":"shipping-taxable","11":"purchasable","12":"product-type-variable"},"acf":[],"yoast_head":"<!-- This site is optimized with the Yoast SEO plugin v24.5 - https:\/\/yoast.com\/wordpress\/plugins\/seo\/ -->\n<title>Irini Notte autumn, warm shirt - Ania Kuczy\u0144ska<\/title>\n<meta name=\"robots\" content=\"index, follow, max-snippet:-1, max-image-preview:large, max-video-preview:-1\" \/>\n<link rel=\"canonical\" href=\"https:\/\/aniakuczynska.com\/en\/product\/irini-notte-jesienna-lekka-koszula-dostepne-16-sztuk\/\" \/>\n<meta property=\"og:locale\" content=\"en_US\" \/>\n<meta property=\"og:type\" content=\"article\" \/>\n<meta property=\"og:title\" content=\"Irini Notte autumn, warm shirt - Ania Kuczy\u0144ska\" \/>\n<meta property=\"og:description\" content=\"Irini Koszula uszyta\u00a0 z 85% wiskozy i 15% we\u0142ny. Lekka i przewiewna. Ozdobne marszczenia na r\u0119kawach i i karczku, profiluj\u0105ce sylwetk\u0119 wyci\u0119cia na bokach, drobny ko\u0142nierzyk i wysokie mankiety tworz\u0105 klasyczn\u0105, kobiec\u0105 i ponadczasow\u0105 propozycj\u0119 na przedwiosenne i letnie wieczory. Proponowany ze spodniami, sp\u00f3dnic\u0105, marynark\u0105 i wiosennym p\u0142aszczem. \u015awietnie pasuj\u0105 do Denimu. Logo marki i [&hellip;]\" \/>\n<meta property=\"og:url\" content=\"https:\/\/aniakuczynska.com\/en\/product\/irini-notte-jesienna-lekka-koszula-dostepne-16-sztuk\/\" \/>\n<meta property=\"og:site_name\" content=\"Ania Kuczy\u0144ska\" \/>\n<meta property=\"article:publisher\" content=\"https:\/\/www.facebook.com\/aniakuczynskaclothingbrand\/\" \/>\n<meta property=\"article:modified_time\" content=\"2024-08-21T14:47:24+00:00\" \/>\n<meta property=\"og:image\" content=\"https:\/\/aniakuczynska.com\/wp-content\/uploads\/2023\/09\/Inca_4_black.jpg\" \/>\n\t<meta property=\"og:image:width\" content=\"1125\" \/>\n\t<meta property=\"og:image:height\" content=\"1500\" \/>\n\t<meta property=\"og:image:type\" content=\"image\/jpeg\" \/>\n<meta name=\"twitter:card\" content=\"summary_large_image\" \/>\n<meta name=\"twitter:label1\" content=\"Est. reading time\" \/>\n\t<meta name=\"twitter:data1\" content=\"2 minutes\" \/>\n<script type=\"application\/ld+json\" class=\"yoast-schema-graph\">{\"@context\":\"https:\/\/schema.org\",\"@graph\":[{\"@type\":\"WebPage\",\"@id\":\"https:\/\/aniakuczynska.com\/en\/product\/irini-notte-jesienna-lekka-koszula-dostepne-16-sztuk\/\",\"url\":\"https:\/\/aniakuczynska.com\/en\/product\/irini-notte-jesienna-lekka-koszula-dostepne-16-sztuk\/\",\"name\":\"Irini Notte autumn, warm shirt - Ania Kuczy\u0144ska\",\"isPartOf\":{\"@id\":\"https:\/\/aniakuczynska.com\/#website\"},\"primaryImageOfPage\":{\"@id\":\"https:\/\/aniakuczynska.com\/en\/product\/irini-notte-jesienna-lekka-koszula-dostepne-16-sztuk\/#primaryimage\"},\"image\":{\"@id\":\"https:\/\/aniakuczynska.com\/en\/product\/irini-notte-jesienna-lekka-koszula-dostepne-16-sztuk\/#primaryimage\"},\"thumbnailUrl\":\"https:\/\/aniakuczynska.com\/wp-content\/uploads\/2023\/09\/Inca_4_black.jpg\",\"datePublished\":\"2023-10-23T12:39:27+00:00\",\"dateModified\":\"2024-08-21T14:47:24+00:00\",\"breadcrumb\":{\"@id\":\"https:\/\/aniakuczynska.com\/en\/product\/irini-notte-jesienna-lekka-koszula-dostepne-16-sztuk\/#breadcrumb\"},\"inLanguage\":\"en-US\",\"potentialAction\":[{\"@type\":\"ReadAction\",\"target\":[\"https:\/\/aniakuczynska.com\/en\/product\/irini-notte-jesienna-lekka-koszula-dostepne-16-sztuk\/\"]}]},{\"@type\":\"ImageObject\",\"inLanguage\":\"en-US\",\"@id\":\"https:\/\/aniakuczynska.com\/en\/product\/irini-notte-jesienna-lekka-koszula-dostepne-16-sztuk\/#primaryimage\",\"url\":\"https:\/\/aniakuczynska.com\/wp-content\/uploads\/2023\/09\/Inca_4_black.jpg\",\"contentUrl\":\"https:\/\/aniakuczynska.com\/wp-content\/uploads\/2023\/09\/Inca_4_black.jpg\",\"width\":1125,\"height\":1500},{\"@type\":\"BreadcrumbList\",\"@id\":\"https:\/\/aniakuczynska.com\/en\/product\/irini-notte-jesienna-lekka-koszula-dostepne-16-sztuk\/#breadcrumb\",\"itemListElement\":[{\"@type\":\"ListItem\",\"position\":1,\"name\":\"Strona g\u0142\u00f3wna\",\"item\":\"https:\/\/aniakuczynska.com\/en\/\"},{\"@type\":\"ListItem\",\"position\":2,\"name\":\"Shop\",\"item\":\"https:\/\/aniakuczynska.com\/en\/shop\/\"},{\"@type\":\"ListItem\",\"position\":3,\"name\":\"Irini Notte autumn, warm shirt\"}]},{\"@type\":\"WebSite\",\"@id\":\"https:\/\/aniakuczynska.com\/#website\",\"url\":\"https:\/\/aniakuczynska.com\/\",\"name\":\"Ania Kuczy\u0144ska\",\"description\":\"Ania Kuczy\u0144ska to jedna z najbardziej cenionych i rozpoznawalnych polskich projektantek mody. Tworzy mocn\u0105 i charakterystyczn\u0105 mark\u0119 \u2013 jej styl okre\u015blany jako ozdobny minimalizm jest ho\u0142dem dla szykownej i eleganckiej nonszalancji, charyzmatycznej kobieco\u015bci.\",\"potentialAction\":[{\"@type\":\"SearchAction\",\"target\":{\"@type\":\"EntryPoint\",\"urlTemplate\":\"https:\/\/aniakuczynska.com\/?s={search_term_string}\"},\"query-input\":{\"@type\":\"PropertyValueSpecification\",\"valueRequired\":true,\"valueName\":\"search_term_string\"}}],\"inLanguage\":\"en-US\"}]}<\/script>\n<!-- \/ Yoast SEO plugin. -->","yoast_head_json":{"title":"Irini Notte autumn, warm shirt - Ania Kuczy\u0144ska","robots":{"index":"index","follow":"follow","max-snippet":"max-snippet:-1","max-image-preview":"max-image-preview:large","max-video-preview":"max-video-preview:-1"},"canonical":"https:\/\/aniakuczynska.com\/en\/product\/irini-notte-jesienna-lekka-koszula-dostepne-16-sztuk\/","og_locale":"en_US","og_type":"article","og_title":"Irini Notte autumn, warm shirt - Ania Kuczy\u0144ska","og_description":"Irini Koszula uszyta\u00a0 z 85% wiskozy i 15% we\u0142ny. Lekka i przewiewna. Ozdobne marszczenia na r\u0119kawach i i karczku, profiluj\u0105ce sylwetk\u0119 wyci\u0119cia na bokach, drobny ko\u0142nierzyk i wysokie mankiety tworz\u0105 klasyczn\u0105, kobiec\u0105 i ponadczasow\u0105 propozycj\u0119 na przedwiosenne i letnie wieczory. Proponowany ze spodniami, sp\u00f3dnic\u0105, marynark\u0105 i wiosennym p\u0142aszczem. \u015awietnie pasuj\u0105 do Denimu. Logo marki i [&hellip;]","og_url":"https:\/\/aniakuczynska.com\/en\/product\/irini-notte-jesienna-lekka-koszula-dostepne-16-sztuk\/","og_site_name":"Ania Kuczy\u0144ska","article_publisher":"https:\/\/www.facebook.com\/aniakuczynskaclothingbrand\/","article_modified_time":"2024-08-21T14:47:24+00:00","og_image":[{"width":1125,"height":1500,"url":"https:\/\/aniakuczynska.com\/wp-content\/uploads\/2023\/09\/Inca_4_black.jpg","type":"image\/jpeg"}],"twitter_card":"summary_large_image","twitter_misc":{"Est. reading time":"2 minutes"},"schema":{"@context":"https:\/\/schema.org","@graph":[{"@type":"WebPage","@id":"https:\/\/aniakuczynska.com\/en\/product\/irini-notte-jesienna-lekka-koszula-dostepne-16-sztuk\/","url":"https:\/\/aniakuczynska.com\/en\/product\/irini-notte-jesienna-lekka-koszula-dostepne-16-sztuk\/","name":"Irini Notte autumn, warm shirt - Ania Kuczy\u0144ska","isPartOf":{"@id":"https:\/\/aniakuczynska.com\/#website"},"primaryImageOfPage":{"@id":"https:\/\/aniakuczynska.com\/en\/product\/irini-notte-jesienna-lekka-koszula-dostepne-16-sztuk\/#primaryimage"},"image":{"@id":"https:\/\/aniakuczynska.com\/en\/product\/irini-notte-jesienna-lekka-koszula-dostepne-16-sztuk\/#primaryimage"},"thumbnailUrl":"https:\/\/aniakuczynska.com\/wp-content\/uploads\/2023\/09\/Inca_4_black.jpg","datePublished":"2023-10-23T12:39:27+00:00","dateModified":"2024-08-21T14:47:24+00:00","breadcrumb":{"@id":"https:\/\/aniakuczynska.com\/en\/product\/irini-notte-jesienna-lekka-koszula-dostepne-16-sztuk\/#breadcrumb"},"inLanguage":"en-US","potentialAction":[{"@type":"ReadAction","target":["https:\/\/aniakuczynska.com\/en\/product\/irini-notte-jesienna-lekka-koszula-dostepne-16-sztuk\/"]}]},{"@type":"ImageObject","inLanguage":"en-US","@id":"https:\/\/aniakuczynska.com\/en\/product\/irini-notte-jesienna-lekka-koszula-dostepne-16-sztuk\/#primaryimage","url":"https:\/\/aniakuczynska.com\/wp-content\/uploads\/2023\/09\/Inca_4_black.jpg","contentUrl":"https:\/\/aniakuczynska.com\/wp-content\/uploads\/2023\/09\/Inca_4_black.jpg","width":1125,"height":1500},{"@type":"BreadcrumbList","@id":"https:\/\/aniakuczynska.com\/en\/product\/irini-notte-jesienna-lekka-koszula-dostepne-16-sztuk\/#breadcrumb","itemListElement":[{"@type":"ListItem","position":1,"name":"Strona g\u0142\u00f3wna","item":"https:\/\/aniakuczynska.com\/en\/"},{"@type":"ListItem","position":2,"name":"Shop","item":"https:\/\/aniakuczynska.com\/en\/shop\/"},{"@type":"ListItem","position":3,"name":"Irini Notte autumn, warm shirt"}]},{"@type":"WebSite","@id":"https:\/\/aniakuczynska.com\/#website","url":"https:\/\/aniakuczynska.com\/","name":"Ania Kuczy\u0144ska","description":"Ania Kuczy\u0144ska to jedna z najbardziej cenionych i rozpoznawalnych polskich projektantek mody. Tworzy mocn\u0105 i charakterystyczn\u0105 mark\u0119 \u2013 jej styl okre\u015blany jako ozdobny minimalizm jest ho\u0142dem dla szykownej i eleganckiej nonszalancji, charyzmatycznej kobieco\u015bci.","potentialAction":[{"@type":"SearchAction","target":{"@type":"EntryPoint","urlTemplate":"https:\/\/aniakuczynska.com\/?s={search_term_string}"},"query-input":{"@type":"PropertyValueSpecification","valueRequired":true,"valueName":"search_term_string"}}],"inLanguage":"en-US"}]}},"_links":{"self":[{"href":"https:\/\/aniakuczynska.com\/en\/wp-json\/wp\/v2\/product\/21195","targetHints":{"allow":["GET"]}}],"collection":[{"href":"https:\/\/aniakuczynska.com\/en\/wp-json\/wp\/v2\/product"}],"about":[{"href":"https:\/\/aniakuczynska.com\/en\/wp-json\/wp\/v2\/types\/product"}],"replies":[{"embeddable":true,"href":"https:\/\/aniakuczynska.com\/en\/wp-json\/wp\/v2\/comments?post=21195"}],"wp:featuredmedia":[{"embeddable":true,"href":"https:\/\/aniakuczynska.com\/en\/wp-json\/wp\/v2\/media\/20872"}],"wp:attachment":[{"href":"https:\/\/aniakuczynska.com\/en\/wp-json\/wp\/v2\/media?parent=21195"}],"wp:term":[{"taxonomy":"product_brand","embeddable":true,"href":"https:\/\/aniakuczynska.com\/en\/wp-json\/wp\/v2\/product_brand?post=21195"},{"taxonomy":"product_cat","embeddable":true,"href":"https:\/\/aniakuczynska.com\/en\/wp-json\/wp\/v2\/product_cat?post=21195"},{"taxonomy":"product_tag","embeddable":true,"href":"https:\/\/aniakuczynska.com\/en\/wp-json\/wp\/v2\/product_tag?post=21195"}],"curies":[{"name":"wp","href":"https:\/\/api.w.org\/{rel}","templated":true}]}}