{"id":19710,"date":"2023-05-16T13:47:13","date_gmt":"2023-05-18T11:35:32","guid":{"rendered":"https:\/\/aniakuczynska.com\/?post_type=product&#038;p=19710"},"modified":"2025-08-06T13:01:23","modified_gmt":"2025-08-06T13:01:23","slug":"lou-lou-rosa","status":"publish","type":"product","link":"https:\/\/aniakuczynska.com\/en\/product\/lou-lou-rosa\/","title":{"rendered":"Lou Lou Rosa"},"content":{"rendered":"<p>The Lou Lou cotton hair elastic complements your outfit and decorates your hairstyle. It adds character, femininity and elegance. It does not damage your hair.<\/p>\n<p>Buy consciously and LOVE our Planet.<\/p>\n<p>The brand has decided to donate part of the proceeds from each sale in the stationary shop and online to the purchase and planting of plants in the Warsaw area.<\/p>\n","protected":false},"excerpt":{"rendered":"<p>The Lou Lou cotton hair elastic complements your outfit and decorates your hairstyle. It adds character, femininity and elegance. It does not damage your hair. Buy consciously and LOVE our Planet. The brand has decided to donate part of the proceeds from each sale in the stationary shop and online to the purchase and planting [&hellip;]<\/p>\n","protected":false},"featured_media":24973,"comment_status":"open","ping_status":"closed","template":"","meta":{"_acf_changed":false},"product_brand":[],"product_cat":[15],"product_tag":[],"class_list":{"0":"post-19710","1":"product","2":"type-product","3":"status-publish","4":"has-post-thumbnail","6":"product_cat-uncategorized","7":"pa_rozmiar-onesize-en","9":"first","10":"instock","11":"shipping-taxable","12":"purchasable","13":"product-type-variable","14":"has-default-attributes"},"acf":[],"yoast_head":"<!-- This site is optimized with the Yoast SEO plugin v24.5 - https:\/\/yoast.com\/wordpress\/plugins\/seo\/ -->\n<title>Lou Lou Rosa - Ania Kuczy\u0144ska<\/title>\n<meta name=\"robots\" content=\"index, follow, max-snippet:-1, max-image-preview:large, max-video-preview:-1\" \/>\n<link rel=\"canonical\" href=\"https:\/\/aniakuczynska.com\/en\/product\/lou-lou-rosa\/\" \/>\n<meta property=\"og:locale\" content=\"en_US\" \/>\n<meta property=\"og:type\" content=\"article\" \/>\n<meta property=\"og:title\" content=\"Lou Lou Rosa - Ania Kuczy\u0144ska\" \/>\n<meta property=\"og:description\" content=\"The Lou Lou cotton hair elastic complements your outfit and decorates your hairstyle. It adds character, femininity and elegance. It does not damage your hair. Buy consciously and LOVE our Planet. The brand has decided to donate part of the proceeds from each sale in the stationary shop and online to the purchase and planting [&hellip;]\" \/>\n<meta property=\"og:url\" content=\"https:\/\/aniakuczynska.com\/en\/product\/lou-lou-rosa\/\" \/>\n<meta property=\"og:site_name\" content=\"Ania Kuczy\u0144ska\" \/>\n<meta property=\"article:publisher\" content=\"https:\/\/www.facebook.com\/aniakuczynskaclothingbrand\/\" \/>\n<meta property=\"article:modified_time\" content=\"2025-08-06T13:01:23+00:00\" \/>\n<meta property=\"og:image\" content=\"https:\/\/aniakuczynska.com\/wp-content\/uploads\/2023\/05\/rosa_lou_lou.png\" \/>\n\t<meta property=\"og:image:width\" content=\"1125\" \/>\n\t<meta property=\"og:image:height\" content=\"1500\" \/>\n\t<meta property=\"og:image:type\" content=\"image\/png\" \/>\n<meta name=\"twitter:card\" content=\"summary_large_image\" \/>\n<meta name=\"twitter:label1\" content=\"Est. reading time\" \/>\n\t<meta name=\"twitter:data1\" content=\"2 minutes\" \/>\n<script type=\"application\/ld+json\" class=\"yoast-schema-graph\">{\"@context\":\"https:\/\/schema.org\",\"@graph\":[{\"@type\":\"WebPage\",\"@id\":\"https:\/\/aniakuczynska.com\/en\/product\/lou-lou-rosa\/\",\"url\":\"https:\/\/aniakuczynska.com\/en\/product\/lou-lou-rosa\/\",\"name\":\"Lou Lou Rosa - Ania Kuczy\u0144ska\",\"isPartOf\":{\"@id\":\"https:\/\/aniakuczynska.com\/#website\"},\"primaryImageOfPage\":{\"@id\":\"https:\/\/aniakuczynska.com\/en\/product\/lou-lou-rosa\/#primaryimage\"},\"image\":{\"@id\":\"https:\/\/aniakuczynska.com\/en\/product\/lou-lou-rosa\/#primaryimage\"},\"thumbnailUrl\":\"https:\/\/aniakuczynska.com\/wp-content\/uploads\/2023\/05\/rosa_lou_lou.png\",\"datePublished\":\"2023-05-18T11:35:32+00:00\",\"dateModified\":\"2025-08-06T13:01:23+00:00\",\"breadcrumb\":{\"@id\":\"https:\/\/aniakuczynska.com\/en\/product\/lou-lou-rosa\/#breadcrumb\"},\"inLanguage\":\"en-US\",\"potentialAction\":[{\"@type\":\"ReadAction\",\"target\":[\"https:\/\/aniakuczynska.com\/en\/product\/lou-lou-rosa\/\"]}]},{\"@type\":\"ImageObject\",\"inLanguage\":\"en-US\",\"@id\":\"https:\/\/aniakuczynska.com\/en\/product\/lou-lou-rosa\/#primaryimage\",\"url\":\"https:\/\/aniakuczynska.com\/wp-content\/uploads\/2023\/05\/rosa_lou_lou.png\",\"contentUrl\":\"https:\/\/aniakuczynska.com\/wp-content\/uploads\/2023\/05\/rosa_lou_lou.png\",\"width\":1125,\"height\":1500},{\"@type\":\"BreadcrumbList\",\"@id\":\"https:\/\/aniakuczynska.com\/en\/product\/lou-lou-rosa\/#breadcrumb\",\"itemListElement\":[{\"@type\":\"ListItem\",\"position\":1,\"name\":\"Strona g\u0142\u00f3wna\",\"item\":\"https:\/\/aniakuczynska.com\/en\/\"},{\"@type\":\"ListItem\",\"position\":2,\"name\":\"Shop\",\"item\":\"https:\/\/aniakuczynska.com\/en\/shop\/\"},{\"@type\":\"ListItem\",\"position\":3,\"name\":\"Lou Lou Rosa\"}]},{\"@type\":\"WebSite\",\"@id\":\"https:\/\/aniakuczynska.com\/#website\",\"url\":\"https:\/\/aniakuczynska.com\/\",\"name\":\"Ania Kuczy\u0144ska\",\"description\":\"Ania Kuczy\u0144ska to jedna z najbardziej cenionych i rozpoznawalnych polskich projektantek mody. Tworzy mocn\u0105 i charakterystyczn\u0105 mark\u0119 \u2013 jej styl okre\u015blany jako ozdobny minimalizm jest ho\u0142dem dla szykownej i eleganckiej nonszalancji, charyzmatycznej kobieco\u015bci.\",\"potentialAction\":[{\"@type\":\"SearchAction\",\"target\":{\"@type\":\"EntryPoint\",\"urlTemplate\":\"https:\/\/aniakuczynska.com\/?s={search_term_string}\"},\"query-input\":{\"@type\":\"PropertyValueSpecification\",\"valueRequired\":true,\"valueName\":\"search_term_string\"}}],\"inLanguage\":\"en-US\"}]}<\/script>\n<!-- \/ Yoast SEO plugin. -->","yoast_head_json":{"title":"Lou Lou Rosa - Ania Kuczy\u0144ska","robots":{"index":"index","follow":"follow","max-snippet":"max-snippet:-1","max-image-preview":"max-image-preview:large","max-video-preview":"max-video-preview:-1"},"canonical":"https:\/\/aniakuczynska.com\/en\/product\/lou-lou-rosa\/","og_locale":"en_US","og_type":"article","og_title":"Lou Lou Rosa - Ania Kuczy\u0144ska","og_description":"The Lou Lou cotton hair elastic complements your outfit and decorates your hairstyle. It adds character, femininity and elegance. It does not damage your hair. Buy consciously and LOVE our Planet. The brand has decided to donate part of the proceeds from each sale in the stationary shop and online to the purchase and planting [&hellip;]","og_url":"https:\/\/aniakuczynska.com\/en\/product\/lou-lou-rosa\/","og_site_name":"Ania Kuczy\u0144ska","article_publisher":"https:\/\/www.facebook.com\/aniakuczynskaclothingbrand\/","article_modified_time":"2025-08-06T13:01:23+00:00","og_image":[{"width":1125,"height":1500,"url":"https:\/\/aniakuczynska.com\/wp-content\/uploads\/2023\/05\/rosa_lou_lou.png","type":"image\/png"}],"twitter_card":"summary_large_image","twitter_misc":{"Est. reading time":"2 minutes"},"schema":{"@context":"https:\/\/schema.org","@graph":[{"@type":"WebPage","@id":"https:\/\/aniakuczynska.com\/en\/product\/lou-lou-rosa\/","url":"https:\/\/aniakuczynska.com\/en\/product\/lou-lou-rosa\/","name":"Lou Lou Rosa - Ania Kuczy\u0144ska","isPartOf":{"@id":"https:\/\/aniakuczynska.com\/#website"},"primaryImageOfPage":{"@id":"https:\/\/aniakuczynska.com\/en\/product\/lou-lou-rosa\/#primaryimage"},"image":{"@id":"https:\/\/aniakuczynska.com\/en\/product\/lou-lou-rosa\/#primaryimage"},"thumbnailUrl":"https:\/\/aniakuczynska.com\/wp-content\/uploads\/2023\/05\/rosa_lou_lou.png","datePublished":"2023-05-18T11:35:32+00:00","dateModified":"2025-08-06T13:01:23+00:00","breadcrumb":{"@id":"https:\/\/aniakuczynska.com\/en\/product\/lou-lou-rosa\/#breadcrumb"},"inLanguage":"en-US","potentialAction":[{"@type":"ReadAction","target":["https:\/\/aniakuczynska.com\/en\/product\/lou-lou-rosa\/"]}]},{"@type":"ImageObject","inLanguage":"en-US","@id":"https:\/\/aniakuczynska.com\/en\/product\/lou-lou-rosa\/#primaryimage","url":"https:\/\/aniakuczynska.com\/wp-content\/uploads\/2023\/05\/rosa_lou_lou.png","contentUrl":"https:\/\/aniakuczynska.com\/wp-content\/uploads\/2023\/05\/rosa_lou_lou.png","width":1125,"height":1500},{"@type":"BreadcrumbList","@id":"https:\/\/aniakuczynska.com\/en\/product\/lou-lou-rosa\/#breadcrumb","itemListElement":[{"@type":"ListItem","position":1,"name":"Strona g\u0142\u00f3wna","item":"https:\/\/aniakuczynska.com\/en\/"},{"@type":"ListItem","position":2,"name":"Shop","item":"https:\/\/aniakuczynska.com\/en\/shop\/"},{"@type":"ListItem","position":3,"name":"Lou Lou Rosa"}]},{"@type":"WebSite","@id":"https:\/\/aniakuczynska.com\/#website","url":"https:\/\/aniakuczynska.com\/","name":"Ania Kuczy\u0144ska","description":"Ania Kuczy\u0144ska to jedna z najbardziej cenionych i rozpoznawalnych polskich projektantek mody. Tworzy mocn\u0105 i charakterystyczn\u0105 mark\u0119 \u2013 jej styl okre\u015blany jako ozdobny minimalizm jest ho\u0142dem dla szykownej i eleganckiej nonszalancji, charyzmatycznej kobieco\u015bci.","potentialAction":[{"@type":"SearchAction","target":{"@type":"EntryPoint","urlTemplate":"https:\/\/aniakuczynska.com\/?s={search_term_string}"},"query-input":{"@type":"PropertyValueSpecification","valueRequired":true,"valueName":"search_term_string"}}],"inLanguage":"en-US"}]}},"_links":{"self":[{"href":"https:\/\/aniakuczynska.com\/en\/wp-json\/wp\/v2\/product\/19710","targetHints":{"allow":["GET"]}}],"collection":[{"href":"https:\/\/aniakuczynska.com\/en\/wp-json\/wp\/v2\/product"}],"about":[{"href":"https:\/\/aniakuczynska.com\/en\/wp-json\/wp\/v2\/types\/product"}],"replies":[{"embeddable":true,"href":"https:\/\/aniakuczynska.com\/en\/wp-json\/wp\/v2\/comments?post=19710"}],"wp:featuredmedia":[{"embeddable":true,"href":"https:\/\/aniakuczynska.com\/en\/wp-json\/wp\/v2\/media\/24973"}],"wp:attachment":[{"href":"https:\/\/aniakuczynska.com\/en\/wp-json\/wp\/v2\/media?parent=19710"}],"wp:term":[{"taxonomy":"product_brand","embeddable":true,"href":"https:\/\/aniakuczynska.com\/en\/wp-json\/wp\/v2\/product_brand?post=19710"},{"taxonomy":"product_cat","embeddable":true,"href":"https:\/\/aniakuczynska.com\/en\/wp-json\/wp\/v2\/product_cat?post=19710"},{"taxonomy":"product_tag","embeddable":true,"href":"https:\/\/aniakuczynska.com\/en\/wp-json\/wp\/v2\/product_tag?post=19710"}],"curies":[{"name":"wp","href":"https:\/\/api.w.org\/{rel}","templated":true}]}}