{"id":19255,"date":"2022-09-20T14:08:29","date_gmt":"2023-04-04T13:44:11","guid":{"rendered":"https:\/\/aniakuczynska.com\/?post_type=product&#038;p=19255"},"modified":"2025-08-06T11:29:55","modified_gmt":"2025-08-06T11:29:55","slug":"buonasera-wykonana-recznie-szczotka-do-pielegnacji-i-masazu-wlosow","status":"publish","type":"product","link":"https:\/\/aniakuczynska.com\/en\/product\/buonasera-wykonana-recznie-szczotka-do-pielegnacji-i-masazu-wlosow\/","title":{"rendered":"Bellissima handmade brush for hair care and massage"},"content":{"rendered":"<p>Buonasera is used for brushing, cleaning, combing, grooming and massaging the scalp. The brush was handmade, based on a traditional pre-war design. The handle was made of hardwood, the hand strung bundles were made of washed, boiled and roasted boar bristles.<\/p>\n<p>-The brand\u2019s clothing and accessories are produced in Poland with a reduced carbon footprint.<br \/>\n-Fabrics and accessories are produced in Europe.<br \/>\n-The packaging is 100% biodegradable.<\/p>\n<p>Shop consciously and LOVE our Planet.<\/p>\n<p>The brand has decided to use a portion of the proceeds from each sale in the stationary store and online to purchase and plant plants in the Warsaw area.<\/p>\n","protected":false},"excerpt":{"rendered":"<p>Buonasera is used for brushing, cleaning, combing, grooming and massaging the scalp. The brush was handmade, based on a traditional pre-war design. The handle was made of hardwood, the hand strung bundles were made of washed, boiled and roasted boar bristles. -The brand\u2019s clothing and accessories are produced in Poland with a reduced carbon footprint. [&hellip;]<\/p>\n","protected":false},"featured_media":16774,"comment_status":"open","ping_status":"closed","template":"","meta":{"_acf_changed":false},"product_brand":[],"product_cat":[291],"product_tag":[],"class_list":{"0":"post-19255","1":"product","2":"type-product","3":"status-publish","4":"has-post-thumbnail","6":"product_cat-uncategorized-en","7":"pa_rozmiar-onesize-en","9":"first","10":"outofstock","11":"shipping-taxable","12":"purchasable","13":"product-type-variable","14":"has-default-attributes"},"acf":[],"yoast_head":"<!-- This site is optimized with the Yoast SEO plugin v24.5 - https:\/\/yoast.com\/wordpress\/plugins\/seo\/ -->\n<title>Bellissima handmade brush for hair care and massage - Ania Kuczy\u0144ska<\/title>\n<meta name=\"robots\" content=\"index, follow, max-snippet:-1, max-image-preview:large, max-video-preview:-1\" \/>\n<link rel=\"canonical\" href=\"https:\/\/aniakuczynska.com\/en\/product\/buonasera-wykonana-recznie-szczotka-do-pielegnacji-i-masazu-wlosow\/\" \/>\n<meta property=\"og:locale\" content=\"en_US\" \/>\n<meta property=\"og:type\" content=\"article\" \/>\n<meta property=\"og:title\" content=\"Bellissima handmade brush for hair care and massage - Ania Kuczy\u0144ska\" \/>\n<meta property=\"og:description\" content=\"Buonasera is used for brushing, cleaning, combing, grooming and massaging the scalp. The brush was handmade, based on a traditional pre-war design. The handle was made of hardwood, the hand strung bundles were made of washed, boiled and roasted boar bristles. -The brand\u2019s clothing and accessories are produced in Poland with a reduced carbon footprint. [&hellip;]\" \/>\n<meta property=\"og:url\" content=\"https:\/\/aniakuczynska.com\/en\/product\/buonasera-wykonana-recznie-szczotka-do-pielegnacji-i-masazu-wlosow\/\" \/>\n<meta property=\"og:site_name\" content=\"Ania Kuczy\u0144ska\" \/>\n<meta property=\"article:publisher\" content=\"https:\/\/www.facebook.com\/aniakuczynskaclothingbrand\/\" \/>\n<meta property=\"article:modified_time\" content=\"2025-08-06T11:29:55+00:00\" \/>\n<meta property=\"og:image\" content=\"https:\/\/aniakuczynska.com\/wp-content\/uploads\/2022\/09\/SZCZOTKA-DO-WLOSO\u0301W_1.jpg\" \/>\n\t<meta property=\"og:image:width\" content=\"1125\" \/>\n\t<meta property=\"og:image:height\" content=\"1500\" \/>\n\t<meta property=\"og:image:type\" content=\"image\/jpeg\" \/>\n<meta name=\"twitter:card\" content=\"summary_large_image\" \/>\n<meta name=\"twitter:label1\" content=\"Est. reading time\" \/>\n\t<meta name=\"twitter:data1\" content=\"2 minutes\" \/>\n<script type=\"application\/ld+json\" class=\"yoast-schema-graph\">{\"@context\":\"https:\/\/schema.org\",\"@graph\":[{\"@type\":\"WebPage\",\"@id\":\"https:\/\/aniakuczynska.com\/en\/product\/buonasera-wykonana-recznie-szczotka-do-pielegnacji-i-masazu-wlosow\/\",\"url\":\"https:\/\/aniakuczynska.com\/en\/product\/buonasera-wykonana-recznie-szczotka-do-pielegnacji-i-masazu-wlosow\/\",\"name\":\"Bellissima handmade brush for hair care and massage - Ania Kuczy\u0144ska\",\"isPartOf\":{\"@id\":\"https:\/\/aniakuczynska.com\/#website\"},\"primaryImageOfPage\":{\"@id\":\"https:\/\/aniakuczynska.com\/en\/product\/buonasera-wykonana-recznie-szczotka-do-pielegnacji-i-masazu-wlosow\/#primaryimage\"},\"image\":{\"@id\":\"https:\/\/aniakuczynska.com\/en\/product\/buonasera-wykonana-recznie-szczotka-do-pielegnacji-i-masazu-wlosow\/#primaryimage\"},\"thumbnailUrl\":\"https:\/\/aniakuczynska.com\/wp-content\/uploads\/2022\/09\/SZCZOTKA-DO-WLOSO\u0301W_1.jpg\",\"datePublished\":\"2023-04-04T13:44:11+00:00\",\"dateModified\":\"2025-08-06T11:29:55+00:00\",\"breadcrumb\":{\"@id\":\"https:\/\/aniakuczynska.com\/en\/product\/buonasera-wykonana-recznie-szczotka-do-pielegnacji-i-masazu-wlosow\/#breadcrumb\"},\"inLanguage\":\"en-US\",\"potentialAction\":[{\"@type\":\"ReadAction\",\"target\":[\"https:\/\/aniakuczynska.com\/en\/product\/buonasera-wykonana-recznie-szczotka-do-pielegnacji-i-masazu-wlosow\/\"]}]},{\"@type\":\"ImageObject\",\"inLanguage\":\"en-US\",\"@id\":\"https:\/\/aniakuczynska.com\/en\/product\/buonasera-wykonana-recznie-szczotka-do-pielegnacji-i-masazu-wlosow\/#primaryimage\",\"url\":\"https:\/\/aniakuczynska.com\/wp-content\/uploads\/2022\/09\/SZCZOTKA-DO-WLOSO\u0301W_1.jpg\",\"contentUrl\":\"https:\/\/aniakuczynska.com\/wp-content\/uploads\/2022\/09\/SZCZOTKA-DO-WLOSO\u0301W_1.jpg\",\"width\":1125,\"height\":1500},{\"@type\":\"BreadcrumbList\",\"@id\":\"https:\/\/aniakuczynska.com\/en\/product\/buonasera-wykonana-recznie-szczotka-do-pielegnacji-i-masazu-wlosow\/#breadcrumb\",\"itemListElement\":[{\"@type\":\"ListItem\",\"position\":1,\"name\":\"Strona g\u0142\u00f3wna\",\"item\":\"https:\/\/aniakuczynska.com\/en\/\"},{\"@type\":\"ListItem\",\"position\":2,\"name\":\"Shop\",\"item\":\"https:\/\/aniakuczynska.com\/en\/shop\/\"},{\"@type\":\"ListItem\",\"position\":3,\"name\":\"Bellissima handmade brush for hair care and massage\"}]},{\"@type\":\"WebSite\",\"@id\":\"https:\/\/aniakuczynska.com\/#website\",\"url\":\"https:\/\/aniakuczynska.com\/\",\"name\":\"Ania Kuczy\u0144ska\",\"description\":\"Ania Kuczy\u0144ska to jedna z najbardziej cenionych i rozpoznawalnych polskich projektantek mody. Tworzy mocn\u0105 i charakterystyczn\u0105 mark\u0119 \u2013 jej styl okre\u015blany jako ozdobny minimalizm jest ho\u0142dem dla szykownej i eleganckiej nonszalancji, charyzmatycznej kobieco\u015bci.\",\"potentialAction\":[{\"@type\":\"SearchAction\",\"target\":{\"@type\":\"EntryPoint\",\"urlTemplate\":\"https:\/\/aniakuczynska.com\/?s={search_term_string}\"},\"query-input\":{\"@type\":\"PropertyValueSpecification\",\"valueRequired\":true,\"valueName\":\"search_term_string\"}}],\"inLanguage\":\"en-US\"}]}<\/script>\n<!-- \/ Yoast SEO plugin. -->","yoast_head_json":{"title":"Bellissima handmade brush for hair care and massage - Ania Kuczy\u0144ska","robots":{"index":"index","follow":"follow","max-snippet":"max-snippet:-1","max-image-preview":"max-image-preview:large","max-video-preview":"max-video-preview:-1"},"canonical":"https:\/\/aniakuczynska.com\/en\/product\/buonasera-wykonana-recznie-szczotka-do-pielegnacji-i-masazu-wlosow\/","og_locale":"en_US","og_type":"article","og_title":"Bellissima handmade brush for hair care and massage - Ania Kuczy\u0144ska","og_description":"Buonasera is used for brushing, cleaning, combing, grooming and massaging the scalp. The brush was handmade, based on a traditional pre-war design. The handle was made of hardwood, the hand strung bundles were made of washed, boiled and roasted boar bristles. -The brand\u2019s clothing and accessories are produced in Poland with a reduced carbon footprint. [&hellip;]","og_url":"https:\/\/aniakuczynska.com\/en\/product\/buonasera-wykonana-recznie-szczotka-do-pielegnacji-i-masazu-wlosow\/","og_site_name":"Ania Kuczy\u0144ska","article_publisher":"https:\/\/www.facebook.com\/aniakuczynskaclothingbrand\/","article_modified_time":"2025-08-06T11:29:55+00:00","og_image":[{"width":1125,"height":1500,"url":"https:\/\/aniakuczynska.com\/wp-content\/uploads\/2022\/09\/SZCZOTKA-DO-WLOSO\u0301W_1.jpg","type":"image\/jpeg"}],"twitter_card":"summary_large_image","twitter_misc":{"Est. reading time":"2 minutes"},"schema":{"@context":"https:\/\/schema.org","@graph":[{"@type":"WebPage","@id":"https:\/\/aniakuczynska.com\/en\/product\/buonasera-wykonana-recznie-szczotka-do-pielegnacji-i-masazu-wlosow\/","url":"https:\/\/aniakuczynska.com\/en\/product\/buonasera-wykonana-recznie-szczotka-do-pielegnacji-i-masazu-wlosow\/","name":"Bellissima handmade brush for hair care and massage - Ania Kuczy\u0144ska","isPartOf":{"@id":"https:\/\/aniakuczynska.com\/#website"},"primaryImageOfPage":{"@id":"https:\/\/aniakuczynska.com\/en\/product\/buonasera-wykonana-recznie-szczotka-do-pielegnacji-i-masazu-wlosow\/#primaryimage"},"image":{"@id":"https:\/\/aniakuczynska.com\/en\/product\/buonasera-wykonana-recznie-szczotka-do-pielegnacji-i-masazu-wlosow\/#primaryimage"},"thumbnailUrl":"https:\/\/aniakuczynska.com\/wp-content\/uploads\/2022\/09\/SZCZOTKA-DO-WLOSO\u0301W_1.jpg","datePublished":"2023-04-04T13:44:11+00:00","dateModified":"2025-08-06T11:29:55+00:00","breadcrumb":{"@id":"https:\/\/aniakuczynska.com\/en\/product\/buonasera-wykonana-recznie-szczotka-do-pielegnacji-i-masazu-wlosow\/#breadcrumb"},"inLanguage":"en-US","potentialAction":[{"@type":"ReadAction","target":["https:\/\/aniakuczynska.com\/en\/product\/buonasera-wykonana-recznie-szczotka-do-pielegnacji-i-masazu-wlosow\/"]}]},{"@type":"ImageObject","inLanguage":"en-US","@id":"https:\/\/aniakuczynska.com\/en\/product\/buonasera-wykonana-recznie-szczotka-do-pielegnacji-i-masazu-wlosow\/#primaryimage","url":"https:\/\/aniakuczynska.com\/wp-content\/uploads\/2022\/09\/SZCZOTKA-DO-WLOSO\u0301W_1.jpg","contentUrl":"https:\/\/aniakuczynska.com\/wp-content\/uploads\/2022\/09\/SZCZOTKA-DO-WLOSO\u0301W_1.jpg","width":1125,"height":1500},{"@type":"BreadcrumbList","@id":"https:\/\/aniakuczynska.com\/en\/product\/buonasera-wykonana-recznie-szczotka-do-pielegnacji-i-masazu-wlosow\/#breadcrumb","itemListElement":[{"@type":"ListItem","position":1,"name":"Strona g\u0142\u00f3wna","item":"https:\/\/aniakuczynska.com\/en\/"},{"@type":"ListItem","position":2,"name":"Shop","item":"https:\/\/aniakuczynska.com\/en\/shop\/"},{"@type":"ListItem","position":3,"name":"Bellissima handmade brush for hair care and massage"}]},{"@type":"WebSite","@id":"https:\/\/aniakuczynska.com\/#website","url":"https:\/\/aniakuczynska.com\/","name":"Ania Kuczy\u0144ska","description":"Ania Kuczy\u0144ska to jedna z najbardziej cenionych i rozpoznawalnych polskich projektantek mody. Tworzy mocn\u0105 i charakterystyczn\u0105 mark\u0119 \u2013 jej styl okre\u015blany jako ozdobny minimalizm jest ho\u0142dem dla szykownej i eleganckiej nonszalancji, charyzmatycznej kobieco\u015bci.","potentialAction":[{"@type":"SearchAction","target":{"@type":"EntryPoint","urlTemplate":"https:\/\/aniakuczynska.com\/?s={search_term_string}"},"query-input":{"@type":"PropertyValueSpecification","valueRequired":true,"valueName":"search_term_string"}}],"inLanguage":"en-US"}]}},"_links":{"self":[{"href":"https:\/\/aniakuczynska.com\/en\/wp-json\/wp\/v2\/product\/19255","targetHints":{"allow":["GET"]}}],"collection":[{"href":"https:\/\/aniakuczynska.com\/en\/wp-json\/wp\/v2\/product"}],"about":[{"href":"https:\/\/aniakuczynska.com\/en\/wp-json\/wp\/v2\/types\/product"}],"replies":[{"embeddable":true,"href":"https:\/\/aniakuczynska.com\/en\/wp-json\/wp\/v2\/comments?post=19255"}],"wp:featuredmedia":[{"embeddable":true,"href":"https:\/\/aniakuczynska.com\/en\/wp-json\/wp\/v2\/media\/16774"}],"wp:attachment":[{"href":"https:\/\/aniakuczynska.com\/en\/wp-json\/wp\/v2\/media?parent=19255"}],"wp:term":[{"taxonomy":"product_brand","embeddable":true,"href":"https:\/\/aniakuczynska.com\/en\/wp-json\/wp\/v2\/product_brand?post=19255"},{"taxonomy":"product_cat","embeddable":true,"href":"https:\/\/aniakuczynska.com\/en\/wp-json\/wp\/v2\/product_cat?post=19255"},{"taxonomy":"product_tag","embeddable":true,"href":"https:\/\/aniakuczynska.com\/en\/wp-json\/wp\/v2\/product_tag?post=19255"}],"curies":[{"name":"wp","href":"https:\/\/api.w.org\/{rel}","templated":true}]}}