{"id":17878,"date":"2022-09-20T13:51:26","date_gmt":"2022-12-16T13:43:49","guid":{"rendered":"https:\/\/aniakuczynska.com\/?post_type=product&#038;p=17878"},"modified":"2026-02-28T16:07:30","modified_gmt":"2026-02-28T16:07:30","slug":"gianna-1998-denim-pants-100-cotton-low-waist","status":"publish","type":"product","link":"https:\/\/aniakuczynska.com\/en\/product\/gianna-1998-denim-pants-100-cotton-low-waist\/","title":{"rendered":"Gianna 1998  Denim pants 100% cotton"},"content":{"rendered":"<p>Gianna 1998 Denim are sewn from 100% cotton.\u00a0The distinctive low waist, decorative pleats, straight leg and pockets give the silhouette a sporty and elegant feel. The belt loops give the option of wearing a belt. The brand&#8217;s logo has been machine embroidered.<\/p>\n<p>The brand has decided to use part of the proceeds from each sale in the stationary store and online to purchase and plant plants in the Warsaw area.<\/p>\n","protected":false},"excerpt":{"rendered":"<p>Gianna 1998 Denim are sewn from 100% cotton.\u00a0The distinctive low waist, decorative pleats, straight leg and pockets give the silhouette a sporty and elegant feel. The belt loops give the option of wearing a belt. The brand&#8217;s logo has been machine embroidered. The brand has decided to use part of the proceeds from each sale [&hellip;]<\/p>\n","protected":false},"featured_media":24919,"comment_status":"open","ping_status":"closed","template":"","meta":{"_acf_changed":false},"product_brand":[],"product_cat":[291],"product_tag":[],"class_list":{"0":"post-17878","1":"product","2":"type-product","3":"status-publish","4":"has-post-thumbnail","6":"product_cat-uncategorized-en","8":"first","9":"outofstock","10":"shipping-taxable","11":"purchasable","12":"product-type-variable"},"acf":[],"yoast_head":"<!-- This site is optimized with the Yoast SEO plugin v24.5 - https:\/\/yoast.com\/wordpress\/plugins\/seo\/ -->\n<title>Gianna 1998 Denim pants 100% cotton - Ania Kuczy\u0144ska<\/title>\n<meta name=\"robots\" content=\"index, follow, max-snippet:-1, max-image-preview:large, max-video-preview:-1\" \/>\n<link rel=\"canonical\" href=\"https:\/\/aniakuczynska.com\/en\/product\/gianna-1998-denim-pants-100-cotton-low-waist\/\" \/>\n<meta property=\"og:locale\" content=\"en_US\" \/>\n<meta property=\"og:type\" content=\"article\" \/>\n<meta property=\"og:title\" content=\"Gianna 1998 Denim pants 100% cotton - Ania Kuczy\u0144ska\" \/>\n<meta property=\"og:description\" content=\"Gianna 1998 Denim are sewn from 100% cotton.\u00a0The distinctive low waist, decorative pleats, straight leg and pockets give the silhouette a sporty and elegant feel. The belt loops give the option of wearing a belt. The brand&#8217;s logo has been machine embroidered. The brand has decided to use part of the proceeds from each sale [&hellip;]\" \/>\n<meta property=\"og:url\" content=\"https:\/\/aniakuczynska.com\/en\/product\/gianna-1998-denim-pants-100-cotton-low-waist\/\" \/>\n<meta property=\"og:site_name\" content=\"Ania Kuczy\u0144ska\" \/>\n<meta property=\"article:publisher\" content=\"https:\/\/www.facebook.com\/aniakuczynskaclothingbrand\/\" \/>\n<meta property=\"article:modified_time\" content=\"2026-02-28T16:07:30+00:00\" \/>\n<meta property=\"og:image\" content=\"https:\/\/aniakuczynska.com\/wp-content\/uploads\/2022\/09\/gianna-nowe.png\" \/>\n\t<meta property=\"og:image:width\" content=\"1125\" \/>\n\t<meta property=\"og:image:height\" content=\"1500\" \/>\n\t<meta property=\"og:image:type\" content=\"image\/png\" \/>\n<meta name=\"twitter:card\" content=\"summary_large_image\" \/>\n<meta name=\"twitter:label1\" content=\"Est. reading time\" \/>\n\t<meta name=\"twitter:data1\" content=\"1 minute\" \/>\n<script type=\"application\/ld+json\" class=\"yoast-schema-graph\">{\"@context\":\"https:\/\/schema.org\",\"@graph\":[{\"@type\":\"WebPage\",\"@id\":\"https:\/\/aniakuczynska.com\/en\/product\/gianna-1998-denim-pants-100-cotton-low-waist\/\",\"url\":\"https:\/\/aniakuczynska.com\/en\/product\/gianna-1998-denim-pants-100-cotton-low-waist\/\",\"name\":\"Gianna 1998 Denim pants 100% cotton - Ania Kuczy\u0144ska\",\"isPartOf\":{\"@id\":\"https:\/\/aniakuczynska.com\/#website\"},\"primaryImageOfPage\":{\"@id\":\"https:\/\/aniakuczynska.com\/en\/product\/gianna-1998-denim-pants-100-cotton-low-waist\/#primaryimage\"},\"image\":{\"@id\":\"https:\/\/aniakuczynska.com\/en\/product\/gianna-1998-denim-pants-100-cotton-low-waist\/#primaryimage\"},\"thumbnailUrl\":\"https:\/\/aniakuczynska.com\/wp-content\/uploads\/2022\/09\/gianna-nowe.png\",\"datePublished\":\"2022-12-16T13:43:49+00:00\",\"dateModified\":\"2026-02-28T16:07:30+00:00\",\"breadcrumb\":{\"@id\":\"https:\/\/aniakuczynska.com\/en\/product\/gianna-1998-denim-pants-100-cotton-low-waist\/#breadcrumb\"},\"inLanguage\":\"en-US\",\"potentialAction\":[{\"@type\":\"ReadAction\",\"target\":[\"https:\/\/aniakuczynska.com\/en\/product\/gianna-1998-denim-pants-100-cotton-low-waist\/\"]}]},{\"@type\":\"ImageObject\",\"inLanguage\":\"en-US\",\"@id\":\"https:\/\/aniakuczynska.com\/en\/product\/gianna-1998-denim-pants-100-cotton-low-waist\/#primaryimage\",\"url\":\"https:\/\/aniakuczynska.com\/wp-content\/uploads\/2022\/09\/gianna-nowe.png\",\"contentUrl\":\"https:\/\/aniakuczynska.com\/wp-content\/uploads\/2022\/09\/gianna-nowe.png\",\"width\":1125,\"height\":1500},{\"@type\":\"BreadcrumbList\",\"@id\":\"https:\/\/aniakuczynska.com\/en\/product\/gianna-1998-denim-pants-100-cotton-low-waist\/#breadcrumb\",\"itemListElement\":[{\"@type\":\"ListItem\",\"position\":1,\"name\":\"Strona g\u0142\u00f3wna\",\"item\":\"https:\/\/aniakuczynska.com\/en\/\"},{\"@type\":\"ListItem\",\"position\":2,\"name\":\"Shop\",\"item\":\"https:\/\/aniakuczynska.com\/en\/shop\/\"},{\"@type\":\"ListItem\",\"position\":3,\"name\":\"Gianna 1998 Denim pants 100% cotton\"}]},{\"@type\":\"WebSite\",\"@id\":\"https:\/\/aniakuczynska.com\/#website\",\"url\":\"https:\/\/aniakuczynska.com\/\",\"name\":\"Ania Kuczy\u0144ska\",\"description\":\"Ania Kuczy\u0144ska to jedna z najbardziej cenionych i rozpoznawalnych polskich projektantek mody. Tworzy mocn\u0105 i charakterystyczn\u0105 mark\u0119 \u2013 jej styl okre\u015blany jako ozdobny minimalizm jest ho\u0142dem dla szykownej i eleganckiej nonszalancji, charyzmatycznej kobieco\u015bci.\",\"potentialAction\":[{\"@type\":\"SearchAction\",\"target\":{\"@type\":\"EntryPoint\",\"urlTemplate\":\"https:\/\/aniakuczynska.com\/?s={search_term_string}\"},\"query-input\":{\"@type\":\"PropertyValueSpecification\",\"valueRequired\":true,\"valueName\":\"search_term_string\"}}],\"inLanguage\":\"en-US\"}]}<\/script>\n<!-- \/ Yoast SEO plugin. -->","yoast_head_json":{"title":"Gianna 1998 Denim pants 100% cotton - Ania Kuczy\u0144ska","robots":{"index":"index","follow":"follow","max-snippet":"max-snippet:-1","max-image-preview":"max-image-preview:large","max-video-preview":"max-video-preview:-1"},"canonical":"https:\/\/aniakuczynska.com\/en\/product\/gianna-1998-denim-pants-100-cotton-low-waist\/","og_locale":"en_US","og_type":"article","og_title":"Gianna 1998 Denim pants 100% cotton - Ania Kuczy\u0144ska","og_description":"Gianna 1998 Denim are sewn from 100% cotton.\u00a0The distinctive low waist, decorative pleats, straight leg and pockets give the silhouette a sporty and elegant feel. The belt loops give the option of wearing a belt. The brand&#8217;s logo has been machine embroidered. The brand has decided to use part of the proceeds from each sale [&hellip;]","og_url":"https:\/\/aniakuczynska.com\/en\/product\/gianna-1998-denim-pants-100-cotton-low-waist\/","og_site_name":"Ania Kuczy\u0144ska","article_publisher":"https:\/\/www.facebook.com\/aniakuczynskaclothingbrand\/","article_modified_time":"2026-02-28T16:07:30+00:00","og_image":[{"width":1125,"height":1500,"url":"https:\/\/aniakuczynska.com\/wp-content\/uploads\/2022\/09\/gianna-nowe.png","type":"image\/png"}],"twitter_card":"summary_large_image","twitter_misc":{"Est. reading time":"1 minute"},"schema":{"@context":"https:\/\/schema.org","@graph":[{"@type":"WebPage","@id":"https:\/\/aniakuczynska.com\/en\/product\/gianna-1998-denim-pants-100-cotton-low-waist\/","url":"https:\/\/aniakuczynska.com\/en\/product\/gianna-1998-denim-pants-100-cotton-low-waist\/","name":"Gianna 1998 Denim pants 100% cotton - Ania Kuczy\u0144ska","isPartOf":{"@id":"https:\/\/aniakuczynska.com\/#website"},"primaryImageOfPage":{"@id":"https:\/\/aniakuczynska.com\/en\/product\/gianna-1998-denim-pants-100-cotton-low-waist\/#primaryimage"},"image":{"@id":"https:\/\/aniakuczynska.com\/en\/product\/gianna-1998-denim-pants-100-cotton-low-waist\/#primaryimage"},"thumbnailUrl":"https:\/\/aniakuczynska.com\/wp-content\/uploads\/2022\/09\/gianna-nowe.png","datePublished":"2022-12-16T13:43:49+00:00","dateModified":"2026-02-28T16:07:30+00:00","breadcrumb":{"@id":"https:\/\/aniakuczynska.com\/en\/product\/gianna-1998-denim-pants-100-cotton-low-waist\/#breadcrumb"},"inLanguage":"en-US","potentialAction":[{"@type":"ReadAction","target":["https:\/\/aniakuczynska.com\/en\/product\/gianna-1998-denim-pants-100-cotton-low-waist\/"]}]},{"@type":"ImageObject","inLanguage":"en-US","@id":"https:\/\/aniakuczynska.com\/en\/product\/gianna-1998-denim-pants-100-cotton-low-waist\/#primaryimage","url":"https:\/\/aniakuczynska.com\/wp-content\/uploads\/2022\/09\/gianna-nowe.png","contentUrl":"https:\/\/aniakuczynska.com\/wp-content\/uploads\/2022\/09\/gianna-nowe.png","width":1125,"height":1500},{"@type":"BreadcrumbList","@id":"https:\/\/aniakuczynska.com\/en\/product\/gianna-1998-denim-pants-100-cotton-low-waist\/#breadcrumb","itemListElement":[{"@type":"ListItem","position":1,"name":"Strona g\u0142\u00f3wna","item":"https:\/\/aniakuczynska.com\/en\/"},{"@type":"ListItem","position":2,"name":"Shop","item":"https:\/\/aniakuczynska.com\/en\/shop\/"},{"@type":"ListItem","position":3,"name":"Gianna 1998 Denim pants 100% cotton"}]},{"@type":"WebSite","@id":"https:\/\/aniakuczynska.com\/#website","url":"https:\/\/aniakuczynska.com\/","name":"Ania Kuczy\u0144ska","description":"Ania Kuczy\u0144ska to jedna z najbardziej cenionych i rozpoznawalnych polskich projektantek mody. Tworzy mocn\u0105 i charakterystyczn\u0105 mark\u0119 \u2013 jej styl okre\u015blany jako ozdobny minimalizm jest ho\u0142dem dla szykownej i eleganckiej nonszalancji, charyzmatycznej kobieco\u015bci.","potentialAction":[{"@type":"SearchAction","target":{"@type":"EntryPoint","urlTemplate":"https:\/\/aniakuczynska.com\/?s={search_term_string}"},"query-input":{"@type":"PropertyValueSpecification","valueRequired":true,"valueName":"search_term_string"}}],"inLanguage":"en-US"}]}},"_links":{"self":[{"href":"https:\/\/aniakuczynska.com\/en\/wp-json\/wp\/v2\/product\/17878","targetHints":{"allow":["GET"]}}],"collection":[{"href":"https:\/\/aniakuczynska.com\/en\/wp-json\/wp\/v2\/product"}],"about":[{"href":"https:\/\/aniakuczynska.com\/en\/wp-json\/wp\/v2\/types\/product"}],"replies":[{"embeddable":true,"href":"https:\/\/aniakuczynska.com\/en\/wp-json\/wp\/v2\/comments?post=17878"}],"wp:featuredmedia":[{"embeddable":true,"href":"https:\/\/aniakuczynska.com\/en\/wp-json\/wp\/v2\/media\/24919"}],"wp:attachment":[{"href":"https:\/\/aniakuczynska.com\/en\/wp-json\/wp\/v2\/media?parent=17878"}],"wp:term":[{"taxonomy":"product_brand","embeddable":true,"href":"https:\/\/aniakuczynska.com\/en\/wp-json\/wp\/v2\/product_brand?post=17878"},{"taxonomy":"product_cat","embeddable":true,"href":"https:\/\/aniakuczynska.com\/en\/wp-json\/wp\/v2\/product_cat?post=17878"},{"taxonomy":"product_tag","embeddable":true,"href":"https:\/\/aniakuczynska.com\/en\/wp-json\/wp\/v2\/product_tag?post=17878"}],"curies":[{"name":"wp","href":"https:\/\/api.w.org\/{rel}","templated":true}]}}