{"id":17860,"date":"2022-12-10T11:43:57","date_gmt":"2022-12-16T13:06:24","guid":{"rendered":"https:\/\/aniakuczynska.com\/?post_type=product&#038;p=17860"},"modified":"2025-01-11T12:37:30","modified_gmt":"2025-01-11T12:37:30","slug":"bianca-cotton-shirt-10-100-pieces-available","status":"publish","type":"product","link":"https:\/\/aniakuczynska.com\/en\/product\/bianca-cotton-shirt-10-100-pieces-available\/","title":{"rendered":"Tua light batiste shirt"},"content":{"rendered":"<p>Tua \/ Yours<\/p>\n<p>Shirt sewn from 100% cotton batiste. Light and airy. Decorative creases on the sleeves and yoke, silhouette-profiling cut-outs on the sides, as well as a fine collar and high cuffs create a classic, feminine and timeless proposal for pre-spring and summer evenings.<\/p>\n<p>Suggested with pants, skirt, jacket and spring coat. Great match with Denim.<\/p>\n<p>Sole collection is distinguished by gold jacquard Ania Kuczynska labels.<\/p>\n<p>The brand&#8217;s logo and buttons are sewn on by hand.<\/p>\n<p>Buy consciously and LOVE our Planet.<\/p>\n<p>The brand has decided to donate a portion of the proceeds from each sale in the stationary store and online to buy and plant plants in the Warsaw area.<\/p>\n<p>&nbsp;<\/p>\n","protected":false},"excerpt":{"rendered":"<p>Tua \/ Yours Shirt sewn from 100% cotton batiste. Light and airy. Decorative creases on the sleeves and yoke, silhouette-profiling cut-outs on the sides, as well as a fine collar and high cuffs create a classic, feminine and timeless proposal for pre-spring and summer evenings. Suggested with pants, skirt, jacket and spring coat. Great match [&hellip;]<\/p>\n","protected":false},"featured_media":17754,"comment_status":"open","ping_status":"closed","template":"","meta":{"_acf_changed":false},"product_brand":[],"product_cat":[291],"product_tag":[],"class_list":{"0":"post-17860","1":"product","2":"type-product","3":"status-publish","4":"has-post-thumbnail","6":"product_cat-uncategorized-en","7":"pa_rozmiar-36-en","8":"pa_rozmiar-38-en","10":"first","11":"instock","12":"shipping-taxable","13":"purchasable","14":"product-type-variable"},"acf":[],"yoast_head":"<!-- This site is optimized with the Yoast SEO plugin v24.5 - https:\/\/yoast.com\/wordpress\/plugins\/seo\/ -->\n<title>Tua light batiste shirt - Ania Kuczy\u0144ska<\/title>\n<meta name=\"robots\" content=\"index, follow, max-snippet:-1, max-image-preview:large, max-video-preview:-1\" \/>\n<link rel=\"canonical\" href=\"https:\/\/aniakuczynska.com\/en\/product\/bianca-cotton-shirt-10-100-pieces-available\/\" \/>\n<meta property=\"og:locale\" content=\"en_US\" \/>\n<meta property=\"og:type\" content=\"article\" \/>\n<meta property=\"og:title\" content=\"Tua light batiste shirt - Ania Kuczy\u0144ska\" \/>\n<meta property=\"og:description\" content=\"Tua \/ Yours Shirt sewn from 100% cotton batiste. Light and airy. Decorative creases on the sleeves and yoke, silhouette-profiling cut-outs on the sides, as well as a fine collar and high cuffs create a classic, feminine and timeless proposal for pre-spring and summer evenings. Suggested with pants, skirt, jacket and spring coat. Great match [&hellip;]\" \/>\n<meta property=\"og:url\" content=\"https:\/\/aniakuczynska.com\/en\/product\/bianca-cotton-shirt-10-100-pieces-available\/\" \/>\n<meta property=\"og:site_name\" content=\"Ania Kuczy\u0144ska\" \/>\n<meta property=\"article:publisher\" content=\"https:\/\/www.facebook.com\/aniakuczynskaclothingbrand\/\" \/>\n<meta property=\"article:modified_time\" content=\"2025-01-11T12:37:30+00:00\" \/>\n<meta property=\"og:image\" content=\"https:\/\/aniakuczynska.com\/wp-content\/uploads\/2022\/12\/IMG_0764.jpg\" \/>\n\t<meta property=\"og:image:width\" content=\"1125\" \/>\n\t<meta property=\"og:image:height\" content=\"1500\" \/>\n\t<meta property=\"og:image:type\" content=\"image\/jpeg\" \/>\n<meta name=\"twitter:card\" content=\"summary_large_image\" \/>\n<meta name=\"twitter:label1\" content=\"Est. reading time\" \/>\n\t<meta name=\"twitter:data1\" content=\"2 minutes\" \/>\n<script type=\"application\/ld+json\" class=\"yoast-schema-graph\">{\"@context\":\"https:\/\/schema.org\",\"@graph\":[{\"@type\":\"WebPage\",\"@id\":\"https:\/\/aniakuczynska.com\/en\/product\/bianca-cotton-shirt-10-100-pieces-available\/\",\"url\":\"https:\/\/aniakuczynska.com\/en\/product\/bianca-cotton-shirt-10-100-pieces-available\/\",\"name\":\"Tua light batiste shirt - Ania Kuczy\u0144ska\",\"isPartOf\":{\"@id\":\"https:\/\/aniakuczynska.com\/#website\"},\"primaryImageOfPage\":{\"@id\":\"https:\/\/aniakuczynska.com\/en\/product\/bianca-cotton-shirt-10-100-pieces-available\/#primaryimage\"},\"image\":{\"@id\":\"https:\/\/aniakuczynska.com\/en\/product\/bianca-cotton-shirt-10-100-pieces-available\/#primaryimage\"},\"thumbnailUrl\":\"https:\/\/aniakuczynska.com\/wp-content\/uploads\/2022\/12\/IMG_0764.jpg\",\"datePublished\":\"2022-12-16T13:06:24+00:00\",\"dateModified\":\"2025-01-11T12:37:30+00:00\",\"breadcrumb\":{\"@id\":\"https:\/\/aniakuczynska.com\/en\/product\/bianca-cotton-shirt-10-100-pieces-available\/#breadcrumb\"},\"inLanguage\":\"en-US\",\"potentialAction\":[{\"@type\":\"ReadAction\",\"target\":[\"https:\/\/aniakuczynska.com\/en\/product\/bianca-cotton-shirt-10-100-pieces-available\/\"]}]},{\"@type\":\"ImageObject\",\"inLanguage\":\"en-US\",\"@id\":\"https:\/\/aniakuczynska.com\/en\/product\/bianca-cotton-shirt-10-100-pieces-available\/#primaryimage\",\"url\":\"https:\/\/aniakuczynska.com\/wp-content\/uploads\/2022\/12\/IMG_0764.jpg\",\"contentUrl\":\"https:\/\/aniakuczynska.com\/wp-content\/uploads\/2022\/12\/IMG_0764.jpg\",\"width\":1125,\"height\":1500},{\"@type\":\"BreadcrumbList\",\"@id\":\"https:\/\/aniakuczynska.com\/en\/product\/bianca-cotton-shirt-10-100-pieces-available\/#breadcrumb\",\"itemListElement\":[{\"@type\":\"ListItem\",\"position\":1,\"name\":\"Strona g\u0142\u00f3wna\",\"item\":\"https:\/\/aniakuczynska.com\/en\/\"},{\"@type\":\"ListItem\",\"position\":2,\"name\":\"Shop\",\"item\":\"https:\/\/aniakuczynska.com\/en\/shop\/\"},{\"@type\":\"ListItem\",\"position\":3,\"name\":\"Tua light batiste shirt\"}]},{\"@type\":\"WebSite\",\"@id\":\"https:\/\/aniakuczynska.com\/#website\",\"url\":\"https:\/\/aniakuczynska.com\/\",\"name\":\"Ania Kuczy\u0144ska\",\"description\":\"Ania Kuczy\u0144ska to jedna z najbardziej cenionych i rozpoznawalnych polskich projektantek mody. Tworzy mocn\u0105 i charakterystyczn\u0105 mark\u0119 \u2013 jej styl okre\u015blany jako ozdobny minimalizm jest ho\u0142dem dla szykownej i eleganckiej nonszalancji, charyzmatycznej kobieco\u015bci.\",\"potentialAction\":[{\"@type\":\"SearchAction\",\"target\":{\"@type\":\"EntryPoint\",\"urlTemplate\":\"https:\/\/aniakuczynska.com\/?s={search_term_string}\"},\"query-input\":{\"@type\":\"PropertyValueSpecification\",\"valueRequired\":true,\"valueName\":\"search_term_string\"}}],\"inLanguage\":\"en-US\"}]}<\/script>\n<!-- \/ Yoast SEO plugin. -->","yoast_head_json":{"title":"Tua light batiste shirt - Ania Kuczy\u0144ska","robots":{"index":"index","follow":"follow","max-snippet":"max-snippet:-1","max-image-preview":"max-image-preview:large","max-video-preview":"max-video-preview:-1"},"canonical":"https:\/\/aniakuczynska.com\/en\/product\/bianca-cotton-shirt-10-100-pieces-available\/","og_locale":"en_US","og_type":"article","og_title":"Tua light batiste shirt - Ania Kuczy\u0144ska","og_description":"Tua \/ Yours Shirt sewn from 100% cotton batiste. Light and airy. Decorative creases on the sleeves and yoke, silhouette-profiling cut-outs on the sides, as well as a fine collar and high cuffs create a classic, feminine and timeless proposal for pre-spring and summer evenings. Suggested with pants, skirt, jacket and spring coat. Great match [&hellip;]","og_url":"https:\/\/aniakuczynska.com\/en\/product\/bianca-cotton-shirt-10-100-pieces-available\/","og_site_name":"Ania Kuczy\u0144ska","article_publisher":"https:\/\/www.facebook.com\/aniakuczynskaclothingbrand\/","article_modified_time":"2025-01-11T12:37:30+00:00","og_image":[{"width":1125,"height":1500,"url":"https:\/\/aniakuczynska.com\/wp-content\/uploads\/2022\/12\/IMG_0764.jpg","type":"image\/jpeg"}],"twitter_card":"summary_large_image","twitter_misc":{"Est. reading time":"2 minutes"},"schema":{"@context":"https:\/\/schema.org","@graph":[{"@type":"WebPage","@id":"https:\/\/aniakuczynska.com\/en\/product\/bianca-cotton-shirt-10-100-pieces-available\/","url":"https:\/\/aniakuczynska.com\/en\/product\/bianca-cotton-shirt-10-100-pieces-available\/","name":"Tua light batiste shirt - Ania Kuczy\u0144ska","isPartOf":{"@id":"https:\/\/aniakuczynska.com\/#website"},"primaryImageOfPage":{"@id":"https:\/\/aniakuczynska.com\/en\/product\/bianca-cotton-shirt-10-100-pieces-available\/#primaryimage"},"image":{"@id":"https:\/\/aniakuczynska.com\/en\/product\/bianca-cotton-shirt-10-100-pieces-available\/#primaryimage"},"thumbnailUrl":"https:\/\/aniakuczynska.com\/wp-content\/uploads\/2022\/12\/IMG_0764.jpg","datePublished":"2022-12-16T13:06:24+00:00","dateModified":"2025-01-11T12:37:30+00:00","breadcrumb":{"@id":"https:\/\/aniakuczynska.com\/en\/product\/bianca-cotton-shirt-10-100-pieces-available\/#breadcrumb"},"inLanguage":"en-US","potentialAction":[{"@type":"ReadAction","target":["https:\/\/aniakuczynska.com\/en\/product\/bianca-cotton-shirt-10-100-pieces-available\/"]}]},{"@type":"ImageObject","inLanguage":"en-US","@id":"https:\/\/aniakuczynska.com\/en\/product\/bianca-cotton-shirt-10-100-pieces-available\/#primaryimage","url":"https:\/\/aniakuczynska.com\/wp-content\/uploads\/2022\/12\/IMG_0764.jpg","contentUrl":"https:\/\/aniakuczynska.com\/wp-content\/uploads\/2022\/12\/IMG_0764.jpg","width":1125,"height":1500},{"@type":"BreadcrumbList","@id":"https:\/\/aniakuczynska.com\/en\/product\/bianca-cotton-shirt-10-100-pieces-available\/#breadcrumb","itemListElement":[{"@type":"ListItem","position":1,"name":"Strona g\u0142\u00f3wna","item":"https:\/\/aniakuczynska.com\/en\/"},{"@type":"ListItem","position":2,"name":"Shop","item":"https:\/\/aniakuczynska.com\/en\/shop\/"},{"@type":"ListItem","position":3,"name":"Tua light batiste shirt"}]},{"@type":"WebSite","@id":"https:\/\/aniakuczynska.com\/#website","url":"https:\/\/aniakuczynska.com\/","name":"Ania Kuczy\u0144ska","description":"Ania Kuczy\u0144ska to jedna z najbardziej cenionych i rozpoznawalnych polskich projektantek mody. Tworzy mocn\u0105 i charakterystyczn\u0105 mark\u0119 \u2013 jej styl okre\u015blany jako ozdobny minimalizm jest ho\u0142dem dla szykownej i eleganckiej nonszalancji, charyzmatycznej kobieco\u015bci.","potentialAction":[{"@type":"SearchAction","target":{"@type":"EntryPoint","urlTemplate":"https:\/\/aniakuczynska.com\/?s={search_term_string}"},"query-input":{"@type":"PropertyValueSpecification","valueRequired":true,"valueName":"search_term_string"}}],"inLanguage":"en-US"}]}},"_links":{"self":[{"href":"https:\/\/aniakuczynska.com\/en\/wp-json\/wp\/v2\/product\/17860","targetHints":{"allow":["GET"]}}],"collection":[{"href":"https:\/\/aniakuczynska.com\/en\/wp-json\/wp\/v2\/product"}],"about":[{"href":"https:\/\/aniakuczynska.com\/en\/wp-json\/wp\/v2\/types\/product"}],"replies":[{"embeddable":true,"href":"https:\/\/aniakuczynska.com\/en\/wp-json\/wp\/v2\/comments?post=17860"}],"wp:featuredmedia":[{"embeddable":true,"href":"https:\/\/aniakuczynska.com\/en\/wp-json\/wp\/v2\/media\/17754"}],"wp:attachment":[{"href":"https:\/\/aniakuczynska.com\/en\/wp-json\/wp\/v2\/media?parent=17860"}],"wp:term":[{"taxonomy":"product_brand","embeddable":true,"href":"https:\/\/aniakuczynska.com\/en\/wp-json\/wp\/v2\/product_brand?post=17860"},{"taxonomy":"product_cat","embeddable":true,"href":"https:\/\/aniakuczynska.com\/en\/wp-json\/wp\/v2\/product_cat?post=17860"},{"taxonomy":"product_tag","embeddable":true,"href":"https:\/\/aniakuczynska.com\/en\/wp-json\/wp\/v2\/product_tag?post=17860"}],"curies":[{"name":"wp","href":"https:\/\/api.w.org\/{rel}","templated":true}]}}