{"id":17857,"date":"2022-12-14T11:42:49","date_gmt":"2022-12-16T12:52:34","guid":{"rendered":"https:\/\/aniakuczynska.com\/?post_type=product&#038;p=17857"},"modified":"2025-03-11T10:48:49","modified_gmt":"2025-03-11T10:48:49","slug":"the-moon-glycerine-soap-with-activated-carbon","status":"publish","type":"product","link":"https:\/\/aniakuczynska.com\/en\/product\/the-moon-glycerine-soap-with-activated-carbon\/","title":{"rendered":"The Moon glycerine soap with activated carbon"},"content":{"rendered":"<p>Carbon is one of the most active substances on Earth, its properties were known about as early as the time of Hippocrates. It is the strongest absorbent found in a natural state, completely safe for the skin. The black that washes, thanks to the unique properties of activated carbon and glycerin, has an antibacterial effect, brightens and moisturizes, soothes, does not stain the body.<\/p>\n<p>Ingredients: glycerin, aqua, sorbitol, sodiumpalmkernelate, sodiumstearate, sodiumoleate, sodiumchloride, citric acid, sodiumcitrate, pentasodium, pentetate, tetrasodiumetidronate, activated charcoal.<\/p>\n<p>Manufactured in Silesia.<\/p>\n","protected":false},"excerpt":{"rendered":"<p>Carbon is one of the most active substances on Earth, its properties were known about as early as the time of Hippocrates. It is the strongest absorbent found in a natural state, completely safe for the skin. The black that washes, thanks to the unique properties of activated carbon and glycerin, has an antibacterial effect, [&hellip;]<\/p>\n","protected":false},"featured_media":17831,"comment_status":"open","ping_status":"closed","template":"","meta":{"_acf_changed":false},"product_brand":[],"product_cat":[291],"product_tag":[],"class_list":{"0":"post-17857","1":"product","2":"type-product","3":"status-publish","4":"has-post-thumbnail","6":"product_cat-uncategorized-en","7":"pa_rozmiar-onesize-en","9":"first","10":"outofstock","11":"shipping-taxable","12":"purchasable","13":"product-type-variable","14":"has-default-attributes"},"acf":[],"yoast_head":"<!-- This site is optimized with the Yoast SEO plugin v24.5 - https:\/\/yoast.com\/wordpress\/plugins\/seo\/ -->\n<title>The Moon glycerine soap with activated carbon - Ania Kuczy\u0144ska<\/title>\n<meta name=\"robots\" content=\"index, follow, max-snippet:-1, max-image-preview:large, max-video-preview:-1\" \/>\n<link rel=\"canonical\" href=\"https:\/\/aniakuczynska.com\/en\/product\/the-moon-glycerine-soap-with-activated-carbon\/\" \/>\n<meta property=\"og:locale\" content=\"en_US\" \/>\n<meta property=\"og:type\" content=\"article\" \/>\n<meta property=\"og:title\" content=\"The Moon glycerine soap with activated carbon - Ania Kuczy\u0144ska\" \/>\n<meta property=\"og:description\" content=\"Carbon is one of the most active substances on Earth, its properties were known about as early as the time of Hippocrates. It is the strongest absorbent found in a natural state, completely safe for the skin. The black that washes, thanks to the unique properties of activated carbon and glycerin, has an antibacterial effect, [&hellip;]\" \/>\n<meta property=\"og:url\" content=\"https:\/\/aniakuczynska.com\/en\/product\/the-moon-glycerine-soap-with-activated-carbon\/\" \/>\n<meta property=\"og:site_name\" content=\"Ania Kuczy\u0144ska\" \/>\n<meta property=\"article:publisher\" content=\"https:\/\/www.facebook.com\/aniakuczynskaclothingbrand\/\" \/>\n<meta property=\"article:modified_time\" content=\"2025-03-11T10:48:49+00:00\" \/>\n<meta property=\"og:image\" content=\"https:\/\/aniakuczynska.com\/wp-content\/uploads\/2022\/12\/IMG_0825.jpg\" \/>\n\t<meta property=\"og:image:width\" content=\"1125\" \/>\n\t<meta property=\"og:image:height\" content=\"1500\" \/>\n\t<meta property=\"og:image:type\" content=\"image\/jpeg\" \/>\n<meta name=\"twitter:card\" content=\"summary_large_image\" \/>\n<meta name=\"twitter:label1\" content=\"Est. reading time\" \/>\n\t<meta name=\"twitter:data1\" content=\"2 minutes\" \/>\n<script type=\"application\/ld+json\" class=\"yoast-schema-graph\">{\"@context\":\"https:\/\/schema.org\",\"@graph\":[{\"@type\":\"WebPage\",\"@id\":\"https:\/\/aniakuczynska.com\/en\/product\/the-moon-glycerine-soap-with-activated-carbon\/\",\"url\":\"https:\/\/aniakuczynska.com\/en\/product\/the-moon-glycerine-soap-with-activated-carbon\/\",\"name\":\"The Moon glycerine soap with activated carbon - Ania Kuczy\u0144ska\",\"isPartOf\":{\"@id\":\"https:\/\/aniakuczynska.com\/#website\"},\"primaryImageOfPage\":{\"@id\":\"https:\/\/aniakuczynska.com\/en\/product\/the-moon-glycerine-soap-with-activated-carbon\/#primaryimage\"},\"image\":{\"@id\":\"https:\/\/aniakuczynska.com\/en\/product\/the-moon-glycerine-soap-with-activated-carbon\/#primaryimage\"},\"thumbnailUrl\":\"https:\/\/aniakuczynska.com\/wp-content\/uploads\/2022\/12\/IMG_0825.jpg\",\"datePublished\":\"2022-12-16T12:52:34+00:00\",\"dateModified\":\"2025-03-11T10:48:49+00:00\",\"breadcrumb\":{\"@id\":\"https:\/\/aniakuczynska.com\/en\/product\/the-moon-glycerine-soap-with-activated-carbon\/#breadcrumb\"},\"inLanguage\":\"en-US\",\"potentialAction\":[{\"@type\":\"ReadAction\",\"target\":[\"https:\/\/aniakuczynska.com\/en\/product\/the-moon-glycerine-soap-with-activated-carbon\/\"]}]},{\"@type\":\"ImageObject\",\"inLanguage\":\"en-US\",\"@id\":\"https:\/\/aniakuczynska.com\/en\/product\/the-moon-glycerine-soap-with-activated-carbon\/#primaryimage\",\"url\":\"https:\/\/aniakuczynska.com\/wp-content\/uploads\/2022\/12\/IMG_0825.jpg\",\"contentUrl\":\"https:\/\/aniakuczynska.com\/wp-content\/uploads\/2022\/12\/IMG_0825.jpg\",\"width\":1125,\"height\":1500},{\"@type\":\"BreadcrumbList\",\"@id\":\"https:\/\/aniakuczynska.com\/en\/product\/the-moon-glycerine-soap-with-activated-carbon\/#breadcrumb\",\"itemListElement\":[{\"@type\":\"ListItem\",\"position\":1,\"name\":\"Strona g\u0142\u00f3wna\",\"item\":\"https:\/\/aniakuczynska.com\/en\/\"},{\"@type\":\"ListItem\",\"position\":2,\"name\":\"Shop\",\"item\":\"https:\/\/aniakuczynska.com\/en\/shop\/\"},{\"@type\":\"ListItem\",\"position\":3,\"name\":\"The Moon glycerine soap with activated carbon\"}]},{\"@type\":\"WebSite\",\"@id\":\"https:\/\/aniakuczynska.com\/#website\",\"url\":\"https:\/\/aniakuczynska.com\/\",\"name\":\"Ania Kuczy\u0144ska\",\"description\":\"Ania Kuczy\u0144ska to jedna z najbardziej cenionych i rozpoznawalnych polskich projektantek mody. Tworzy mocn\u0105 i charakterystyczn\u0105 mark\u0119 \u2013 jej styl okre\u015blany jako ozdobny minimalizm jest ho\u0142dem dla szykownej i eleganckiej nonszalancji, charyzmatycznej kobieco\u015bci.\",\"potentialAction\":[{\"@type\":\"SearchAction\",\"target\":{\"@type\":\"EntryPoint\",\"urlTemplate\":\"https:\/\/aniakuczynska.com\/?s={search_term_string}\"},\"query-input\":{\"@type\":\"PropertyValueSpecification\",\"valueRequired\":true,\"valueName\":\"search_term_string\"}}],\"inLanguage\":\"en-US\"}]}<\/script>\n<!-- \/ Yoast SEO plugin. -->","yoast_head_json":{"title":"The Moon glycerine soap with activated carbon - Ania Kuczy\u0144ska","robots":{"index":"index","follow":"follow","max-snippet":"max-snippet:-1","max-image-preview":"max-image-preview:large","max-video-preview":"max-video-preview:-1"},"canonical":"https:\/\/aniakuczynska.com\/en\/product\/the-moon-glycerine-soap-with-activated-carbon\/","og_locale":"en_US","og_type":"article","og_title":"The Moon glycerine soap with activated carbon - Ania Kuczy\u0144ska","og_description":"Carbon is one of the most active substances on Earth, its properties were known about as early as the time of Hippocrates. It is the strongest absorbent found in a natural state, completely safe for the skin. The black that washes, thanks to the unique properties of activated carbon and glycerin, has an antibacterial effect, [&hellip;]","og_url":"https:\/\/aniakuczynska.com\/en\/product\/the-moon-glycerine-soap-with-activated-carbon\/","og_site_name":"Ania Kuczy\u0144ska","article_publisher":"https:\/\/www.facebook.com\/aniakuczynskaclothingbrand\/","article_modified_time":"2025-03-11T10:48:49+00:00","og_image":[{"width":1125,"height":1500,"url":"https:\/\/aniakuczynska.com\/wp-content\/uploads\/2022\/12\/IMG_0825.jpg","type":"image\/jpeg"}],"twitter_card":"summary_large_image","twitter_misc":{"Est. reading time":"2 minutes"},"schema":{"@context":"https:\/\/schema.org","@graph":[{"@type":"WebPage","@id":"https:\/\/aniakuczynska.com\/en\/product\/the-moon-glycerine-soap-with-activated-carbon\/","url":"https:\/\/aniakuczynska.com\/en\/product\/the-moon-glycerine-soap-with-activated-carbon\/","name":"The Moon glycerine soap with activated carbon - Ania Kuczy\u0144ska","isPartOf":{"@id":"https:\/\/aniakuczynska.com\/#website"},"primaryImageOfPage":{"@id":"https:\/\/aniakuczynska.com\/en\/product\/the-moon-glycerine-soap-with-activated-carbon\/#primaryimage"},"image":{"@id":"https:\/\/aniakuczynska.com\/en\/product\/the-moon-glycerine-soap-with-activated-carbon\/#primaryimage"},"thumbnailUrl":"https:\/\/aniakuczynska.com\/wp-content\/uploads\/2022\/12\/IMG_0825.jpg","datePublished":"2022-12-16T12:52:34+00:00","dateModified":"2025-03-11T10:48:49+00:00","breadcrumb":{"@id":"https:\/\/aniakuczynska.com\/en\/product\/the-moon-glycerine-soap-with-activated-carbon\/#breadcrumb"},"inLanguage":"en-US","potentialAction":[{"@type":"ReadAction","target":["https:\/\/aniakuczynska.com\/en\/product\/the-moon-glycerine-soap-with-activated-carbon\/"]}]},{"@type":"ImageObject","inLanguage":"en-US","@id":"https:\/\/aniakuczynska.com\/en\/product\/the-moon-glycerine-soap-with-activated-carbon\/#primaryimage","url":"https:\/\/aniakuczynska.com\/wp-content\/uploads\/2022\/12\/IMG_0825.jpg","contentUrl":"https:\/\/aniakuczynska.com\/wp-content\/uploads\/2022\/12\/IMG_0825.jpg","width":1125,"height":1500},{"@type":"BreadcrumbList","@id":"https:\/\/aniakuczynska.com\/en\/product\/the-moon-glycerine-soap-with-activated-carbon\/#breadcrumb","itemListElement":[{"@type":"ListItem","position":1,"name":"Strona g\u0142\u00f3wna","item":"https:\/\/aniakuczynska.com\/en\/"},{"@type":"ListItem","position":2,"name":"Shop","item":"https:\/\/aniakuczynska.com\/en\/shop\/"},{"@type":"ListItem","position":3,"name":"The Moon glycerine soap with activated carbon"}]},{"@type":"WebSite","@id":"https:\/\/aniakuczynska.com\/#website","url":"https:\/\/aniakuczynska.com\/","name":"Ania Kuczy\u0144ska","description":"Ania Kuczy\u0144ska to jedna z najbardziej cenionych i rozpoznawalnych polskich projektantek mody. Tworzy mocn\u0105 i charakterystyczn\u0105 mark\u0119 \u2013 jej styl okre\u015blany jako ozdobny minimalizm jest ho\u0142dem dla szykownej i eleganckiej nonszalancji, charyzmatycznej kobieco\u015bci.","potentialAction":[{"@type":"SearchAction","target":{"@type":"EntryPoint","urlTemplate":"https:\/\/aniakuczynska.com\/?s={search_term_string}"},"query-input":{"@type":"PropertyValueSpecification","valueRequired":true,"valueName":"search_term_string"}}],"inLanguage":"en-US"}]}},"_links":{"self":[{"href":"https:\/\/aniakuczynska.com\/en\/wp-json\/wp\/v2\/product\/17857","targetHints":{"allow":["GET"]}}],"collection":[{"href":"https:\/\/aniakuczynska.com\/en\/wp-json\/wp\/v2\/product"}],"about":[{"href":"https:\/\/aniakuczynska.com\/en\/wp-json\/wp\/v2\/types\/product"}],"replies":[{"embeddable":true,"href":"https:\/\/aniakuczynska.com\/en\/wp-json\/wp\/v2\/comments?post=17857"}],"wp:featuredmedia":[{"embeddable":true,"href":"https:\/\/aniakuczynska.com\/en\/wp-json\/wp\/v2\/media\/17831"}],"wp:attachment":[{"href":"https:\/\/aniakuczynska.com\/en\/wp-json\/wp\/v2\/media?parent=17857"}],"wp:term":[{"taxonomy":"product_brand","embeddable":true,"href":"https:\/\/aniakuczynska.com\/en\/wp-json\/wp\/v2\/product_brand?post=17857"},{"taxonomy":"product_cat","embeddable":true,"href":"https:\/\/aniakuczynska.com\/en\/wp-json\/wp\/v2\/product_cat?post=17857"},{"taxonomy":"product_tag","embeddable":true,"href":"https:\/\/aniakuczynska.com\/en\/wp-json\/wp\/v2\/product_tag?post=17857"}],"curies":[{"name":"wp","href":"https:\/\/api.w.org\/{rel}","templated":true}]}}