{"id":17198,"date":"2022-11-04T13:50:10","date_gmt":"2022-11-07T12:53:45","guid":{"rendered":"https:\/\/aniakuczynska.com\/?post_type=product&#038;p=17198"},"modified":"2024-11-28T14:58:29","modified_gmt":"2024-11-28T14:58:29","slug":"handmade-silk-scarf-by-jakub-glinski-x-ania-kuczynska","status":"publish","type":"product","link":"https:\/\/aniakuczynska.com\/en\/product\/handmade-silk-scarf-by-jakub-glinski-x-ania-kuczynska\/","title":{"rendered":"Handmade silk scarf by Jakub Glinski x Ania Kuczynska"},"content":{"rendered":"<p>The Delusions project is a painterly attempt to recreate the fleeting thoughts, delusions, personal fatamorgana, shapes and multiplicity of Glinski&#8217;s emotional states.<\/p>\n<p>The silk accessory is the starting point for a dialogue between the artist and the designer, using tools characteristic of their work.<\/p>\n<p>Inscribed in the fabric, the image comes to life, becomes an object of everyday use, and remains a work of art. The space of the scarf is filled with airbrush outlined fantastic creatures, satellite-like structures, multiplied eyes and hearts. The work depicts the multi-layered experience of the artist, using the &#8220;Trash &amp; Error&#8221; aesthetic.<\/p>\n<p>&#8220;The scarf as a medium is not accidental, it refers to the DNA of my brand, the highest quality, natural fabrics used for more than 20 years, and manual finishing techniques.<\/p>\n<p>One scarf is stitched by hand for about 2 hours. All these efforts reflect my approach to sustainable production and responsibility for our Planet.&#8221;<\/p>\n<p>Delusions Jakub Glinski x Ania Kuczynska<\/p>\n<p>100% silk<\/p>\n<p>Made by hand<\/p>\n<p>Made in Como, Italy<\/p>\n","protected":false},"excerpt":{"rendered":"<p>The Delusions project is a painterly attempt to recreate the fleeting thoughts, delusions, personal fatamorgana, shapes and multiplicity of Glinski&#8217;s emotional states. The silk accessory is the starting point for a dialogue between the artist and the designer, using tools characteristic of their work. Inscribed in the fabric, the image comes to life, becomes an [&hellip;]<\/p>\n","protected":false},"featured_media":25971,"comment_status":"open","ping_status":"closed","template":"","meta":{"_acf_changed":false},"product_brand":[],"product_cat":[273,275,254],"product_tag":[],"class_list":{"0":"post-17198","1":"product","2":"type-product","3":"status-publish","4":"has-post-thumbnail","6":"product_cat-accessories","7":"product_cat-small-accessories","8":"product_cat-woman","9":"pa_rozmiar-onesize-en","11":"first","12":"instock","13":"sale","14":"shipping-taxable","15":"purchasable","16":"product-type-variable","17":"has-default-attributes"},"acf":[],"yoast_head":"<!-- This site is optimized with the Yoast SEO plugin v24.5 - https:\/\/yoast.com\/wordpress\/plugins\/seo\/ -->\n<title>Handmade silk scarf by Jakub Glinski x Ania Kuczynska - Ania Kuczy\u0144ska<\/title>\n<meta name=\"robots\" content=\"index, follow, max-snippet:-1, max-image-preview:large, max-video-preview:-1\" \/>\n<link rel=\"canonical\" href=\"https:\/\/aniakuczynska.com\/en\/product\/handmade-silk-scarf-by-jakub-glinski-x-ania-kuczynska\/\" \/>\n<meta property=\"og:locale\" content=\"en_US\" \/>\n<meta property=\"og:type\" content=\"article\" \/>\n<meta property=\"og:title\" content=\"Handmade silk scarf by Jakub Glinski x Ania Kuczynska - Ania Kuczy\u0144ska\" \/>\n<meta property=\"og:description\" content=\"The Delusions project is a painterly attempt to recreate the fleeting thoughts, delusions, personal fatamorgana, shapes and multiplicity of Glinski&#8217;s emotional states. The silk accessory is the starting point for a dialogue between the artist and the designer, using tools characteristic of their work. Inscribed in the fabric, the image comes to life, becomes an [&hellip;]\" \/>\n<meta property=\"og:url\" content=\"https:\/\/aniakuczynska.com\/en\/product\/handmade-silk-scarf-by-jakub-glinski-x-ania-kuczynska\/\" \/>\n<meta property=\"og:site_name\" content=\"Ania Kuczy\u0144ska\" \/>\n<meta property=\"article:publisher\" content=\"https:\/\/www.facebook.com\/aniakuczynskaclothingbrand\/\" \/>\n<meta property=\"article:modified_time\" content=\"2024-11-28T14:58:29+00:00\" \/>\n<meta property=\"og:image\" content=\"https:\/\/aniakuczynska.com\/wp-content\/uploads\/2024\/11\/13_11_24_AniaKuczynska2797.jpg\" \/>\n\t<meta property=\"og:image:width\" content=\"1333\" \/>\n\t<meta property=\"og:image:height\" content=\"2000\" \/>\n\t<meta property=\"og:image:type\" content=\"image\/jpeg\" \/>\n<meta name=\"twitter:card\" content=\"summary_large_image\" \/>\n<meta name=\"twitter:label1\" content=\"Est. reading time\" \/>\n\t<meta name=\"twitter:data1\" content=\"3 minutes\" \/>\n<script type=\"application\/ld+json\" class=\"yoast-schema-graph\">{\"@context\":\"https:\/\/schema.org\",\"@graph\":[{\"@type\":\"WebPage\",\"@id\":\"https:\/\/aniakuczynska.com\/en\/product\/handmade-silk-scarf-by-jakub-glinski-x-ania-kuczynska\/\",\"url\":\"https:\/\/aniakuczynska.com\/en\/product\/handmade-silk-scarf-by-jakub-glinski-x-ania-kuczynska\/\",\"name\":\"Handmade silk scarf by Jakub Glinski x Ania Kuczynska - Ania Kuczy\u0144ska\",\"isPartOf\":{\"@id\":\"https:\/\/aniakuczynska.com\/#website\"},\"primaryImageOfPage\":{\"@id\":\"https:\/\/aniakuczynska.com\/en\/product\/handmade-silk-scarf-by-jakub-glinski-x-ania-kuczynska\/#primaryimage\"},\"image\":{\"@id\":\"https:\/\/aniakuczynska.com\/en\/product\/handmade-silk-scarf-by-jakub-glinski-x-ania-kuczynska\/#primaryimage\"},\"thumbnailUrl\":\"https:\/\/aniakuczynska.com\/wp-content\/uploads\/2024\/11\/13_11_24_AniaKuczynska2797.jpg\",\"datePublished\":\"2022-11-07T12:53:45+00:00\",\"dateModified\":\"2024-11-28T14:58:29+00:00\",\"breadcrumb\":{\"@id\":\"https:\/\/aniakuczynska.com\/en\/product\/handmade-silk-scarf-by-jakub-glinski-x-ania-kuczynska\/#breadcrumb\"},\"inLanguage\":\"en-US\",\"potentialAction\":[{\"@type\":\"ReadAction\",\"target\":[\"https:\/\/aniakuczynska.com\/en\/product\/handmade-silk-scarf-by-jakub-glinski-x-ania-kuczynska\/\"]}]},{\"@type\":\"ImageObject\",\"inLanguage\":\"en-US\",\"@id\":\"https:\/\/aniakuczynska.com\/en\/product\/handmade-silk-scarf-by-jakub-glinski-x-ania-kuczynska\/#primaryimage\",\"url\":\"https:\/\/aniakuczynska.com\/wp-content\/uploads\/2024\/11\/13_11_24_AniaKuczynska2797.jpg\",\"contentUrl\":\"https:\/\/aniakuczynska.com\/wp-content\/uploads\/2024\/11\/13_11_24_AniaKuczynska2797.jpg\",\"width\":1333,\"height\":2000},{\"@type\":\"BreadcrumbList\",\"@id\":\"https:\/\/aniakuczynska.com\/en\/product\/handmade-silk-scarf-by-jakub-glinski-x-ania-kuczynska\/#breadcrumb\",\"itemListElement\":[{\"@type\":\"ListItem\",\"position\":1,\"name\":\"Strona g\u0142\u00f3wna\",\"item\":\"https:\/\/aniakuczynska.com\/en\/\"},{\"@type\":\"ListItem\",\"position\":2,\"name\":\"Shop\",\"item\":\"https:\/\/aniakuczynska.com\/en\/shop\/\"},{\"@type\":\"ListItem\",\"position\":3,\"name\":\"Handmade silk scarf by Jakub Glinski x Ania Kuczynska\"}]},{\"@type\":\"WebSite\",\"@id\":\"https:\/\/aniakuczynska.com\/#website\",\"url\":\"https:\/\/aniakuczynska.com\/\",\"name\":\"Ania Kuczy\u0144ska\",\"description\":\"Ania Kuczy\u0144ska to jedna z najbardziej cenionych i rozpoznawalnych polskich projektantek mody. Tworzy mocn\u0105 i charakterystyczn\u0105 mark\u0119 \u2013 jej styl okre\u015blany jako ozdobny minimalizm jest ho\u0142dem dla szykownej i eleganckiej nonszalancji, charyzmatycznej kobieco\u015bci.\",\"potentialAction\":[{\"@type\":\"SearchAction\",\"target\":{\"@type\":\"EntryPoint\",\"urlTemplate\":\"https:\/\/aniakuczynska.com\/?s={search_term_string}\"},\"query-input\":{\"@type\":\"PropertyValueSpecification\",\"valueRequired\":true,\"valueName\":\"search_term_string\"}}],\"inLanguage\":\"en-US\"}]}<\/script>\n<!-- \/ Yoast SEO plugin. -->","yoast_head_json":{"title":"Handmade silk scarf by Jakub Glinski x Ania Kuczynska - Ania Kuczy\u0144ska","robots":{"index":"index","follow":"follow","max-snippet":"max-snippet:-1","max-image-preview":"max-image-preview:large","max-video-preview":"max-video-preview:-1"},"canonical":"https:\/\/aniakuczynska.com\/en\/product\/handmade-silk-scarf-by-jakub-glinski-x-ania-kuczynska\/","og_locale":"en_US","og_type":"article","og_title":"Handmade silk scarf by Jakub Glinski x Ania Kuczynska - Ania Kuczy\u0144ska","og_description":"The Delusions project is a painterly attempt to recreate the fleeting thoughts, delusions, personal fatamorgana, shapes and multiplicity of Glinski&#8217;s emotional states. The silk accessory is the starting point for a dialogue between the artist and the designer, using tools characteristic of their work. Inscribed in the fabric, the image comes to life, becomes an [&hellip;]","og_url":"https:\/\/aniakuczynska.com\/en\/product\/handmade-silk-scarf-by-jakub-glinski-x-ania-kuczynska\/","og_site_name":"Ania Kuczy\u0144ska","article_publisher":"https:\/\/www.facebook.com\/aniakuczynskaclothingbrand\/","article_modified_time":"2024-11-28T14:58:29+00:00","og_image":[{"width":1333,"height":2000,"url":"https:\/\/aniakuczynska.com\/wp-content\/uploads\/2024\/11\/13_11_24_AniaKuczynska2797.jpg","type":"image\/jpeg"}],"twitter_card":"summary_large_image","twitter_misc":{"Est. reading time":"3 minutes"},"schema":{"@context":"https:\/\/schema.org","@graph":[{"@type":"WebPage","@id":"https:\/\/aniakuczynska.com\/en\/product\/handmade-silk-scarf-by-jakub-glinski-x-ania-kuczynska\/","url":"https:\/\/aniakuczynska.com\/en\/product\/handmade-silk-scarf-by-jakub-glinski-x-ania-kuczynska\/","name":"Handmade silk scarf by Jakub Glinski x Ania Kuczynska - Ania Kuczy\u0144ska","isPartOf":{"@id":"https:\/\/aniakuczynska.com\/#website"},"primaryImageOfPage":{"@id":"https:\/\/aniakuczynska.com\/en\/product\/handmade-silk-scarf-by-jakub-glinski-x-ania-kuczynska\/#primaryimage"},"image":{"@id":"https:\/\/aniakuczynska.com\/en\/product\/handmade-silk-scarf-by-jakub-glinski-x-ania-kuczynska\/#primaryimage"},"thumbnailUrl":"https:\/\/aniakuczynska.com\/wp-content\/uploads\/2024\/11\/13_11_24_AniaKuczynska2797.jpg","datePublished":"2022-11-07T12:53:45+00:00","dateModified":"2024-11-28T14:58:29+00:00","breadcrumb":{"@id":"https:\/\/aniakuczynska.com\/en\/product\/handmade-silk-scarf-by-jakub-glinski-x-ania-kuczynska\/#breadcrumb"},"inLanguage":"en-US","potentialAction":[{"@type":"ReadAction","target":["https:\/\/aniakuczynska.com\/en\/product\/handmade-silk-scarf-by-jakub-glinski-x-ania-kuczynska\/"]}]},{"@type":"ImageObject","inLanguage":"en-US","@id":"https:\/\/aniakuczynska.com\/en\/product\/handmade-silk-scarf-by-jakub-glinski-x-ania-kuczynska\/#primaryimage","url":"https:\/\/aniakuczynska.com\/wp-content\/uploads\/2024\/11\/13_11_24_AniaKuczynska2797.jpg","contentUrl":"https:\/\/aniakuczynska.com\/wp-content\/uploads\/2024\/11\/13_11_24_AniaKuczynska2797.jpg","width":1333,"height":2000},{"@type":"BreadcrumbList","@id":"https:\/\/aniakuczynska.com\/en\/product\/handmade-silk-scarf-by-jakub-glinski-x-ania-kuczynska\/#breadcrumb","itemListElement":[{"@type":"ListItem","position":1,"name":"Strona g\u0142\u00f3wna","item":"https:\/\/aniakuczynska.com\/en\/"},{"@type":"ListItem","position":2,"name":"Shop","item":"https:\/\/aniakuczynska.com\/en\/shop\/"},{"@type":"ListItem","position":3,"name":"Handmade silk scarf by Jakub Glinski x Ania Kuczynska"}]},{"@type":"WebSite","@id":"https:\/\/aniakuczynska.com\/#website","url":"https:\/\/aniakuczynska.com\/","name":"Ania Kuczy\u0144ska","description":"Ania Kuczy\u0144ska to jedna z najbardziej cenionych i rozpoznawalnych polskich projektantek mody. Tworzy mocn\u0105 i charakterystyczn\u0105 mark\u0119 \u2013 jej styl okre\u015blany jako ozdobny minimalizm jest ho\u0142dem dla szykownej i eleganckiej nonszalancji, charyzmatycznej kobieco\u015bci.","potentialAction":[{"@type":"SearchAction","target":{"@type":"EntryPoint","urlTemplate":"https:\/\/aniakuczynska.com\/?s={search_term_string}"},"query-input":{"@type":"PropertyValueSpecification","valueRequired":true,"valueName":"search_term_string"}}],"inLanguage":"en-US"}]}},"_links":{"self":[{"href":"https:\/\/aniakuczynska.com\/en\/wp-json\/wp\/v2\/product\/17198","targetHints":{"allow":["GET"]}}],"collection":[{"href":"https:\/\/aniakuczynska.com\/en\/wp-json\/wp\/v2\/product"}],"about":[{"href":"https:\/\/aniakuczynska.com\/en\/wp-json\/wp\/v2\/types\/product"}],"replies":[{"embeddable":true,"href":"https:\/\/aniakuczynska.com\/en\/wp-json\/wp\/v2\/comments?post=17198"}],"wp:featuredmedia":[{"embeddable":true,"href":"https:\/\/aniakuczynska.com\/en\/wp-json\/wp\/v2\/media\/25971"}],"wp:attachment":[{"href":"https:\/\/aniakuczynska.com\/en\/wp-json\/wp\/v2\/media?parent=17198"}],"wp:term":[{"taxonomy":"product_brand","embeddable":true,"href":"https:\/\/aniakuczynska.com\/en\/wp-json\/wp\/v2\/product_brand?post=17198"},{"taxonomy":"product_cat","embeddable":true,"href":"https:\/\/aniakuczynska.com\/en\/wp-json\/wp\/v2\/product_cat?post=17198"},{"taxonomy":"product_tag","embeddable":true,"href":"https:\/\/aniakuczynska.com\/en\/wp-json\/wp\/v2\/product_tag?post=17198"}],"curies":[{"name":"wp","href":"https:\/\/api.w.org\/{rel}","templated":true}]}}