{"id":15454,"date":"2018-04-13T23:23:53","date_gmt":"2022-04-22T14:04:51","guid":{"rendered":"https:\/\/aniakuczynska.com\/?post_type=product&#038;p=15454"},"modified":"2024-02-20T13:10:46","modified_gmt":"2024-02-20T13:10:46","slug":"pekin-bohemian-black-bawelniana-torba-inicjaly","status":"publish","type":"product","link":"https:\/\/aniakuczynska.com\/en\/product\/pekin-bohemian-black-bawelniana-torba-inicjaly\/","title":{"rendered":"Pekin Bohemian Black tote bag with leather logo \/ Personalization"},"content":{"rendered":"<p style=\"text-align: justify;\">Pekin bag is inspired by Ania&#8217;s trip to China. Made of soft, cotton canvas, the bag is light, comfortable and roomy. Two lengths of the handles allow you to wear it in different ways. Its shape refers to the famous Gym Bag of the 80s.<\/p>\n<p class=\"p1\" style=\"text-align: justify;\"><span class=\"s1\">Personalization romantically symbolize personal connection between an object and its owner. Hand pressed initials invite to take a step back in time and depart on a vintage-like journey, turn into a captivating tale, become a symbol of perfect union. <\/span><\/p>\n<p class=\"p1\" style=\"text-align: justify;\"><span class=\"s1\">Please inform us of the initials of your choosing in the comment section of your order. <\/span><\/p>\n<p class=\"p1\" style=\"text-align: justify;\"><span class=\"s1\">Personalized product not eligible for returns or exchange.<\/span><\/p>\n","protected":false},"excerpt":{"rendered":"<ul>\n<li>Made in Poland.<\/li>\n<li>Meets all the EU environmental\u00a0standards.<\/li>\n<li>Composition: Cotton 100%, leather elements.<\/li>\n<li>Color: Black\/Black Couture.<\/li>\n<li>Contains two big inside pockets.<\/li>\n<li>The bag is also available in a variant with black leather.<\/li>\n<li>Hand sewn designer\u2019s logo.<\/li>\n<li>The logo is embossed on the leather tag by hand.<\/li>\n<li>Dry clean.<\/li>\n<li>Leather elements require careful care. Leather accessories may change their natural color to a darker tone after applying an impregnation or during use under the influence of sunlight.<\/li>\n<li>Unisex.<\/li>\n<li><\/li>\n<\/ul>\n","protected":false},"featured_media":20386,"comment_status":"closed","ping_status":"closed","template":"","meta":{"_acf_changed":false},"product_brand":[],"product_cat":[290],"product_tag":[],"class_list":{"0":"post-15454","1":"product","2":"type-product","3":"status-publish","4":"has-post-thumbnail","6":"product_cat-personalization-en","7":"pa_kolor-black","8":"pa_rozmiar-onesize-en","10":"first","11":"instock","12":"shipping-taxable","13":"purchasable","14":"product-type-variable","15":"has-default-attributes"},"acf":[],"yoast_head":"<!-- This site is optimized with the Yoast SEO plugin v24.5 - https:\/\/yoast.com\/wordpress\/plugins\/seo\/ -->\n<title>Pekin Bohemian Black tote bag with leather logo \/ Personalization - Ania Kuczy\u0144ska<\/title>\n<meta name=\"robots\" content=\"index, follow, max-snippet:-1, max-image-preview:large, max-video-preview:-1\" \/>\n<link rel=\"canonical\" href=\"https:\/\/aniakuczynska.com\/en\/product\/pekin-bohemian-black-bawelniana-torba-inicjaly\/\" \/>\n<meta property=\"og:locale\" content=\"en_US\" \/>\n<meta property=\"og:type\" content=\"article\" \/>\n<meta property=\"og:title\" content=\"Pekin Bohemian Black tote bag with leather logo \/ Personalization - Ania Kuczy\u0144ska\" \/>\n<meta property=\"og:description\" content=\"Made in Poland.  Meets all the EU environmental\u00a0standards.  Composition: Cotton 100%, leather elements.  Color: Black\/Black Couture.  Contains two big inside pockets.  The bag is also available in a variant with black leather.  Hand sewn designer\u2019s logo.  The logo is embossed on the leather tag by hand.  Dry clean.  Leather elements require careful care. Leather accessories may change their natural color to a darker tone after applying an impregnation or during use under the influence of sunlight.  Unisex.\" \/>\n<meta property=\"og:url\" content=\"https:\/\/aniakuczynska.com\/en\/product\/pekin-bohemian-black-bawelniana-torba-inicjaly\/\" \/>\n<meta property=\"og:site_name\" content=\"Ania Kuczy\u0144ska\" \/>\n<meta property=\"article:publisher\" content=\"https:\/\/www.facebook.com\/aniakuczynskaclothingbrand\/\" \/>\n<meta property=\"article:modified_time\" content=\"2024-02-20T13:10:46+00:00\" \/>\n<meta property=\"og:image\" content=\"https:\/\/aniakuczynska.com\/wp-content\/uploads\/2018\/04\/IMG_1555_s.jpg\" \/>\n\t<meta property=\"og:image:width\" content=\"1125\" \/>\n\t<meta property=\"og:image:height\" content=\"1500\" \/>\n\t<meta property=\"og:image:type\" content=\"image\/jpeg\" \/>\n<meta name=\"twitter:card\" content=\"summary_large_image\" \/>\n<meta name=\"twitter:label1\" content=\"Est. reading time\" \/>\n\t<meta name=\"twitter:data1\" content=\"1 minute\" \/>\n<script type=\"application\/ld+json\" class=\"yoast-schema-graph\">{\"@context\":\"https:\/\/schema.org\",\"@graph\":[{\"@type\":\"WebPage\",\"@id\":\"https:\/\/aniakuczynska.com\/en\/product\/pekin-bohemian-black-bawelniana-torba-inicjaly\/\",\"url\":\"https:\/\/aniakuczynska.com\/en\/product\/pekin-bohemian-black-bawelniana-torba-inicjaly\/\",\"name\":\"Pekin Bohemian Black tote bag with leather logo \/ Personalization - Ania Kuczy\u0144ska\",\"isPartOf\":{\"@id\":\"https:\/\/aniakuczynska.com\/#website\"},\"primaryImageOfPage\":{\"@id\":\"https:\/\/aniakuczynska.com\/en\/product\/pekin-bohemian-black-bawelniana-torba-inicjaly\/#primaryimage\"},\"image\":{\"@id\":\"https:\/\/aniakuczynska.com\/en\/product\/pekin-bohemian-black-bawelniana-torba-inicjaly\/#primaryimage\"},\"thumbnailUrl\":\"https:\/\/aniakuczynska.com\/wp-content\/uploads\/2018\/04\/IMG_1555_s.jpg\",\"datePublished\":\"2022-04-22T14:04:51+00:00\",\"dateModified\":\"2024-02-20T13:10:46+00:00\",\"breadcrumb\":{\"@id\":\"https:\/\/aniakuczynska.com\/en\/product\/pekin-bohemian-black-bawelniana-torba-inicjaly\/#breadcrumb\"},\"inLanguage\":\"en-US\",\"potentialAction\":[{\"@type\":\"ReadAction\",\"target\":[\"https:\/\/aniakuczynska.com\/en\/product\/pekin-bohemian-black-bawelniana-torba-inicjaly\/\"]}]},{\"@type\":\"ImageObject\",\"inLanguage\":\"en-US\",\"@id\":\"https:\/\/aniakuczynska.com\/en\/product\/pekin-bohemian-black-bawelniana-torba-inicjaly\/#primaryimage\",\"url\":\"https:\/\/aniakuczynska.com\/wp-content\/uploads\/2018\/04\/IMG_1555_s.jpg\",\"contentUrl\":\"https:\/\/aniakuczynska.com\/wp-content\/uploads\/2018\/04\/IMG_1555_s.jpg\",\"width\":1125,\"height\":1500},{\"@type\":\"BreadcrumbList\",\"@id\":\"https:\/\/aniakuczynska.com\/en\/product\/pekin-bohemian-black-bawelniana-torba-inicjaly\/#breadcrumb\",\"itemListElement\":[{\"@type\":\"ListItem\",\"position\":1,\"name\":\"Strona g\u0142\u00f3wna\",\"item\":\"https:\/\/aniakuczynska.com\/en\/\"},{\"@type\":\"ListItem\",\"position\":2,\"name\":\"Shop\",\"item\":\"https:\/\/aniakuczynska.com\/en\/shop\/\"},{\"@type\":\"ListItem\",\"position\":3,\"name\":\"Pekin Bohemian Black tote bag with leather logo \/ Personalization\"}]},{\"@type\":\"WebSite\",\"@id\":\"https:\/\/aniakuczynska.com\/#website\",\"url\":\"https:\/\/aniakuczynska.com\/\",\"name\":\"Ania Kuczy\u0144ska\",\"description\":\"Ania Kuczy\u0144ska to jedna z najbardziej cenionych i rozpoznawalnych polskich projektantek mody. Tworzy mocn\u0105 i charakterystyczn\u0105 mark\u0119 \u2013 jej styl okre\u015blany jako ozdobny minimalizm jest ho\u0142dem dla szykownej i eleganckiej nonszalancji, charyzmatycznej kobieco\u015bci.\",\"potentialAction\":[{\"@type\":\"SearchAction\",\"target\":{\"@type\":\"EntryPoint\",\"urlTemplate\":\"https:\/\/aniakuczynska.com\/?s={search_term_string}\"},\"query-input\":{\"@type\":\"PropertyValueSpecification\",\"valueRequired\":true,\"valueName\":\"search_term_string\"}}],\"inLanguage\":\"en-US\"}]}<\/script>\n<!-- \/ Yoast SEO plugin. -->","yoast_head_json":{"title":"Pekin Bohemian Black tote bag with leather logo \/ Personalization - Ania Kuczy\u0144ska","robots":{"index":"index","follow":"follow","max-snippet":"max-snippet:-1","max-image-preview":"max-image-preview:large","max-video-preview":"max-video-preview:-1"},"canonical":"https:\/\/aniakuczynska.com\/en\/product\/pekin-bohemian-black-bawelniana-torba-inicjaly\/","og_locale":"en_US","og_type":"article","og_title":"Pekin Bohemian Black tote bag with leather logo \/ Personalization - Ania Kuczy\u0144ska","og_description":"Made in Poland.  Meets all the EU environmental\u00a0standards.  Composition: Cotton 100%, leather elements.  Color: Black\/Black Couture.  Contains two big inside pockets.  The bag is also available in a variant with black leather.  Hand sewn designer\u2019s logo.  The logo is embossed on the leather tag by hand.  Dry clean.  Leather elements require careful care. Leather accessories may change their natural color to a darker tone after applying an impregnation or during use under the influence of sunlight.  Unisex.","og_url":"https:\/\/aniakuczynska.com\/en\/product\/pekin-bohemian-black-bawelniana-torba-inicjaly\/","og_site_name":"Ania Kuczy\u0144ska","article_publisher":"https:\/\/www.facebook.com\/aniakuczynskaclothingbrand\/","article_modified_time":"2024-02-20T13:10:46+00:00","og_image":[{"width":1125,"height":1500,"url":"https:\/\/aniakuczynska.com\/wp-content\/uploads\/2018\/04\/IMG_1555_s.jpg","type":"image\/jpeg"}],"twitter_card":"summary_large_image","twitter_misc":{"Est. reading time":"1 minute"},"schema":{"@context":"https:\/\/schema.org","@graph":[{"@type":"WebPage","@id":"https:\/\/aniakuczynska.com\/en\/product\/pekin-bohemian-black-bawelniana-torba-inicjaly\/","url":"https:\/\/aniakuczynska.com\/en\/product\/pekin-bohemian-black-bawelniana-torba-inicjaly\/","name":"Pekin Bohemian Black tote bag with leather logo \/ Personalization - Ania Kuczy\u0144ska","isPartOf":{"@id":"https:\/\/aniakuczynska.com\/#website"},"primaryImageOfPage":{"@id":"https:\/\/aniakuczynska.com\/en\/product\/pekin-bohemian-black-bawelniana-torba-inicjaly\/#primaryimage"},"image":{"@id":"https:\/\/aniakuczynska.com\/en\/product\/pekin-bohemian-black-bawelniana-torba-inicjaly\/#primaryimage"},"thumbnailUrl":"https:\/\/aniakuczynska.com\/wp-content\/uploads\/2018\/04\/IMG_1555_s.jpg","datePublished":"2022-04-22T14:04:51+00:00","dateModified":"2024-02-20T13:10:46+00:00","breadcrumb":{"@id":"https:\/\/aniakuczynska.com\/en\/product\/pekin-bohemian-black-bawelniana-torba-inicjaly\/#breadcrumb"},"inLanguage":"en-US","potentialAction":[{"@type":"ReadAction","target":["https:\/\/aniakuczynska.com\/en\/product\/pekin-bohemian-black-bawelniana-torba-inicjaly\/"]}]},{"@type":"ImageObject","inLanguage":"en-US","@id":"https:\/\/aniakuczynska.com\/en\/product\/pekin-bohemian-black-bawelniana-torba-inicjaly\/#primaryimage","url":"https:\/\/aniakuczynska.com\/wp-content\/uploads\/2018\/04\/IMG_1555_s.jpg","contentUrl":"https:\/\/aniakuczynska.com\/wp-content\/uploads\/2018\/04\/IMG_1555_s.jpg","width":1125,"height":1500},{"@type":"BreadcrumbList","@id":"https:\/\/aniakuczynska.com\/en\/product\/pekin-bohemian-black-bawelniana-torba-inicjaly\/#breadcrumb","itemListElement":[{"@type":"ListItem","position":1,"name":"Strona g\u0142\u00f3wna","item":"https:\/\/aniakuczynska.com\/en\/"},{"@type":"ListItem","position":2,"name":"Shop","item":"https:\/\/aniakuczynska.com\/en\/shop\/"},{"@type":"ListItem","position":3,"name":"Pekin Bohemian Black tote bag with leather logo \/ Personalization"}]},{"@type":"WebSite","@id":"https:\/\/aniakuczynska.com\/#website","url":"https:\/\/aniakuczynska.com\/","name":"Ania Kuczy\u0144ska","description":"Ania Kuczy\u0144ska to jedna z najbardziej cenionych i rozpoznawalnych polskich projektantek mody. Tworzy mocn\u0105 i charakterystyczn\u0105 mark\u0119 \u2013 jej styl okre\u015blany jako ozdobny minimalizm jest ho\u0142dem dla szykownej i eleganckiej nonszalancji, charyzmatycznej kobieco\u015bci.","potentialAction":[{"@type":"SearchAction","target":{"@type":"EntryPoint","urlTemplate":"https:\/\/aniakuczynska.com\/?s={search_term_string}"},"query-input":{"@type":"PropertyValueSpecification","valueRequired":true,"valueName":"search_term_string"}}],"inLanguage":"en-US"}]}},"_links":{"self":[{"href":"https:\/\/aniakuczynska.com\/en\/wp-json\/wp\/v2\/product\/15454","targetHints":{"allow":["GET"]}}],"collection":[{"href":"https:\/\/aniakuczynska.com\/en\/wp-json\/wp\/v2\/product"}],"about":[{"href":"https:\/\/aniakuczynska.com\/en\/wp-json\/wp\/v2\/types\/product"}],"replies":[{"embeddable":true,"href":"https:\/\/aniakuczynska.com\/en\/wp-json\/wp\/v2\/comments?post=15454"}],"wp:featuredmedia":[{"embeddable":true,"href":"https:\/\/aniakuczynska.com\/en\/wp-json\/wp\/v2\/media\/20386"}],"wp:attachment":[{"href":"https:\/\/aniakuczynska.com\/en\/wp-json\/wp\/v2\/media?parent=15454"}],"wp:term":[{"taxonomy":"product_brand","embeddable":true,"href":"https:\/\/aniakuczynska.com\/en\/wp-json\/wp\/v2\/product_brand?post=15454"},{"taxonomy":"product_cat","embeddable":true,"href":"https:\/\/aniakuczynska.com\/en\/wp-json\/wp\/v2\/product_cat?post=15454"},{"taxonomy":"product_tag","embeddable":true,"href":"https:\/\/aniakuczynska.com\/en\/wp-json\/wp\/v2\/product_tag?post=15454"}],"curies":[{"name":"wp","href":"https:\/\/api.w.org\/{rel}","templated":true}]}}