{"id":15443,"date":"2018-06-20T08:08:15","date_gmt":"2022-04-22T14:02:08","guid":{"rendered":"https:\/\/aniakuczynska.com\/?post_type=product&#038;p=15443"},"modified":"2026-03-28T07:28:11","modified_gmt":"2026-03-28T07:28:11","slug":"ansedonia-t-shirt-z-bawelny-supima","status":"publish","type":"product","link":"https:\/\/aniakuczynska.com\/en\/product\/ansedonia-t-shirt-z-bawelny-supima\/","title":{"rendered":"Amica Supima cotton T-shirt"},"content":{"rendered":"<p style=\"text-align: justify;\">Amica T-shirt is made from quality Supima cotton. Well-fitting, hip-length and with narrow, elbow-length sleeves. An essential item that perfectly complements skirts and pants from Ania Kuczy\u0144ska\u2019s collection.<\/p>\n<p style=\"text-align: justify;\"><strong>The brand has decided to allocate a portion of funds from each sale in the stationary store and online to purchase and plant bulbous plants in the Warsaw area.<\/strong><\/p>\n<p>\u2013The brand\u2019s clothing and accessories are produced in Poland with a reduced carbon footprint.<br \/>\n\u2013Fabrics and accessories are produced in Europe.<br \/>\n\u2013The packaging is 100% biodegradable.<\/p>\n<p>Shop consciously and LOVE our Planet.<\/p>\n","protected":false},"excerpt":{"rendered":"<ul>\n<li>Made in Poland.<\/li>\n<li>Size: S\/M\/L.<\/li>\n<li>Composition: 100% Supima cotton.<\/li>\n<li>Color: Black\/Notte.<\/li>\n<li>Hand-sewn designer&#8217;s logo.<\/li>\n<li>Dry clean.<\/li>\n<\/ul>\n","protected":false},"featured_media":25943,"comment_status":"open","ping_status":"closed","template":"","meta":{"_acf_changed":false},"product_brand":[],"product_cat":[256,295,285,287,254],"product_tag":[],"class_list":{"0":"post-15443","1":"product","2":"type-product","3":"status-publish","4":"has-post-thumbnail","6":"product_cat-clothes","7":"product_cat-new-vintage-eng","8":"product_cat-shirts","9":"product_cat-tops","10":"product_cat-woman","11":"pa_material-cotton","12":"pa_rozmiar-s-en","13":"pa_rozmiar-m-en","14":"pa_rozmiar-l-en","16":"first","17":"instock","18":"shipping-taxable","19":"purchasable","20":"product-type-variable"},"acf":[],"yoast_head":"<!-- This site is optimized with the Yoast SEO plugin v24.5 - https:\/\/yoast.com\/wordpress\/plugins\/seo\/ -->\n<title>Amica Supima cotton T-shirt - Ania Kuczy\u0144ska<\/title>\n<meta name=\"robots\" content=\"index, follow, max-snippet:-1, max-image-preview:large, max-video-preview:-1\" \/>\n<link rel=\"canonical\" href=\"https:\/\/aniakuczynska.com\/en\/product\/ansedonia-t-shirt-z-bawelny-supima\/\" \/>\n<meta property=\"og:locale\" content=\"en_US\" \/>\n<meta property=\"og:type\" content=\"article\" \/>\n<meta property=\"og:title\" content=\"Amica Supima cotton T-shirt - Ania Kuczy\u0144ska\" \/>\n<meta property=\"og:description\" content=\"Made in Poland.  Size: S\/M\/L.  Composition: 100% Supima cotton.  Color: Black\/Notte.  Hand-sewn designer&#039;s logo.  Dry clean.\" \/>\n<meta property=\"og:url\" content=\"https:\/\/aniakuczynska.com\/en\/product\/ansedonia-t-shirt-z-bawelny-supima\/\" \/>\n<meta property=\"og:site_name\" content=\"Ania Kuczy\u0144ska\" \/>\n<meta property=\"article:publisher\" content=\"https:\/\/www.facebook.com\/aniakuczynskaclothingbrand\/\" \/>\n<meta property=\"article:modified_time\" content=\"2026-03-28T07:28:11+00:00\" \/>\n<meta property=\"og:image\" content=\"https:\/\/aniakuczynska.com\/wp-content\/uploads\/2024\/11\/13_11_24_AniaKuczynska2531.jpg\" \/>\n\t<meta property=\"og:image:width\" content=\"1333\" \/>\n\t<meta property=\"og:image:height\" content=\"2000\" \/>\n\t<meta property=\"og:image:type\" content=\"image\/jpeg\" \/>\n<meta name=\"twitter:card\" content=\"summary_large_image\" \/>\n<meta name=\"twitter:label1\" content=\"Est. reading time\" \/>\n\t<meta name=\"twitter:data1\" content=\"2 minutes\" \/>\n<script type=\"application\/ld+json\" class=\"yoast-schema-graph\">{\"@context\":\"https:\/\/schema.org\",\"@graph\":[{\"@type\":\"WebPage\",\"@id\":\"https:\/\/aniakuczynska.com\/en\/product\/ansedonia-t-shirt-z-bawelny-supima\/\",\"url\":\"https:\/\/aniakuczynska.com\/en\/product\/ansedonia-t-shirt-z-bawelny-supima\/\",\"name\":\"Amica Supima cotton T-shirt - Ania Kuczy\u0144ska\",\"isPartOf\":{\"@id\":\"https:\/\/aniakuczynska.com\/#website\"},\"primaryImageOfPage\":{\"@id\":\"https:\/\/aniakuczynska.com\/en\/product\/ansedonia-t-shirt-z-bawelny-supima\/#primaryimage\"},\"image\":{\"@id\":\"https:\/\/aniakuczynska.com\/en\/product\/ansedonia-t-shirt-z-bawelny-supima\/#primaryimage\"},\"thumbnailUrl\":\"https:\/\/aniakuczynska.com\/wp-content\/uploads\/2024\/11\/13_11_24_AniaKuczynska2531.jpg\",\"datePublished\":\"2022-04-22T14:02:08+00:00\",\"dateModified\":\"2026-03-28T07:28:11+00:00\",\"breadcrumb\":{\"@id\":\"https:\/\/aniakuczynska.com\/en\/product\/ansedonia-t-shirt-z-bawelny-supima\/#breadcrumb\"},\"inLanguage\":\"en-US\",\"potentialAction\":[{\"@type\":\"ReadAction\",\"target\":[\"https:\/\/aniakuczynska.com\/en\/product\/ansedonia-t-shirt-z-bawelny-supima\/\"]}]},{\"@type\":\"ImageObject\",\"inLanguage\":\"en-US\",\"@id\":\"https:\/\/aniakuczynska.com\/en\/product\/ansedonia-t-shirt-z-bawelny-supima\/#primaryimage\",\"url\":\"https:\/\/aniakuczynska.com\/wp-content\/uploads\/2024\/11\/13_11_24_AniaKuczynska2531.jpg\",\"contentUrl\":\"https:\/\/aniakuczynska.com\/wp-content\/uploads\/2024\/11\/13_11_24_AniaKuczynska2531.jpg\",\"width\":1333,\"height\":2000},{\"@type\":\"BreadcrumbList\",\"@id\":\"https:\/\/aniakuczynska.com\/en\/product\/ansedonia-t-shirt-z-bawelny-supima\/#breadcrumb\",\"itemListElement\":[{\"@type\":\"ListItem\",\"position\":1,\"name\":\"Strona g\u0142\u00f3wna\",\"item\":\"https:\/\/aniakuczynska.com\/en\/\"},{\"@type\":\"ListItem\",\"position\":2,\"name\":\"Shop\",\"item\":\"https:\/\/aniakuczynska.com\/en\/shop\/\"},{\"@type\":\"ListItem\",\"position\":3,\"name\":\"Amica Supima cotton T-shirt\"}]},{\"@type\":\"WebSite\",\"@id\":\"https:\/\/aniakuczynska.com\/#website\",\"url\":\"https:\/\/aniakuczynska.com\/\",\"name\":\"Ania Kuczy\u0144ska\",\"description\":\"Ania Kuczy\u0144ska to jedna z najbardziej cenionych i rozpoznawalnych polskich projektantek mody. Tworzy mocn\u0105 i charakterystyczn\u0105 mark\u0119 \u2013 jej styl okre\u015blany jako ozdobny minimalizm jest ho\u0142dem dla szykownej i eleganckiej nonszalancji, charyzmatycznej kobieco\u015bci.\",\"potentialAction\":[{\"@type\":\"SearchAction\",\"target\":{\"@type\":\"EntryPoint\",\"urlTemplate\":\"https:\/\/aniakuczynska.com\/?s={search_term_string}\"},\"query-input\":{\"@type\":\"PropertyValueSpecification\",\"valueRequired\":true,\"valueName\":\"search_term_string\"}}],\"inLanguage\":\"en-US\"}]}<\/script>\n<!-- \/ Yoast SEO plugin. -->","yoast_head_json":{"title":"Amica Supima cotton T-shirt - Ania Kuczy\u0144ska","robots":{"index":"index","follow":"follow","max-snippet":"max-snippet:-1","max-image-preview":"max-image-preview:large","max-video-preview":"max-video-preview:-1"},"canonical":"https:\/\/aniakuczynska.com\/en\/product\/ansedonia-t-shirt-z-bawelny-supima\/","og_locale":"en_US","og_type":"article","og_title":"Amica Supima cotton T-shirt - Ania Kuczy\u0144ska","og_description":"Made in Poland.  Size: S\/M\/L.  Composition: 100% Supima cotton.  Color: Black\/Notte.  Hand-sewn designer's logo.  Dry clean.","og_url":"https:\/\/aniakuczynska.com\/en\/product\/ansedonia-t-shirt-z-bawelny-supima\/","og_site_name":"Ania Kuczy\u0144ska","article_publisher":"https:\/\/www.facebook.com\/aniakuczynskaclothingbrand\/","article_modified_time":"2026-03-28T07:28:11+00:00","og_image":[{"width":1333,"height":2000,"url":"https:\/\/aniakuczynska.com\/wp-content\/uploads\/2024\/11\/13_11_24_AniaKuczynska2531.jpg","type":"image\/jpeg"}],"twitter_card":"summary_large_image","twitter_misc":{"Est. reading time":"2 minutes"},"schema":{"@context":"https:\/\/schema.org","@graph":[{"@type":"WebPage","@id":"https:\/\/aniakuczynska.com\/en\/product\/ansedonia-t-shirt-z-bawelny-supima\/","url":"https:\/\/aniakuczynska.com\/en\/product\/ansedonia-t-shirt-z-bawelny-supima\/","name":"Amica Supima cotton T-shirt - Ania Kuczy\u0144ska","isPartOf":{"@id":"https:\/\/aniakuczynska.com\/#website"},"primaryImageOfPage":{"@id":"https:\/\/aniakuczynska.com\/en\/product\/ansedonia-t-shirt-z-bawelny-supima\/#primaryimage"},"image":{"@id":"https:\/\/aniakuczynska.com\/en\/product\/ansedonia-t-shirt-z-bawelny-supima\/#primaryimage"},"thumbnailUrl":"https:\/\/aniakuczynska.com\/wp-content\/uploads\/2024\/11\/13_11_24_AniaKuczynska2531.jpg","datePublished":"2022-04-22T14:02:08+00:00","dateModified":"2026-03-28T07:28:11+00:00","breadcrumb":{"@id":"https:\/\/aniakuczynska.com\/en\/product\/ansedonia-t-shirt-z-bawelny-supima\/#breadcrumb"},"inLanguage":"en-US","potentialAction":[{"@type":"ReadAction","target":["https:\/\/aniakuczynska.com\/en\/product\/ansedonia-t-shirt-z-bawelny-supima\/"]}]},{"@type":"ImageObject","inLanguage":"en-US","@id":"https:\/\/aniakuczynska.com\/en\/product\/ansedonia-t-shirt-z-bawelny-supima\/#primaryimage","url":"https:\/\/aniakuczynska.com\/wp-content\/uploads\/2024\/11\/13_11_24_AniaKuczynska2531.jpg","contentUrl":"https:\/\/aniakuczynska.com\/wp-content\/uploads\/2024\/11\/13_11_24_AniaKuczynska2531.jpg","width":1333,"height":2000},{"@type":"BreadcrumbList","@id":"https:\/\/aniakuczynska.com\/en\/product\/ansedonia-t-shirt-z-bawelny-supima\/#breadcrumb","itemListElement":[{"@type":"ListItem","position":1,"name":"Strona g\u0142\u00f3wna","item":"https:\/\/aniakuczynska.com\/en\/"},{"@type":"ListItem","position":2,"name":"Shop","item":"https:\/\/aniakuczynska.com\/en\/shop\/"},{"@type":"ListItem","position":3,"name":"Amica Supima cotton T-shirt"}]},{"@type":"WebSite","@id":"https:\/\/aniakuczynska.com\/#website","url":"https:\/\/aniakuczynska.com\/","name":"Ania Kuczy\u0144ska","description":"Ania Kuczy\u0144ska to jedna z najbardziej cenionych i rozpoznawalnych polskich projektantek mody. Tworzy mocn\u0105 i charakterystyczn\u0105 mark\u0119 \u2013 jej styl okre\u015blany jako ozdobny minimalizm jest ho\u0142dem dla szykownej i eleganckiej nonszalancji, charyzmatycznej kobieco\u015bci.","potentialAction":[{"@type":"SearchAction","target":{"@type":"EntryPoint","urlTemplate":"https:\/\/aniakuczynska.com\/?s={search_term_string}"},"query-input":{"@type":"PropertyValueSpecification","valueRequired":true,"valueName":"search_term_string"}}],"inLanguage":"en-US"}]}},"_links":{"self":[{"href":"https:\/\/aniakuczynska.com\/en\/wp-json\/wp\/v2\/product\/15443","targetHints":{"allow":["GET"]}}],"collection":[{"href":"https:\/\/aniakuczynska.com\/en\/wp-json\/wp\/v2\/product"}],"about":[{"href":"https:\/\/aniakuczynska.com\/en\/wp-json\/wp\/v2\/types\/product"}],"replies":[{"embeddable":true,"href":"https:\/\/aniakuczynska.com\/en\/wp-json\/wp\/v2\/comments?post=15443"}],"wp:featuredmedia":[{"embeddable":true,"href":"https:\/\/aniakuczynska.com\/en\/wp-json\/wp\/v2\/media\/25943"}],"wp:attachment":[{"href":"https:\/\/aniakuczynska.com\/en\/wp-json\/wp\/v2\/media?parent=15443"}],"wp:term":[{"taxonomy":"product_brand","embeddable":true,"href":"https:\/\/aniakuczynska.com\/en\/wp-json\/wp\/v2\/product_brand?post=15443"},{"taxonomy":"product_cat","embeddable":true,"href":"https:\/\/aniakuczynska.com\/en\/wp-json\/wp\/v2\/product_cat?post=15443"},{"taxonomy":"product_tag","embeddable":true,"href":"https:\/\/aniakuczynska.com\/en\/wp-json\/wp\/v2\/product_tag?post=15443"}],"curies":[{"name":"wp","href":"https:\/\/api.w.org\/{rel}","templated":true}]}}