{"id":15375,"date":"2019-11-18T12:48:31","date_gmt":"2022-04-22T13:31:24","guid":{"rendered":"https:\/\/aniakuczynska.com\/?post_type=product&#038;p=15375"},"modified":"2024-06-20T14:26:17","modified_gmt":"2024-06-20T14:26:17","slug":"jackie-indigo-bawelniane-spodnie-z-denimu","status":"publish","type":"product","link":"https:\/\/aniakuczynska.com\/en\/product\/jackie-indigo-bawelniane-spodnie-z-denimu\/","title":{"rendered":"Jackie Indigo cotton denim pants"},"content":{"rendered":"<p style=\"text-align: justify;\">Jackie Jeans feature a low rise, quintessential tapered leg, a hand-made\u00a0finish, and a custom-fit button. High-end tailoring combines a sporty look with luxury fashion.<\/p>\n<p style=\"text-align: justify;\"><strong>The brand has decided to allocate a portion of funds from each sale in the stationary store and online to purchase and plant bulbous plants in the Warsaw area.<\/strong><\/p>\n<p>&nbsp;<\/p>\n","protected":false},"excerpt":{"rendered":"<ul>\n<li>Made in Poland.<\/li>\n<li>Size: 34\/36\/38\/40.<\/li>\n<li>Composition: 100% cotton.<\/li>\n<li>Color: Navy blue\/Indigo.<\/li>\n<li>Hand-sewn designer&#8217;s logo.<\/li>\n<li><span class=\"s1\">Wash at 30<em>\u00b0<\/em>.<\/span><\/li>\n<\/ul>\n","protected":false},"featured_media":13873,"comment_status":"open","ping_status":"closed","template":"","meta":{"_acf_changed":false},"product_brand":[],"product_cat":[286,282],"product_tag":[],"class_list":{"0":"post-15375","1":"product","2":"type-product","3":"status-publish","4":"has-post-thumbnail","6":"product_cat-denim-eng","7":"product_cat-trousers","8":"pa_material-cotton","9":"pa_rozmiar-34-en","10":"pa_rozmiar-36-en","11":"pa_rozmiar-38-en","12":"pa_rozmiar-40-en","14":"first","15":"outofstock","16":"shipping-taxable","17":"purchasable","18":"product-type-variable"},"acf":[],"yoast_head":"<!-- This site is optimized with the Yoast SEO plugin v24.5 - https:\/\/yoast.com\/wordpress\/plugins\/seo\/ -->\n<title>Jackie Indigo cotton denim pants - Ania Kuczy\u0144ska<\/title>\n<meta name=\"robots\" content=\"index, follow, max-snippet:-1, max-image-preview:large, max-video-preview:-1\" \/>\n<link rel=\"canonical\" href=\"https:\/\/aniakuczynska.com\/en\/product\/jackie-indigo-bawelniane-spodnie-z-denimu\/\" \/>\n<meta property=\"og:locale\" content=\"en_US\" \/>\n<meta property=\"og:type\" content=\"article\" \/>\n<meta property=\"og:title\" content=\"Jackie Indigo cotton denim pants - Ania Kuczy\u0144ska\" \/>\n<meta property=\"og:description\" content=\"Made in Poland.  Size: 34\/36\/38\/40.  Composition: 100% cotton.  Color: Navy blue\/Indigo.  Hand-sewn designer&#039;s logo.  Wash at 30\u00b0.\" \/>\n<meta property=\"og:url\" content=\"https:\/\/aniakuczynska.com\/en\/product\/jackie-indigo-bawelniane-spodnie-z-denimu\/\" \/>\n<meta property=\"og:site_name\" content=\"Ania Kuczy\u0144ska\" \/>\n<meta property=\"article:publisher\" content=\"https:\/\/www.facebook.com\/aniakuczynskaclothingbrand\/\" \/>\n<meta property=\"article:modified_time\" content=\"2024-06-20T14:26:17+00:00\" \/>\n<meta property=\"og:image\" content=\"https:\/\/aniakuczynska.com\/wp-content\/uploads\/2019\/11\/Jackie-3-1.jpg\" \/>\n\t<meta property=\"og:image:width\" content=\"1125\" \/>\n\t<meta property=\"og:image:height\" content=\"1500\" \/>\n\t<meta property=\"og:image:type\" content=\"image\/jpeg\" \/>\n<meta name=\"twitter:card\" content=\"summary_large_image\" \/>\n<meta name=\"twitter:label1\" content=\"Est. reading time\" \/>\n\t<meta name=\"twitter:data1\" content=\"2 minutes\" \/>\n<script type=\"application\/ld+json\" class=\"yoast-schema-graph\">{\"@context\":\"https:\/\/schema.org\",\"@graph\":[{\"@type\":\"WebPage\",\"@id\":\"https:\/\/aniakuczynska.com\/en\/product\/jackie-indigo-bawelniane-spodnie-z-denimu\/\",\"url\":\"https:\/\/aniakuczynska.com\/en\/product\/jackie-indigo-bawelniane-spodnie-z-denimu\/\",\"name\":\"Jackie Indigo cotton denim pants - Ania Kuczy\u0144ska\",\"isPartOf\":{\"@id\":\"https:\/\/aniakuczynska.com\/#website\"},\"primaryImageOfPage\":{\"@id\":\"https:\/\/aniakuczynska.com\/en\/product\/jackie-indigo-bawelniane-spodnie-z-denimu\/#primaryimage\"},\"image\":{\"@id\":\"https:\/\/aniakuczynska.com\/en\/product\/jackie-indigo-bawelniane-spodnie-z-denimu\/#primaryimage\"},\"thumbnailUrl\":\"https:\/\/aniakuczynska.com\/wp-content\/uploads\/2019\/11\/Jackie-3-1.jpg\",\"datePublished\":\"2022-04-22T13:31:24+00:00\",\"dateModified\":\"2024-06-20T14:26:17+00:00\",\"breadcrumb\":{\"@id\":\"https:\/\/aniakuczynska.com\/en\/product\/jackie-indigo-bawelniane-spodnie-z-denimu\/#breadcrumb\"},\"inLanguage\":\"en-US\",\"potentialAction\":[{\"@type\":\"ReadAction\",\"target\":[\"https:\/\/aniakuczynska.com\/en\/product\/jackie-indigo-bawelniane-spodnie-z-denimu\/\"]}]},{\"@type\":\"ImageObject\",\"inLanguage\":\"en-US\",\"@id\":\"https:\/\/aniakuczynska.com\/en\/product\/jackie-indigo-bawelniane-spodnie-z-denimu\/#primaryimage\",\"url\":\"https:\/\/aniakuczynska.com\/wp-content\/uploads\/2019\/11\/Jackie-3-1.jpg\",\"contentUrl\":\"https:\/\/aniakuczynska.com\/wp-content\/uploads\/2019\/11\/Jackie-3-1.jpg\",\"width\":1125,\"height\":1500},{\"@type\":\"BreadcrumbList\",\"@id\":\"https:\/\/aniakuczynska.com\/en\/product\/jackie-indigo-bawelniane-spodnie-z-denimu\/#breadcrumb\",\"itemListElement\":[{\"@type\":\"ListItem\",\"position\":1,\"name\":\"Strona g\u0142\u00f3wna\",\"item\":\"https:\/\/aniakuczynska.com\/en\/\"},{\"@type\":\"ListItem\",\"position\":2,\"name\":\"Shop\",\"item\":\"https:\/\/aniakuczynska.com\/en\/shop\/\"},{\"@type\":\"ListItem\",\"position\":3,\"name\":\"Jackie Indigo cotton denim pants\"}]},{\"@type\":\"WebSite\",\"@id\":\"https:\/\/aniakuczynska.com\/#website\",\"url\":\"https:\/\/aniakuczynska.com\/\",\"name\":\"Ania Kuczy\u0144ska\",\"description\":\"Ania Kuczy\u0144ska to jedna z najbardziej cenionych i rozpoznawalnych polskich projektantek mody. Tworzy mocn\u0105 i charakterystyczn\u0105 mark\u0119 \u2013 jej styl okre\u015blany jako ozdobny minimalizm jest ho\u0142dem dla szykownej i eleganckiej nonszalancji, charyzmatycznej kobieco\u015bci.\",\"potentialAction\":[{\"@type\":\"SearchAction\",\"target\":{\"@type\":\"EntryPoint\",\"urlTemplate\":\"https:\/\/aniakuczynska.com\/?s={search_term_string}\"},\"query-input\":{\"@type\":\"PropertyValueSpecification\",\"valueRequired\":true,\"valueName\":\"search_term_string\"}}],\"inLanguage\":\"en-US\"}]}<\/script>\n<!-- \/ Yoast SEO plugin. -->","yoast_head_json":{"title":"Jackie Indigo cotton denim pants - Ania Kuczy\u0144ska","robots":{"index":"index","follow":"follow","max-snippet":"max-snippet:-1","max-image-preview":"max-image-preview:large","max-video-preview":"max-video-preview:-1"},"canonical":"https:\/\/aniakuczynska.com\/en\/product\/jackie-indigo-bawelniane-spodnie-z-denimu\/","og_locale":"en_US","og_type":"article","og_title":"Jackie Indigo cotton denim pants - Ania Kuczy\u0144ska","og_description":"Made in Poland.  Size: 34\/36\/38\/40.  Composition: 100% cotton.  Color: Navy blue\/Indigo.  Hand-sewn designer's logo.  Wash at 30\u00b0.","og_url":"https:\/\/aniakuczynska.com\/en\/product\/jackie-indigo-bawelniane-spodnie-z-denimu\/","og_site_name":"Ania Kuczy\u0144ska","article_publisher":"https:\/\/www.facebook.com\/aniakuczynskaclothingbrand\/","article_modified_time":"2024-06-20T14:26:17+00:00","og_image":[{"width":1125,"height":1500,"url":"https:\/\/aniakuczynska.com\/wp-content\/uploads\/2019\/11\/Jackie-3-1.jpg","type":"image\/jpeg"}],"twitter_card":"summary_large_image","twitter_misc":{"Est. reading time":"2 minutes"},"schema":{"@context":"https:\/\/schema.org","@graph":[{"@type":"WebPage","@id":"https:\/\/aniakuczynska.com\/en\/product\/jackie-indigo-bawelniane-spodnie-z-denimu\/","url":"https:\/\/aniakuczynska.com\/en\/product\/jackie-indigo-bawelniane-spodnie-z-denimu\/","name":"Jackie Indigo cotton denim pants - Ania Kuczy\u0144ska","isPartOf":{"@id":"https:\/\/aniakuczynska.com\/#website"},"primaryImageOfPage":{"@id":"https:\/\/aniakuczynska.com\/en\/product\/jackie-indigo-bawelniane-spodnie-z-denimu\/#primaryimage"},"image":{"@id":"https:\/\/aniakuczynska.com\/en\/product\/jackie-indigo-bawelniane-spodnie-z-denimu\/#primaryimage"},"thumbnailUrl":"https:\/\/aniakuczynska.com\/wp-content\/uploads\/2019\/11\/Jackie-3-1.jpg","datePublished":"2022-04-22T13:31:24+00:00","dateModified":"2024-06-20T14:26:17+00:00","breadcrumb":{"@id":"https:\/\/aniakuczynska.com\/en\/product\/jackie-indigo-bawelniane-spodnie-z-denimu\/#breadcrumb"},"inLanguage":"en-US","potentialAction":[{"@type":"ReadAction","target":["https:\/\/aniakuczynska.com\/en\/product\/jackie-indigo-bawelniane-spodnie-z-denimu\/"]}]},{"@type":"ImageObject","inLanguage":"en-US","@id":"https:\/\/aniakuczynska.com\/en\/product\/jackie-indigo-bawelniane-spodnie-z-denimu\/#primaryimage","url":"https:\/\/aniakuczynska.com\/wp-content\/uploads\/2019\/11\/Jackie-3-1.jpg","contentUrl":"https:\/\/aniakuczynska.com\/wp-content\/uploads\/2019\/11\/Jackie-3-1.jpg","width":1125,"height":1500},{"@type":"BreadcrumbList","@id":"https:\/\/aniakuczynska.com\/en\/product\/jackie-indigo-bawelniane-spodnie-z-denimu\/#breadcrumb","itemListElement":[{"@type":"ListItem","position":1,"name":"Strona g\u0142\u00f3wna","item":"https:\/\/aniakuczynska.com\/en\/"},{"@type":"ListItem","position":2,"name":"Shop","item":"https:\/\/aniakuczynska.com\/en\/shop\/"},{"@type":"ListItem","position":3,"name":"Jackie Indigo cotton denim pants"}]},{"@type":"WebSite","@id":"https:\/\/aniakuczynska.com\/#website","url":"https:\/\/aniakuczynska.com\/","name":"Ania Kuczy\u0144ska","description":"Ania Kuczy\u0144ska to jedna z najbardziej cenionych i rozpoznawalnych polskich projektantek mody. Tworzy mocn\u0105 i charakterystyczn\u0105 mark\u0119 \u2013 jej styl okre\u015blany jako ozdobny minimalizm jest ho\u0142dem dla szykownej i eleganckiej nonszalancji, charyzmatycznej kobieco\u015bci.","potentialAction":[{"@type":"SearchAction","target":{"@type":"EntryPoint","urlTemplate":"https:\/\/aniakuczynska.com\/?s={search_term_string}"},"query-input":{"@type":"PropertyValueSpecification","valueRequired":true,"valueName":"search_term_string"}}],"inLanguage":"en-US"}]}},"_links":{"self":[{"href":"https:\/\/aniakuczynska.com\/en\/wp-json\/wp\/v2\/product\/15375","targetHints":{"allow":["GET"]}}],"collection":[{"href":"https:\/\/aniakuczynska.com\/en\/wp-json\/wp\/v2\/product"}],"about":[{"href":"https:\/\/aniakuczynska.com\/en\/wp-json\/wp\/v2\/types\/product"}],"replies":[{"embeddable":true,"href":"https:\/\/aniakuczynska.com\/en\/wp-json\/wp\/v2\/comments?post=15375"}],"wp:featuredmedia":[{"embeddable":true,"href":"https:\/\/aniakuczynska.com\/en\/wp-json\/wp\/v2\/media\/13873"}],"wp:attachment":[{"href":"https:\/\/aniakuczynska.com\/en\/wp-json\/wp\/v2\/media?parent=15375"}],"wp:term":[{"taxonomy":"product_brand","embeddable":true,"href":"https:\/\/aniakuczynska.com\/en\/wp-json\/wp\/v2\/product_brand?post=15375"},{"taxonomy":"product_cat","embeddable":true,"href":"https:\/\/aniakuczynska.com\/en\/wp-json\/wp\/v2\/product_cat?post=15375"},{"taxonomy":"product_tag","embeddable":true,"href":"https:\/\/aniakuczynska.com\/en\/wp-json\/wp\/v2\/product_tag?post=15375"}],"curies":[{"name":"wp","href":"https:\/\/api.w.org\/{rel}","templated":true}]}}