{"id":15281,"date":"2021-02-11T14:31:52","date_gmt":"2022-04-22T12:29:24","guid":{"rendered":"https:\/\/aniakuczynska.com\/?post_type=product&#038;p=15281"},"modified":"2026-02-28T16:00:05","modified_gmt":"2026-02-28T16:00:05","slug":"fiore-spodnie-z-czystej-zywej-welny","status":"publish","type":"product","link":"https:\/\/aniakuczynska.com\/en\/product\/fiore-spodnie-z-czystej-zywej-welny\/","title":{"rendered":"Fiore pure new wool pants"},"content":{"rendered":"<p class=\"p1\" style=\"text-align: justify;\"><span class=\"s1\">The Fiore pants are made of high-quality, smooth and organically produced Portuguese Merino wool with the addition of elastane, thanks to which it does not crease and is comfortable to wear. The minimalistic style, smooth legs with pleats, and hidden pockets in the side seams give the silhouette a retro style, referring to the 60\u2019s. Less is more. Some elements are hand-sewn [ <a href=\"https:\/\/aniakuczynska.com\/en\/blog\/szycie-reczne\/?c=dcf4a7cef989\">read more<\/a> ].<\/span><\/p>\n<p style=\"text-align: justify;\"><strong>The brand has decided to allocate a portion of funds from each sale in the stationary store and online to purchase and plant bulbous plants in the Warsaw area.<\/strong><\/p>\n","protected":false},"excerpt":{"rendered":"<ul>\n<li>Made in Poland.<\/li>\n<li>Size: 34\/36\/38.<\/li>\n<li>Composition: 98% wool, 2% elastane.<\/li>\n<li>Color: Black\/Notte.<\/li>\n<li>Hand-sewn designer&#8217;s logo.<\/li>\n<li>Dry clean.<\/li>\n<\/ul>\n","protected":false},"featured_media":14285,"comment_status":"open","ping_status":"closed","template":"","meta":{"_acf_changed":false},"product_brand":[],"product_cat":[291],"product_tag":[],"class_list":{"0":"post-15281","1":"product","2":"type-product","3":"status-publish","4":"has-post-thumbnail","6":"product_cat-uncategorized-en","8":"first","9":"outofstock","10":"shipping-taxable","11":"purchasable","12":"product-type-variable"},"acf":[],"yoast_head":"<!-- This site is optimized with the Yoast SEO plugin v24.5 - https:\/\/yoast.com\/wordpress\/plugins\/seo\/ -->\n<title>Fiore pure new wool pants - Ania Kuczy\u0144ska<\/title>\n<meta name=\"robots\" content=\"index, follow, max-snippet:-1, max-image-preview:large, max-video-preview:-1\" \/>\n<link rel=\"canonical\" href=\"https:\/\/aniakuczynska.com\/en\/product\/fiore-spodnie-z-czystej-zywej-welny\/\" \/>\n<meta property=\"og:locale\" content=\"en_US\" \/>\n<meta property=\"og:type\" content=\"article\" \/>\n<meta property=\"og:title\" content=\"Fiore pure new wool pants - Ania Kuczy\u0144ska\" \/>\n<meta property=\"og:description\" content=\"Made in Poland.  Size: 34\/36\/38.  Composition: 98% wool, 2% elastane.  Color: Black\/Notte.  Hand-sewn designer&#039;s logo.  Dry clean.\" \/>\n<meta property=\"og:url\" content=\"https:\/\/aniakuczynska.com\/en\/product\/fiore-spodnie-z-czystej-zywej-welny\/\" \/>\n<meta property=\"og:site_name\" content=\"Ania Kuczy\u0144ska\" \/>\n<meta property=\"article:publisher\" content=\"https:\/\/www.facebook.com\/aniakuczynskaclothingbrand\/\" \/>\n<meta property=\"article:modified_time\" content=\"2026-02-28T16:00:05+00:00\" \/>\n<meta property=\"og:image\" content=\"https:\/\/aniakuczynska.com\/wp-content\/uploads\/2021\/02\/Fiore-1-.jpg\" \/>\n\t<meta property=\"og:image:width\" content=\"3000\" \/>\n\t<meta property=\"og:image:height\" content=\"4000\" \/>\n\t<meta property=\"og:image:type\" content=\"image\/jpeg\" \/>\n<meta name=\"twitter:card\" content=\"summary_large_image\" \/>\n<meta name=\"twitter:label1\" content=\"Est. reading time\" \/>\n\t<meta name=\"twitter:data1\" content=\"2 minutes\" \/>\n<script type=\"application\/ld+json\" class=\"yoast-schema-graph\">{\"@context\":\"https:\/\/schema.org\",\"@graph\":[{\"@type\":\"WebPage\",\"@id\":\"https:\/\/aniakuczynska.com\/en\/product\/fiore-spodnie-z-czystej-zywej-welny\/\",\"url\":\"https:\/\/aniakuczynska.com\/en\/product\/fiore-spodnie-z-czystej-zywej-welny\/\",\"name\":\"Fiore pure new wool pants - Ania Kuczy\u0144ska\",\"isPartOf\":{\"@id\":\"https:\/\/aniakuczynska.com\/#website\"},\"primaryImageOfPage\":{\"@id\":\"https:\/\/aniakuczynska.com\/en\/product\/fiore-spodnie-z-czystej-zywej-welny\/#primaryimage\"},\"image\":{\"@id\":\"https:\/\/aniakuczynska.com\/en\/product\/fiore-spodnie-z-czystej-zywej-welny\/#primaryimage\"},\"thumbnailUrl\":\"https:\/\/aniakuczynska.com\/wp-content\/uploads\/2021\/02\/Fiore-1-.jpg\",\"datePublished\":\"2022-04-22T12:29:24+00:00\",\"dateModified\":\"2026-02-28T16:00:05+00:00\",\"breadcrumb\":{\"@id\":\"https:\/\/aniakuczynska.com\/en\/product\/fiore-spodnie-z-czystej-zywej-welny\/#breadcrumb\"},\"inLanguage\":\"en-US\",\"potentialAction\":[{\"@type\":\"ReadAction\",\"target\":[\"https:\/\/aniakuczynska.com\/en\/product\/fiore-spodnie-z-czystej-zywej-welny\/\"]}]},{\"@type\":\"ImageObject\",\"inLanguage\":\"en-US\",\"@id\":\"https:\/\/aniakuczynska.com\/en\/product\/fiore-spodnie-z-czystej-zywej-welny\/#primaryimage\",\"url\":\"https:\/\/aniakuczynska.com\/wp-content\/uploads\/2021\/02\/Fiore-1-.jpg\",\"contentUrl\":\"https:\/\/aniakuczynska.com\/wp-content\/uploads\/2021\/02\/Fiore-1-.jpg\",\"width\":3000,\"height\":4000},{\"@type\":\"BreadcrumbList\",\"@id\":\"https:\/\/aniakuczynska.com\/en\/product\/fiore-spodnie-z-czystej-zywej-welny\/#breadcrumb\",\"itemListElement\":[{\"@type\":\"ListItem\",\"position\":1,\"name\":\"Strona g\u0142\u00f3wna\",\"item\":\"https:\/\/aniakuczynska.com\/en\/\"},{\"@type\":\"ListItem\",\"position\":2,\"name\":\"Shop\",\"item\":\"https:\/\/aniakuczynska.com\/en\/shop\/\"},{\"@type\":\"ListItem\",\"position\":3,\"name\":\"Fiore pure new wool pants\"}]},{\"@type\":\"WebSite\",\"@id\":\"https:\/\/aniakuczynska.com\/#website\",\"url\":\"https:\/\/aniakuczynska.com\/\",\"name\":\"Ania Kuczy\u0144ska\",\"description\":\"Ania Kuczy\u0144ska to jedna z najbardziej cenionych i rozpoznawalnych polskich projektantek mody. Tworzy mocn\u0105 i charakterystyczn\u0105 mark\u0119 \u2013 jej styl okre\u015blany jako ozdobny minimalizm jest ho\u0142dem dla szykownej i eleganckiej nonszalancji, charyzmatycznej kobieco\u015bci.\",\"potentialAction\":[{\"@type\":\"SearchAction\",\"target\":{\"@type\":\"EntryPoint\",\"urlTemplate\":\"https:\/\/aniakuczynska.com\/?s={search_term_string}\"},\"query-input\":{\"@type\":\"PropertyValueSpecification\",\"valueRequired\":true,\"valueName\":\"search_term_string\"}}],\"inLanguage\":\"en-US\"}]}<\/script>\n<!-- \/ Yoast SEO plugin. -->","yoast_head_json":{"title":"Fiore pure new wool pants - Ania Kuczy\u0144ska","robots":{"index":"index","follow":"follow","max-snippet":"max-snippet:-1","max-image-preview":"max-image-preview:large","max-video-preview":"max-video-preview:-1"},"canonical":"https:\/\/aniakuczynska.com\/en\/product\/fiore-spodnie-z-czystej-zywej-welny\/","og_locale":"en_US","og_type":"article","og_title":"Fiore pure new wool pants - Ania Kuczy\u0144ska","og_description":"Made in Poland.  Size: 34\/36\/38.  Composition: 98% wool, 2% elastane.  Color: Black\/Notte.  Hand-sewn designer's logo.  Dry clean.","og_url":"https:\/\/aniakuczynska.com\/en\/product\/fiore-spodnie-z-czystej-zywej-welny\/","og_site_name":"Ania Kuczy\u0144ska","article_publisher":"https:\/\/www.facebook.com\/aniakuczynskaclothingbrand\/","article_modified_time":"2026-02-28T16:00:05+00:00","og_image":[{"width":3000,"height":4000,"url":"https:\/\/aniakuczynska.com\/wp-content\/uploads\/2021\/02\/Fiore-1-.jpg","type":"image\/jpeg"}],"twitter_card":"summary_large_image","twitter_misc":{"Est. reading time":"2 minutes"},"schema":{"@context":"https:\/\/schema.org","@graph":[{"@type":"WebPage","@id":"https:\/\/aniakuczynska.com\/en\/product\/fiore-spodnie-z-czystej-zywej-welny\/","url":"https:\/\/aniakuczynska.com\/en\/product\/fiore-spodnie-z-czystej-zywej-welny\/","name":"Fiore pure new wool pants - Ania Kuczy\u0144ska","isPartOf":{"@id":"https:\/\/aniakuczynska.com\/#website"},"primaryImageOfPage":{"@id":"https:\/\/aniakuczynska.com\/en\/product\/fiore-spodnie-z-czystej-zywej-welny\/#primaryimage"},"image":{"@id":"https:\/\/aniakuczynska.com\/en\/product\/fiore-spodnie-z-czystej-zywej-welny\/#primaryimage"},"thumbnailUrl":"https:\/\/aniakuczynska.com\/wp-content\/uploads\/2021\/02\/Fiore-1-.jpg","datePublished":"2022-04-22T12:29:24+00:00","dateModified":"2026-02-28T16:00:05+00:00","breadcrumb":{"@id":"https:\/\/aniakuczynska.com\/en\/product\/fiore-spodnie-z-czystej-zywej-welny\/#breadcrumb"},"inLanguage":"en-US","potentialAction":[{"@type":"ReadAction","target":["https:\/\/aniakuczynska.com\/en\/product\/fiore-spodnie-z-czystej-zywej-welny\/"]}]},{"@type":"ImageObject","inLanguage":"en-US","@id":"https:\/\/aniakuczynska.com\/en\/product\/fiore-spodnie-z-czystej-zywej-welny\/#primaryimage","url":"https:\/\/aniakuczynska.com\/wp-content\/uploads\/2021\/02\/Fiore-1-.jpg","contentUrl":"https:\/\/aniakuczynska.com\/wp-content\/uploads\/2021\/02\/Fiore-1-.jpg","width":3000,"height":4000},{"@type":"BreadcrumbList","@id":"https:\/\/aniakuczynska.com\/en\/product\/fiore-spodnie-z-czystej-zywej-welny\/#breadcrumb","itemListElement":[{"@type":"ListItem","position":1,"name":"Strona g\u0142\u00f3wna","item":"https:\/\/aniakuczynska.com\/en\/"},{"@type":"ListItem","position":2,"name":"Shop","item":"https:\/\/aniakuczynska.com\/en\/shop\/"},{"@type":"ListItem","position":3,"name":"Fiore pure new wool pants"}]},{"@type":"WebSite","@id":"https:\/\/aniakuczynska.com\/#website","url":"https:\/\/aniakuczynska.com\/","name":"Ania Kuczy\u0144ska","description":"Ania Kuczy\u0144ska to jedna z najbardziej cenionych i rozpoznawalnych polskich projektantek mody. Tworzy mocn\u0105 i charakterystyczn\u0105 mark\u0119 \u2013 jej styl okre\u015blany jako ozdobny minimalizm jest ho\u0142dem dla szykownej i eleganckiej nonszalancji, charyzmatycznej kobieco\u015bci.","potentialAction":[{"@type":"SearchAction","target":{"@type":"EntryPoint","urlTemplate":"https:\/\/aniakuczynska.com\/?s={search_term_string}"},"query-input":{"@type":"PropertyValueSpecification","valueRequired":true,"valueName":"search_term_string"}}],"inLanguage":"en-US"}]}},"_links":{"self":[{"href":"https:\/\/aniakuczynska.com\/en\/wp-json\/wp\/v2\/product\/15281","targetHints":{"allow":["GET"]}}],"collection":[{"href":"https:\/\/aniakuczynska.com\/en\/wp-json\/wp\/v2\/product"}],"about":[{"href":"https:\/\/aniakuczynska.com\/en\/wp-json\/wp\/v2\/types\/product"}],"replies":[{"embeddable":true,"href":"https:\/\/aniakuczynska.com\/en\/wp-json\/wp\/v2\/comments?post=15281"}],"wp:featuredmedia":[{"embeddable":true,"href":"https:\/\/aniakuczynska.com\/en\/wp-json\/wp\/v2\/media\/14285"}],"wp:attachment":[{"href":"https:\/\/aniakuczynska.com\/en\/wp-json\/wp\/v2\/media?parent=15281"}],"wp:term":[{"taxonomy":"product_brand","embeddable":true,"href":"https:\/\/aniakuczynska.com\/en\/wp-json\/wp\/v2\/product_brand?post=15281"},{"taxonomy":"product_cat","embeddable":true,"href":"https:\/\/aniakuczynska.com\/en\/wp-json\/wp\/v2\/product_cat?post=15281"},{"taxonomy":"product_tag","embeddable":true,"href":"https:\/\/aniakuczynska.com\/en\/wp-json\/wp\/v2\/product_tag?post=15281"}],"curies":[{"name":"wp","href":"https:\/\/api.w.org\/{rel}","templated":true}]}}