{"id":15139,"date":"2022-04-14T15:04:21","date_gmt":"2022-04-14T15:04:21","guid":{"rendered":"https:\/\/aniakuczynska.com\/about\/"},"modified":"2025-12-09T08:34:06","modified_gmt":"2025-12-09T08:34:06","slug":"about","status":"publish","type":"page","link":"https:\/\/aniakuczynska.com\/en\/about\/","title":{"rendered":"About"},"content":{"rendered":"<p>Founder &amp; Creative director<\/p>\n<p><i>&#8220;I am a storyteller expressing myself through fashion. My inspirations are a mix of images, colors, experiences and aesthetics of my past &amp; present, West &amp; East. My hometown Warszawa, Sicily, Rome and Paris &#8211; places I grew up with. My brand is much more than apparel &amp; accessories. I pay tribute to the charismatic, nonchalant &amp; blooming femininity. Elegant modesty &amp; best quality I find most sustainable&#8221;<\/i><\/p>\n<p class=\"p1\">Ania Kuczy\u0144ska is one of Poland&#8217;s most acclaimed fashion designers, with her signature bags and creations instantly recognizable on the streets. Her designs capture the essence of Warsaw, expressing the concept of Soft Power. For over 20 years, she has made a mark with her decorative minimalist yet intricate creations, each piece distinguished by its unique character and meticulous attention to detail. Kuczy\u0144ska&#8217;s style is a fusion of chic European aesthetics with a distinctly Polish sensibility. Her seasonless approach to clothing reflects a concern for the current state of the environment. Black, a color deeply embedded in her brand&#8217;s DNA since its inception, plays a central role in her work. Her designs embody the modern woman who engages in a dialogue with both tradition and elegance. They stand as a tribute to powerful yet delicate femininity.<\/p>\n<p class=\"p4\" style=\"text-align: justify;\"><span class=\"s1\">Wallpaper Magazine called the designer the \u201cPole Star\u201dand described her as \u201cthe brightest beacon in the Polish design firmament\u201d.<\/span><\/p>\n<p class=\"p4\" style=\"text-align: justify;\"><span class=\"s1\">\u201cIlluminates the darkness of night &#8221; &#8211; Polish Vogue<\/span><\/p>\n<p class=\"p4\" style=\"text-align: justify;\"><span class=\"s1\">\u201cAuthentically inspiring and glamorous because it is realistic, empathetic and intelligently designed\u201d \u2013\u00a0Diane Pernet, ASVO<\/span><\/p>\n<p class=\"p4\" style=\"text-align: justify;\"><span class=\"s1\">\u201cThe Eastern Promise\u201d<\/span><span class=\"s2\"> \u2013\u00a0style.com<\/span><\/p>\n<p>\u201cKuczy\u0144ska has made a name for herself with her sharp, mostly monochrome pieces for woman\u201d\u00a0<span class=\"s1\">\u2013\u00a0<\/span>Monocle Magazine<\/p>\n<p class=\"p4\" style=\"text-align: justify;\"><span class=\"s1\">\u201cVery much the complete, modern European\u201d \u2013\u00a0British Vogue<\/span><\/p>\n<p class=\"p7\" style=\"text-align: justify;\"><span class=\"s1\">Awards:<\/span><\/p>\n<p class=\"p7\" style=\"text-align: justify;\"><span class=\"s1\">Doskona\u0142o\u015b\u0107 Mody Tw\u00f3j Styl<\/span><\/p>\n<p>Event &#8211; Terra collection premiere at the Museum of Earth [ 2024 ]<\/p>\n<p class=\"p7\" style=\"text-align: justify;\"><span class=\"s1\">Designer of the Year [ 2020, 2013, 2006 ]<\/span><\/p>\n<p>\u0141\u00f3d\u017a Design Festival<\/p>\n<p>Must Have &#8211;\u00a0 \u201eSole\u201d collection and \u201eDelusion\u201d project in collaboration with Jakub Gli\u0144ski [ 2023 ]<\/p>\n<p class=\"p7\" style=\"text-align: justify;\"><span class=\"s1\">Elle Style Awards <\/span><\/p>\n<p class=\"p7\" style=\"text-align: justify;\"><span class=\"s1\">\u00a0Designer of the Year [ 2019, 2006 ]<\/span><\/p>\n","protected":false},"excerpt":{"rendered":"<p>Founder &amp; Creative director &#8220;I am a storyteller expressing myself through fashion. My inspirations are a mix of images, colors, experiences and aesthetics of my past &amp; present, West &amp; East. My hometown Warszawa, Sicily, Rome and Paris &#8211; places I grew up with. My brand is much more than apparel &amp; accessories. I pay [&hellip;]<\/p>\n","protected":false},"author":1,"featured_media":29631,"parent":0,"menu_order":0,"comment_status":"closed","ping_status":"closed","template":"template-about.php","meta":{"_acf_changed":false,"footnotes":""},"class_list":["post-15139","page","type-page","status-publish","has-post-thumbnail","hentry"],"acf":[],"yoast_head":"<!-- This site is optimized with the Yoast SEO plugin v24.5 - https:\/\/yoast.com\/wordpress\/plugins\/seo\/ -->\n<title>About - Ania Kuczy\u0144ska<\/title>\n<meta name=\"robots\" content=\"index, follow, max-snippet:-1, max-image-preview:large, max-video-preview:-1\" \/>\n<link rel=\"canonical\" href=\"https:\/\/aniakuczynska.com\/en\/about\/\" \/>\n<meta property=\"og:locale\" content=\"en_US\" \/>\n<meta property=\"og:type\" content=\"article\" \/>\n<meta property=\"og:title\" content=\"About - Ania Kuczy\u0144ska\" \/>\n<meta property=\"og:description\" content=\"Founder &amp; Creative director &#8220;I am a storyteller expressing myself through fashion. My inspirations are a mix of images, colors, experiences and aesthetics of my past &amp; present, West &amp; East. My hometown Warszawa, Sicily, Rome and Paris &#8211; places I grew up with. My brand is much more than apparel &amp; accessories. I pay [&hellip;]\" \/>\n<meta property=\"og:url\" content=\"https:\/\/aniakuczynska.com\/en\/about\/\" \/>\n<meta property=\"og:site_name\" content=\"Ania Kuczy\u0144ska\" \/>\n<meta property=\"article:publisher\" content=\"https:\/\/www.facebook.com\/aniakuczynskaclothingbrand\/\" \/>\n<meta property=\"article:modified_time\" content=\"2025-12-09T08:34:06+00:00\" \/>\n<meta property=\"og:image\" content=\"https:\/\/aniakuczynska.com\/wp-content\/uploads\/2025\/12\/ania1-scaled.jpg\" \/>\n\t<meta property=\"og:image:width\" content=\"1840\" \/>\n\t<meta property=\"og:image:height\" content=\"2560\" \/>\n\t<meta property=\"og:image:type\" content=\"image\/jpeg\" \/>\n<meta name=\"twitter:card\" content=\"summary_large_image\" \/>\n<meta name=\"twitter:label1\" content=\"Est. reading time\" \/>\n\t<meta name=\"twitter:data1\" content=\"3 minutes\" \/>\n<script type=\"application\/ld+json\" class=\"yoast-schema-graph\">{\"@context\":\"https:\/\/schema.org\",\"@graph\":[{\"@type\":\"WebPage\",\"@id\":\"https:\/\/aniakuczynska.com\/en\/about\/\",\"url\":\"https:\/\/aniakuczynska.com\/en\/about\/\",\"name\":\"About - Ania Kuczy\u0144ska\",\"isPartOf\":{\"@id\":\"https:\/\/aniakuczynska.com\/#website\"},\"primaryImageOfPage\":{\"@id\":\"https:\/\/aniakuczynska.com\/en\/about\/#primaryimage\"},\"image\":{\"@id\":\"https:\/\/aniakuczynska.com\/en\/about\/#primaryimage\"},\"thumbnailUrl\":\"https:\/\/aniakuczynska.com\/wp-content\/uploads\/2025\/12\/ania1-scaled.jpg\",\"datePublished\":\"2022-04-14T15:04:21+00:00\",\"dateModified\":\"2025-12-09T08:34:06+00:00\",\"breadcrumb\":{\"@id\":\"https:\/\/aniakuczynska.com\/en\/about\/#breadcrumb\"},\"inLanguage\":\"en-US\",\"potentialAction\":[{\"@type\":\"ReadAction\",\"target\":[\"https:\/\/aniakuczynska.com\/en\/about\/\"]}]},{\"@type\":\"ImageObject\",\"inLanguage\":\"en-US\",\"@id\":\"https:\/\/aniakuczynska.com\/en\/about\/#primaryimage\",\"url\":\"https:\/\/aniakuczynska.com\/wp-content\/uploads\/2025\/12\/ania1-scaled.jpg\",\"contentUrl\":\"https:\/\/aniakuczynska.com\/wp-content\/uploads\/2025\/12\/ania1-scaled.jpg\",\"width\":1840,\"height\":2560},{\"@type\":\"BreadcrumbList\",\"@id\":\"https:\/\/aniakuczynska.com\/en\/about\/#breadcrumb\",\"itemListElement\":[{\"@type\":\"ListItem\",\"position\":1,\"name\":\"Strona g\u0142\u00f3wna\",\"item\":\"https:\/\/aniakuczynska.com\/en\/\"},{\"@type\":\"ListItem\",\"position\":2,\"name\":\"About\"}]},{\"@type\":\"WebSite\",\"@id\":\"https:\/\/aniakuczynska.com\/#website\",\"url\":\"https:\/\/aniakuczynska.com\/\",\"name\":\"Ania Kuczy\u0144ska\",\"description\":\"Ania Kuczy\u0144ska to jedna z najbardziej cenionych i rozpoznawalnych polskich projektantek mody. Tworzy mocn\u0105 i charakterystyczn\u0105 mark\u0119 \u2013 jej styl okre\u015blany jako ozdobny minimalizm jest ho\u0142dem dla szykownej i eleganckiej nonszalancji, charyzmatycznej kobieco\u015bci.\",\"potentialAction\":[{\"@type\":\"SearchAction\",\"target\":{\"@type\":\"EntryPoint\",\"urlTemplate\":\"https:\/\/aniakuczynska.com\/?s={search_term_string}\"},\"query-input\":{\"@type\":\"PropertyValueSpecification\",\"valueRequired\":true,\"valueName\":\"search_term_string\"}}],\"inLanguage\":\"en-US\"}]}<\/script>\n<!-- \/ Yoast SEO plugin. -->","yoast_head_json":{"title":"About - Ania Kuczy\u0144ska","robots":{"index":"index","follow":"follow","max-snippet":"max-snippet:-1","max-image-preview":"max-image-preview:large","max-video-preview":"max-video-preview:-1"},"canonical":"https:\/\/aniakuczynska.com\/en\/about\/","og_locale":"en_US","og_type":"article","og_title":"About - Ania Kuczy\u0144ska","og_description":"Founder &amp; Creative director &#8220;I am a storyteller expressing myself through fashion. My inspirations are a mix of images, colors, experiences and aesthetics of my past &amp; present, West &amp; East. My hometown Warszawa, Sicily, Rome and Paris &#8211; places I grew up with. My brand is much more than apparel &amp; accessories. I pay [&hellip;]","og_url":"https:\/\/aniakuczynska.com\/en\/about\/","og_site_name":"Ania Kuczy\u0144ska","article_publisher":"https:\/\/www.facebook.com\/aniakuczynskaclothingbrand\/","article_modified_time":"2025-12-09T08:34:06+00:00","og_image":[{"width":1840,"height":2560,"url":"https:\/\/aniakuczynska.com\/wp-content\/uploads\/2025\/12\/ania1-scaled.jpg","type":"image\/jpeg"}],"twitter_card":"summary_large_image","twitter_misc":{"Est. reading time":"3 minutes"},"schema":{"@context":"https:\/\/schema.org","@graph":[{"@type":"WebPage","@id":"https:\/\/aniakuczynska.com\/en\/about\/","url":"https:\/\/aniakuczynska.com\/en\/about\/","name":"About - Ania Kuczy\u0144ska","isPartOf":{"@id":"https:\/\/aniakuczynska.com\/#website"},"primaryImageOfPage":{"@id":"https:\/\/aniakuczynska.com\/en\/about\/#primaryimage"},"image":{"@id":"https:\/\/aniakuczynska.com\/en\/about\/#primaryimage"},"thumbnailUrl":"https:\/\/aniakuczynska.com\/wp-content\/uploads\/2025\/12\/ania1-scaled.jpg","datePublished":"2022-04-14T15:04:21+00:00","dateModified":"2025-12-09T08:34:06+00:00","breadcrumb":{"@id":"https:\/\/aniakuczynska.com\/en\/about\/#breadcrumb"},"inLanguage":"en-US","potentialAction":[{"@type":"ReadAction","target":["https:\/\/aniakuczynska.com\/en\/about\/"]}]},{"@type":"ImageObject","inLanguage":"en-US","@id":"https:\/\/aniakuczynska.com\/en\/about\/#primaryimage","url":"https:\/\/aniakuczynska.com\/wp-content\/uploads\/2025\/12\/ania1-scaled.jpg","contentUrl":"https:\/\/aniakuczynska.com\/wp-content\/uploads\/2025\/12\/ania1-scaled.jpg","width":1840,"height":2560},{"@type":"BreadcrumbList","@id":"https:\/\/aniakuczynska.com\/en\/about\/#breadcrumb","itemListElement":[{"@type":"ListItem","position":1,"name":"Strona g\u0142\u00f3wna","item":"https:\/\/aniakuczynska.com\/en\/"},{"@type":"ListItem","position":2,"name":"About"}]},{"@type":"WebSite","@id":"https:\/\/aniakuczynska.com\/#website","url":"https:\/\/aniakuczynska.com\/","name":"Ania Kuczy\u0144ska","description":"Ania Kuczy\u0144ska to jedna z najbardziej cenionych i rozpoznawalnych polskich projektantek mody. Tworzy mocn\u0105 i charakterystyczn\u0105 mark\u0119 \u2013 jej styl okre\u015blany jako ozdobny minimalizm jest ho\u0142dem dla szykownej i eleganckiej nonszalancji, charyzmatycznej kobieco\u015bci.","potentialAction":[{"@type":"SearchAction","target":{"@type":"EntryPoint","urlTemplate":"https:\/\/aniakuczynska.com\/?s={search_term_string}"},"query-input":{"@type":"PropertyValueSpecification","valueRequired":true,"valueName":"search_term_string"}}],"inLanguage":"en-US"}]}},"_links":{"self":[{"href":"https:\/\/aniakuczynska.com\/en\/wp-json\/wp\/v2\/pages\/15139","targetHints":{"allow":["GET"]}}],"collection":[{"href":"https:\/\/aniakuczynska.com\/en\/wp-json\/wp\/v2\/pages"}],"about":[{"href":"https:\/\/aniakuczynska.com\/en\/wp-json\/wp\/v2\/types\/page"}],"author":[{"embeddable":true,"href":"https:\/\/aniakuczynska.com\/en\/wp-json\/wp\/v2\/users\/1"}],"replies":[{"embeddable":true,"href":"https:\/\/aniakuczynska.com\/en\/wp-json\/wp\/v2\/comments?post=15139"}],"version-history":[{"count":6,"href":"https:\/\/aniakuczynska.com\/en\/wp-json\/wp\/v2\/pages\/15139\/revisions"}],"predecessor-version":[{"id":29632,"href":"https:\/\/aniakuczynska.com\/en\/wp-json\/wp\/v2\/pages\/15139\/revisions\/29632"}],"wp:featuredmedia":[{"embeddable":true,"href":"https:\/\/aniakuczynska.com\/en\/wp-json\/wp\/v2\/media\/29631"}],"wp:attachment":[{"href":"https:\/\/aniakuczynska.com\/en\/wp-json\/wp\/v2\/media?parent=15139"}],"curies":[{"name":"wp","href":"https:\/\/api.w.org\/{rel}","templated":true}]}}