{"id":15135,"date":"2022-04-14T14:56:23","date_gmt":"2022-04-14T14:56:23","guid":{"rendered":"https:\/\/aniakuczynska.com\/contact\/"},"modified":"2024-09-05T10:50:44","modified_gmt":"2024-09-05T10:50:44","slug":"contact","status":"publish","type":"page","link":"https:\/\/aniakuczynska.com\/en\/contact\/","title":{"rendered":"Contact"},"content":{"rendered":"<p><strong>Head Office<\/strong><br \/>\n<a href=\"mailto:info@aniakuczynska.com\">info@aniakuczynska.com<\/a><\/p>\n<p><strong>Press &amp; Business Enquiries<\/strong><br \/>\n<a href=\"mailto:ania@aniakuczynska.com\" target=\"_blank\" rel=\"noopener\">ania@aniakuczynska.com<\/a><\/p>\n<p><strong>Online Orders &amp; Customer Care<\/strong><br \/>\nKazumi Q.<br \/>\n<a href=\"mailto:kazumiq@aniakuczynska.com\">kazumiq@aniakuczynska.com<\/a><\/p>\n<p><strong>Order or inquiries by phone<br \/>\n<\/strong>Mon &#8211; Fri 10.00 &#8211; 18.00<br \/>\n<a href=\"+48226220276\">+48 515 775 798<\/a><\/p>\n<p><strong>Company Info<\/strong><br \/>\nParadisenow Anna Kuczy\u0144ska<br \/>\nWybieg 8a\/3<br \/>\n00-788 Warsaw<br \/>\nVat no. 526-109-51-14<\/p>\n","protected":false},"excerpt":{"rendered":"<p>Head Office info@aniakuczynska.com Press &amp; Business Enquiries ania@aniakuczynska.com Online Orders &amp; Customer Care Kazumi Q. kazumiq@aniakuczynska.com Order or inquiries by phone Mon &#8211; Fri 10.00 &#8211; 18.00 +48 515 775 798 Company Info Paradisenow Anna Kuczy\u0144ska Wybieg 8a\/3 00-788 Warsaw Vat no. 526-109-51-14<\/p>\n","protected":false},"author":1,"featured_media":0,"parent":0,"menu_order":0,"comment_status":"closed","ping_status":"closed","template":"template-contact.php","meta":{"_acf_changed":false,"footnotes":""},"class_list":["post-15135","page","type-page","status-publish","hentry"],"acf":[],"yoast_head":"<!-- This site is optimized with the Yoast SEO plugin v24.5 - https:\/\/yoast.com\/wordpress\/plugins\/seo\/ -->\n<title>Contact - Ania Kuczy\u0144ska<\/title>\n<meta name=\"robots\" content=\"index, follow, max-snippet:-1, max-image-preview:large, max-video-preview:-1\" \/>\n<link rel=\"canonical\" href=\"https:\/\/aniakuczynska.com\/en\/contact\/\" \/>\n<meta property=\"og:locale\" content=\"en_US\" \/>\n<meta property=\"og:type\" content=\"article\" \/>\n<meta property=\"og:title\" content=\"Contact - Ania Kuczy\u0144ska\" \/>\n<meta property=\"og:description\" content=\"Head Office info@aniakuczynska.com Press &amp; Business Enquiries ania@aniakuczynska.com Online Orders &amp; Customer Care Kazumi Q. kazumiq@aniakuczynska.com Order or inquiries by phone Mon &#8211; Fri 10.00 &#8211; 18.00 +48 515 775 798 Company Info Paradisenow Anna Kuczy\u0144ska Wybieg 8a\/3 00-788 Warsaw Vat no. 526-109-51-14\" \/>\n<meta property=\"og:url\" content=\"https:\/\/aniakuczynska.com\/en\/contact\/\" \/>\n<meta property=\"og:site_name\" content=\"Ania Kuczy\u0144ska\" \/>\n<meta property=\"article:publisher\" content=\"https:\/\/www.facebook.com\/aniakuczynskaclothingbrand\/\" \/>\n<meta property=\"article:modified_time\" content=\"2024-09-05T10:50:44+00:00\" \/>\n<meta name=\"twitter:card\" content=\"summary_large_image\" \/>\n<meta name=\"twitter:label1\" content=\"Est. reading time\" \/>\n\t<meta name=\"twitter:data1\" content=\"1 minute\" \/>\n<script type=\"application\/ld+json\" class=\"yoast-schema-graph\">{\"@context\":\"https:\/\/schema.org\",\"@graph\":[{\"@type\":\"WebPage\",\"@id\":\"https:\/\/aniakuczynska.com\/en\/contact\/\",\"url\":\"https:\/\/aniakuczynska.com\/en\/contact\/\",\"name\":\"Contact - Ania Kuczy\u0144ska\",\"isPartOf\":{\"@id\":\"https:\/\/aniakuczynska.com\/#website\"},\"datePublished\":\"2022-04-14T14:56:23+00:00\",\"dateModified\":\"2024-09-05T10:50:44+00:00\",\"breadcrumb\":{\"@id\":\"https:\/\/aniakuczynska.com\/en\/contact\/#breadcrumb\"},\"inLanguage\":\"en-US\",\"potentialAction\":[{\"@type\":\"ReadAction\",\"target\":[\"https:\/\/aniakuczynska.com\/en\/contact\/\"]}]},{\"@type\":\"BreadcrumbList\",\"@id\":\"https:\/\/aniakuczynska.com\/en\/contact\/#breadcrumb\",\"itemListElement\":[{\"@type\":\"ListItem\",\"position\":1,\"name\":\"Strona g\u0142\u00f3wna\",\"item\":\"https:\/\/aniakuczynska.com\/en\/\"},{\"@type\":\"ListItem\",\"position\":2,\"name\":\"Contact\"}]},{\"@type\":\"WebSite\",\"@id\":\"https:\/\/aniakuczynska.com\/#website\",\"url\":\"https:\/\/aniakuczynska.com\/\",\"name\":\"Ania Kuczy\u0144ska\",\"description\":\"Ania Kuczy\u0144ska to jedna z najbardziej cenionych i rozpoznawalnych polskich projektantek mody. Tworzy mocn\u0105 i charakterystyczn\u0105 mark\u0119 \u2013 jej styl okre\u015blany jako ozdobny minimalizm jest ho\u0142dem dla szykownej i eleganckiej nonszalancji, charyzmatycznej kobieco\u015bci.\",\"potentialAction\":[{\"@type\":\"SearchAction\",\"target\":{\"@type\":\"EntryPoint\",\"urlTemplate\":\"https:\/\/aniakuczynska.com\/?s={search_term_string}\"},\"query-input\":{\"@type\":\"PropertyValueSpecification\",\"valueRequired\":true,\"valueName\":\"search_term_string\"}}],\"inLanguage\":\"en-US\"}]}<\/script>\n<!-- \/ Yoast SEO plugin. -->","yoast_head_json":{"title":"Contact - Ania Kuczy\u0144ska","robots":{"index":"index","follow":"follow","max-snippet":"max-snippet:-1","max-image-preview":"max-image-preview:large","max-video-preview":"max-video-preview:-1"},"canonical":"https:\/\/aniakuczynska.com\/en\/contact\/","og_locale":"en_US","og_type":"article","og_title":"Contact - Ania Kuczy\u0144ska","og_description":"Head Office info@aniakuczynska.com Press &amp; Business Enquiries ania@aniakuczynska.com Online Orders &amp; Customer Care Kazumi Q. kazumiq@aniakuczynska.com Order or inquiries by phone Mon &#8211; Fri 10.00 &#8211; 18.00 +48 515 775 798 Company Info Paradisenow Anna Kuczy\u0144ska Wybieg 8a\/3 00-788 Warsaw Vat no. 526-109-51-14","og_url":"https:\/\/aniakuczynska.com\/en\/contact\/","og_site_name":"Ania Kuczy\u0144ska","article_publisher":"https:\/\/www.facebook.com\/aniakuczynskaclothingbrand\/","article_modified_time":"2024-09-05T10:50:44+00:00","twitter_card":"summary_large_image","twitter_misc":{"Est. reading time":"1 minute"},"schema":{"@context":"https:\/\/schema.org","@graph":[{"@type":"WebPage","@id":"https:\/\/aniakuczynska.com\/en\/contact\/","url":"https:\/\/aniakuczynska.com\/en\/contact\/","name":"Contact - Ania Kuczy\u0144ska","isPartOf":{"@id":"https:\/\/aniakuczynska.com\/#website"},"datePublished":"2022-04-14T14:56:23+00:00","dateModified":"2024-09-05T10:50:44+00:00","breadcrumb":{"@id":"https:\/\/aniakuczynska.com\/en\/contact\/#breadcrumb"},"inLanguage":"en-US","potentialAction":[{"@type":"ReadAction","target":["https:\/\/aniakuczynska.com\/en\/contact\/"]}]},{"@type":"BreadcrumbList","@id":"https:\/\/aniakuczynska.com\/en\/contact\/#breadcrumb","itemListElement":[{"@type":"ListItem","position":1,"name":"Strona g\u0142\u00f3wna","item":"https:\/\/aniakuczynska.com\/en\/"},{"@type":"ListItem","position":2,"name":"Contact"}]},{"@type":"WebSite","@id":"https:\/\/aniakuczynska.com\/#website","url":"https:\/\/aniakuczynska.com\/","name":"Ania Kuczy\u0144ska","description":"Ania Kuczy\u0144ska to jedna z najbardziej cenionych i rozpoznawalnych polskich projektantek mody. Tworzy mocn\u0105 i charakterystyczn\u0105 mark\u0119 \u2013 jej styl okre\u015blany jako ozdobny minimalizm jest ho\u0142dem dla szykownej i eleganckiej nonszalancji, charyzmatycznej kobieco\u015bci.","potentialAction":[{"@type":"SearchAction","target":{"@type":"EntryPoint","urlTemplate":"https:\/\/aniakuczynska.com\/?s={search_term_string}"},"query-input":{"@type":"PropertyValueSpecification","valueRequired":true,"valueName":"search_term_string"}}],"inLanguage":"en-US"}]}},"_links":{"self":[{"href":"https:\/\/aniakuczynska.com\/en\/wp-json\/wp\/v2\/pages\/15135","targetHints":{"allow":["GET"]}}],"collection":[{"href":"https:\/\/aniakuczynska.com\/en\/wp-json\/wp\/v2\/pages"}],"about":[{"href":"https:\/\/aniakuczynska.com\/en\/wp-json\/wp\/v2\/types\/page"}],"author":[{"embeddable":true,"href":"https:\/\/aniakuczynska.com\/en\/wp-json\/wp\/v2\/users\/1"}],"replies":[{"embeddable":true,"href":"https:\/\/aniakuczynska.com\/en\/wp-json\/wp\/v2\/comments?post=15135"}],"version-history":[{"count":5,"href":"https:\/\/aniakuczynska.com\/en\/wp-json\/wp\/v2\/pages\/15135\/revisions"}],"predecessor-version":[{"id":24532,"href":"https:\/\/aniakuczynska.com\/en\/wp-json\/wp\/v2\/pages\/15135\/revisions\/24532"}],"wp:attachment":[{"href":"https:\/\/aniakuczynska.com\/en\/wp-json\/wp\/v2\/media?parent=15135"}],"curies":[{"name":"wp","href":"https:\/\/api.w.org\/{rel}","templated":true}]}}