{"id":11787,"date":"2022-04-12T19:57:57","date_gmt":"2022-04-12T19:57:57","guid":{"rendered":"https:\/\/aniakuczynska.com\/my-account\/"},"modified":"2022-04-12T19:57:57","modified_gmt":"2022-04-12T19:57:57","slug":"my-account","status":"publish","type":"page","link":"https:\/\/aniakuczynska.com\/en\/my-account\/","title":{"rendered":"My Account"},"content":{"rendered":"<div class=\"woocommerce\"><div class=\"woocommerce-notices-wrapper\"><\/div>\n\n<div id=\"customer_login\" class=\"s-login u-columns a-gup-section-2\">\n\n\n\t<div class=\"s-login_col-left u-column1\">\n\n\t\t<div class=\"form-wrapper\">\n\n\t\t<h3 class=\"s-login_ttl a-ttl-3\">\n\t\t\tLogin\t\t<\/h3>\n\n\t\t<form method=\"post\" class=\"s-login_form b-account-form woocommerce-form woocommerce-form-login login\">\n\n\t\t\t\n\t\t\t<p class=\"s-login_form_field woocommerce-form-row woocommerce-form-row--wide form-row form-row-wide\">\n\t\t\t\t<input\n\t\t\t\t\ttype=\"text\"\n\t\t\t\t\tname=\"username\"\n\t\t\t\t\tid=\"username-account\"\n\t\t\t\t\tautocomplete=\"username\" \n\t\t\t\t\tvalue=\"\"\n\t\t\t\t\tplaceholder=\"Username or email address\"\n\t\t\t\t\tclass=\"woocommerce-Input woocommerce-Input--text input-text b-account-form_inp-email a-inp-txt m-inp-txt_small\"\n\t\t\t\t\/>\n\t\t\t<\/p>\n\t\t\t<p class=\"s-login_form_field woocommerce-form-row woocommerce-form-row--wide form-row form-row-wide\">\n\t\t\t\t<input\n\t\t\t\t\ttype=\"password\"\n\t\t\t\t\tname=\"password\"\n\t\t\t\t\tid=\"password-account\"\n\t\t\t\t\tautocomplete=\"current-password\"\n\t\t\t\t\tplaceholder=\"Password\"\n\t\t\t\t\tclass=\"woocommerce-Input woocommerce-Input--text input-text b-account-form_inp-pass a-inp-txt m-inp-txt_small\"\n\t\t\t\t\/>\n\t\t\t<\/p>\n\n\t\t\t\n\t\t\t<p class=\"s-login_btn form-row\">\n\t\t\t\t<input type=\"hidden\" id=\"woocommerce-login-nonce\" name=\"woocommerce-login-nonce\" value=\"f483c83e02\" \/><input type=\"hidden\" name=\"_wp_http_referer\" value=\"\/en\/wp-json\/wp\/v2\/pages\/11787\" \/>\t\t\t\t<button type=\"submit\" name=\"login\" value=\"Log in\" class=\"woocommerce-button woocommerce-form-login__submit b-account-form_btn a-btn m-ltl m-btn-mobile-full\">Log in<\/button>\n\t\t\t<\/p>\n\n\t\t\t<p class=\"s-login_lost-pass woocommerce-LostPassword lost_password\">\n\t\t\t\t<a href=\"https:\/\/aniakuczynska.com\/en\/my-account\/lost-password\/\" class=\"a-txt-hvr\">\n\t\t\t\t\tLost your password?\t\t\t\t<\/a>\n\t\t\t<\/p>\n\n\t\t\t\n\t\t<\/form>\n\n\t\t<\/div>\n\t<\/div>\n\n\t<div class=\"s-login_col-right u-column2\">\n\t\t<div class=\"form-wrapper\">\t\n\n\t\t<h3 class=\"s-login_ttl a-ttl-3\">\n\t\t\tRegister\t\t<\/h3>\n\n\t\t<form method=\"post\" class=\"s-login_form b-account-form woocommerce-form woocommerce-form-register register\" >\n\n\t\t\t\n\t\t\t\n\t\t\t<p class=\"s-login_form_field woocommerce-form-row woocommerce-form-row--wide form-row form-row-wide\">\n\t\t\t\t<input\n\t\t\t\t\ttype=\"email\"\n\t\t\t\t\tname=\"email\"\n\t\t\t\t\tid=\"reg_email-account\"\n\t\t\t\t\tautocomplete=\"email\"\n\t\t\t\t\tvalue=\"\"\n\t\t\t\t\tplaceholder=\"Email address\"\n\t\t\t\t\tclass=\"woocommerce-Input woocommerce-Input--text input-text b-account-form_inp-email a-inp-txt m-inp-txt_small\"\n\t\t\t\t\/>\n\t\t\t<\/p>\n\n\t\t\t\t\t\t\t<p class=\"s-login_form_field woocommerce-form-row woocommerce-form-row--wide form-row form-row-wide\">\n\t\t\t\t\t<input\n\t\t\t\t\t\ttype=\"password\"\n\t\t\t\t\t\tname=\"password\"\n\t\t\t\t\t\tid=\"reg_password-account\"\n\t\t\t\t\t\tautocomplete=\"new-password\"\n\t\t\t\t\t\tplaceholder=\"Password\"\n\t\t\t\t\t\tclass=\"woocommerce-Input woocommerce-Input--text input-text b-account-form_inp-pass a-inp-txt m-inp-txt_small\"\n\t\t\t\t\t\/>\n\t\t\t\t<\/p>\n\t\t\t\n\t\t\t<wc-order-attribution-inputs><\/wc-order-attribution-inputs><div class=\"woocommerce-privacy-policy-text\"><\/div>\n\t\t\t<p class=\"s-login_btn woocommerce-FormRow form-row\">\n\t\t\t\t<input type=\"hidden\" id=\"woocommerce-register-nonce\" name=\"woocommerce-register-nonce\" value=\"0fc3ddd048\" \/><input type=\"hidden\" name=\"_wp_http_referer\" value=\"\/en\/wp-json\/wp\/v2\/pages\/11787\" \/>\t\t\t\t<button type=\"submit\" class=\"woocommerce-Button b-account-form_btn a-btn m-ltl m-btn-mobile-full\" name=\"register\" value=\"Register\">Register<\/button>\n\t\t\t<\/p>\n\n\t\t\t\n\t\t<\/form>\n\n\t\t<\/div>\n\t<\/div>\n\n<\/div>\n\n<\/div>\n","protected":false},"excerpt":{"rendered":"","protected":false},"author":1,"featured_media":0,"parent":0,"menu_order":0,"comment_status":"closed","ping_status":"closed","template":"","meta":{"_acf_changed":false,"footnotes":""},"class_list":["post-11787","page","type-page","status-publish","hentry"],"acf":[],"yoast_head":"<!-- This site is optimized with the Yoast SEO plugin v24.5 - https:\/\/yoast.com\/wordpress\/plugins\/seo\/ -->\n<title>My Account - Ania Kuczy\u0144ska<\/title>\n<meta name=\"robots\" content=\"index, follow, max-snippet:-1, max-image-preview:large, max-video-preview:-1\" \/>\n<link rel=\"canonical\" href=\"https:\/\/aniakuczynska.com\/en\/my-account\/\" \/>\n<meta property=\"og:locale\" content=\"en_US\" \/>\n<meta property=\"og:type\" content=\"article\" \/>\n<meta property=\"og:title\" content=\"My Account - Ania Kuczy\u0144ska\" \/>\n<meta property=\"og:url\" content=\"https:\/\/aniakuczynska.com\/en\/my-account\/\" \/>\n<meta property=\"og:site_name\" content=\"Ania Kuczy\u0144ska\" \/>\n<meta property=\"article:publisher\" content=\"https:\/\/www.facebook.com\/aniakuczynskaclothingbrand\/\" \/>\n<meta name=\"twitter:card\" content=\"summary_large_image\" \/>\n<script type=\"application\/ld+json\" class=\"yoast-schema-graph\">{\"@context\":\"https:\/\/schema.org\",\"@graph\":[{\"@type\":\"WebPage\",\"@id\":\"https:\/\/aniakuczynska.com\/en\/my-account\/\",\"url\":\"https:\/\/aniakuczynska.com\/en\/my-account\/\",\"name\":\"My Account - Ania Kuczy\u0144ska\",\"isPartOf\":{\"@id\":\"https:\/\/aniakuczynska.com\/#website\"},\"datePublished\":\"2022-04-12T19:57:57+00:00\",\"breadcrumb\":{\"@id\":\"https:\/\/aniakuczynska.com\/en\/my-account\/#breadcrumb\"},\"inLanguage\":\"en-US\",\"potentialAction\":[{\"@type\":\"ReadAction\",\"target\":[\"https:\/\/aniakuczynska.com\/en\/my-account\/\"]}]},{\"@type\":\"BreadcrumbList\",\"@id\":\"https:\/\/aniakuczynska.com\/en\/my-account\/#breadcrumb\",\"itemListElement\":[{\"@type\":\"ListItem\",\"position\":1,\"name\":\"Strona g\u0142\u00f3wna\",\"item\":\"https:\/\/aniakuczynska.com\/en\/\"},{\"@type\":\"ListItem\",\"position\":2,\"name\":\"My Account\"}]},{\"@type\":\"WebSite\",\"@id\":\"https:\/\/aniakuczynska.com\/#website\",\"url\":\"https:\/\/aniakuczynska.com\/\",\"name\":\"Ania Kuczy\u0144ska\",\"description\":\"Ania Kuczy\u0144ska to jedna z najbardziej cenionych i rozpoznawalnych polskich projektantek mody. Tworzy mocn\u0105 i charakterystyczn\u0105 mark\u0119 \u2013 jej styl okre\u015blany jako ozdobny minimalizm jest ho\u0142dem dla szykownej i eleganckiej nonszalancji, charyzmatycznej kobieco\u015bci.\",\"potentialAction\":[{\"@type\":\"SearchAction\",\"target\":{\"@type\":\"EntryPoint\",\"urlTemplate\":\"https:\/\/aniakuczynska.com\/?s={search_term_string}\"},\"query-input\":{\"@type\":\"PropertyValueSpecification\",\"valueRequired\":true,\"valueName\":\"search_term_string\"}}],\"inLanguage\":\"en-US\"}]}<\/script>\n<!-- \/ Yoast SEO plugin. -->","yoast_head_json":{"title":"My Account - Ania Kuczy\u0144ska","robots":{"index":"index","follow":"follow","max-snippet":"max-snippet:-1","max-image-preview":"max-image-preview:large","max-video-preview":"max-video-preview:-1"},"canonical":"https:\/\/aniakuczynska.com\/en\/my-account\/","og_locale":"en_US","og_type":"article","og_title":"My Account - Ania Kuczy\u0144ska","og_url":"https:\/\/aniakuczynska.com\/en\/my-account\/","og_site_name":"Ania Kuczy\u0144ska","article_publisher":"https:\/\/www.facebook.com\/aniakuczynskaclothingbrand\/","twitter_card":"summary_large_image","schema":{"@context":"https:\/\/schema.org","@graph":[{"@type":"WebPage","@id":"https:\/\/aniakuczynska.com\/en\/my-account\/","url":"https:\/\/aniakuczynska.com\/en\/my-account\/","name":"My Account - Ania Kuczy\u0144ska","isPartOf":{"@id":"https:\/\/aniakuczynska.com\/#website"},"datePublished":"2022-04-12T19:57:57+00:00","breadcrumb":{"@id":"https:\/\/aniakuczynska.com\/en\/my-account\/#breadcrumb"},"inLanguage":"en-US","potentialAction":[{"@type":"ReadAction","target":["https:\/\/aniakuczynska.com\/en\/my-account\/"]}]},{"@type":"BreadcrumbList","@id":"https:\/\/aniakuczynska.com\/en\/my-account\/#breadcrumb","itemListElement":[{"@type":"ListItem","position":1,"name":"Strona g\u0142\u00f3wna","item":"https:\/\/aniakuczynska.com\/en\/"},{"@type":"ListItem","position":2,"name":"My Account"}]},{"@type":"WebSite","@id":"https:\/\/aniakuczynska.com\/#website","url":"https:\/\/aniakuczynska.com\/","name":"Ania Kuczy\u0144ska","description":"Ania Kuczy\u0144ska to jedna z najbardziej cenionych i rozpoznawalnych polskich projektantek mody. Tworzy mocn\u0105 i charakterystyczn\u0105 mark\u0119 \u2013 jej styl okre\u015blany jako ozdobny minimalizm jest ho\u0142dem dla szykownej i eleganckiej nonszalancji, charyzmatycznej kobieco\u015bci.","potentialAction":[{"@type":"SearchAction","target":{"@type":"EntryPoint","urlTemplate":"https:\/\/aniakuczynska.com\/?s={search_term_string}"},"query-input":{"@type":"PropertyValueSpecification","valueRequired":true,"valueName":"search_term_string"}}],"inLanguage":"en-US"}]}},"_links":{"self":[{"href":"https:\/\/aniakuczynska.com\/en\/wp-json\/wp\/v2\/pages\/11787","targetHints":{"allow":["GET"]}}],"collection":[{"href":"https:\/\/aniakuczynska.com\/en\/wp-json\/wp\/v2\/pages"}],"about":[{"href":"https:\/\/aniakuczynska.com\/en\/wp-json\/wp\/v2\/types\/page"}],"author":[{"embeddable":true,"href":"https:\/\/aniakuczynska.com\/en\/wp-json\/wp\/v2\/users\/1"}],"replies":[{"embeddable":true,"href":"https:\/\/aniakuczynska.com\/en\/wp-json\/wp\/v2\/comments?post=11787"}],"version-history":[{"count":0,"href":"https:\/\/aniakuczynska.com\/en\/wp-json\/wp\/v2\/pages\/11787\/revisions"}],"wp:attachment":[{"href":"https:\/\/aniakuczynska.com\/en\/wp-json\/wp\/v2\/media?parent=11787"}],"curies":[{"name":"wp","href":"https:\/\/api.w.org\/{rel}","templated":true}]}}